{"id":997,"date":"2023-04-11T22:28:43","date_gmt":"2023-04-11T14:28:43","guid":{"rendered":"https:\/\/www.auroraproparts.com\/es\/about-us\/"},"modified":"2024-01-08T10:36:56","modified_gmt":"2024-01-08T02:36:56","slug":"about-us","status":"publish","type":"page","link":"https:\/\/www.auroraproparts.com\/es\/about-us\/","title":{"rendered":"Sobre Nosotros"},"content":{"rendered":"\t\t<div data-elementor-type=\"wp-page\" data-elementor-id=\"997\" class=\"elementor elementor-997\" data-elementor-post-type=\"page\">\n\t\t\t\t\t\t<section class=\"elementor-section elementor-top-section elementor-element elementor-element-4925d52d elementor-section-boxed elementor-section-height-default elementor-section-height-default\" data-id=\"4925d52d\" data-element_type=\"section\" data-e-type=\"section\">\n\t\t\t\t\t\t<div class=\"elementor-container elementor-column-gap-default\">\n\t\t\t\t\t<div class=\"elementor-column elementor-col-100 elementor-top-column elementor-element elementor-element-2b8f55cb\" data-id=\"2b8f55cb\" data-element_type=\"column\" data-e-type=\"column\">\n\t\t\t<div class=\"elementor-widget-wrap elementor-element-populated\">\n\t\t\t\t\t\t<div class=\"elementor-element elementor-element-54b3e478 elementor-widget elementor-widget-image\" data-id=\"54b3e478\" data-element_type=\"widget\" data-e-type=\"widget\" data-widget_type=\"image.default\">\n\t\t\t\t<div class=\"elementor-widget-container\">\n\t\t\t\t\t\t\t\t\t\t\t\t\t\t\t<img decoding=\"async\" src=\"https:\/\/www.auroraproparts.com\/es\/wp-content\/uploads\/sites\/2\/elementor\/thumbs\/aboutus-2-qak94lr0wc80xq0lwslovmx6z4gdzsl9wmk8j3939s.png\" title=\"aboutus-2.png\" alt=\"aboutus-2.png\" loading=\"lazy\" \/>\t\t\t\t\t\t\t\t\t\t\t\t\t\t\t<\/div>\n\t\t\t\t<\/div>\n\t\t\t\t<div class=\"elementor-element elementor-element-22016016 elementor-widget elementor-widget-text-editor\" data-id=\"22016016\" data-element_type=\"widget\" data-e-type=\"widget\" data-widget_type=\"text-editor.default\">\n\t\t\t\t<div class=\"elementor-widget-container\">\n\t\t\t\t\t\t\t\t\t<p style=\"margin: 0pt 0pt 0.0001pt; font-weight: 400; font-style: normal; font-size: 10.5pt; font-family: Calibri; color: #000000;\"><span style=\"font-family: 'Arial Regular'; font-size: 12pt;\">Guangzhou Aurora Auto Parts Company Limited es un proveedor profesional de \u00ab<\/span><b><span style=\"font-family: 'Arial Bold'; font-size: 12pt;\">SERVICIO DE SOLUCI\u00d3N INTEGRAL<\/span><\/b><span style=\"font-family: 'Arial Regular'; font-size: 12pt;\">\u00bb para repuestos de veh\u00edculos comerciales, que incluye camiones, remolques, autobuses y veh\u00edculos de ingenier\u00eda. Nuestros productos son compatibles con varios veh\u00edculos comerciales como SCANIA, MAN, DAF, VOLVO, Mercedes-Benz, Renault, IVECO, Freightliner, MACK, Kenworth, Peterbilt y m\u00e1s, con una amplia gama que cubre veinte series de piezas de suspensi\u00f3n, piezas de motor, piezas de transmisi\u00f3n, piezas de freno, piezas de direcci\u00f3n, piezas el\u00e9ctricas automotrices y m\u00e1s.<\/span><b><\/b><\/p>\n<p style=\"margin: 0pt 0pt 0.0001pt; font-family: Calibri; font-size: 10.5pt; color: #000000; font-style: normal; font-weight: 400;\"><span style=\"font-family: 'Arial Regular'; font-size: 12pt;\">&nbsp;<\/span><\/p>\n<p style=\"margin: 0pt 0pt 0.0001pt; font-family: Calibri; font-size: 10.5pt; color: #000000; font-style: normal; font-weight: 400;\"><b><span style=\"font-family: 'Arial Bold'; font-size: 12pt;\">Control de Calidad por Expertos<\/span><\/b><b><\/b><\/p>\n<p style=\"margin: 0pt 0pt 0.0001pt; font-family: Calibri; font-size: 10.5pt; color: #000000; font-style: normal; font-weight: 400;\"><span style=\"font-family: 'Arial Regular'; font-size: 12pt;\">Contamos con ingenieros de control de calidad profesionales que aseguran la calidad del producto en la fuente, revisando f\u00e1bricas e inspeccionando mercanc\u00edas, proporcion\u00e1ndole productos de calidad garantizada.<\/span><\/p>\n<p style=\"margin: 0pt 0pt 0.0001pt; font-family: Calibri; font-size: 10.5pt; color: #000000; font-style: normal; font-weight: 400;\"><span style=\"font-family: 'Arial Regular'; font-size: 12pt;\">&nbsp;<\/span><\/p>\n<p style=\"margin: 0pt 0pt 0.0001pt; font-family: Calibri; font-size: 10.5pt; color: #000000; font-style: normal; font-weight: 400;\"><b><span style=\"font-family: 'Arial Bold'; font-size: 12pt;\">Servicios de Compras Eficientes<\/span><\/b><b><\/b><\/p>\n<p style=\"margin: 0pt 0pt 0.0001pt; font-family: Calibri; font-size: 10.5pt; color: #000000; font-style: normal; font-weight: 400;\"><span style=\"font-family: 'Arial Regular'; font-size: 12pt;\">Ofrecemos una amplia variedad de productos y servicios de compras eficientes \u00abtodo en uno\u00bb, lo que le permite ahorrar tiempo valioso y concentrarse en maximizar las ventas.<\/span><\/p>\n<p style=\"margin: 0pt 0pt 0.0001pt; font-family: Calibri; font-size: 10.5pt; color: #000000; font-style: normal; font-weight: 400;\"><span style=\"font-family: 'Arial Regular'; font-size: 12pt;\">&nbsp;<\/span><\/p>\n<p style=\"margin: 0pt 0pt 0.0001pt; font-family: Calibri; font-size: 10.5pt; color: #000000; font-style: normal; font-weight: 400;\"><b><span style=\"font-family: 'Arial Bold'; font-size: 12pt;\">Entrega de Log\u00edstica Conveniente<\/span><\/b><b><\/b><\/p>\n<p style=\"margin: 0pt 0pt 0.0001pt; font-family: Calibri; font-size: 10.5pt; color: #000000; font-style: normal; font-weight: 400;\"><span style=\"font-family: 'Arial Regular'; font-size: 12pt;\">Gracias a nuestra s\u00f3lida red de log\u00edstica, podemos ofrecer servicios de entrega puerta a puerta convenientes, lo que facilita que reciba sus pedidos con un solo pago.<\/span><\/p>\n<p style=\"margin: 0pt 0pt 0.0001pt; font-family: Calibri; font-size: 10.5pt; color: #000000; font-style: normal; font-weight: 400;\"><span style=\"font-family: 'Arial Regular'; font-size: 12pt;\">&nbsp;<\/span><\/p>\n<p style=\"margin: 0pt 0pt 0.0001pt; font-family: Calibri; font-size: 10.5pt; color: #000000; font-style: normal; font-weight: 400;\"><span style=\"font-family: 'Arial Regular'; font-size: 12pt;\">Nos esforzamos por ofrecer una amplia selecci\u00f3n de repuestos premium, as\u00ed como servicios y soluciones expertas.<\/span><\/p>\t\t\t\t\t\t\t\t<\/div>\n\t\t\t\t<\/div>\n\t\t\t\t<div class=\"elementor-element elementor-element-34972321 e-grid-align-left elementor-shape-rounded elementor-grid-0 elementor-widget elementor-widget-social-icons\" data-id=\"34972321\" data-element_type=\"widget\" data-e-type=\"widget\" data-widget_type=\"social-icons.default\">\n\t\t\t\t<div class=\"elementor-widget-container\">\n\t\t\t\t\t\t\t<div class=\"elementor-social-icons-wrapper elementor-grid\" role=\"list\">\n\t\t\t\t\t\t\t<span class=\"elementor-grid-item\" role=\"listitem\">\n\t\t\t\t\t<a class=\"elementor-icon elementor-social-icon elementor-social-icon-facebook elementor-repeater-item-2549603\" href=\"https:\/\/www.facebook.com\/profile.php?id=100092212622463\" target=\"_blank\">\n\t\t\t\t\t\t<span class=\"elementor-screen-only\">Facebook<\/span>\n\t\t\t\t\t\t<i aria-hidden=\"true\" class=\"fab fa-facebook\"><\/i>\t\t\t\t\t<\/a>\n\t\t\t\t<\/span>\n\t\t\t\t\t\t\t<span class=\"elementor-grid-item\" role=\"listitem\">\n\t\t\t\t\t<a class=\"elementor-icon elementor-social-icon elementor-social-icon-whatsapp elementor-repeater-item-8cec85f\" href=\"https:\/\/api.whatsapp.com\/send?phone=8619502065428\" target=\"_blank\">\n\t\t\t\t\t\t<span class=\"elementor-screen-only\">Whatsapp<\/span>\n\t\t\t\t\t\t<i aria-hidden=\"true\" class=\"fab fa-whatsapp\"><\/i>\t\t\t\t\t<\/a>\n\t\t\t\t<\/span>\n\t\t\t\t\t\t\t<span class=\"elementor-grid-item\" role=\"listitem\">\n\t\t\t\t\t<a class=\"elementor-icon elementor-social-icon elementor-social-icon-instagram elementor-repeater-item-db1676a\" href=\"https:\/\/www.instagram.com\/auroraproparts\/\" target=\"_blank\">\n\t\t\t\t\t\t<span class=\"elementor-screen-only\">Instagram<\/span>\n\t\t\t\t\t\t<i aria-hidden=\"true\" class=\"fab fa-instagram\"><\/i>\t\t\t\t\t<\/a>\n\t\t\t\t<\/span>\n\t\t\t\t\t<\/div>\n\t\t\t\t\t\t<\/div>\n\t\t\t\t<\/div>\n\t\t\t\t\t<\/div>\n\t\t<\/div>\n\t\t\t\t\t<\/div>\n\t\t<\/section>\n\t\t\t\t<\/div>\n\t\t","protected":false},"excerpt":{"rendered":"<p>Guangzhou Aurora Auto Parts Company Limited es un proveedor profesional de \u00abSERVICIO DE SOLUCI\u00d3N INTEGRAL\u00bb para repuestos de veh\u00edculos comerciales, que incluye camiones, remolques, autobuses y veh\u00edculos de ingenier\u00eda. Nuestros productos son compatibles con varios veh\u00edculos comerciales como SCANIA, MAN, DAF, VOLVO, Mercedes-Benz, Renault, IVECO, Freightliner, MACK, Kenworth, Peterbilt y m\u00e1s, con una amplia gama [&hellip;]<\/p>\n","protected":false},"author":1,"featured_media":0,"parent":0,"menu_order":0,"comment_status":"closed","ping_status":"closed","template":"","meta":{"site-sidebar-layout":"no-sidebar","site-content-layout":"page-builder","ast-site-content-layout":"default","site-content-style":"default","site-sidebar-style":"default","ast-global-header-display":"","ast-banner-title-visibility":"","ast-main-header-display":"","ast-hfb-above-header-display":"","ast-hfb-below-header-display":"","ast-hfb-mobile-header-display":"","site-post-title":"disabled","ast-breadcrumbs-content":"","ast-featured-img":"disabled","footer-sml-layout":"","ast-disable-related-posts":"","theme-transparent-header-meta":"","adv-header-id-meta":"","stick-header-meta":"","header-above-stick-meta":"","header-main-stick-meta":"","header-below-stick-meta":"","astra-migrate-meta-layouts":"default","ast-page-background-enabled":"default","ast-page-background-meta":{"desktop":{"background-color":"var(--ast-global-color-4)","background-image":"","background-repeat":"repeat","background-position":"center center","background-size":"auto","background-attachment":"scroll","background-type":"","background-media":"","overlay-type":"","overlay-color":"","overlay-opacity":"","overlay-gradient":""},"tablet":{"background-color":"","background-image":"","background-repeat":"repeat","background-position":"center center","background-size":"auto","background-attachment":"scroll","background-type":"","background-media":"","overlay-type":"","overlay-color":"","overlay-opacity":"","overlay-gradient":""},"mobile":{"background-color":"","background-image":"","background-repeat":"repeat","background-position":"center center","background-size":"auto","background-attachment":"scroll","background-type":"","background-media":"","overlay-type":"","overlay-color":"","overlay-opacity":"","overlay-gradient":""}},"ast-content-background-meta":{"desktop":{"background-color":"var(--ast-global-color-5)","background-image":"","background-repeat":"repeat","background-position":"center center","background-size":"auto","background-attachment":"scroll","background-type":"","background-media":"","overlay-type":"","overlay-color":"","overlay-opacity":"","overlay-gradient":""},"tablet":{"background-color":"var(--ast-global-color-5)","background-image":"","background-repeat":"repeat","background-position":"center center","background-size":"auto","background-attachment":"scroll","background-type":"","background-media":"","overlay-type":"","overlay-color":"","overlay-opacity":"","overlay-gradient":""},"mobile":{"background-color":"var(--ast-global-color-5)","background-image":"","background-repeat":"repeat","background-position":"center center","background-size":"auto","background-attachment":"scroll","background-type":"","background-media":"","overlay-type":"","overlay-color":"","overlay-opacity":"","overlay-gradient":""}},"footnotes":""},"class_list":["post-997","page","type-page","status-publish","hentry"],"yoast_head":"<!-- This site is optimized with the Yoast SEO Premium plugin v26.7 (Yoast SEO v27.5) - https:\/\/yoast.com\/product\/yoast-seo-premium-wordpress\/ -->\n<title>Sobre Nosotros - Aurora Truck Bus Parts<\/title>\n<meta name=\"description\" content=\"Guangzhou Aurora Auto Parts Company Limited is a professional provider of &quot;one-stop solution service&quot; for spare parts of commercial vehicles.\" \/>\n<meta name=\"robots\" content=\"index, follow, max-snippet:-1, max-image-preview:large, max-video-preview:-1\" \/>\n<link rel=\"canonical\" href=\"https:\/\/www.auroraproparts.com\/es\/about-us\/\" \/>\n<meta property=\"og:locale\" content=\"es_ES\" \/>\n<meta property=\"og:type\" content=\"article\" \/>\n<meta property=\"og:title\" content=\"Sobre Nosotros\" \/>\n<meta property=\"og:description\" content=\"Guangzhou Aurora Auto Parts Company Limited is a professional provider of &quot;one-stop solution service&quot; for spare parts of commercial vehicles.\" \/>\n<meta property=\"og:url\" content=\"https:\/\/www.auroraproparts.com\/es\/about-us\/\" \/>\n<meta property=\"og:site_name\" content=\"Aurora Truck Bus Parts\" \/>\n<meta property=\"article:modified_time\" content=\"2024-01-08T02:36:56+00:00\" \/>\n<meta property=\"og:image\" content=\"https:\/\/www.auroraproparts.com\/es\/wp-content\/uploads\/sites\/2\/elementor\/thumbs\/aboutus-2-qak94lr0wc80xq0lwslovmx6z4gdzsl9wmk825l69s.png\" \/>\n<meta name=\"twitter:card\" content=\"summary_large_image\" \/>\n<meta name=\"twitter:label1\" content=\"Tiempo de lectura\" \/>\n\t<meta name=\"twitter:data1\" content=\"2 minutos\" \/>\n<script type=\"application\/ld+json\" class=\"yoast-schema-graph\">{\"@context\":\"https:\\\/\\\/schema.org\",\"@graph\":[{\"@type\":[\"WebPage\",\"AboutPage\"],\"@id\":\"https:\\\/\\\/www.auroraproparts.com\\\/es\\\/about-us\\\/\",\"url\":\"https:\\\/\\\/www.auroraproparts.com\\\/es\\\/about-us\\\/\",\"name\":\"Sobre Nosotros - Aurora Truck Bus Parts\",\"isPartOf\":{\"@id\":\"https:\\\/\\\/www.auroraproparts.com\\\/es\\\/#website\"},\"primaryImageOfPage\":{\"@id\":\"https:\\\/\\\/www.auroraproparts.com\\\/es\\\/about-us\\\/#primaryimage\"},\"image\":{\"@id\":\"https:\\\/\\\/www.auroraproparts.com\\\/es\\\/about-us\\\/#primaryimage\"},\"thumbnailUrl\":\"https:\\\/\\\/www.auroraproparts.com\\\/es\\\/wp-content\\\/uploads\\\/sites\\\/2\\\/elementor\\\/thumbs\\\/aboutus-2-qak94lr0wc80xq0lwslovmx6z4gdzsl9wmk825l69s.png\",\"datePublished\":\"2023-04-11T14:28:43+00:00\",\"dateModified\":\"2024-01-08T02:36:56+00:00\",\"description\":\"Guangzhou Aurora Auto Parts Company Limited is a professional provider of \\\"one-stop solution service\\\" for spare parts of commercial vehicles.\",\"breadcrumb\":{\"@id\":\"https:\\\/\\\/www.auroraproparts.com\\\/es\\\/about-us\\\/#breadcrumb\"},\"inLanguage\":\"es\",\"potentialAction\":[{\"@type\":\"ReadAction\",\"target\":[\"https:\\\/\\\/www.auroraproparts.com\\\/es\\\/about-us\\\/\"]}]},{\"@type\":\"ImageObject\",\"inLanguage\":\"es\",\"@id\":\"https:\\\/\\\/www.auroraproparts.com\\\/es\\\/about-us\\\/#primaryimage\",\"url\":\"https:\\\/\\\/www.auroraproparts.com\\\/es\\\/wp-content\\\/uploads\\\/sites\\\/2\\\/elementor\\\/thumbs\\\/aboutus-2-qak94lr0wc80xq0lwslovmx6z4gdzsl9wmk825l69s.png\",\"contentUrl\":\"https:\\\/\\\/www.auroraproparts.com\\\/es\\\/wp-content\\\/uploads\\\/sites\\\/2\\\/elementor\\\/thumbs\\\/aboutus-2-qak94lr0wc80xq0lwslovmx6z4gdzsl9wmk825l69s.png\"},{\"@type\":\"BreadcrumbList\",\"@id\":\"https:\\\/\\\/www.auroraproparts.com\\\/es\\\/about-us\\\/#breadcrumb\",\"itemListElement\":[{\"@type\":\"ListItem\",\"position\":1,\"name\":\"\u9996\u9875\",\"item\":\"https:\\\/\\\/www.auroraproparts.com\\\/es\\\/\"},{\"@type\":\"ListItem\",\"position\":2,\"name\":\"Sobre Nosotros\"}]},{\"@type\":\"WebSite\",\"@id\":\"https:\\\/\\\/www.auroraproparts.com\\\/es\\\/#website\",\"url\":\"https:\\\/\\\/www.auroraproparts.com\\\/es\\\/\",\"name\":\"Aurora Truck Bus Parts\",\"description\":\"\",\"publisher\":{\"@id\":\"https:\\\/\\\/www.auroraproparts.com\\\/es\\\/#organization\"},\"potentialAction\":[{\"@type\":\"SearchAction\",\"target\":{\"@type\":\"EntryPoint\",\"urlTemplate\":\"https:\\\/\\\/www.auroraproparts.com\\\/es\\\/?s={search_term_string}\"},\"query-input\":{\"@type\":\"PropertyValueSpecification\",\"valueRequired\":true,\"valueName\":\"search_term_string\"}}],\"inLanguage\":\"es\"},{\"@type\":\"Organization\",\"@id\":\"https:\\\/\\\/www.auroraproparts.com\\\/es\\\/#organization\",\"name\":\"Aurora Truck Bus Parts\",\"url\":\"https:\\\/\\\/www.auroraproparts.com\\\/es\\\/\",\"logo\":{\"@type\":\"ImageObject\",\"inLanguage\":\"es\",\"@id\":\"https:\\\/\\\/www.auroraproparts.com\\\/es\\\/#\\\/schema\\\/logo\\\/image\\\/\",\"url\":\"https:\\\/\\\/www.auroraproparts.com\\\/es\\\/wp-content\\\/uploads\\\/sites\\\/2\\\/2023\\\/11\\\/logo.svg\",\"contentUrl\":\"https:\\\/\\\/www.auroraproparts.com\\\/es\\\/wp-content\\\/uploads\\\/sites\\\/2\\\/2023\\\/11\\\/logo.svg\",\"width\":313,\"height\":56,\"caption\":\"Aurora Truck Bus Parts\"},\"image\":{\"@id\":\"https:\\\/\\\/www.auroraproparts.com\\\/es\\\/#\\\/schema\\\/logo\\\/image\\\/\"}}]}<\/script>\n<!-- \/ Yoast SEO Premium plugin. -->","yoast_head_json":{"title":"Sobre Nosotros - Aurora Truck Bus Parts","description":"Guangzhou Aurora Auto Parts Company Limited is a professional provider of \"one-stop solution service\" for spare parts of commercial vehicles.","robots":{"index":"index","follow":"follow","max-snippet":"max-snippet:-1","max-image-preview":"max-image-preview:large","max-video-preview":"max-video-preview:-1"},"canonical":"https:\/\/www.auroraproparts.com\/es\/about-us\/","og_locale":"es_ES","og_type":"article","og_title":"Sobre Nosotros","og_description":"Guangzhou Aurora Auto Parts Company Limited is a professional provider of \"one-stop solution service\" for spare parts of commercial vehicles.","og_url":"https:\/\/www.auroraproparts.com\/es\/about-us\/","og_site_name":"Aurora Truck Bus Parts","article_modified_time":"2024-01-08T02:36:56+00:00","og_image":[{"url":"https:\/\/www.auroraproparts.com\/es\/wp-content\/uploads\/sites\/2\/elementor\/thumbs\/aboutus-2-qak94lr0wc80xq0lwslovmx6z4gdzsl9wmk825l69s.png","type":"","width":"","height":""}],"twitter_card":"summary_large_image","twitter_misc":{"Tiempo de lectura":"2 minutos"},"schema":{"@context":"https:\/\/schema.org","@graph":[{"@type":["WebPage","AboutPage"],"@id":"https:\/\/www.auroraproparts.com\/es\/about-us\/","url":"https:\/\/www.auroraproparts.com\/es\/about-us\/","name":"Sobre Nosotros - Aurora Truck Bus Parts","isPartOf":{"@id":"https:\/\/www.auroraproparts.com\/es\/#website"},"primaryImageOfPage":{"@id":"https:\/\/www.auroraproparts.com\/es\/about-us\/#primaryimage"},"image":{"@id":"https:\/\/www.auroraproparts.com\/es\/about-us\/#primaryimage"},"thumbnailUrl":"https:\/\/www.auroraproparts.com\/es\/wp-content\/uploads\/sites\/2\/elementor\/thumbs\/aboutus-2-qak94lr0wc80xq0lwslovmx6z4gdzsl9wmk825l69s.png","datePublished":"2023-04-11T14:28:43+00:00","dateModified":"2024-01-08T02:36:56+00:00","description":"Guangzhou Aurora Auto Parts Company Limited is a professional provider of \"one-stop solution service\" for spare parts of commercial vehicles.","breadcrumb":{"@id":"https:\/\/www.auroraproparts.com\/es\/about-us\/#breadcrumb"},"inLanguage":"es","potentialAction":[{"@type":"ReadAction","target":["https:\/\/www.auroraproparts.com\/es\/about-us\/"]}]},{"@type":"ImageObject","inLanguage":"es","@id":"https:\/\/www.auroraproparts.com\/es\/about-us\/#primaryimage","url":"https:\/\/www.auroraproparts.com\/es\/wp-content\/uploads\/sites\/2\/elementor\/thumbs\/aboutus-2-qak94lr0wc80xq0lwslovmx6z4gdzsl9wmk825l69s.png","contentUrl":"https:\/\/www.auroraproparts.com\/es\/wp-content\/uploads\/sites\/2\/elementor\/thumbs\/aboutus-2-qak94lr0wc80xq0lwslovmx6z4gdzsl9wmk825l69s.png"},{"@type":"BreadcrumbList","@id":"https:\/\/www.auroraproparts.com\/es\/about-us\/#breadcrumb","itemListElement":[{"@type":"ListItem","position":1,"name":"\u9996\u9875","item":"https:\/\/www.auroraproparts.com\/es\/"},{"@type":"ListItem","position":2,"name":"Sobre Nosotros"}]},{"@type":"WebSite","@id":"https:\/\/www.auroraproparts.com\/es\/#website","url":"https:\/\/www.auroraproparts.com\/es\/","name":"Aurora Truck Bus Parts","description":"","publisher":{"@id":"https:\/\/www.auroraproparts.com\/es\/#organization"},"potentialAction":[{"@type":"SearchAction","target":{"@type":"EntryPoint","urlTemplate":"https:\/\/www.auroraproparts.com\/es\/?s={search_term_string}"},"query-input":{"@type":"PropertyValueSpecification","valueRequired":true,"valueName":"search_term_string"}}],"inLanguage":"es"},{"@type":"Organization","@id":"https:\/\/www.auroraproparts.com\/es\/#organization","name":"Aurora Truck Bus Parts","url":"https:\/\/www.auroraproparts.com\/es\/","logo":{"@type":"ImageObject","inLanguage":"es","@id":"https:\/\/www.auroraproparts.com\/es\/#\/schema\/logo\/image\/","url":"https:\/\/www.auroraproparts.com\/es\/wp-content\/uploads\/sites\/2\/2023\/11\/logo.svg","contentUrl":"https:\/\/www.auroraproparts.com\/es\/wp-content\/uploads\/sites\/2\/2023\/11\/logo.svg","width":313,"height":56,"caption":"Aurora Truck Bus Parts"},"image":{"@id":"https:\/\/www.auroraproparts.com\/es\/#\/schema\/logo\/image\/"}}]}},"_links":{"self":[{"href":"https:\/\/www.auroraproparts.com\/es\/wp-json\/wp\/v2\/pages\/997","targetHints":{"allow":["GET"]}}],"collection":[{"href":"https:\/\/www.auroraproparts.com\/es\/wp-json\/wp\/v2\/pages"}],"about":[{"href":"https:\/\/www.auroraproparts.com\/es\/wp-json\/wp\/v2\/types\/page"}],"author":[{"embeddable":true,"href":"https:\/\/www.auroraproparts.com\/es\/wp-json\/wp\/v2\/users\/1"}],"replies":[{"embeddable":true,"href":"https:\/\/www.auroraproparts.com\/es\/wp-json\/wp\/v2\/comments?post=997"}],"version-history":[{"count":0,"href":"https:\/\/www.auroraproparts.com\/es\/wp-json\/wp\/v2\/pages\/997\/revisions"}],"wp:attachment":[{"href":"https:\/\/www.auroraproparts.com\/es\/wp-json\/wp\/v2\/media?parent=997"}],"curies":[{"name":"wp","href":"https:\/\/api.w.org\/{rel}","templated":true}]}}