{"id":1454,"date":"2023-06-09T16:32:45","date_gmt":"2023-06-09T08:32:45","guid":{"rendered":"https:\/\/www.auroraproparts.com\/es\/product\/scania-brake-slack-adjuster-1112833-1789561\/"},"modified":"2024-09-03T17:32:39","modified_gmt":"2024-09-03T09:32:39","slug":"scania-brake-slack-adjuster-1112833-1789561","status":"publish","type":"product","link":"https:\/\/www.auroraproparts.com\/es\/product\/scania-brake-slack-adjuster-1112833-1789561\/","title":{"rendered":"Scania Ajustador autom\u00e1tico de tensi\u00f3n 1112833 1789561"},"content":{"rendered":"<h2>Scania Ajustador autom\u00e1tico de tensi\u00f3n 1112833 1789561<\/h2>\n<p>&nbsp;<\/p>\n<table>\n<tbody>\n<tr>\n<td colspan=\"4\" width=\"426\"><strong>OE Cross Reference<\/strong><\/td>\n<\/tr>\n<tr>\n<td width=\"25.0000%\">Scania<\/td>\n<td width=\"25.0000%\">1112833<\/td>\n<td width=\"25.0000%\">Scania<\/td>\n<td width=\"25.0000%\">1789561<\/td>\n<\/tr>\n<tr>\n<td width=\"25.0000%\">Scania<\/td>\n<td width=\"25.0000%\">278737<\/td>\n<td width=\"25.0000%\">AUGER<\/td>\n<td width=\"25.0000%\">394181<\/td>\n<\/tr>\n<tr>\n<td width=\"25.0000%\">DT<\/td>\n<td width=\"25.0000%\">1.18110<\/td>\n<td width=\"25.0000%\">EBS<\/td>\n<td width=\"25.0000%\">N267027<\/td>\n<\/tr>\n<tr>\n<td width=\"25.0000%\">STELLOX<\/td>\n<td width=\"25.0000%\">85-04080-SX<\/td>\n<td width=\"25.0000%\">SAMPA<\/td>\n<td width=\"25.0000%\">042.408<\/td>\n<\/tr>\n<\/tbody>\n<\/table>\n<p>&nbsp;<\/p>\n<table>\n<tbody>\n<tr>\n<td colspan=\"4\" width=\"426\">\n<h6>Fit For<\/h6>\n<\/td>\n<\/tr>\n<tr>\n<td width=\"106\">3 &#8211; series 113 E<\/td>\n<td width=\"106\">P,G,R,T &#8211; series G 340, R 340<\/td>\n<td width=\"106\">4 &#8211; series 164 C<\/td>\n<td width=\"106\">P,G,R,T &#8211; series R 360<\/td>\n<\/tr>\n<tr>\n<td width=\"106\">3 &#8211; series 113 H<\/td>\n<td width=\"106\">P,G,R,T &#8211; series G 360, P 360<\/td>\n<td width=\"106\">4 &#8211; series 164 G<\/td>\n<td width=\"106\">P,G,R,T &#8211; series P 380, R 380<\/td>\n<\/tr>\n<tr>\n<td width=\"106\">3 &#8211; series 113 M<\/td>\n<td width=\"106\">P,G,R,T &#8211; series G 380, P 380<\/td>\n<td width=\"106\">4 &#8211; series 164 L<\/td>\n<td width=\"106\">P,G,R,T &#8211; series P 380, R380<\/td>\n<\/tr>\n<tr>\n<td width=\"106\">3 &#8211; series 143 E<\/td>\n<td width=\"106\">P,G,R,T &#8211; series R 380<\/td>\n<td width=\"106\">4 &#8211; series 94<\/td>\n<td width=\"106\">P,G,R,T &#8211; series P 400<\/td>\n<\/tr>\n<tr>\n<td width=\"106\">3 &#8211; series 143 H<\/td>\n<td width=\"106\">P,G,R,T &#8211; series G 400, P 400<\/td>\n<td width=\"106\">4 &#8211; series 94 C<\/td>\n<td width=\"106\">P,G,R,T &#8211; series P 400, R 400<\/td>\n<\/tr>\n<tr>\n<td width=\"106\">3 &#8211; series 143 M<\/td>\n<td width=\"106\">P,G,R,T &#8211; series G 400, R 400<\/td>\n<td width=\"106\">4 &#8211; series 94 D<\/td>\n<td width=\"106\">P,G,R,T &#8211; series P 420, R 420<\/td>\n<\/tr>\n<tr>\n<td width=\"106\">3 &#8211; series 93 H<\/td>\n<td width=\"106\">P,G,R,T &#8211; series G 420<\/td>\n<td width=\"106\">4 &#8211; series 94 G<\/td>\n<td width=\"106\">P,G,R,T &#8211; series P 440, R 440<\/td>\n<\/tr>\n<tr>\n<td width=\"106\">3 &#8211; series 93 M<\/td>\n<td width=\"106\">P,G,R,T &#8211; series G 420, P 420<\/td>\n<td width=\"106\">4 &#8211; series 94 L<\/td>\n<td width=\"106\">P,G,R,T &#8211; series P 470, R 470<\/td>\n<\/tr>\n<tr>\n<td width=\"106\">3 &#8211; series bus K 113<\/td>\n<td width=\"106\">P,G,R,T &#8211; series G 420, R 420<\/td>\n<td width=\"106\">4 &#8211; series T 114 C<\/td>\n<td width=\"106\">P,G,R,T &#8211; series P 480, R 480<\/td>\n<\/tr>\n<tr>\n<td width=\"106\">3 &#8211; series bus K 113 CLB<\/td>\n<td width=\"106\">P,G,R,T &#8211; series G 440, R 440<\/td>\n<td width=\"106\">4 &#8211; series T 114 G<\/td>\n<td width=\"106\">P,G,R,T &#8211; series P 500, R 500<\/td>\n<\/tr>\n<tr>\n<td width=\"106\">3 &#8211; series bus K 93 CL<\/td>\n<td width=\"106\">P,G,R,T &#8211; series R 470<\/td>\n<td width=\"106\">4 &#8211; series T 114 L<\/td>\n<td width=\"106\">P,G,R,T &#8211; series P 560, R 560<\/td>\n<\/tr>\n<tr>\n<td width=\"106\">3 &#8211; series bus L 113 CLB<\/td>\n<td width=\"106\">P,G,R,T &#8211; series G 470, R 470<\/td>\n<td width=\"106\">4 &#8211; series T 124 C<\/td>\n<td width=\"106\">P,G,R,T &#8211; series P 580, R 580<\/td>\n<\/tr>\n<tr>\n<td width=\"106\">3 &#8211; series T 113 E<\/td>\n<td width=\"106\">P,G,R,T &#8211; series G 480, R 480<\/td>\n<td width=\"106\">4 &#8211; series T 124 G<\/td>\n<td width=\"106\">P,G,R,T &#8211; series P 620, R 620<\/td>\n<\/tr>\n<tr>\n<td width=\"106\">3 &#8211; series T 113 H<\/td>\n<td width=\"106\">P,G,R,T &#8211; series P 480<\/td>\n<td width=\"106\">4 &#8211; series T 124 L<\/td>\n<td width=\"106\">P,G,R,T &#8211; series R 340<\/td>\n<\/tr>\n<tr>\n<td width=\"106\">3 &#8211; series T 143 E<\/td>\n<td width=\"106\">P,G,R,T &#8211; series P 230<\/td>\n<td width=\"106\">4 &#8211; series T 144 C<\/td>\n<td width=\"106\">P,G,R,T &#8211; series R 360<\/td>\n<\/tr>\n<tr>\n<td width=\"106\">3 &#8211; series T 143 H<\/td>\n<td width=\"106\">P,G,R,T &#8211; series P 230, R 230<\/td>\n<td width=\"106\">4 &#8211; series T 144 G<\/td>\n<td width=\"106\">P,G,R,T &#8211; series R 380<\/td>\n<\/tr>\n<tr>\n<td width=\"106\">3 &#8211; series T 93 H<\/td>\n<td width=\"106\">P,G,R,T &#8211; series P 260<\/td>\n<td width=\"106\">4 &#8211; series T 144 L<\/td>\n<td width=\"106\">P,G,R,T &#8211; series R 400<\/td>\n<\/tr>\n<tr>\n<td width=\"106\">4 &#8211; series 114 C<\/td>\n<td width=\"106\">P,G,R,T &#8211; series P 270<\/td>\n<td width=\"106\">4 &#8211; series T 94 C<\/td>\n<td width=\"106\">P,G,R,T &#8211; series R 420<\/td>\n<\/tr>\n<tr>\n<td width=\"106\">4 &#8211; series 114 G<\/td>\n<td width=\"106\">P,G,R,T &#8211; series P 270, R 270<\/td>\n<td width=\"106\">4 &#8211; series T 94 G<\/td>\n<td width=\"106\">P,G,R,T &#8211; series R 440<\/td>\n<\/tr>\n<tr>\n<td width=\"106\">4 &#8211; series 114 L<\/td>\n<td width=\"106\">P,G,R,T &#8211; series P 280<\/td>\n<td width=\"106\">4 &#8211; series T 94 L<\/td>\n<td width=\"106\">P,G,R,T &#8211; series R 470<\/td>\n<\/tr>\n<tr>\n<td width=\"106\">4 &#8211; series 124<\/td>\n<td width=\"106\">P,G,R,T &#8211; series P 300<\/td>\n<td width=\"106\">P,G,R,T &#8211; series G 230<\/td>\n<td width=\"106\">P,G,R,T &#8211; series R 480<\/td>\n<\/tr>\n<tr>\n<td width=\"106\">4 &#8211; series 124 C<\/td>\n<td width=\"106\">P,G,R,T &#8211; series P 310<\/td>\n<td width=\"106\">P,G,R,T &#8211; series G 230, P 230<\/td>\n<td width=\"106\">P,G,R,T &#8211; series R 500<\/td>\n<\/tr>\n<tr>\n<td width=\"106\">4 &#8211; series 124 G<\/td>\n<td width=\"106\">P,G,R,T &#8211; series P 310, R 310<\/td>\n<td width=\"106\">P,G,R,T &#8211; series G 270, P 270<\/td>\n<td width=\"106\">P,G,R,T &#8211; series R 560<\/td>\n<\/tr>\n<tr>\n<td width=\"106\">4 &#8211; series 124 L<\/td>\n<td width=\"106\">P,G,R,T &#8211; series P 340<\/td>\n<td width=\"106\">P,G,R,T &#8211; series R 270<\/td>\n<td width=\"106\">P,G,R,T &#8211; series R 580<\/td>\n<\/tr>\n<tr>\n<td width=\"106\">4 &#8211; series 144 C<\/td>\n<td width=\"106\">P,G,R,T &#8211; series P 340, R 340<\/td>\n<td width=\"106\">P,G,R,T &#8211; series G 310, P 310<\/td>\n<td width=\"106\">P,G,R,T &#8211; series R 620<\/td>\n<\/tr>\n<tr>\n<td width=\"106\">4 &#8211; series 144 G<\/td>\n<td width=\"106\">P,G,R,T &#8211; series P 360<\/td>\n<td width=\"106\">P,G,R,T &#8211; series G 340, P 340<\/td>\n<td width=\"106\">P,G,R,T &#8211; series R 730<\/td>\n<\/tr>\n<tr>\n<td width=\"106\">4 &#8211; series 144 L<\/td>\n<td width=\"106\">P,G,R,T &#8211; series P 360, R 360<\/td>\n<td width=\"106\">P,G,R,T &#8211; series R 340<\/td>\n<td width=\"106\">P,G,R,T &#8211; series T 470<\/td>\n<\/tr>\n<\/tbody>\n<\/table>\n<p>&nbsp;<\/p>\n<h6>Ajustador de holgura del freno<\/h6>\n<p>&nbsp;<\/p>\n<p>El ajustador de holgura del freno es un componente cr\u00edtico de un sistema de frenos. Es responsable de ajustar la cantidad de holgura (o espacio) entre el pedal del freno y las zapatas o tambores de freno. Sin un ajustador de holgura, el freno se aplicar\u00eda instant\u00e1neamente cuando se presiona el pedal, lo que crear\u00eda un veh\u00edculo inseguro y dif\u00edcil de controlar.<\/p>\n","protected":false},"excerpt":{"rendered":"<table style=\"font-size: 16px; font-style: normal;\">\n<tbody>\n<tr>\n<td width=\"213\">Type<\/td>\n<td width=\"213\">Ajustador autom\u00e1tico de tensi\u00f3n<\/td>\n<\/tr>\n<tr>\n<td width=\"213\">Material<\/td>\n<td width=\"213\">Steel<\/td>\n<\/tr>\n<tr>\n<td width=\"213\">Fit For<\/td>\n<td width=\"213\">Scania<\/td>\n<\/tr>\n<tr>\n<td width=\"213\">OE NO.<\/td>\n<td width=\"213\">278737, 394181<\/td>\n<\/tr>\n<tr>\n<td width=\"213\">Number Of\u00a0 Teeth<\/td>\n<td width=\"213\">10<\/td>\n<\/tr>\n<tr>\n<td width=\"213\">Bore Distance<\/td>\n<td width=\"213\">165 mm<\/td>\n<\/tr>\n<\/tbody>\n<\/table>\n<p>&nbsp;<\/p>\n","protected":false},"featured_media":1459,"template":"","meta":{"site-sidebar-layout":"default","site-content-layout":"default","ast-site-content-layout":"default","site-content-style":"default","site-sidebar-style":"default","ast-global-header-display":"","ast-banner-title-visibility":"","ast-main-header-display":"","ast-hfb-above-header-display":"","ast-hfb-below-header-display":"","ast-hfb-mobile-header-display":"","site-post-title":"","ast-breadcrumbs-content":"","ast-featured-img":"","footer-sml-layout":"","ast-disable-related-posts":"","theme-transparent-header-meta":"default","adv-header-id-meta":"","stick-header-meta":"default","header-above-stick-meta":"","header-main-stick-meta":"","header-below-stick-meta":"","astra-migrate-meta-layouts":"set","ast-page-background-enabled":"default","ast-page-background-meta":{"desktop":{"background-color":"var(--ast-global-color-4)","background-image":"","background-repeat":"repeat","background-position":"center center","background-size":"auto","background-attachment":"scroll","background-type":"","background-media":"","overlay-type":"","overlay-color":"","overlay-opacity":"","overlay-gradient":""},"tablet":{"background-color":"","background-image":"","background-repeat":"repeat","background-position":"center center","background-size":"auto","background-attachment":"scroll","background-type":"","background-media":"","overlay-type":"","overlay-color":"","overlay-opacity":"","overlay-gradient":""},"mobile":{"background-color":"","background-image":"","background-repeat":"repeat","background-position":"center center","background-size":"auto","background-attachment":"scroll","background-type":"","background-media":"","overlay-type":"","overlay-color":"","overlay-opacity":"","overlay-gradient":""}},"ast-content-background-meta":{"desktop":{"background-color":"var(--ast-global-color-5)","background-image":"","background-repeat":"repeat","background-position":"center center","background-size":"auto","background-attachment":"scroll","background-type":"","background-media":"","overlay-type":"","overlay-color":"","overlay-opacity":"","overlay-gradient":""},"tablet":{"background-color":"var(--ast-global-color-5)","background-image":"","background-repeat":"repeat","background-position":"center center","background-size":"auto","background-attachment":"scroll","background-type":"","background-media":"","overlay-type":"","overlay-color":"","overlay-opacity":"","overlay-gradient":""},"mobile":{"background-color":"var(--ast-global-color-5)","background-image":"","background-repeat":"repeat","background-position":"center center","background-size":"auto","background-attachment":"scroll","background-type":"","background-media":"","overlay-type":"","overlay-color":"","overlay-opacity":"","overlay-gradient":""}}},"product_brand":[],"product_cat":[393],"product_tag":[130,120,126],"class_list":{"0":"post-1454","1":"product","2":"type-product","3":"status-publish","4":"has-post-thumbnail","6":"product_cat-ajustador-de-holgura","7":"product_tag-slack-adjuster","8":"product_tag-scania","9":"product_tag-scania-slack-adjuster","10":"desktop-align-center","11":"tablet-align-left","12":"mobile-align-left","13":"ast-product-gallery-layout-horizontal-slider","14":"ast-product-gallery-with-no-image","15":"ast-product-tabs-layout-horizontal","17":"first","18":"instock","19":"shipping-taxable","20":"product-type-simple"},"yoast_head":"<!-- This site is optimized with the Yoast SEO Premium plugin v26.7 (Yoast SEO v27.5) - https:\/\/yoast.com\/product\/yoast-seo-premium-wordpress\/ -->\n<title>Scania Ajustador autom\u00e1tico de tensi\u00f3n 1112833 1789561 - Aurora Truck Bus Parts<\/title>\n<meta name=\"description\" content=\"Scania Ajustador autom\u00e1tico de tensi\u00f3n 1112833 1789561\" \/>\n<meta name=\"robots\" content=\"index, follow, max-snippet:-1, max-image-preview:large, max-video-preview:-1\" \/>\n<link rel=\"canonical\" href=\"https:\/\/www.auroraproparts.com\/es\/product\/scania-brake-slack-adjuster-1112833-1789561\/\" \/>\n<meta property=\"og:locale\" content=\"es_ES\" \/>\n<meta property=\"og:type\" content=\"article\" \/>\n<meta property=\"og:title\" content=\"Scania Ajustador autom\u00e1tico de tensi\u00f3n 1112833 1789561\" \/>\n<meta property=\"og:description\" content=\"Scania Ajustador autom\u00e1tico de tensi\u00f3n 1112833 1789561\" \/>\n<meta property=\"og:url\" content=\"https:\/\/www.auroraproparts.com\/es\/product\/scania-brake-slack-adjuster-1112833-1789561\/\" \/>\n<meta property=\"og:site_name\" content=\"Aurora Truck Bus Parts\" \/>\n<meta property=\"article:modified_time\" content=\"2024-09-03T09:32:39+00:00\" \/>\n<meta property=\"og:image\" content=\"https:\/\/www.auroraproparts.com\/es\/wp-content\/uploads\/sites\/2\/2023\/06\/72660.webp\" \/>\n\t<meta property=\"og:image:width\" content=\"960\" \/>\n\t<meta property=\"og:image:height\" content=\"960\" \/>\n\t<meta property=\"og:image:type\" content=\"image\/webp\" \/>\n<meta name=\"twitter:card\" content=\"summary_large_image\" \/>\n<meta name=\"twitter:label1\" content=\"Tiempo de lectura\" \/>\n\t<meta name=\"twitter:data1\" content=\"3 minutos\" \/>\n<script type=\"application\/ld+json\" class=\"yoast-schema-graph\">{\"@context\":\"https:\\\/\\\/schema.org\",\"@graph\":[{\"@type\":\"WebPage\",\"@id\":\"https:\\\/\\\/www.auroraproparts.com\\\/es\\\/product\\\/scania-brake-slack-adjuster-1112833-1789561\\\/\",\"url\":\"https:\\\/\\\/www.auroraproparts.com\\\/es\\\/product\\\/scania-brake-slack-adjuster-1112833-1789561\\\/\",\"name\":\"Scania Ajustador autom\u00e1tico de tensi\u00f3n 1112833 1789561 - Aurora Truck Bus Parts\",\"isPartOf\":{\"@id\":\"https:\\\/\\\/www.auroraproparts.com\\\/es\\\/#website\"},\"primaryImageOfPage\":{\"@id\":\"https:\\\/\\\/www.auroraproparts.com\\\/es\\\/product\\\/scania-brake-slack-adjuster-1112833-1789561\\\/#primaryimage\"},\"image\":{\"@id\":\"https:\\\/\\\/www.auroraproparts.com\\\/es\\\/product\\\/scania-brake-slack-adjuster-1112833-1789561\\\/#primaryimage\"},\"thumbnailUrl\":\"https:\\\/\\\/www.auroraproparts.com\\\/es\\\/wp-content\\\/uploads\\\/sites\\\/2\\\/2023\\\/06\\\/72660.webp\",\"datePublished\":\"2023-06-09T08:32:45+00:00\",\"dateModified\":\"2024-09-03T09:32:39+00:00\",\"description\":\"Scania Ajustador autom\u00e1tico de tensi\u00f3n 1112833 1789561\",\"breadcrumb\":{\"@id\":\"https:\\\/\\\/www.auroraproparts.com\\\/es\\\/product\\\/scania-brake-slack-adjuster-1112833-1789561\\\/#breadcrumb\"},\"inLanguage\":\"es\",\"potentialAction\":[{\"@type\":\"ReadAction\",\"target\":[\"https:\\\/\\\/www.auroraproparts.com\\\/es\\\/product\\\/scania-brake-slack-adjuster-1112833-1789561\\\/\"]}]},{\"@type\":\"ImageObject\",\"inLanguage\":\"es\",\"@id\":\"https:\\\/\\\/www.auroraproparts.com\\\/es\\\/product\\\/scania-brake-slack-adjuster-1112833-1789561\\\/#primaryimage\",\"url\":\"https:\\\/\\\/www.auroraproparts.com\\\/es\\\/wp-content\\\/uploads\\\/sites\\\/2\\\/2023\\\/06\\\/72660.webp\",\"contentUrl\":\"https:\\\/\\\/www.auroraproparts.com\\\/es\\\/wp-content\\\/uploads\\\/sites\\\/2\\\/2023\\\/06\\\/72660.webp\",\"width\":960,\"height\":960,\"caption\":\"Scania Brake Slack Adjuster 1112833 1789561\"},{\"@type\":\"BreadcrumbList\",\"@id\":\"https:\\\/\\\/www.auroraproparts.com\\\/es\\\/product\\\/scania-brake-slack-adjuster-1112833-1789561\\\/#breadcrumb\",\"itemListElement\":[{\"@type\":\"ListItem\",\"position\":1,\"name\":\"\u9996\u9875\",\"item\":\"https:\\\/\\\/www.auroraproparts.com\\\/es\\\/\"},{\"@type\":\"ListItem\",\"position\":2,\"name\":\"Recambios Para Cami\u00f3n\",\"item\":\"https:\\\/\\\/www.auroraproparts.com\\\/es\\\/products\\\/\"},{\"@type\":\"ListItem\",\"position\":3,\"name\":\"Scania Ajustador autom\u00e1tico de tensi\u00f3n 1112833 1789561\"}]},{\"@type\":\"WebSite\",\"@id\":\"https:\\\/\\\/www.auroraproparts.com\\\/es\\\/#website\",\"url\":\"https:\\\/\\\/www.auroraproparts.com\\\/es\\\/\",\"name\":\"Aurora Truck Bus Parts\",\"description\":\"\",\"publisher\":{\"@id\":\"https:\\\/\\\/www.auroraproparts.com\\\/es\\\/#organization\"},\"potentialAction\":[{\"@type\":\"SearchAction\",\"target\":{\"@type\":\"EntryPoint\",\"urlTemplate\":\"https:\\\/\\\/www.auroraproparts.com\\\/es\\\/?s={search_term_string}\"},\"query-input\":{\"@type\":\"PropertyValueSpecification\",\"valueRequired\":true,\"valueName\":\"search_term_string\"}}],\"inLanguage\":\"es\"},{\"@type\":\"Organization\",\"@id\":\"https:\\\/\\\/www.auroraproparts.com\\\/es\\\/#organization\",\"name\":\"Aurora Truck Bus Parts\",\"url\":\"https:\\\/\\\/www.auroraproparts.com\\\/es\\\/\",\"logo\":{\"@type\":\"ImageObject\",\"inLanguage\":\"es\",\"@id\":\"https:\\\/\\\/www.auroraproparts.com\\\/es\\\/#\\\/schema\\\/logo\\\/image\\\/\",\"url\":\"https:\\\/\\\/www.auroraproparts.com\\\/es\\\/wp-content\\\/uploads\\\/sites\\\/2\\\/2023\\\/11\\\/logo.svg\",\"contentUrl\":\"https:\\\/\\\/www.auroraproparts.com\\\/es\\\/wp-content\\\/uploads\\\/sites\\\/2\\\/2023\\\/11\\\/logo.svg\",\"width\":313,\"height\":56,\"caption\":\"Aurora Truck Bus Parts\"},\"image\":{\"@id\":\"https:\\\/\\\/www.auroraproparts.com\\\/es\\\/#\\\/schema\\\/logo\\\/image\\\/\"}}]}<\/script>\n<!-- \/ Yoast SEO Premium plugin. -->","yoast_head_json":{"title":"Scania Ajustador autom\u00e1tico de tensi\u00f3n 1112833 1789561 - Aurora Truck Bus Parts","description":"Scania Ajustador autom\u00e1tico de tensi\u00f3n 1112833 1789561","robots":{"index":"index","follow":"follow","max-snippet":"max-snippet:-1","max-image-preview":"max-image-preview:large","max-video-preview":"max-video-preview:-1"},"canonical":"https:\/\/www.auroraproparts.com\/es\/product\/scania-brake-slack-adjuster-1112833-1789561\/","og_locale":"es_ES","og_type":"article","og_title":"Scania Ajustador autom\u00e1tico de tensi\u00f3n 1112833 1789561","og_description":"Scania Ajustador autom\u00e1tico de tensi\u00f3n 1112833 1789561","og_url":"https:\/\/www.auroraproparts.com\/es\/product\/scania-brake-slack-adjuster-1112833-1789561\/","og_site_name":"Aurora Truck Bus Parts","article_modified_time":"2024-09-03T09:32:39+00:00","og_image":[{"width":960,"height":960,"url":"https:\/\/www.auroraproparts.com\/es\/wp-content\/uploads\/sites\/2\/2023\/06\/72660.webp","type":"image\/webp"}],"twitter_card":"summary_large_image","twitter_misc":{"Tiempo de lectura":"3 minutos"},"schema":{"@context":"https:\/\/schema.org","@graph":[{"@type":"WebPage","@id":"https:\/\/www.auroraproparts.com\/es\/product\/scania-brake-slack-adjuster-1112833-1789561\/","url":"https:\/\/www.auroraproparts.com\/es\/product\/scania-brake-slack-adjuster-1112833-1789561\/","name":"Scania Ajustador autom\u00e1tico de tensi\u00f3n 1112833 1789561 - Aurora Truck Bus Parts","isPartOf":{"@id":"https:\/\/www.auroraproparts.com\/es\/#website"},"primaryImageOfPage":{"@id":"https:\/\/www.auroraproparts.com\/es\/product\/scania-brake-slack-adjuster-1112833-1789561\/#primaryimage"},"image":{"@id":"https:\/\/www.auroraproparts.com\/es\/product\/scania-brake-slack-adjuster-1112833-1789561\/#primaryimage"},"thumbnailUrl":"https:\/\/www.auroraproparts.com\/es\/wp-content\/uploads\/sites\/2\/2023\/06\/72660.webp","datePublished":"2023-06-09T08:32:45+00:00","dateModified":"2024-09-03T09:32:39+00:00","description":"Scania Ajustador autom\u00e1tico de tensi\u00f3n 1112833 1789561","breadcrumb":{"@id":"https:\/\/www.auroraproparts.com\/es\/product\/scania-brake-slack-adjuster-1112833-1789561\/#breadcrumb"},"inLanguage":"es","potentialAction":[{"@type":"ReadAction","target":["https:\/\/www.auroraproparts.com\/es\/product\/scania-brake-slack-adjuster-1112833-1789561\/"]}]},{"@type":"ImageObject","inLanguage":"es","@id":"https:\/\/www.auroraproparts.com\/es\/product\/scania-brake-slack-adjuster-1112833-1789561\/#primaryimage","url":"https:\/\/www.auroraproparts.com\/es\/wp-content\/uploads\/sites\/2\/2023\/06\/72660.webp","contentUrl":"https:\/\/www.auroraproparts.com\/es\/wp-content\/uploads\/sites\/2\/2023\/06\/72660.webp","width":960,"height":960,"caption":"Scania Brake Slack Adjuster 1112833 1789561"},{"@type":"BreadcrumbList","@id":"https:\/\/www.auroraproparts.com\/es\/product\/scania-brake-slack-adjuster-1112833-1789561\/#breadcrumb","itemListElement":[{"@type":"ListItem","position":1,"name":"\u9996\u9875","item":"https:\/\/www.auroraproparts.com\/es\/"},{"@type":"ListItem","position":2,"name":"Recambios Para Cami\u00f3n","item":"https:\/\/www.auroraproparts.com\/es\/products\/"},{"@type":"ListItem","position":3,"name":"Scania Ajustador autom\u00e1tico de tensi\u00f3n 1112833 1789561"}]},{"@type":"WebSite","@id":"https:\/\/www.auroraproparts.com\/es\/#website","url":"https:\/\/www.auroraproparts.com\/es\/","name":"Aurora Truck Bus Parts","description":"","publisher":{"@id":"https:\/\/www.auroraproparts.com\/es\/#organization"},"potentialAction":[{"@type":"SearchAction","target":{"@type":"EntryPoint","urlTemplate":"https:\/\/www.auroraproparts.com\/es\/?s={search_term_string}"},"query-input":{"@type":"PropertyValueSpecification","valueRequired":true,"valueName":"search_term_string"}}],"inLanguage":"es"},{"@type":"Organization","@id":"https:\/\/www.auroraproparts.com\/es\/#organization","name":"Aurora Truck Bus Parts","url":"https:\/\/www.auroraproparts.com\/es\/","logo":{"@type":"ImageObject","inLanguage":"es","@id":"https:\/\/www.auroraproparts.com\/es\/#\/schema\/logo\/image\/","url":"https:\/\/www.auroraproparts.com\/es\/wp-content\/uploads\/sites\/2\/2023\/11\/logo.svg","contentUrl":"https:\/\/www.auroraproparts.com\/es\/wp-content\/uploads\/sites\/2\/2023\/11\/logo.svg","width":313,"height":56,"caption":"Aurora Truck Bus Parts"},"image":{"@id":"https:\/\/www.auroraproparts.com\/es\/#\/schema\/logo\/image\/"}}]}},"_links":{"self":[{"href":"https:\/\/www.auroraproparts.com\/es\/wp-json\/wp\/v2\/product\/1454","targetHints":{"allow":["GET"]}}],"collection":[{"href":"https:\/\/www.auroraproparts.com\/es\/wp-json\/wp\/v2\/product"}],"about":[{"href":"https:\/\/www.auroraproparts.com\/es\/wp-json\/wp\/v2\/types\/product"}],"wp:featuredmedia":[{"embeddable":true,"href":"https:\/\/www.auroraproparts.com\/es\/wp-json\/wp\/v2\/media\/1459"}],"wp:attachment":[{"href":"https:\/\/www.auroraproparts.com\/es\/wp-json\/wp\/v2\/media?parent=1454"}],"wp:term":[{"taxonomy":"product_brand","embeddable":true,"href":"https:\/\/www.auroraproparts.com\/es\/wp-json\/wp\/v2\/product_brand?post=1454"},{"taxonomy":"product_cat","embeddable":true,"href":"https:\/\/www.auroraproparts.com\/es\/wp-json\/wp\/v2\/product_cat?post=1454"},{"taxonomy":"product_tag","embeddable":true,"href":"https:\/\/www.auroraproparts.com\/es\/wp-json\/wp\/v2\/product_tag?post=1454"}],"curies":[{"name":"wp","href":"https:\/\/api.w.org\/{rel}","templated":true}]}}