{"id":238,"date":"2023-04-13T16:59:15","date_gmt":"2023-04-13T08:59:15","guid":{"rendered":"https:\/\/www.auroraproparts.com\/es\/product\/freightliner-truck-air-spring-w01-358-9780-firestone-1r12-303-goodyear-without-bracket\/"},"modified":"2024-09-26T11:26:02","modified_gmt":"2024-09-26T03:26:02","slug":"freightliner-truck-air-spring-w01-358-9780-firestone-1r12-303-goodyear-without-bracket","status":"publish","type":"product","link":"https:\/\/www.auroraproparts.com\/es\/product\/freightliner-truck-air-spring-w01-358-9780-firestone-1r12-303-goodyear-without-bracket\/","title":{"rendered":"Freightliner Fuelles Neum\u00e1ticos W01-358-9780 Firestone Without Bracket"},"content":{"rendered":"<h2>Freightliner Tractocami\u00f3n Fuelles Neum\u00e1ticos W01-358-9780 Firestone 1R12-303 Goodyear Without Bracket<\/h2>\n<p>With Bracket\u00a0<a href=\"https:\/\/www.auroraproparts.com\/es\/products\/air-spring\/freightliner-truck-air-spring-w01-358-9781-firestone-1r12-603-goodyear\/\">Freightliner Truck Air Spring W01-358-9781 Firestone 1R12-603 Goodyear<\/a><\/p>\n<p>&nbsp;<\/p>\n<p>Top Plate Width: \u00a09.00 \u00bb<\/p>\n<p>Piston Width: \u00a010.62 \u00bb<\/p>\n<p>Weight: \u00a013.60 lbs<\/p>\n<p>&nbsp;<\/p>\n<table>\n<tbody>\n<tr>\n<td colspan=\"4\" width=\"498\">Cross reference<\/td>\n<\/tr>\n<tr>\n<td width=\"124\">ContiTech<\/td>\n<td width=\"124\">9 10S-16 P 382<\/td>\n<td width=\"124\">Firestone<\/td>\n<td width=\"124\">W01-358-9780<\/td>\n<\/tr>\n<tr>\n<td width=\"124\">Goodyear<\/td>\n<td width=\"124\">1R12-303<\/td>\n<td width=\"124\">TRP<\/td>\n<td width=\"124\">AS9780P<\/td>\n<\/tr>\n<tr>\n<td width=\"124\">Automann<\/td>\n<td width=\"124\">1DF23-9780<\/td>\n<td width=\"124\">FleetPride<\/td>\n<td width=\"124\">AS9780<\/td>\n<\/tr>\n<tr>\n<td width=\"124\">Primeride<\/td>\n<td width=\"124\">ASPR9MR169780<\/td>\n<td width=\"124\">Triangle<\/td>\n<td width=\"124\">AS-8382P<\/td>\n<\/tr>\n<\/tbody>\n<\/table>\n<p>&nbsp;<\/p>\n<table>\n<tbody>\n<tr>\n<td colspan=\"4\" width=\"498\">OE Manufacturer<\/td>\n<\/tr>\n<tr>\n<td width=\"124\">Freightliner<\/td>\n<td width=\"124\">16-13810-000<\/td>\n<td width=\"124\">Freightliner<\/td>\n<td width=\"124\">16-14377-000<\/td>\n<\/tr>\n<tr>\n<td width=\"124\">Freightliner<\/td>\n<td width=\"124\">16-13810-001<\/td>\n<td width=\"124\">Freightliner<\/td>\n<td width=\"124\">16-16825-000<\/td>\n<\/tr>\n<tr>\n<td width=\"124\">Freightliner<\/td>\n<td width=\"124\">16-13810-002<\/td>\n<td width=\"124\">Freightliner<\/td>\n<td width=\"124\">16-16773-000<\/td>\n<\/tr>\n<tr>\n<td width=\"124\">Freightliner<\/td>\n<td width=\"124\">16-13840-000<\/td>\n<td width=\"124\">Freightliner<\/td>\n<td width=\"124\">681-320-0017<\/td>\n<\/tr>\n<\/tbody>\n<\/table>\n<p>&nbsp;<\/p>\n<h6><strong><b>Other Cross Reference<\/b><\/strong><\/h6>\n<p>Alliance: ABPN32019781, ABPN32 019780, ABPN32018537<\/p>\n<p>Automann: 1DF23-9781, 566.ER9781, AB1DF23-9781, 566.CT64266, 566.ER9780, AB1DF23-9780, 566.CT67473<\/p>\n<p>Contitech: 67473, 9 10S-16 P 382, 910S-16A382, 64266, 910S16P382<\/p>\n<p>Dayton: 452-9781, 452-9780<\/p>\n<p>Euclid: FS9780, FS9781<\/p>\n<p>Firestone: 8537, 9758, 9780, 9784, 9786, VM19780, VM1-9780, W013589780, W01-358-9780, W013778528, W01-377-8528, W013778530, W01-377-8530, W013778537, W01-377-8537, W013779758, W01-377-9758, W013779784, W01-377-9784, W013779785, W01-377-9785, W013779786, W01-377-9786, W013779787, W01-377-9787, W013779789, W01-377-9789, 5779, 9781, 9782, W01-358-9781, W01-358-9782, W01-377-8536, W013778527, W013779783<\/p>\n<p>Fleetpride: AS9781, AS9780<\/p>\n<p>Fleetrite: 1R12-1064, 1R12-1054<\/p>\n<p>Freightliner: 1613801000, 1613810000, 16-13810-000, 1613810001, 16-13810-001, 1613810002, 16-13810-002, 1614366000, 16-14366-000, 1614377000, 16-14377-000, 1615595000, 16-15595-000, 1616528000, 16-16528-000, 1616529000, 16-16529-000, 1616773000, 16-16773-000, 1616825000, 16-16825-000, 1619468000, 16-19468-000, 6813200017, 681-320-0017, A1613668001, A16-13668-001, A1615443000, A16-15443000, A1620111000, A16-20111-000, A6803200017, A-680-320-00-17, A16-14004-000, A16-17574-001, A16-17574-002, 16-13840-000<\/p>\n<p>Globetech: GTK-358-9781, GTK-358-9780<\/p>\n<p>Goodyear: 1R121072, 1R12-1072, 1R12186, 1R12-186, 1R12303, 1R12-303, 1R12-603, 1R12-1082, 1R12-268, 1R12-189<\/p>\n<p>Loadguard: SC2750<\/p>\n<p>Meritor: MAF9781, FS9781, MAF9780, FS9780<\/p>\n<p>Neway: G2299780200<\/p>\n<p>SAF Holland: G2299781400, G2299780200<\/p>\n<p>Sterling: AC455580CA, XC455580BA<\/p>\n<p>Thomasbilt: 61310437<\/p>\n<p>Traction: FIRW01-358-9782, FIRW01-358-9781<\/p>\n<p>Triangle: 8382<\/p>\n<p>TRP: AS9780A, AS9780P<\/p>\n<p>Volvo: 85101151<\/p>\n<p>Volvo\/White: 3946472<\/p>\n<p>Watson&amp;Chalin: AS01471G<\/p>\n","protected":false},"excerpt":{"rendered":"<table>\n<tbody>\n<tr>\n<td width=\"213\">Type<\/td>\n<td width=\"213\">Tractocami\u00f3n Fuelles Neum\u00e1ticos<\/td>\n<\/tr>\n<tr>\n<td width=\"213\">Material<\/td>\n<td width=\"213\">Rubber Bellows ,Steel Piston<\/td>\n<\/tr>\n<tr>\n<td width=\"213\">Fit\u00a0For<\/td>\n<td width=\"213\">Freightliner<\/td>\n<\/tr>\n<tr>\n<td width=\"213\">OE NO.<\/td>\n<td width=\"213\">16-13810-000<\/td>\n<\/tr>\n<tr>\n<td width=\"213\">Firestone<\/td>\n<td width=\"213\">W01-358-9780<\/td>\n<\/tr>\n<tr>\n<td width=\"213\">Goodyear<\/td>\n<td width=\"213\">1R12-303<\/td>\n<\/tr>\n<tr>\n<td width=\"213\">Contitech<\/td>\n<td width=\"213\">910S-16P382<\/td>\n<\/tr>\n<tr>\n<td width=\"213\">Primeride<\/td>\n<td width=\"213\">ASPR9MR169780<\/td>\n<\/tr>\n<\/tbody>\n<\/table>\n","protected":false},"featured_media":781,"template":"","meta":{"site-sidebar-layout":"default","site-content-layout":"default","ast-site-content-layout":"default","site-content-style":"default","site-sidebar-style":"default","ast-global-header-display":"","ast-banner-title-visibility":"","ast-main-header-display":"","ast-hfb-above-header-display":"","ast-hfb-below-header-display":"","ast-hfb-mobile-header-display":"","site-post-title":"","ast-breadcrumbs-content":"","ast-featured-img":"","footer-sml-layout":"","ast-disable-related-posts":"","theme-transparent-header-meta":"default","adv-header-id-meta":"","stick-header-meta":"default","header-above-stick-meta":"","header-main-stick-meta":"","header-below-stick-meta":"","astra-migrate-meta-layouts":"set","ast-page-background-enabled":"default","ast-page-background-meta":{"desktop":{"background-color":"var(--ast-global-color-4)","background-image":"","background-repeat":"repeat","background-position":"center center","background-size":"auto","background-attachment":"scroll","background-type":"","background-media":"","overlay-type":"","overlay-color":"","overlay-opacity":"","overlay-gradient":""},"tablet":{"background-color":"","background-image":"","background-repeat":"repeat","background-position":"center center","background-size":"auto","background-attachment":"scroll","background-type":"","background-media":"","overlay-type":"","overlay-color":"","overlay-opacity":"","overlay-gradient":""},"mobile":{"background-color":"","background-image":"","background-repeat":"repeat","background-position":"center center","background-size":"auto","background-attachment":"scroll","background-type":"","background-media":"","overlay-type":"","overlay-color":"","overlay-opacity":"","overlay-gradient":""}},"ast-content-background-meta":{"desktop":{"background-color":"var(--ast-global-color-5)","background-image":"","background-repeat":"repeat","background-position":"center center","background-size":"auto","background-attachment":"scroll","background-type":"","background-media":"","overlay-type":"","overlay-color":"","overlay-opacity":"","overlay-gradient":""},"tablet":{"background-color":"var(--ast-global-color-5)","background-image":"","background-repeat":"repeat","background-position":"center center","background-size":"auto","background-attachment":"scroll","background-type":"","background-media":"","overlay-type":"","overlay-color":"","overlay-opacity":"","overlay-gradient":""},"mobile":{"background-color":"var(--ast-global-color-5)","background-image":"","background-repeat":"repeat","background-position":"center center","background-size":"auto","background-attachment":"scroll","background-type":"","background-media":"","overlay-type":"","overlay-color":"","overlay-opacity":"","overlay-gradient":""}}},"product_brand":[],"product_cat":[20],"product_tag":[56,21,137],"class_list":{"0":"post-238","1":"product","2":"type-product","3":"status-publish","4":"has-post-thumbnail","6":"product_cat-air-spring","7":"product_tag-freightliner-truck-air-spring","8":"product_tag-air-spring","9":"product_tag-truck-air-spring","10":"desktop-align-center","11":"tablet-align-left","12":"mobile-align-left","13":"ast-product-gallery-layout-horizontal-slider","14":"ast-product-tabs-layout-horizontal","16":"first","17":"instock","18":"shipping-taxable","19":"product-type-simple"},"yoast_head":"<!-- This site is optimized with the Yoast SEO Premium plugin v26.7 (Yoast SEO v27.5) - https:\/\/yoast.com\/product\/yoast-seo-premium-wordpress\/ -->\n<title>Freightliner Fuelles Neum\u00e1ticos W01-358-9780 Firestone Without Bracket - Aurora Truck Bus Parts<\/title>\n<meta name=\"description\" content=\"Tractocami\u00f3n Fuelles Neum\u00e1ticos, W01-358-9780 Firestone, 1R12-303 Goodyear, Freightliner 16-13810-000, 16-14377-000, 16-13810-001, 16-16825-000\" \/>\n<meta name=\"robots\" content=\"index, follow, max-snippet:-1, max-image-preview:large, max-video-preview:-1\" \/>\n<link rel=\"canonical\" href=\"https:\/\/www.auroraproparts.com\/es\/product\/freightliner-truck-air-spring-w01-358-9780-firestone-1r12-303-goodyear-without-bracket\/\" \/>\n<meta property=\"og:locale\" content=\"es_ES\" \/>\n<meta property=\"og:type\" content=\"article\" \/>\n<meta property=\"og:title\" content=\"Freightliner Fuelles Neum\u00e1ticos W01-358-9780 Firestone Without Bracket\" \/>\n<meta property=\"og:description\" content=\"Tractocami\u00f3n Fuelles Neum\u00e1ticos, W01-358-9780 Firestone, 1R12-303 Goodyear, Freightliner 16-13810-000, 16-14377-000, 16-13810-001, 16-16825-000\" \/>\n<meta property=\"og:url\" content=\"https:\/\/www.auroraproparts.com\/es\/product\/freightliner-truck-air-spring-w01-358-9780-firestone-1r12-303-goodyear-without-bracket\/\" \/>\n<meta property=\"og:site_name\" content=\"Aurora Truck Bus Parts\" \/>\n<meta property=\"article:modified_time\" content=\"2024-09-26T03:26:02+00:00\" \/>\n<meta property=\"og:image\" content=\"https:\/\/www.auroraproparts.com\/es\/wp-content\/uploads\/sites\/2\/2023\/04\/9780-4-2.webp\" \/>\n\t<meta property=\"og:image:width\" content=\"800\" \/>\n\t<meta property=\"og:image:height\" content=\"800\" \/>\n\t<meta property=\"og:image:type\" content=\"image\/webp\" \/>\n<meta name=\"twitter:card\" content=\"summary_large_image\" \/>\n<meta name=\"twitter:label1\" content=\"Tiempo de lectura\" \/>\n\t<meta name=\"twitter:data1\" content=\"2 minutos\" \/>\n<script type=\"application\/ld+json\" class=\"yoast-schema-graph\">{\"@context\":\"https:\\\/\\\/schema.org\",\"@graph\":[{\"@type\":\"WebPage\",\"@id\":\"https:\\\/\\\/www.auroraproparts.com\\\/es\\\/product\\\/freightliner-truck-air-spring-w01-358-9780-firestone-1r12-303-goodyear-without-bracket\\\/\",\"url\":\"https:\\\/\\\/www.auroraproparts.com\\\/es\\\/product\\\/freightliner-truck-air-spring-w01-358-9780-firestone-1r12-303-goodyear-without-bracket\\\/\",\"name\":\"Freightliner Fuelles Neum\u00e1ticos W01-358-9780 Firestone Without Bracket - Aurora Truck Bus Parts\",\"isPartOf\":{\"@id\":\"https:\\\/\\\/www.auroraproparts.com\\\/es\\\/#website\"},\"primaryImageOfPage\":{\"@id\":\"https:\\\/\\\/www.auroraproparts.com\\\/es\\\/product\\\/freightliner-truck-air-spring-w01-358-9780-firestone-1r12-303-goodyear-without-bracket\\\/#primaryimage\"},\"image\":{\"@id\":\"https:\\\/\\\/www.auroraproparts.com\\\/es\\\/product\\\/freightliner-truck-air-spring-w01-358-9780-firestone-1r12-303-goodyear-without-bracket\\\/#primaryimage\"},\"thumbnailUrl\":\"https:\\\/\\\/www.auroraproparts.com\\\/es\\\/wp-content\\\/uploads\\\/sites\\\/2\\\/2023\\\/04\\\/9780-4-2.webp\",\"datePublished\":\"2023-04-13T08:59:15+00:00\",\"dateModified\":\"2024-09-26T03:26:02+00:00\",\"description\":\"Tractocami\u00f3n Fuelles Neum\u00e1ticos, W01-358-9780 Firestone, 1R12-303 Goodyear, Freightliner 16-13810-000, 16-14377-000, 16-13810-001, 16-16825-000\",\"breadcrumb\":{\"@id\":\"https:\\\/\\\/www.auroraproparts.com\\\/es\\\/product\\\/freightliner-truck-air-spring-w01-358-9780-firestone-1r12-303-goodyear-without-bracket\\\/#breadcrumb\"},\"inLanguage\":\"es\",\"potentialAction\":[{\"@type\":\"ReadAction\",\"target\":[\"https:\\\/\\\/www.auroraproparts.com\\\/es\\\/product\\\/freightliner-truck-air-spring-w01-358-9780-firestone-1r12-303-goodyear-without-bracket\\\/\"]}]},{\"@type\":\"ImageObject\",\"inLanguage\":\"es\",\"@id\":\"https:\\\/\\\/www.auroraproparts.com\\\/es\\\/product\\\/freightliner-truck-air-spring-w01-358-9780-firestone-1r12-303-goodyear-without-bracket\\\/#primaryimage\",\"url\":\"https:\\\/\\\/www.auroraproparts.com\\\/es\\\/wp-content\\\/uploads\\\/sites\\\/2\\\/2023\\\/04\\\/9780-4-2.webp\",\"contentUrl\":\"https:\\\/\\\/www.auroraproparts.com\\\/es\\\/wp-content\\\/uploads\\\/sites\\\/2\\\/2023\\\/04\\\/9780-4-2.webp\",\"width\":800,\"height\":800,\"caption\":\"air spring w013589780\"},{\"@type\":\"BreadcrumbList\",\"@id\":\"https:\\\/\\\/www.auroraproparts.com\\\/es\\\/product\\\/freightliner-truck-air-spring-w01-358-9780-firestone-1r12-303-goodyear-without-bracket\\\/#breadcrumb\",\"itemListElement\":[{\"@type\":\"ListItem\",\"position\":1,\"name\":\"\u9996\u9875\",\"item\":\"https:\\\/\\\/www.auroraproparts.com\\\/es\\\/\"},{\"@type\":\"ListItem\",\"position\":2,\"name\":\"Recambios Para Cami\u00f3n\",\"item\":\"https:\\\/\\\/www.auroraproparts.com\\\/es\\\/products\\\/\"},{\"@type\":\"ListItem\",\"position\":3,\"name\":\"Freightliner Fuelles Neum\u00e1ticos W01-358-9780 Firestone Without Bracket\"}]},{\"@type\":\"WebSite\",\"@id\":\"https:\\\/\\\/www.auroraproparts.com\\\/es\\\/#website\",\"url\":\"https:\\\/\\\/www.auroraproparts.com\\\/es\\\/\",\"name\":\"Aurora Truck Bus Parts\",\"description\":\"\",\"publisher\":{\"@id\":\"https:\\\/\\\/www.auroraproparts.com\\\/es\\\/#organization\"},\"potentialAction\":[{\"@type\":\"SearchAction\",\"target\":{\"@type\":\"EntryPoint\",\"urlTemplate\":\"https:\\\/\\\/www.auroraproparts.com\\\/es\\\/?s={search_term_string}\"},\"query-input\":{\"@type\":\"PropertyValueSpecification\",\"valueRequired\":true,\"valueName\":\"search_term_string\"}}],\"inLanguage\":\"es\"},{\"@type\":\"Organization\",\"@id\":\"https:\\\/\\\/www.auroraproparts.com\\\/es\\\/#organization\",\"name\":\"Aurora Truck Bus Parts\",\"url\":\"https:\\\/\\\/www.auroraproparts.com\\\/es\\\/\",\"logo\":{\"@type\":\"ImageObject\",\"inLanguage\":\"es\",\"@id\":\"https:\\\/\\\/www.auroraproparts.com\\\/es\\\/#\\\/schema\\\/logo\\\/image\\\/\",\"url\":\"https:\\\/\\\/www.auroraproparts.com\\\/es\\\/wp-content\\\/uploads\\\/sites\\\/2\\\/2023\\\/11\\\/logo.svg\",\"contentUrl\":\"https:\\\/\\\/www.auroraproparts.com\\\/es\\\/wp-content\\\/uploads\\\/sites\\\/2\\\/2023\\\/11\\\/logo.svg\",\"width\":313,\"height\":56,\"caption\":\"Aurora Truck Bus Parts\"},\"image\":{\"@id\":\"https:\\\/\\\/www.auroraproparts.com\\\/es\\\/#\\\/schema\\\/logo\\\/image\\\/\"}}]}<\/script>\n<!-- \/ Yoast SEO Premium plugin. -->","yoast_head_json":{"title":"Freightliner Fuelles Neum\u00e1ticos W01-358-9780 Firestone Without Bracket - Aurora Truck Bus Parts","description":"Tractocami\u00f3n Fuelles Neum\u00e1ticos, W01-358-9780 Firestone, 1R12-303 Goodyear, Freightliner 16-13810-000, 16-14377-000, 16-13810-001, 16-16825-000","robots":{"index":"index","follow":"follow","max-snippet":"max-snippet:-1","max-image-preview":"max-image-preview:large","max-video-preview":"max-video-preview:-1"},"canonical":"https:\/\/www.auroraproparts.com\/es\/product\/freightliner-truck-air-spring-w01-358-9780-firestone-1r12-303-goodyear-without-bracket\/","og_locale":"es_ES","og_type":"article","og_title":"Freightliner Fuelles Neum\u00e1ticos W01-358-9780 Firestone Without Bracket","og_description":"Tractocami\u00f3n Fuelles Neum\u00e1ticos, W01-358-9780 Firestone, 1R12-303 Goodyear, Freightliner 16-13810-000, 16-14377-000, 16-13810-001, 16-16825-000","og_url":"https:\/\/www.auroraproparts.com\/es\/product\/freightliner-truck-air-spring-w01-358-9780-firestone-1r12-303-goodyear-without-bracket\/","og_site_name":"Aurora Truck Bus Parts","article_modified_time":"2024-09-26T03:26:02+00:00","og_image":[{"width":800,"height":800,"url":"https:\/\/www.auroraproparts.com\/es\/wp-content\/uploads\/sites\/2\/2023\/04\/9780-4-2.webp","type":"image\/webp"}],"twitter_card":"summary_large_image","twitter_misc":{"Tiempo de lectura":"2 minutos"},"schema":{"@context":"https:\/\/schema.org","@graph":[{"@type":"WebPage","@id":"https:\/\/www.auroraproparts.com\/es\/product\/freightliner-truck-air-spring-w01-358-9780-firestone-1r12-303-goodyear-without-bracket\/","url":"https:\/\/www.auroraproparts.com\/es\/product\/freightliner-truck-air-spring-w01-358-9780-firestone-1r12-303-goodyear-without-bracket\/","name":"Freightliner Fuelles Neum\u00e1ticos W01-358-9780 Firestone Without Bracket - Aurora Truck Bus Parts","isPartOf":{"@id":"https:\/\/www.auroraproparts.com\/es\/#website"},"primaryImageOfPage":{"@id":"https:\/\/www.auroraproparts.com\/es\/product\/freightliner-truck-air-spring-w01-358-9780-firestone-1r12-303-goodyear-without-bracket\/#primaryimage"},"image":{"@id":"https:\/\/www.auroraproparts.com\/es\/product\/freightliner-truck-air-spring-w01-358-9780-firestone-1r12-303-goodyear-without-bracket\/#primaryimage"},"thumbnailUrl":"https:\/\/www.auroraproparts.com\/es\/wp-content\/uploads\/sites\/2\/2023\/04\/9780-4-2.webp","datePublished":"2023-04-13T08:59:15+00:00","dateModified":"2024-09-26T03:26:02+00:00","description":"Tractocami\u00f3n Fuelles Neum\u00e1ticos, W01-358-9780 Firestone, 1R12-303 Goodyear, Freightliner 16-13810-000, 16-14377-000, 16-13810-001, 16-16825-000","breadcrumb":{"@id":"https:\/\/www.auroraproparts.com\/es\/product\/freightliner-truck-air-spring-w01-358-9780-firestone-1r12-303-goodyear-without-bracket\/#breadcrumb"},"inLanguage":"es","potentialAction":[{"@type":"ReadAction","target":["https:\/\/www.auroraproparts.com\/es\/product\/freightliner-truck-air-spring-w01-358-9780-firestone-1r12-303-goodyear-without-bracket\/"]}]},{"@type":"ImageObject","inLanguage":"es","@id":"https:\/\/www.auroraproparts.com\/es\/product\/freightliner-truck-air-spring-w01-358-9780-firestone-1r12-303-goodyear-without-bracket\/#primaryimage","url":"https:\/\/www.auroraproparts.com\/es\/wp-content\/uploads\/sites\/2\/2023\/04\/9780-4-2.webp","contentUrl":"https:\/\/www.auroraproparts.com\/es\/wp-content\/uploads\/sites\/2\/2023\/04\/9780-4-2.webp","width":800,"height":800,"caption":"air spring w013589780"},{"@type":"BreadcrumbList","@id":"https:\/\/www.auroraproparts.com\/es\/product\/freightliner-truck-air-spring-w01-358-9780-firestone-1r12-303-goodyear-without-bracket\/#breadcrumb","itemListElement":[{"@type":"ListItem","position":1,"name":"\u9996\u9875","item":"https:\/\/www.auroraproparts.com\/es\/"},{"@type":"ListItem","position":2,"name":"Recambios Para Cami\u00f3n","item":"https:\/\/www.auroraproparts.com\/es\/products\/"},{"@type":"ListItem","position":3,"name":"Freightliner Fuelles Neum\u00e1ticos W01-358-9780 Firestone Without Bracket"}]},{"@type":"WebSite","@id":"https:\/\/www.auroraproparts.com\/es\/#website","url":"https:\/\/www.auroraproparts.com\/es\/","name":"Aurora Truck Bus Parts","description":"","publisher":{"@id":"https:\/\/www.auroraproparts.com\/es\/#organization"},"potentialAction":[{"@type":"SearchAction","target":{"@type":"EntryPoint","urlTemplate":"https:\/\/www.auroraproparts.com\/es\/?s={search_term_string}"},"query-input":{"@type":"PropertyValueSpecification","valueRequired":true,"valueName":"search_term_string"}}],"inLanguage":"es"},{"@type":"Organization","@id":"https:\/\/www.auroraproparts.com\/es\/#organization","name":"Aurora Truck Bus Parts","url":"https:\/\/www.auroraproparts.com\/es\/","logo":{"@type":"ImageObject","inLanguage":"es","@id":"https:\/\/www.auroraproparts.com\/es\/#\/schema\/logo\/image\/","url":"https:\/\/www.auroraproparts.com\/es\/wp-content\/uploads\/sites\/2\/2023\/11\/logo.svg","contentUrl":"https:\/\/www.auroraproparts.com\/es\/wp-content\/uploads\/sites\/2\/2023\/11\/logo.svg","width":313,"height":56,"caption":"Aurora Truck Bus Parts"},"image":{"@id":"https:\/\/www.auroraproparts.com\/es\/#\/schema\/logo\/image\/"}}]}},"_links":{"self":[{"href":"https:\/\/www.auroraproparts.com\/es\/wp-json\/wp\/v2\/product\/238","targetHints":{"allow":["GET"]}}],"collection":[{"href":"https:\/\/www.auroraproparts.com\/es\/wp-json\/wp\/v2\/product"}],"about":[{"href":"https:\/\/www.auroraproparts.com\/es\/wp-json\/wp\/v2\/types\/product"}],"wp:featuredmedia":[{"embeddable":true,"href":"https:\/\/www.auroraproparts.com\/es\/wp-json\/wp\/v2\/media\/781"}],"wp:attachment":[{"href":"https:\/\/www.auroraproparts.com\/es\/wp-json\/wp\/v2\/media?parent=238"}],"wp:term":[{"taxonomy":"product_brand","embeddable":true,"href":"https:\/\/www.auroraproparts.com\/es\/wp-json\/wp\/v2\/product_brand?post=238"},{"taxonomy":"product_cat","embeddable":true,"href":"https:\/\/www.auroraproparts.com\/es\/wp-json\/wp\/v2\/product_cat?post=238"},{"taxonomy":"product_tag","embeddable":true,"href":"https:\/\/www.auroraproparts.com\/es\/wp-json\/wp\/v2\/product_tag?post=238"}],"curies":[{"name":"wp","href":"https:\/\/api.w.org\/{rel}","templated":true}]}}