{"id":3074,"date":"2023-08-07T16:09:13","date_gmt":"2023-08-07T08:09:13","guid":{"rendered":"https:\/\/www.auroraproparts.com\/es\/?post_type=product&#038;p=3074"},"modified":"2023-08-11T17:24:40","modified_gmt":"2023-08-11T09:24:40","slug":"volvo-drag-link-repair-kit-273373","status":"publish","type":"product","link":"https:\/\/www.auroraproparts.com\/es\/product\/volvo-drag-link-repair-kit-273373\/","title":{"rendered":"Volvo Kit de reparaci\u00f3n de tirante 273373"},"content":{"rendered":"<p>Volvo Kit de reparaci\u00f3n de tirante 273373<\/p>\n<p>&nbsp;<\/p>\n<table>\n<tbody>\n<tr>\n<td colspan=\"4\" width=\"426\">\n<h6>OE Cross Reference<\/h6>\n<\/td>\n<\/tr>\n<tr>\n<td width=\"25.0000%\">VOLVO<\/td>\n<td width=\"25.0000%\">273373<\/td>\n<td width=\"25.0000%\">VOLVO<\/td>\n<td width=\"25.0000%\">2733731<\/td>\n<\/tr>\n<tr>\n<td width=\"25.0000%\">VOLVO<\/td>\n<td width=\"25.0000%\">274019<\/td>\n<td width=\"25.0000%\">VOLVO<\/td>\n<td width=\"25.0000%\">2740199<\/td>\n<\/tr>\n<tr>\n<td width=\"25.0000%\">VOLVO<\/td>\n<td width=\"25.0000%\">4941233<\/td>\n<td width=\"25.0000%\">VOLVO<\/td>\n<td width=\"25.0000%\">6889509<\/td>\n<\/tr>\n<tr>\n<td width=\"25.0000%\">MAN<\/td>\n<td width=\"25.0000%\"><a href=\"https:\/\/www.auroraproparts.com\/products\/drag-link\/man-drag-link-repair-kit-81432206203\/\">81.43220.6203<\/a><\/td>\n<td width=\"25.0000%\">MAN<\/td>\n<td width=\"25.0000%\"><a href=\"https:\/\/www.auroraproparts.com\/products\/drag-link\/man-drag-link-repair-kit-81432206203\/\">81432206203<\/a><\/td>\n<\/tr>\n<tr>\n<td width=\"25.0000%\">IVECO<\/td>\n<td width=\"25.0000%\">42535204<\/td>\n<td width=\"25.0000%\">DAF<\/td>\n<td width=\"25.0000%\"><a href=\"https:\/\/www.auroraproparts.com\/products\/drag-link\/daf-drag-link-repair-kit-0691709\/\">691709<\/a><\/td>\n<\/tr>\n<tr>\n<td width=\"25.0000%\">DAF<\/td>\n<td width=\"25.0000%\"><a href=\"https:\/\/www.auroraproparts.com\/products\/drag-link\/daf-drag-link-repair-kit-0691709\/\">0691709<\/a><\/td>\n<td width=\"25.0000%\">DAF<\/td>\n<td width=\"25.0000%\"><a href=\"https:\/\/www.auroraproparts.com\/products\/drag-link\/daf-drag-link-repair-kit-0691709\/\">513757<\/a><\/td>\n<\/tr>\n<tr>\n<td width=\"25.0000%\">DAF<\/td>\n<td width=\"25.0000%\"><a href=\"https:\/\/www.auroraproparts.com\/products\/drag-link\/daf-drag-link-repair-kit-0691709\/\">0513757<\/a><\/td>\n<td width=\"25.0000%\"><\/td>\n<td width=\"25.0000%\"><\/td>\n<\/tr>\n<\/tbody>\n<\/table>\n<p>&nbsp;<\/p>\n<table>\n<tbody>\n<tr>\n<td colspan=\"4\" width=\"504\">\n<h6>Fit\u00a0For<\/h6>\n<\/td>\n<\/tr>\n<tr>\n<td width=\"124\">VOLVO F10<\/td>\n<td width=\"124\">VOLVO F12<\/td>\n<td width=\"124\">VOLVO F16<\/td>\n<td width=\"130\">VOLVO FH12<\/td>\n<\/tr>\n<tr>\n<td width=\"124\">VOLVO FL10<\/td>\n<td width=\"124\">VOLVO FL12<\/td>\n<td width=\"124\">VOLVO FL7<\/td>\n<td width=\"130\">VOLVO FM12<\/td>\n<\/tr>\n<tr>\n<td width=\"130\">VOLVO FH16<\/td>\n<td width=\"130\">VOLVO FM7<\/td>\n<td width=\"130\">VOLVO FM9<\/td>\n<td width=\"130\">VOLVO NH12<\/td>\n<\/tr>\n<\/tbody>\n<\/table>\n","protected":false},"excerpt":{"rendered":"<table style=\"font-size: 16px; font-style: normal;\">\n<tbody>\n<tr>\n<td width=\"213\">Type<\/td>\n<td width=\"213\">Kit de reparaci\u00f3n de tirante<\/td>\n<\/tr>\n<tr>\n<td width=\"213\">Material<\/td>\n<td width=\"213\">Steel, Rubber<\/td>\n<\/tr>\n<tr>\n<td width=\"213\">Fit For<\/td>\n<td width=\"213\">Volvo<\/td>\n<\/tr>\n<tr>\n<td width=\"213\">OE NO.<\/td>\n<td width=\"213\">273373<\/td>\n<\/tr>\n<tr>\n<td width=\"213\">Outer diameter<\/td>\n<td width=\"213\">85 mm<\/td>\n<\/tr>\n<tr>\n<td width=\"213\">Bore Distance<\/td>\n<td width=\"213\">130 mm<\/td>\n<\/tr>\n<tr>\n<td width=\"213\">Length<\/td>\n<td width=\"213\">166 mm<\/td>\n<\/tr>\n<\/tbody>\n<\/table>\n<p>&nbsp;<\/p>\n","protected":false},"featured_media":3112,"template":"","meta":{"site-sidebar-layout":"default","site-content-layout":"default","ast-site-content-layout":"default","site-content-style":"default","site-sidebar-style":"default","ast-global-header-display":"","ast-banner-title-visibility":"","ast-main-header-display":"","ast-hfb-above-header-display":"","ast-hfb-below-header-display":"","ast-hfb-mobile-header-display":"","site-post-title":"","ast-breadcrumbs-content":"","ast-featured-img":"","footer-sml-layout":"","ast-disable-related-posts":"","theme-transparent-header-meta":"default","adv-header-id-meta":"","stick-header-meta":"","header-above-stick-meta":"","header-main-stick-meta":"","header-below-stick-meta":"","astra-migrate-meta-layouts":"default","ast-page-background-enabled":"default","ast-page-background-meta":{"desktop":{"background-color":"var(--ast-global-color-4)","background-image":"","background-repeat":"repeat","background-position":"center center","background-size":"auto","background-attachment":"scroll","background-type":"","background-media":"","overlay-type":"","overlay-color":"","overlay-opacity":"","overlay-gradient":""},"tablet":{"background-color":"","background-image":"","background-repeat":"repeat","background-position":"center center","background-size":"auto","background-attachment":"scroll","background-type":"","background-media":"","overlay-type":"","overlay-color":"","overlay-opacity":"","overlay-gradient":""},"mobile":{"background-color":"","background-image":"","background-repeat":"repeat","background-position":"center center","background-size":"auto","background-attachment":"scroll","background-type":"","background-media":"","overlay-type":"","overlay-color":"","overlay-opacity":"","overlay-gradient":""}},"ast-content-background-meta":{"desktop":{"background-color":"var(--ast-global-color-5)","background-image":"","background-repeat":"repeat","background-position":"center center","background-size":"auto","background-attachment":"scroll","background-type":"","background-media":"","overlay-type":"","overlay-color":"","overlay-opacity":"","overlay-gradient":""},"tablet":{"background-color":"var(--ast-global-color-5)","background-image":"","background-repeat":"repeat","background-position":"center center","background-size":"auto","background-attachment":"scroll","background-type":"","background-media":"","overlay-type":"","overlay-color":"","overlay-opacity":"","overlay-gradient":""},"mobile":{"background-color":"var(--ast-global-color-5)","background-image":"","background-repeat":"repeat","background-position":"center center","background-size":"auto","background-attachment":"scroll","background-type":"","background-media":"","overlay-type":"","overlay-color":"","overlay-opacity":"","overlay-gradient":""}}},"product_brand":[],"product_cat":[48],"product_tag":[47,138,143],"class_list":{"0":"post-3074","1":"product","2":"type-product","3":"status-publish","4":"has-post-thumbnail","6":"product_cat-drag-link","7":"product_tag-drag-link","8":"product_tag-volvo","9":"product_tag-volvo-drag-link","10":"desktop-align-center","11":"tablet-align-left","12":"mobile-align-left","13":"ast-product-gallery-layout-horizontal-slider","14":"ast-product-gallery-with-no-image","15":"ast-product-tabs-layout-horizontal","17":"first","18":"instock","19":"shipping-taxable","20":"product-type-simple"},"yoast_head":"<!-- This site is optimized with the Yoast SEO Premium plugin v20.11 (Yoast SEO v27.3) - https:\/\/yoast.com\/product\/yoast-seo-premium-wordpress\/ -->\n<title>Volvo Kit de reparaci\u00f3n de tirante 273373 - Aurora Truck Bus Parts<\/title>\n<meta name=\"description\" content=\"Volvo Kit de reparaci\u00f3n de tirante, Volvo 273373, 274019, 4941233, 6889509, DI\u00c1METRO: 85mm, AGUJERO: 21mm, DIST. AGUJEROS: 130mm\" \/>\n<meta name=\"robots\" content=\"index, follow, max-snippet:-1, max-image-preview:large, max-video-preview:-1\" \/>\n<link rel=\"canonical\" href=\"https:\/\/www.auroraproparts.com\/es\/product\/volvo-drag-link-repair-kit-273373\/\" \/>\n<meta property=\"og:locale\" content=\"es_ES\" \/>\n<meta property=\"og:type\" content=\"article\" \/>\n<meta property=\"og:title\" content=\"Volvo Kit de reparaci\u00f3n de tirante 273373\" \/>\n<meta property=\"og:description\" content=\"Volvo Kit de reparaci\u00f3n de tirante, Volvo 273373, 274019, 4941233, 6889509, DI\u00c1METRO: 85mm, AGUJERO: 21mm, DIST. AGUJEROS: 130mm\" \/>\n<meta property=\"og:url\" content=\"https:\/\/www.auroraproparts.com\/es\/product\/volvo-drag-link-repair-kit-273373\/\" \/>\n<meta property=\"og:site_name\" content=\"Aurora Truck Bus Parts\" \/>\n<meta property=\"article:modified_time\" content=\"2023-08-11T09:24:40+00:00\" \/>\n<meta property=\"og:image\" content=\"https:\/\/www.auroraproparts.com\/es\/wp-content\/uploads\/sites\/2\/2023\/08\/273373.webp\" \/>\n\t<meta property=\"og:image:width\" content=\"750\" \/>\n\t<meta property=\"og:image:height\" content=\"750\" \/>\n\t<meta property=\"og:image:type\" content=\"image\/webp\" \/>\n<meta name=\"twitter:card\" content=\"summary_large_image\" \/>\n<meta name=\"twitter:label1\" content=\"Tiempo de lectura\" \/>\n\t<meta name=\"twitter:data1\" content=\"1 minuto\" \/>\n<script type=\"application\/ld+json\" class=\"yoast-schema-graph\">{\"@context\":\"https:\\\/\\\/schema.org\",\"@graph\":[{\"@type\":\"WebPage\",\"@id\":\"https:\\\/\\\/www.auroraproparts.com\\\/es\\\/product\\\/volvo-drag-link-repair-kit-273373\\\/\",\"url\":\"https:\\\/\\\/www.auroraproparts.com\\\/es\\\/product\\\/volvo-drag-link-repair-kit-273373\\\/\",\"name\":\"Volvo Kit de reparaci\u00f3n de tirante 273373 - Aurora Truck Bus Parts\",\"isPartOf\":{\"@id\":\"https:\\\/\\\/www.auroraproparts.com\\\/es\\\/#website\"},\"primaryImageOfPage\":{\"@id\":\"https:\\\/\\\/www.auroraproparts.com\\\/es\\\/product\\\/volvo-drag-link-repair-kit-273373\\\/#primaryimage\"},\"image\":{\"@id\":\"https:\\\/\\\/www.auroraproparts.com\\\/es\\\/product\\\/volvo-drag-link-repair-kit-273373\\\/#primaryimage\"},\"thumbnailUrl\":\"https:\\\/\\\/www.auroraproparts.com\\\/es\\\/wp-content\\\/uploads\\\/sites\\\/2\\\/2023\\\/08\\\/273373.webp\",\"datePublished\":\"2023-08-07T08:09:13+00:00\",\"dateModified\":\"2023-08-11T09:24:40+00:00\",\"description\":\"Volvo Kit de reparaci\u00f3n de tirante, Volvo 273373, 274019, 4941233, 6889509, DI\u00c1METRO: 85mm, AGUJERO: 21mm, DIST. AGUJEROS: 130mm\",\"breadcrumb\":{\"@id\":\"https:\\\/\\\/www.auroraproparts.com\\\/es\\\/product\\\/volvo-drag-link-repair-kit-273373\\\/#breadcrumb\"},\"inLanguage\":\"es\",\"potentialAction\":[{\"@type\":\"ReadAction\",\"target\":[\"https:\\\/\\\/www.auroraproparts.com\\\/es\\\/product\\\/volvo-drag-link-repair-kit-273373\\\/\"]}]},{\"@type\":\"ImageObject\",\"inLanguage\":\"es\",\"@id\":\"https:\\\/\\\/www.auroraproparts.com\\\/es\\\/product\\\/volvo-drag-link-repair-kit-273373\\\/#primaryimage\",\"url\":\"https:\\\/\\\/www.auroraproparts.com\\\/es\\\/wp-content\\\/uploads\\\/sites\\\/2\\\/2023\\\/08\\\/273373.webp\",\"contentUrl\":\"https:\\\/\\\/www.auroraproparts.com\\\/es\\\/wp-content\\\/uploads\\\/sites\\\/2\\\/2023\\\/08\\\/273373.webp\",\"width\":750,\"height\":750},{\"@type\":\"BreadcrumbList\",\"@id\":\"https:\\\/\\\/www.auroraproparts.com\\\/es\\\/product\\\/volvo-drag-link-repair-kit-273373\\\/#breadcrumb\",\"itemListElement\":[{\"@type\":\"ListItem\",\"position\":1,\"name\":\"\u9996\u9875\",\"item\":\"https:\\\/\\\/www.auroraproparts.com\\\/es\\\/\"},{\"@type\":\"ListItem\",\"position\":2,\"name\":\"Recambios Para Cami\u00f3n\",\"item\":\"https:\\\/\\\/www.auroraproparts.com\\\/es\\\/products\\\/\"},{\"@type\":\"ListItem\",\"position\":3,\"name\":\"Volvo Kit de reparaci\u00f3n de tirante 273373\"}]},{\"@type\":\"WebSite\",\"@id\":\"https:\\\/\\\/www.auroraproparts.com\\\/es\\\/#website\",\"url\":\"https:\\\/\\\/www.auroraproparts.com\\\/es\\\/\",\"name\":\"Aurora Truck Bus Parts\",\"description\":\"\",\"publisher\":{\"@id\":\"https:\\\/\\\/www.auroraproparts.com\\\/es\\\/#organization\"},\"potentialAction\":[{\"@type\":\"SearchAction\",\"target\":{\"@type\":\"EntryPoint\",\"urlTemplate\":\"https:\\\/\\\/www.auroraproparts.com\\\/es\\\/?s={search_term_string}\"},\"query-input\":{\"@type\":\"PropertyValueSpecification\",\"valueRequired\":true,\"valueName\":\"search_term_string\"}}],\"inLanguage\":\"es\"},{\"@type\":\"Organization\",\"@id\":\"https:\\\/\\\/www.auroraproparts.com\\\/es\\\/#organization\",\"name\":\"Aurora Truck Bus Parts\",\"url\":\"https:\\\/\\\/www.auroraproparts.com\\\/es\\\/\",\"logo\":{\"@type\":\"ImageObject\",\"inLanguage\":\"es\",\"@id\":\"https:\\\/\\\/www.auroraproparts.com\\\/es\\\/#\\\/schema\\\/logo\\\/image\\\/\",\"url\":\"https:\\\/\\\/www.auroraproparts.com\\\/es\\\/wp-content\\\/uploads\\\/sites\\\/2\\\/2023\\\/11\\\/logo.svg\",\"contentUrl\":\"https:\\\/\\\/www.auroraproparts.com\\\/es\\\/wp-content\\\/uploads\\\/sites\\\/2\\\/2023\\\/11\\\/logo.svg\",\"width\":313,\"height\":56,\"caption\":\"Aurora Truck Bus Parts\"},\"image\":{\"@id\":\"https:\\\/\\\/www.auroraproparts.com\\\/es\\\/#\\\/schema\\\/logo\\\/image\\\/\"}}]}<\/script>\n<!-- \/ Yoast SEO Premium plugin. -->","yoast_head_json":{"title":"Volvo Kit de reparaci\u00f3n de tirante 273373 - Aurora Truck Bus Parts","description":"Volvo Kit de reparaci\u00f3n de tirante, Volvo 273373, 274019, 4941233, 6889509, DI\u00c1METRO: 85mm, AGUJERO: 21mm, DIST. AGUJEROS: 130mm","robots":{"index":"index","follow":"follow","max-snippet":"max-snippet:-1","max-image-preview":"max-image-preview:large","max-video-preview":"max-video-preview:-1"},"canonical":"https:\/\/www.auroraproparts.com\/es\/product\/volvo-drag-link-repair-kit-273373\/","og_locale":"es_ES","og_type":"article","og_title":"Volvo Kit de reparaci\u00f3n de tirante 273373","og_description":"Volvo Kit de reparaci\u00f3n de tirante, Volvo 273373, 274019, 4941233, 6889509, DI\u00c1METRO: 85mm, AGUJERO: 21mm, DIST. AGUJEROS: 130mm","og_url":"https:\/\/www.auroraproparts.com\/es\/product\/volvo-drag-link-repair-kit-273373\/","og_site_name":"Aurora Truck Bus Parts","article_modified_time":"2023-08-11T09:24:40+00:00","og_image":[{"width":750,"height":750,"url":"https:\/\/www.auroraproparts.com\/es\/wp-content\/uploads\/sites\/2\/2023\/08\/273373.webp","type":"image\/webp"}],"twitter_card":"summary_large_image","twitter_misc":{"Tiempo de lectura":"1 minuto"},"schema":{"@context":"https:\/\/schema.org","@graph":[{"@type":"WebPage","@id":"https:\/\/www.auroraproparts.com\/es\/product\/volvo-drag-link-repair-kit-273373\/","url":"https:\/\/www.auroraproparts.com\/es\/product\/volvo-drag-link-repair-kit-273373\/","name":"Volvo Kit de reparaci\u00f3n de tirante 273373 - Aurora Truck Bus Parts","isPartOf":{"@id":"https:\/\/www.auroraproparts.com\/es\/#website"},"primaryImageOfPage":{"@id":"https:\/\/www.auroraproparts.com\/es\/product\/volvo-drag-link-repair-kit-273373\/#primaryimage"},"image":{"@id":"https:\/\/www.auroraproparts.com\/es\/product\/volvo-drag-link-repair-kit-273373\/#primaryimage"},"thumbnailUrl":"https:\/\/www.auroraproparts.com\/es\/wp-content\/uploads\/sites\/2\/2023\/08\/273373.webp","datePublished":"2023-08-07T08:09:13+00:00","dateModified":"2023-08-11T09:24:40+00:00","description":"Volvo Kit de reparaci\u00f3n de tirante, Volvo 273373, 274019, 4941233, 6889509, DI\u00c1METRO: 85mm, AGUJERO: 21mm, DIST. AGUJEROS: 130mm","breadcrumb":{"@id":"https:\/\/www.auroraproparts.com\/es\/product\/volvo-drag-link-repair-kit-273373\/#breadcrumb"},"inLanguage":"es","potentialAction":[{"@type":"ReadAction","target":["https:\/\/www.auroraproparts.com\/es\/product\/volvo-drag-link-repair-kit-273373\/"]}]},{"@type":"ImageObject","inLanguage":"es","@id":"https:\/\/www.auroraproparts.com\/es\/product\/volvo-drag-link-repair-kit-273373\/#primaryimage","url":"https:\/\/www.auroraproparts.com\/es\/wp-content\/uploads\/sites\/2\/2023\/08\/273373.webp","contentUrl":"https:\/\/www.auroraproparts.com\/es\/wp-content\/uploads\/sites\/2\/2023\/08\/273373.webp","width":750,"height":750},{"@type":"BreadcrumbList","@id":"https:\/\/www.auroraproparts.com\/es\/product\/volvo-drag-link-repair-kit-273373\/#breadcrumb","itemListElement":[{"@type":"ListItem","position":1,"name":"\u9996\u9875","item":"https:\/\/www.auroraproparts.com\/es\/"},{"@type":"ListItem","position":2,"name":"Recambios Para Cami\u00f3n","item":"https:\/\/www.auroraproparts.com\/es\/products\/"},{"@type":"ListItem","position":3,"name":"Volvo Kit de reparaci\u00f3n de tirante 273373"}]},{"@type":"WebSite","@id":"https:\/\/www.auroraproparts.com\/es\/#website","url":"https:\/\/www.auroraproparts.com\/es\/","name":"Aurora Truck Bus Parts","description":"","publisher":{"@id":"https:\/\/www.auroraproparts.com\/es\/#organization"},"potentialAction":[{"@type":"SearchAction","target":{"@type":"EntryPoint","urlTemplate":"https:\/\/www.auroraproparts.com\/es\/?s={search_term_string}"},"query-input":{"@type":"PropertyValueSpecification","valueRequired":true,"valueName":"search_term_string"}}],"inLanguage":"es"},{"@type":"Organization","@id":"https:\/\/www.auroraproparts.com\/es\/#organization","name":"Aurora Truck Bus Parts","url":"https:\/\/www.auroraproparts.com\/es\/","logo":{"@type":"ImageObject","inLanguage":"es","@id":"https:\/\/www.auroraproparts.com\/es\/#\/schema\/logo\/image\/","url":"https:\/\/www.auroraproparts.com\/es\/wp-content\/uploads\/sites\/2\/2023\/11\/logo.svg","contentUrl":"https:\/\/www.auroraproparts.com\/es\/wp-content\/uploads\/sites\/2\/2023\/11\/logo.svg","width":313,"height":56,"caption":"Aurora Truck Bus Parts"},"image":{"@id":"https:\/\/www.auroraproparts.com\/es\/#\/schema\/logo\/image\/"}}]}},"_links":{"self":[{"href":"https:\/\/www.auroraproparts.com\/es\/wp-json\/wp\/v2\/product\/3074","targetHints":{"allow":["GET"]}}],"collection":[{"href":"https:\/\/www.auroraproparts.com\/es\/wp-json\/wp\/v2\/product"}],"about":[{"href":"https:\/\/www.auroraproparts.com\/es\/wp-json\/wp\/v2\/types\/product"}],"wp:featuredmedia":[{"embeddable":true,"href":"https:\/\/www.auroraproparts.com\/es\/wp-json\/wp\/v2\/media\/3112"}],"wp:attachment":[{"href":"https:\/\/www.auroraproparts.com\/es\/wp-json\/wp\/v2\/media?parent=3074"}],"wp:term":[{"taxonomy":"product_brand","embeddable":true,"href":"https:\/\/www.auroraproparts.com\/es\/wp-json\/wp\/v2\/product_brand?post=3074"},{"taxonomy":"product_cat","embeddable":true,"href":"https:\/\/www.auroraproparts.com\/es\/wp-json\/wp\/v2\/product_cat?post=3074"},{"taxonomy":"product_tag","embeddable":true,"href":"https:\/\/www.auroraproparts.com\/es\/wp-json\/wp\/v2\/product_tag?post=3074"}],"curies":[{"name":"wp","href":"https:\/\/api.w.org\/{rel}","templated":true}]}}