{"id":3553,"date":"2023-08-21T14:27:19","date_gmt":"2023-08-21T06:27:19","guid":{"rendered":"https:\/\/www.auroraproparts.com\/es\/?post_type=product&#038;p=3553"},"modified":"2023-08-21T14:27:20","modified_gmt":"2023-08-21T06:27:20","slug":"9630010510-valvula-de-liberacion-del-remolque","status":"publish","type":"product","link":"https:\/\/www.auroraproparts.com\/es\/product\/9630010510-valvula-de-liberacion-del-remolque\/","title":{"rendered":"9630010510 V\u00e1lvula de liberaci\u00f3n del remolque"},"content":{"rendered":"<p>9630010510 V\u00e1lvula de liberaci\u00f3n del remolque<\/p>\n<p>&nbsp;<\/p>\n<p>&nbsp;<\/p>\n<table>\n<tbody>\n<tr>\n<td colspan=\"4\" width=\"100.0000%\">\n<h6>Cross References<\/h6>\n<\/td>\n<\/tr>\n<tr>\n<td width=\"24.9800%\">VOLVO<\/td>\n<td width=\"24.9800%\">WAB9630010510<\/td>\n<td width=\"24.9800%\">NOOTEBOOM<\/td>\n<td width=\"25.0000%\">1319581<\/td>\n<\/tr>\n<tr>\n<td width=\"24.9800%\">DAF<\/td>\n<td width=\"24.9800%\">1506448<\/td>\n<td width=\"24.9800%\">NOOTEBOOM<\/td>\n<td width=\"25.0000%\">10658<\/td>\n<\/tr>\n<tr>\n<td width=\"24.9800%\">DOLL<\/td>\n<td width=\"24.9800%\">7069646<\/td>\n<td width=\"24.9800%\">ORTHAUS<\/td>\n<td width=\"25.0000%\">49500466000<\/td>\n<\/tr>\n<tr>\n<td width=\"24.9800%\">FAYMONVILLE<\/td>\n<td width=\"24.9800%\">7886<\/td>\n<td width=\"24.9800%\">ORTHAUS<\/td>\n<td width=\"25.0000%\">495060<\/td>\n<\/tr>\n<tr>\n<td width=\"24.9800%\">FELDBINDER<\/td>\n<td width=\"24.9800%\">6916<\/td>\n<td width=\"24.9800%\">OTOKAR<\/td>\n<td width=\"25.0000%\">AIF0503<\/td>\n<\/tr>\n<tr>\n<td width=\"24.9800%\">GOLDHOFER<\/td>\n<td width=\"24.9800%\">164265<\/td>\n<td width=\"24.9800%\">PACCAR<\/td>\n<td width=\"25.0000%\">1506448<\/td>\n<\/tr>\n<tr>\n<td width=\"24.9800%\">KEMPF<\/td>\n<td width=\"24.9800%\">2102006<\/td>\n<td width=\"24.9800%\">PETERBILT<\/td>\n<td width=\"25.0000%\">S9630010510<\/td>\n<\/tr>\n<tr>\n<td width=\"24.9800%\">KENWORTH<\/td>\n<td width=\"24.9800%\">S9630010510<\/td>\n<td width=\"24.9800%\">SCANIA<\/td>\n<td width=\"25.0000%\">2090266<\/td>\n<\/tr>\n<tr>\n<td width=\"24.9800%\">KRONE<\/td>\n<td width=\"24.9800%\">58124230<\/td>\n<td width=\"24.9800%\">SCHMITZ CARGOBULL<\/td>\n<td width=\"25.0000%\">52190<\/td>\n<\/tr>\n<tr>\n<td width=\"24.9800%\">KRONE<\/td>\n<td width=\"24.9800%\">5812423<\/td>\n<td width=\"24.9800%\">SCHMITZ CARGOBULL<\/td>\n<td width=\"25.0000%\">8283012000<\/td>\n<\/tr>\n<tr>\n<td width=\"24.9800%\">K\u00c4SSBOHRER<\/td>\n<td width=\"24.9800%\">8283012000<\/td>\n<td width=\"24.9800%\">SCHMITZ CARGOBULL<\/td>\n<td width=\"25.0000%\">1060742<\/td>\n<\/tr>\n<tr>\n<td width=\"24.9800%\">K\u00c4SSBOHRER<\/td>\n<td width=\"24.9800%\">21151103260<\/td>\n<td width=\"24.9800%\">SCHWARZM\u00dcLLER<\/td>\n<td width=\"25.0000%\">36006<\/td>\n<\/tr>\n<tr>\n<td width=\"24.9800%\">K\u00d6GEL<\/td>\n<td width=\"24.9800%\">336490<\/td>\n<td width=\"24.9800%\">Tirsan<\/td>\n<td width=\"25.0000%\">21151103260<\/td>\n<\/tr>\n<tr>\n<td width=\"24.9800%\">LANGENDORF<\/td>\n<td width=\"24.9800%\">1133254<\/td>\n<td width=\"24.9800%\">MACK<\/td>\n<td width=\"25.0000%\">6300-9630010510<\/td>\n<\/tr>\n<tr>\n<td width=\"24.9800%\">LIEBHERR<\/td>\n<td width=\"24.9800%\">10102276<\/td>\n<td width=\"24.9800%\">ZORZI<\/td>\n<td width=\"25.0000%\">1013171<\/td>\n<\/tr>\n<tr>\n<td width=\"24.9800%\">LOHR<\/td>\n<td width=\"24.9800%\">A05021210<\/td>\n<td width=\"24.9800%\">MERITOR<\/td>\n<td width=\"25.0000%\">S9630010510<\/td>\n<\/tr>\n<tr>\n<td width=\"24.9800%\">LOHR<\/td>\n<td width=\"24.9800%\">9630010510<\/td>\n<td width=\"24.9800%\">NEOPLAN<\/td>\n<td width=\"25.0000%\">7133000<\/td>\n<\/tr>\n<\/tbody>\n<\/table>\n","protected":false},"excerpt":{"rendered":"<table>\n<tbody>\n<tr>\n<td width=\"213\">Tipo<\/td>\n<td width=\"213\">V\u00e1lvula de liberaci\u00f3n del remolque<\/td>\n<\/tr>\n<tr>\n<td width=\"213\">Rosca del puerto 1-1<\/td>\n<td width=\"213\">M16 x 1.5<\/td>\n<\/tr>\n<tr>\n<td width=\"213\">Rosca del puerto 1-2<\/td>\n<td width=\"213\">M16 x 1.5<\/td>\n<\/tr>\n<tr>\n<td width=\"213\">Rosca del puerto 2<\/td>\n<td width=\"213\">\u00d8 21.5 mm<\/td>\n<\/tr>\n<tr>\n<td width=\"213\">Rosca del puerto<\/td>\n<td width=\"213\">M16 x1.5<\/td>\n<\/tr>\n<tr>\n<td width=\"213\">Rosca del puerto 21<\/td>\n<td width=\"213\">M16 x1.5<\/td>\n<\/tr>\n<tr>\n<td width=\"213\">Rosca del puerto 22<\/td>\n<td width=\"213\">M16 x1.5<\/td>\n<\/tr>\n<tr>\n<td width=\"213\">Rosca del puerto 3<\/td>\n<td width=\"213\">Escape<\/td>\n<\/tr>\n<\/tbody>\n<\/table>\n","protected":false},"featured_media":3555,"template":"","meta":{"site-sidebar-layout":"default","site-content-layout":"","ast-site-content-layout":"default","site-content-style":"default","site-sidebar-style":"default","ast-global-header-display":"","ast-banner-title-visibility":"","ast-main-header-display":"","ast-hfb-above-header-display":"","ast-hfb-below-header-display":"","ast-hfb-mobile-header-display":"","site-post-title":"","ast-breadcrumbs-content":"","ast-featured-img":"","footer-sml-layout":"","ast-disable-related-posts":"","theme-transparent-header-meta":"default","adv-header-id-meta":"","stick-header-meta":"","header-above-stick-meta":"","header-main-stick-meta":"","header-below-stick-meta":"","astra-migrate-meta-layouts":"set","ast-page-background-enabled":"default","ast-page-background-meta":{"desktop":{"background-color":"var(--ast-global-color-4)","background-image":"","background-repeat":"repeat","background-position":"center center","background-size":"auto","background-attachment":"scroll","background-type":"","background-media":"","overlay-type":"","overlay-color":"","overlay-opacity":"","overlay-gradient":""},"tablet":{"background-color":"","background-image":"","background-repeat":"repeat","background-position":"center center","background-size":"auto","background-attachment":"scroll","background-type":"","background-media":"","overlay-type":"","overlay-color":"","overlay-opacity":"","overlay-gradient":""},"mobile":{"background-color":"","background-image":"","background-repeat":"repeat","background-position":"center center","background-size":"auto","background-attachment":"scroll","background-type":"","background-media":"","overlay-type":"","overlay-color":"","overlay-opacity":"","overlay-gradient":""}},"ast-content-background-meta":{"desktop":{"background-color":"var(--ast-global-color-5)","background-image":"","background-repeat":"repeat","background-position":"center center","background-size":"auto","background-attachment":"scroll","background-type":"","background-media":"","overlay-type":"","overlay-color":"","overlay-opacity":"","overlay-gradient":""},"tablet":{"background-color":"var(--ast-global-color-5)","background-image":"","background-repeat":"repeat","background-position":"center center","background-size":"auto","background-attachment":"scroll","background-type":"","background-media":"","overlay-type":"","overlay-color":"","overlay-opacity":"","overlay-gradient":""},"mobile":{"background-color":"var(--ast-global-color-5)","background-image":"","background-repeat":"repeat","background-position":"center center","background-size":"auto","background-attachment":"scroll","background-type":"","background-media":"","overlay-type":"","overlay-color":"","overlay-opacity":"","overlay-gradient":""}}},"product_brand":[],"product_cat":[173],"product_tag":[174],"class_list":{"0":"post-3553","1":"product","2":"type-product","3":"status-publish","4":"has-post-thumbnail","6":"product_cat-valve","7":"product_tag-valvula","8":"desktop-align-center","9":"tablet-align-left","10":"mobile-align-left","11":"ast-product-gallery-layout-horizontal-slider","12":"ast-product-gallery-with-no-image","13":"ast-product-tabs-layout-horizontal","15":"first","16":"instock","17":"shipping-taxable","18":"product-type-simple"},"yoast_head":"<!-- This site is optimized with the Yoast SEO Premium plugin v26.7 (Yoast SEO v27.5) - https:\/\/yoast.com\/product\/yoast-seo-premium-wordpress\/ -->\n<title>9630010510 V\u00e1lvula de liberaci\u00f3n del remolque - Aurora Truck Bus Parts<\/title>\n<meta name=\"description\" content=\"9630010510 V\u00e1lvula de liberaci\u00f3n del remolque, Rosca del puerto 1-1: M16 x 1.5, Rosca del puerto 1-2: M16 x 1.5, Rosca del puerto 2: \u00d8 21.5mm\" \/>\n<meta name=\"robots\" content=\"index, follow, max-snippet:-1, max-image-preview:large, max-video-preview:-1\" \/>\n<link rel=\"canonical\" href=\"https:\/\/www.auroraproparts.com\/es\/product\/9630010510-valvula-de-liberacion-del-remolque\/\" \/>\n<meta property=\"og:locale\" content=\"es_ES\" \/>\n<meta property=\"og:type\" content=\"article\" \/>\n<meta property=\"og:title\" content=\"9630010510 V\u00e1lvula de liberaci\u00f3n del remolque\" \/>\n<meta property=\"og:description\" content=\"9630010510 V\u00e1lvula de liberaci\u00f3n del remolque, Rosca del puerto 1-1: M16 x 1.5, Rosca del puerto 1-2: M16 x 1.5, Rosca del puerto 2: \u00d8 21.5mm\" \/>\n<meta property=\"og:url\" content=\"https:\/\/www.auroraproparts.com\/es\/product\/9630010510-valvula-de-liberacion-del-remolque\/\" \/>\n<meta property=\"og:site_name\" content=\"Aurora Truck Bus Parts\" \/>\n<meta property=\"article:modified_time\" content=\"2023-08-21T06:27:20+00:00\" \/>\n<meta property=\"og:image\" content=\"https:\/\/www.auroraproparts.com\/es\/wp-content\/uploads\/sites\/2\/2023\/08\/9630010510.webp\" \/>\n\t<meta property=\"og:image:width\" content=\"800\" \/>\n\t<meta property=\"og:image:height\" content=\"800\" \/>\n\t<meta property=\"og:image:type\" content=\"image\/webp\" \/>\n<meta name=\"twitter:card\" content=\"summary_large_image\" \/>\n<meta name=\"twitter:label1\" content=\"Tiempo de lectura\" \/>\n\t<meta name=\"twitter:data1\" content=\"1 minuto\" \/>\n<script type=\"application\/ld+json\" class=\"yoast-schema-graph\">{\"@context\":\"https:\\\/\\\/schema.org\",\"@graph\":[{\"@type\":\"WebPage\",\"@id\":\"https:\\\/\\\/www.auroraproparts.com\\\/es\\\/product\\\/9630010510-valvula-de-liberacion-del-remolque\\\/\",\"url\":\"https:\\\/\\\/www.auroraproparts.com\\\/es\\\/product\\\/9630010510-valvula-de-liberacion-del-remolque\\\/\",\"name\":\"9630010510 V\u00e1lvula de liberaci\u00f3n del remolque - Aurora Truck Bus Parts\",\"isPartOf\":{\"@id\":\"https:\\\/\\\/www.auroraproparts.com\\\/es\\\/#website\"},\"primaryImageOfPage\":{\"@id\":\"https:\\\/\\\/www.auroraproparts.com\\\/es\\\/product\\\/9630010510-valvula-de-liberacion-del-remolque\\\/#primaryimage\"},\"image\":{\"@id\":\"https:\\\/\\\/www.auroraproparts.com\\\/es\\\/product\\\/9630010510-valvula-de-liberacion-del-remolque\\\/#primaryimage\"},\"thumbnailUrl\":\"https:\\\/\\\/www.auroraproparts.com\\\/es\\\/wp-content\\\/uploads\\\/sites\\\/2\\\/2023\\\/08\\\/9630010510.webp\",\"datePublished\":\"2023-08-21T06:27:19+00:00\",\"dateModified\":\"2023-08-21T06:27:20+00:00\",\"description\":\"9630010510 V\u00e1lvula de liberaci\u00f3n del remolque, Rosca del puerto 1-1: M16 x 1.5, Rosca del puerto 1-2: M16 x 1.5, Rosca del puerto 2: \u00d8 21.5mm\",\"breadcrumb\":{\"@id\":\"https:\\\/\\\/www.auroraproparts.com\\\/es\\\/product\\\/9630010510-valvula-de-liberacion-del-remolque\\\/#breadcrumb\"},\"inLanguage\":\"es\",\"potentialAction\":[{\"@type\":\"ReadAction\",\"target\":[\"https:\\\/\\\/www.auroraproparts.com\\\/es\\\/product\\\/9630010510-valvula-de-liberacion-del-remolque\\\/\"]}]},{\"@type\":\"ImageObject\",\"inLanguage\":\"es\",\"@id\":\"https:\\\/\\\/www.auroraproparts.com\\\/es\\\/product\\\/9630010510-valvula-de-liberacion-del-remolque\\\/#primaryimage\",\"url\":\"https:\\\/\\\/www.auroraproparts.com\\\/es\\\/wp-content\\\/uploads\\\/sites\\\/2\\\/2023\\\/08\\\/9630010510.webp\",\"contentUrl\":\"https:\\\/\\\/www.auroraproparts.com\\\/es\\\/wp-content\\\/uploads\\\/sites\\\/2\\\/2023\\\/08\\\/9630010510.webp\",\"width\":800,\"height\":800,\"caption\":\"9630010510 V\u00e1lvula de liberaci\u00f3n del remolque\"},{\"@type\":\"BreadcrumbList\",\"@id\":\"https:\\\/\\\/www.auroraproparts.com\\\/es\\\/product\\\/9630010510-valvula-de-liberacion-del-remolque\\\/#breadcrumb\",\"itemListElement\":[{\"@type\":\"ListItem\",\"position\":1,\"name\":\"\u9996\u9875\",\"item\":\"https:\\\/\\\/www.auroraproparts.com\\\/es\\\/\"},{\"@type\":\"ListItem\",\"position\":2,\"name\":\"Recambios Para Cami\u00f3n\",\"item\":\"https:\\\/\\\/www.auroraproparts.com\\\/es\\\/products\\\/\"},{\"@type\":\"ListItem\",\"position\":3,\"name\":\"9630010510 V\u00e1lvula de liberaci\u00f3n del remolque\"}]},{\"@type\":\"WebSite\",\"@id\":\"https:\\\/\\\/www.auroraproparts.com\\\/es\\\/#website\",\"url\":\"https:\\\/\\\/www.auroraproparts.com\\\/es\\\/\",\"name\":\"Aurora Truck Bus Parts\",\"description\":\"\",\"publisher\":{\"@id\":\"https:\\\/\\\/www.auroraproparts.com\\\/es\\\/#organization\"},\"potentialAction\":[{\"@type\":\"SearchAction\",\"target\":{\"@type\":\"EntryPoint\",\"urlTemplate\":\"https:\\\/\\\/www.auroraproparts.com\\\/es\\\/?s={search_term_string}\"},\"query-input\":{\"@type\":\"PropertyValueSpecification\",\"valueRequired\":true,\"valueName\":\"search_term_string\"}}],\"inLanguage\":\"es\"},{\"@type\":\"Organization\",\"@id\":\"https:\\\/\\\/www.auroraproparts.com\\\/es\\\/#organization\",\"name\":\"Aurora Truck Bus Parts\",\"url\":\"https:\\\/\\\/www.auroraproparts.com\\\/es\\\/\",\"logo\":{\"@type\":\"ImageObject\",\"inLanguage\":\"es\",\"@id\":\"https:\\\/\\\/www.auroraproparts.com\\\/es\\\/#\\\/schema\\\/logo\\\/image\\\/\",\"url\":\"https:\\\/\\\/www.auroraproparts.com\\\/es\\\/wp-content\\\/uploads\\\/sites\\\/2\\\/2023\\\/11\\\/logo.svg\",\"contentUrl\":\"https:\\\/\\\/www.auroraproparts.com\\\/es\\\/wp-content\\\/uploads\\\/sites\\\/2\\\/2023\\\/11\\\/logo.svg\",\"width\":313,\"height\":56,\"caption\":\"Aurora Truck Bus Parts\"},\"image\":{\"@id\":\"https:\\\/\\\/www.auroraproparts.com\\\/es\\\/#\\\/schema\\\/logo\\\/image\\\/\"}}]}<\/script>\n<!-- \/ Yoast SEO Premium plugin. -->","yoast_head_json":{"title":"9630010510 V\u00e1lvula de liberaci\u00f3n del remolque - Aurora Truck Bus Parts","description":"9630010510 V\u00e1lvula de liberaci\u00f3n del remolque, Rosca del puerto 1-1: M16 x 1.5, Rosca del puerto 1-2: M16 x 1.5, Rosca del puerto 2: \u00d8 21.5mm","robots":{"index":"index","follow":"follow","max-snippet":"max-snippet:-1","max-image-preview":"max-image-preview:large","max-video-preview":"max-video-preview:-1"},"canonical":"https:\/\/www.auroraproparts.com\/es\/product\/9630010510-valvula-de-liberacion-del-remolque\/","og_locale":"es_ES","og_type":"article","og_title":"9630010510 V\u00e1lvula de liberaci\u00f3n del remolque","og_description":"9630010510 V\u00e1lvula de liberaci\u00f3n del remolque, Rosca del puerto 1-1: M16 x 1.5, Rosca del puerto 1-2: M16 x 1.5, Rosca del puerto 2: \u00d8 21.5mm","og_url":"https:\/\/www.auroraproparts.com\/es\/product\/9630010510-valvula-de-liberacion-del-remolque\/","og_site_name":"Aurora Truck Bus Parts","article_modified_time":"2023-08-21T06:27:20+00:00","og_image":[{"width":800,"height":800,"url":"https:\/\/www.auroraproparts.com\/es\/wp-content\/uploads\/sites\/2\/2023\/08\/9630010510.webp","type":"image\/webp"}],"twitter_card":"summary_large_image","twitter_misc":{"Tiempo de lectura":"1 minuto"},"schema":{"@context":"https:\/\/schema.org","@graph":[{"@type":"WebPage","@id":"https:\/\/www.auroraproparts.com\/es\/product\/9630010510-valvula-de-liberacion-del-remolque\/","url":"https:\/\/www.auroraproparts.com\/es\/product\/9630010510-valvula-de-liberacion-del-remolque\/","name":"9630010510 V\u00e1lvula de liberaci\u00f3n del remolque - Aurora Truck Bus Parts","isPartOf":{"@id":"https:\/\/www.auroraproparts.com\/es\/#website"},"primaryImageOfPage":{"@id":"https:\/\/www.auroraproparts.com\/es\/product\/9630010510-valvula-de-liberacion-del-remolque\/#primaryimage"},"image":{"@id":"https:\/\/www.auroraproparts.com\/es\/product\/9630010510-valvula-de-liberacion-del-remolque\/#primaryimage"},"thumbnailUrl":"https:\/\/www.auroraproparts.com\/es\/wp-content\/uploads\/sites\/2\/2023\/08\/9630010510.webp","datePublished":"2023-08-21T06:27:19+00:00","dateModified":"2023-08-21T06:27:20+00:00","description":"9630010510 V\u00e1lvula de liberaci\u00f3n del remolque, Rosca del puerto 1-1: M16 x 1.5, Rosca del puerto 1-2: M16 x 1.5, Rosca del puerto 2: \u00d8 21.5mm","breadcrumb":{"@id":"https:\/\/www.auroraproparts.com\/es\/product\/9630010510-valvula-de-liberacion-del-remolque\/#breadcrumb"},"inLanguage":"es","potentialAction":[{"@type":"ReadAction","target":["https:\/\/www.auroraproparts.com\/es\/product\/9630010510-valvula-de-liberacion-del-remolque\/"]}]},{"@type":"ImageObject","inLanguage":"es","@id":"https:\/\/www.auroraproparts.com\/es\/product\/9630010510-valvula-de-liberacion-del-remolque\/#primaryimage","url":"https:\/\/www.auroraproparts.com\/es\/wp-content\/uploads\/sites\/2\/2023\/08\/9630010510.webp","contentUrl":"https:\/\/www.auroraproparts.com\/es\/wp-content\/uploads\/sites\/2\/2023\/08\/9630010510.webp","width":800,"height":800,"caption":"9630010510 V\u00e1lvula de liberaci\u00f3n del remolque"},{"@type":"BreadcrumbList","@id":"https:\/\/www.auroraproparts.com\/es\/product\/9630010510-valvula-de-liberacion-del-remolque\/#breadcrumb","itemListElement":[{"@type":"ListItem","position":1,"name":"\u9996\u9875","item":"https:\/\/www.auroraproparts.com\/es\/"},{"@type":"ListItem","position":2,"name":"Recambios Para Cami\u00f3n","item":"https:\/\/www.auroraproparts.com\/es\/products\/"},{"@type":"ListItem","position":3,"name":"9630010510 V\u00e1lvula de liberaci\u00f3n del remolque"}]},{"@type":"WebSite","@id":"https:\/\/www.auroraproparts.com\/es\/#website","url":"https:\/\/www.auroraproparts.com\/es\/","name":"Aurora Truck Bus Parts","description":"","publisher":{"@id":"https:\/\/www.auroraproparts.com\/es\/#organization"},"potentialAction":[{"@type":"SearchAction","target":{"@type":"EntryPoint","urlTemplate":"https:\/\/www.auroraproparts.com\/es\/?s={search_term_string}"},"query-input":{"@type":"PropertyValueSpecification","valueRequired":true,"valueName":"search_term_string"}}],"inLanguage":"es"},{"@type":"Organization","@id":"https:\/\/www.auroraproparts.com\/es\/#organization","name":"Aurora Truck Bus Parts","url":"https:\/\/www.auroraproparts.com\/es\/","logo":{"@type":"ImageObject","inLanguage":"es","@id":"https:\/\/www.auroraproparts.com\/es\/#\/schema\/logo\/image\/","url":"https:\/\/www.auroraproparts.com\/es\/wp-content\/uploads\/sites\/2\/2023\/11\/logo.svg","contentUrl":"https:\/\/www.auroraproparts.com\/es\/wp-content\/uploads\/sites\/2\/2023\/11\/logo.svg","width":313,"height":56,"caption":"Aurora Truck Bus Parts"},"image":{"@id":"https:\/\/www.auroraproparts.com\/es\/#\/schema\/logo\/image\/"}}]}},"_links":{"self":[{"href":"https:\/\/www.auroraproparts.com\/es\/wp-json\/wp\/v2\/product\/3553","targetHints":{"allow":["GET"]}}],"collection":[{"href":"https:\/\/www.auroraproparts.com\/es\/wp-json\/wp\/v2\/product"}],"about":[{"href":"https:\/\/www.auroraproparts.com\/es\/wp-json\/wp\/v2\/types\/product"}],"wp:featuredmedia":[{"embeddable":true,"href":"https:\/\/www.auroraproparts.com\/es\/wp-json\/wp\/v2\/media\/3555"}],"wp:attachment":[{"href":"https:\/\/www.auroraproparts.com\/es\/wp-json\/wp\/v2\/media?parent=3553"}],"wp:term":[{"taxonomy":"product_brand","embeddable":true,"href":"https:\/\/www.auroraproparts.com\/es\/wp-json\/wp\/v2\/product_brand?post=3553"},{"taxonomy":"product_cat","embeddable":true,"href":"https:\/\/www.auroraproparts.com\/es\/wp-json\/wp\/v2\/product_cat?post=3553"},{"taxonomy":"product_tag","embeddable":true,"href":"https:\/\/www.auroraproparts.com\/es\/wp-json\/wp\/v2\/product_tag?post=3553"}],"curies":[{"name":"wp","href":"https:\/\/api.w.org\/{rel}","templated":true}]}}