{"id":3560,"date":"2023-08-21T15:48:37","date_gmt":"2023-08-21T07:48:37","guid":{"rendered":"https:\/\/www.auroraproparts.com\/es\/?post_type=product&#038;p=3560"},"modified":"2023-09-10T16:27:34","modified_gmt":"2023-09-10T08:27:34","slug":"9730110040-valvula-rele","status":"publish","type":"product","link":"https:\/\/www.auroraproparts.com\/es\/product\/9730110040-valvula-rele\/","title":{"rendered":"9730110040 V\u00e1lvula rel\u00e9"},"content":{"rendered":"<p>9730110040 V\u00e1lvula rel\u00e9<\/p>\n<table>\n<tbody>\n<tr>\n<td colspan=\"4\" width=\"100.0000%\">\n<h6>Sustituye<\/h6>\n<\/td>\n<\/tr>\n<tr>\n<td width=\"106\">DAF<\/td>\n<td width=\"106\">1305026<\/td>\n<td width=\"106\">NOOTEBOOM<\/td>\n<td width=\"106\">80705<\/td>\n<\/tr>\n<tr>\n<td width=\"106\">DAF<\/td>\n<td width=\"106\">1525397<\/td>\n<td width=\"106\">PACCAR<\/td>\n<td width=\"106\">1525397<\/td>\n<\/tr>\n<tr>\n<td width=\"106\">EVOBUS<\/td>\n<td width=\"106\">A0044296244<\/td>\n<td width=\"106\">PETERBILT<\/td>\n<td width=\"106\">S9730110040<\/td>\n<\/tr>\n<tr>\n<td width=\"106\">FUSO (MITSUBISHI)<\/td>\n<td width=\"106\">MX938910<\/td>\n<td width=\"106\">RENAULT<\/td>\n<td width=\"106\">5010588146<\/td>\n<\/tr>\n<tr>\n<td width=\"106\">HINO<\/td>\n<td width=\"106\">44080E0130<\/td>\n<td width=\"106\">RENAULT<\/td>\n<td width=\"106\">44296244<\/td>\n<\/tr>\n<tr>\n<td width=\"106\">IRISBUS<\/td>\n<td width=\"106\">155301<\/td>\n<td width=\"106\">RENAULT<\/td>\n<td width=\"106\">20590781<\/td>\n<\/tr>\n<tr>\n<td width=\"106\">KENWORTH<\/td>\n<td width=\"106\">S9730110040<\/td>\n<td width=\"106\">SCANIA<\/td>\n<td width=\"106\">2090238<\/td>\n<\/tr>\n<tr>\n<td width=\"106\">K\u00c4SSBOHRER<\/td>\n<td width=\"106\">21151102180<\/td>\n<td width=\"106\">Tirsan<\/td>\n<td width=\"106\">21151102180<\/td>\n<\/tr>\n<tr>\n<td width=\"106\">MACK<\/td>\n<td width=\"106\">6300-9730110040<\/td>\n<td width=\"106\">UD TRUCKS<\/td>\n<td width=\"106\">5222405172<\/td>\n<\/tr>\n<tr>\n<td width=\"106\">MERCEDES-BENZ<\/td>\n<td width=\"106\">44296244<\/td>\n<td width=\"106\">VDL<\/td>\n<td width=\"106\">759010017<\/td>\n<\/tr>\n<tr>\n<td width=\"106\">MERCEDES-BENZ<\/td>\n<td width=\"106\">A0044296244<\/td>\n<td width=\"106\">VDL<\/td>\n<td width=\"106\">20235259<\/td>\n<\/tr>\n<tr>\n<td width=\"106\">MERCEDES-BENZ<\/td>\n<td width=\"106\">20590781<\/td>\n<td width=\"106\">VOLVO<\/td>\n<td width=\"106\">20590781<\/td>\n<\/tr>\n<tr>\n<td width=\"106\">MERCEDES-BENZ<\/td>\n<td width=\"106\">5010588146<\/td>\n<td width=\"106\">VOLVO<\/td>\n<td width=\"106\">44296244<\/td>\n<\/tr>\n<tr>\n<td width=\"106\">MERITOR<\/td>\n<td width=\"106\">S9730110040<\/td>\n<td width=\"106\">VOLVO<\/td>\n<td width=\"106\">5010588146<\/td>\n<\/tr>\n<tr>\n<td width=\"106\">NOOTEBOOM<\/td>\n<td width=\"106\">307063<\/td>\n<td width=\"106\">VOLVO<\/td>\n<td width=\"106\">TDAS9730110040<\/td>\n<\/tr>\n<tr>\n<td width=\"106\">NOOTEBOOM<\/td>\n<td width=\"106\">307063<\/td>\n<td width=\"106\">VOLVO<\/td>\n<td width=\"106\">WAB9730110040<\/td>\n<\/tr>\n<\/tbody>\n<\/table>\n<p>&nbsp;<\/p>\n","protected":false},"excerpt":{"rendered":"<table>\n<tbody>\n<tr>\n<td width=\"213\">Tipo<\/td>\n<td width=\"213\">V\u00e1lvula rel\u00e9, Componentes de frenado convencional<\/td>\n<\/tr>\n<tr>\n<td width=\"213\">Rosca del puerto 1<\/td>\n<td width=\"213\">M22 x 1.5 JED-388<\/td>\n<\/tr>\n<tr>\n<td width=\"213\">Rosca del puerto 2<\/td>\n<td width=\"213\">2x M22 x 1.5 JED &#8211; 388<\/td>\n<\/tr>\n<tr>\n<td width=\"213\">Rosca del puerto 4<\/td>\n<td width=\"213\">M16 x 1.5 JED &#8211; 388<\/td>\n<\/tr>\n<\/tbody>\n<\/table>\n","protected":false},"featured_media":3561,"template":"","meta":{"site-sidebar-layout":"default","site-content-layout":"","ast-site-content-layout":"default","site-content-style":"default","site-sidebar-style":"default","ast-global-header-display":"","ast-banner-title-visibility":"","ast-main-header-display":"","ast-hfb-above-header-display":"","ast-hfb-below-header-display":"","ast-hfb-mobile-header-display":"","site-post-title":"","ast-breadcrumbs-content":"","ast-featured-img":"","footer-sml-layout":"","ast-disable-related-posts":"","theme-transparent-header-meta":"default","adv-header-id-meta":"","stick-header-meta":"","header-above-stick-meta":"","header-main-stick-meta":"","header-below-stick-meta":"","astra-migrate-meta-layouts":"set","ast-page-background-enabled":"default","ast-page-background-meta":{"desktop":{"background-color":"var(--ast-global-color-4)","background-image":"","background-repeat":"repeat","background-position":"center center","background-size":"auto","background-attachment":"scroll","background-type":"","background-media":"","overlay-type":"","overlay-color":"","overlay-opacity":"","overlay-gradient":""},"tablet":{"background-color":"","background-image":"","background-repeat":"repeat","background-position":"center center","background-size":"auto","background-attachment":"scroll","background-type":"","background-media":"","overlay-type":"","overlay-color":"","overlay-opacity":"","overlay-gradient":""},"mobile":{"background-color":"","background-image":"","background-repeat":"repeat","background-position":"center center","background-size":"auto","background-attachment":"scroll","background-type":"","background-media":"","overlay-type":"","overlay-color":"","overlay-opacity":"","overlay-gradient":""}},"ast-content-background-meta":{"desktop":{"background-color":"var(--ast-global-color-5)","background-image":"","background-repeat":"repeat","background-position":"center center","background-size":"auto","background-attachment":"scroll","background-type":"","background-media":"","overlay-type":"","overlay-color":"","overlay-opacity":"","overlay-gradient":""},"tablet":{"background-color":"var(--ast-global-color-5)","background-image":"","background-repeat":"repeat","background-position":"center center","background-size":"auto","background-attachment":"scroll","background-type":"","background-media":"","overlay-type":"","overlay-color":"","overlay-opacity":"","overlay-gradient":""},"mobile":{"background-color":"var(--ast-global-color-5)","background-image":"","background-repeat":"repeat","background-position":"center center","background-size":"auto","background-attachment":"scroll","background-type":"","background-media":"","overlay-type":"","overlay-color":"","overlay-opacity":"","overlay-gradient":""}}},"product_brand":[],"product_cat":[173],"product_tag":[174],"class_list":{"0":"post-3560","1":"product","2":"type-product","3":"status-publish","4":"has-post-thumbnail","6":"product_cat-valve","7":"product_tag-valvula","8":"desktop-align-center","9":"tablet-align-left","10":"mobile-align-left","11":"ast-product-gallery-layout-horizontal-slider","12":"ast-product-gallery-with-no-image","13":"ast-product-tabs-layout-horizontal","15":"first","16":"instock","17":"shipping-taxable","18":"product-type-simple"},"yoast_head":"<!-- This site is optimized with the Yoast SEO Premium plugin v26.7 (Yoast SEO v27.5) - https:\/\/yoast.com\/product\/yoast-seo-premium-wordpress\/ -->\n<title>9730110040 V\u00e1lvula rel\u00e9 - Aurora Truck Bus Parts<\/title>\n<meta name=\"description\" content=\"9730110040 V\u00e1lvula rel\u00e9, Rosca del puerto 1: M22 x 1.5 JED-388, Rosca del puerto 2: 2x M22 x 1.5 JED - 388, Rosca del puerto 4: M16 x 1.5 JED - 388\" \/>\n<meta name=\"robots\" content=\"index, follow, max-snippet:-1, max-image-preview:large, max-video-preview:-1\" \/>\n<link rel=\"canonical\" href=\"https:\/\/www.auroraproparts.com\/es\/product\/9730110040-valvula-rele\/\" \/>\n<meta property=\"og:locale\" content=\"es_ES\" \/>\n<meta property=\"og:type\" content=\"article\" \/>\n<meta property=\"og:title\" content=\"9730110040 V\u00e1lvula rel\u00e9\" \/>\n<meta property=\"og:description\" content=\"9730110040 V\u00e1lvula rel\u00e9, Rosca del puerto 1: M22 x 1.5 JED-388, Rosca del puerto 2: 2x M22 x 1.5 JED - 388, Rosca del puerto 4: M16 x 1.5 JED - 388\" \/>\n<meta property=\"og:url\" content=\"https:\/\/www.auroraproparts.com\/es\/product\/9730110040-valvula-rele\/\" \/>\n<meta property=\"og:site_name\" content=\"Aurora Truck Bus Parts\" \/>\n<meta property=\"article:modified_time\" content=\"2023-09-10T08:27:34+00:00\" \/>\n<meta property=\"og:image\" content=\"https:\/\/www.auroraproparts.com\/es\/wp-content\/uploads\/sites\/2\/2023\/08\/9730110040.webp\" \/>\n\t<meta property=\"og:image:width\" content=\"800\" \/>\n\t<meta property=\"og:image:height\" content=\"800\" \/>\n\t<meta property=\"og:image:type\" content=\"image\/webp\" \/>\n<meta name=\"twitter:card\" content=\"summary_large_image\" \/>\n<meta name=\"twitter:label1\" content=\"Tiempo de lectura\" \/>\n\t<meta name=\"twitter:data1\" content=\"1 minuto\" \/>\n<script type=\"application\/ld+json\" class=\"yoast-schema-graph\">{\"@context\":\"https:\\\/\\\/schema.org\",\"@graph\":[{\"@type\":\"WebPage\",\"@id\":\"https:\\\/\\\/www.auroraproparts.com\\\/es\\\/product\\\/9730110040-valvula-rele\\\/\",\"url\":\"https:\\\/\\\/www.auroraproparts.com\\\/es\\\/product\\\/9730110040-valvula-rele\\\/\",\"name\":\"9730110040 V\u00e1lvula rel\u00e9 - Aurora Truck Bus Parts\",\"isPartOf\":{\"@id\":\"https:\\\/\\\/www.auroraproparts.com\\\/es\\\/#website\"},\"primaryImageOfPage\":{\"@id\":\"https:\\\/\\\/www.auroraproparts.com\\\/es\\\/product\\\/9730110040-valvula-rele\\\/#primaryimage\"},\"image\":{\"@id\":\"https:\\\/\\\/www.auroraproparts.com\\\/es\\\/product\\\/9730110040-valvula-rele\\\/#primaryimage\"},\"thumbnailUrl\":\"https:\\\/\\\/www.auroraproparts.com\\\/es\\\/wp-content\\\/uploads\\\/sites\\\/2\\\/2023\\\/08\\\/9730110040.webp\",\"datePublished\":\"2023-08-21T07:48:37+00:00\",\"dateModified\":\"2023-09-10T08:27:34+00:00\",\"description\":\"9730110040 V\u00e1lvula rel\u00e9, Rosca del puerto 1: M22 x 1.5 JED-388, Rosca del puerto 2: 2x M22 x 1.5 JED - 388, Rosca del puerto 4: M16 x 1.5 JED - 388\",\"breadcrumb\":{\"@id\":\"https:\\\/\\\/www.auroraproparts.com\\\/es\\\/product\\\/9730110040-valvula-rele\\\/#breadcrumb\"},\"inLanguage\":\"es\",\"potentialAction\":[{\"@type\":\"ReadAction\",\"target\":[\"https:\\\/\\\/www.auroraproparts.com\\\/es\\\/product\\\/9730110040-valvula-rele\\\/\"]}]},{\"@type\":\"ImageObject\",\"inLanguage\":\"es\",\"@id\":\"https:\\\/\\\/www.auroraproparts.com\\\/es\\\/product\\\/9730110040-valvula-rele\\\/#primaryimage\",\"url\":\"https:\\\/\\\/www.auroraproparts.com\\\/es\\\/wp-content\\\/uploads\\\/sites\\\/2\\\/2023\\\/08\\\/9730110040.webp\",\"contentUrl\":\"https:\\\/\\\/www.auroraproparts.com\\\/es\\\/wp-content\\\/uploads\\\/sites\\\/2\\\/2023\\\/08\\\/9730110040.webp\",\"width\":800,\"height\":800,\"caption\":\"9730110040 V\u00e1lvula rel\u00e9\"},{\"@type\":\"BreadcrumbList\",\"@id\":\"https:\\\/\\\/www.auroraproparts.com\\\/es\\\/product\\\/9730110040-valvula-rele\\\/#breadcrumb\",\"itemListElement\":[{\"@type\":\"ListItem\",\"position\":1,\"name\":\"\u9996\u9875\",\"item\":\"https:\\\/\\\/www.auroraproparts.com\\\/es\\\/\"},{\"@type\":\"ListItem\",\"position\":2,\"name\":\"Recambios Para Cami\u00f3n\",\"item\":\"https:\\\/\\\/www.auroraproparts.com\\\/es\\\/products\\\/\"},{\"@type\":\"ListItem\",\"position\":3,\"name\":\"9730110040 V\u00e1lvula rel\u00e9\"}]},{\"@type\":\"WebSite\",\"@id\":\"https:\\\/\\\/www.auroraproparts.com\\\/es\\\/#website\",\"url\":\"https:\\\/\\\/www.auroraproparts.com\\\/es\\\/\",\"name\":\"Aurora Truck Bus Parts\",\"description\":\"\",\"publisher\":{\"@id\":\"https:\\\/\\\/www.auroraproparts.com\\\/es\\\/#organization\"},\"potentialAction\":[{\"@type\":\"SearchAction\",\"target\":{\"@type\":\"EntryPoint\",\"urlTemplate\":\"https:\\\/\\\/www.auroraproparts.com\\\/es\\\/?s={search_term_string}\"},\"query-input\":{\"@type\":\"PropertyValueSpecification\",\"valueRequired\":true,\"valueName\":\"search_term_string\"}}],\"inLanguage\":\"es\"},{\"@type\":\"Organization\",\"@id\":\"https:\\\/\\\/www.auroraproparts.com\\\/es\\\/#organization\",\"name\":\"Aurora Truck Bus Parts\",\"url\":\"https:\\\/\\\/www.auroraproparts.com\\\/es\\\/\",\"logo\":{\"@type\":\"ImageObject\",\"inLanguage\":\"es\",\"@id\":\"https:\\\/\\\/www.auroraproparts.com\\\/es\\\/#\\\/schema\\\/logo\\\/image\\\/\",\"url\":\"https:\\\/\\\/www.auroraproparts.com\\\/es\\\/wp-content\\\/uploads\\\/sites\\\/2\\\/2023\\\/11\\\/logo.svg\",\"contentUrl\":\"https:\\\/\\\/www.auroraproparts.com\\\/es\\\/wp-content\\\/uploads\\\/sites\\\/2\\\/2023\\\/11\\\/logo.svg\",\"width\":313,\"height\":56,\"caption\":\"Aurora Truck Bus Parts\"},\"image\":{\"@id\":\"https:\\\/\\\/www.auroraproparts.com\\\/es\\\/#\\\/schema\\\/logo\\\/image\\\/\"}}]}<\/script>\n<!-- \/ Yoast SEO Premium plugin. -->","yoast_head_json":{"title":"9730110040 V\u00e1lvula rel\u00e9 - Aurora Truck Bus Parts","description":"9730110040 V\u00e1lvula rel\u00e9, Rosca del puerto 1: M22 x 1.5 JED-388, Rosca del puerto 2: 2x M22 x 1.5 JED - 388, Rosca del puerto 4: M16 x 1.5 JED - 388","robots":{"index":"index","follow":"follow","max-snippet":"max-snippet:-1","max-image-preview":"max-image-preview:large","max-video-preview":"max-video-preview:-1"},"canonical":"https:\/\/www.auroraproparts.com\/es\/product\/9730110040-valvula-rele\/","og_locale":"es_ES","og_type":"article","og_title":"9730110040 V\u00e1lvula rel\u00e9","og_description":"9730110040 V\u00e1lvula rel\u00e9, Rosca del puerto 1: M22 x 1.5 JED-388, Rosca del puerto 2: 2x M22 x 1.5 JED - 388, Rosca del puerto 4: M16 x 1.5 JED - 388","og_url":"https:\/\/www.auroraproparts.com\/es\/product\/9730110040-valvula-rele\/","og_site_name":"Aurora Truck Bus Parts","article_modified_time":"2023-09-10T08:27:34+00:00","og_image":[{"width":800,"height":800,"url":"https:\/\/www.auroraproparts.com\/es\/wp-content\/uploads\/sites\/2\/2023\/08\/9730110040.webp","type":"image\/webp"}],"twitter_card":"summary_large_image","twitter_misc":{"Tiempo de lectura":"1 minuto"},"schema":{"@context":"https:\/\/schema.org","@graph":[{"@type":"WebPage","@id":"https:\/\/www.auroraproparts.com\/es\/product\/9730110040-valvula-rele\/","url":"https:\/\/www.auroraproparts.com\/es\/product\/9730110040-valvula-rele\/","name":"9730110040 V\u00e1lvula rel\u00e9 - Aurora Truck Bus Parts","isPartOf":{"@id":"https:\/\/www.auroraproparts.com\/es\/#website"},"primaryImageOfPage":{"@id":"https:\/\/www.auroraproparts.com\/es\/product\/9730110040-valvula-rele\/#primaryimage"},"image":{"@id":"https:\/\/www.auroraproparts.com\/es\/product\/9730110040-valvula-rele\/#primaryimage"},"thumbnailUrl":"https:\/\/www.auroraproparts.com\/es\/wp-content\/uploads\/sites\/2\/2023\/08\/9730110040.webp","datePublished":"2023-08-21T07:48:37+00:00","dateModified":"2023-09-10T08:27:34+00:00","description":"9730110040 V\u00e1lvula rel\u00e9, Rosca del puerto 1: M22 x 1.5 JED-388, Rosca del puerto 2: 2x M22 x 1.5 JED - 388, Rosca del puerto 4: M16 x 1.5 JED - 388","breadcrumb":{"@id":"https:\/\/www.auroraproparts.com\/es\/product\/9730110040-valvula-rele\/#breadcrumb"},"inLanguage":"es","potentialAction":[{"@type":"ReadAction","target":["https:\/\/www.auroraproparts.com\/es\/product\/9730110040-valvula-rele\/"]}]},{"@type":"ImageObject","inLanguage":"es","@id":"https:\/\/www.auroraproparts.com\/es\/product\/9730110040-valvula-rele\/#primaryimage","url":"https:\/\/www.auroraproparts.com\/es\/wp-content\/uploads\/sites\/2\/2023\/08\/9730110040.webp","contentUrl":"https:\/\/www.auroraproparts.com\/es\/wp-content\/uploads\/sites\/2\/2023\/08\/9730110040.webp","width":800,"height":800,"caption":"9730110040 V\u00e1lvula rel\u00e9"},{"@type":"BreadcrumbList","@id":"https:\/\/www.auroraproparts.com\/es\/product\/9730110040-valvula-rele\/#breadcrumb","itemListElement":[{"@type":"ListItem","position":1,"name":"\u9996\u9875","item":"https:\/\/www.auroraproparts.com\/es\/"},{"@type":"ListItem","position":2,"name":"Recambios Para Cami\u00f3n","item":"https:\/\/www.auroraproparts.com\/es\/products\/"},{"@type":"ListItem","position":3,"name":"9730110040 V\u00e1lvula rel\u00e9"}]},{"@type":"WebSite","@id":"https:\/\/www.auroraproparts.com\/es\/#website","url":"https:\/\/www.auroraproparts.com\/es\/","name":"Aurora Truck Bus Parts","description":"","publisher":{"@id":"https:\/\/www.auroraproparts.com\/es\/#organization"},"potentialAction":[{"@type":"SearchAction","target":{"@type":"EntryPoint","urlTemplate":"https:\/\/www.auroraproparts.com\/es\/?s={search_term_string}"},"query-input":{"@type":"PropertyValueSpecification","valueRequired":true,"valueName":"search_term_string"}}],"inLanguage":"es"},{"@type":"Organization","@id":"https:\/\/www.auroraproparts.com\/es\/#organization","name":"Aurora Truck Bus Parts","url":"https:\/\/www.auroraproparts.com\/es\/","logo":{"@type":"ImageObject","inLanguage":"es","@id":"https:\/\/www.auroraproparts.com\/es\/#\/schema\/logo\/image\/","url":"https:\/\/www.auroraproparts.com\/es\/wp-content\/uploads\/sites\/2\/2023\/11\/logo.svg","contentUrl":"https:\/\/www.auroraproparts.com\/es\/wp-content\/uploads\/sites\/2\/2023\/11\/logo.svg","width":313,"height":56,"caption":"Aurora Truck Bus Parts"},"image":{"@id":"https:\/\/www.auroraproparts.com\/es\/#\/schema\/logo\/image\/"}}]}},"_links":{"self":[{"href":"https:\/\/www.auroraproparts.com\/es\/wp-json\/wp\/v2\/product\/3560","targetHints":{"allow":["GET"]}}],"collection":[{"href":"https:\/\/www.auroraproparts.com\/es\/wp-json\/wp\/v2\/product"}],"about":[{"href":"https:\/\/www.auroraproparts.com\/es\/wp-json\/wp\/v2\/types\/product"}],"wp:featuredmedia":[{"embeddable":true,"href":"https:\/\/www.auroraproparts.com\/es\/wp-json\/wp\/v2\/media\/3561"}],"wp:attachment":[{"href":"https:\/\/www.auroraproparts.com\/es\/wp-json\/wp\/v2\/media?parent=3560"}],"wp:term":[{"taxonomy":"product_brand","embeddable":true,"href":"https:\/\/www.auroraproparts.com\/es\/wp-json\/wp\/v2\/product_brand?post=3560"},{"taxonomy":"product_cat","embeddable":true,"href":"https:\/\/www.auroraproparts.com\/es\/wp-json\/wp\/v2\/product_cat?post=3560"},{"taxonomy":"product_tag","embeddable":true,"href":"https:\/\/www.auroraproparts.com\/es\/wp-json\/wp\/v2\/product_tag?post=3560"}],"curies":[{"name":"wp","href":"https:\/\/api.w.org\/{rel}","templated":true}]}}