{"id":3568,"date":"2023-08-28T21:55:16","date_gmt":"2023-08-28T13:55:16","guid":{"rendered":"https:\/\/www.auroraproparts.com\/es\/?post_type=product&#038;p=3568"},"modified":"2025-06-25T10:34:51","modified_gmt":"2025-06-25T02:34:51","slug":"9730110000-valvula-rele","status":"publish","type":"product","link":"https:\/\/www.auroraproparts.com\/es\/product\/9730110000-valvula-rele\/","title":{"rendered":"9730110000 V\u00e1lvula rel\u00e9"},"content":{"rendered":"<h2>9730110000 V\u00e1lvula rel\u00e9<\/h2>\n<p>&nbsp;<\/p>\n<table>\n<tbody>\n<tr>\n<td colspan=\"4\" width=\"100.0000%\"><strong>Reemplaza<\/strong><\/td>\n<\/tr>\n<tr>\n<td width=\"24.9800%\">VOLVO<\/td>\n<td width=\"24.9800%\">42125234<\/td>\n<td width=\"24.9800%\">MAN<\/td>\n<td width=\"25.0000%\">81521166022<\/td>\n<\/tr>\n<tr>\n<td width=\"24.9800%\">AGRALE<\/td>\n<td width=\"24.9800%\">6112005007007<\/td>\n<td width=\"24.9800%\">MAN<\/td>\n<td width=\"25.0000%\">81521166023<\/td>\n<\/tr>\n<tr>\n<td width=\"24.9800%\">ALEXANDER DENNIS<\/td>\n<td width=\"24.9800%\">AB9730110000<\/td>\n<td width=\"24.9800%\">MAN<\/td>\n<td width=\"25.0000%\">81521166035<\/td>\n<\/tr>\n<tr>\n<td width=\"24.9800%\">ASHOK LEYLAND<\/td>\n<td width=\"24.9800%\">445332009<\/td>\n<td width=\"24.9800%\">MAN<\/td>\n<td width=\"25.0000%\">81521166036<\/td>\n<\/tr>\n<tr>\n<td width=\"24.9800%\">BEDFORD<\/td>\n<td width=\"24.9800%\">A4031925<\/td>\n<td width=\"24.9800%\">MAN<\/td>\n<td width=\"25.0000%\">81521166037<\/td>\n<\/tr>\n<tr>\n<td width=\"24.9800%\">DAEWOO<\/td>\n<td width=\"24.9800%\">3454401550<\/td>\n<td width=\"24.9800%\">MAN<\/td>\n<td width=\"25.0000%\">81521166043<\/td>\n<\/tr>\n<tr>\n<td width=\"24.9800%\">DAEWOO<\/td>\n<td width=\"24.9800%\">34544 01550<\/td>\n<td width=\"24.9800%\">MAN<\/td>\n<td width=\"25.0000%\">81521166047<\/td>\n<\/tr>\n<tr>\n<td width=\"24.9800%\">DAF<\/td>\n<td width=\"24.9800%\">MZK4110<\/td>\n<td width=\"24.9800%\">MAN<\/td>\n<td width=\"25.0000%\">81521166049<\/td>\n<\/tr>\n<tr>\n<td width=\"24.9800%\">DAF<\/td>\n<td width=\"24.9800%\">1519331<\/td>\n<td width=\"24.9800%\">MAN<\/td>\n<td width=\"25.0000%\">9730110000<\/td>\n<\/tr>\n<tr>\n<td width=\"24.9800%\">DAF<\/td>\n<td width=\"24.9800%\">689331<\/td>\n<td width=\"24.9800%\">MAN<\/td>\n<td width=\"25.0000%\">N1011018624<\/td>\n<\/tr>\n<tr>\n<td width=\"24.9800%\">DAF<\/td>\n<td width=\"24.9800%\">689331<\/td>\n<td width=\"24.9800%\">MAN<\/td>\n<td width=\"25.0000%\">4047273<\/td>\n<\/tr>\n<tr>\n<td width=\"24.9800%\">DAF<\/td>\n<td width=\"24.9800%\">1082666<\/td>\n<td width=\"24.9800%\">MERCEDES-BENZ<\/td>\n<td width=\"25.0000%\">4293044<\/td>\n<\/tr>\n<tr>\n<td width=\"24.9800%\">DAF<\/td>\n<td width=\"24.9800%\">3162118<\/td>\n<td width=\"24.9800%\">MERCEDES-BENZ<\/td>\n<td width=\"25.0000%\">4296544<\/td>\n<\/tr>\n<tr>\n<td width=\"24.9800%\">DAF<\/td>\n<td width=\"24.9800%\">317315<\/td>\n<td width=\"24.9800%\">MERCEDES-BENZ<\/td>\n<td width=\"25.0000%\">14292044<\/td>\n<\/tr>\n<tr>\n<td width=\"24.9800%\">DAF<\/td>\n<td width=\"24.9800%\">42125234<\/td>\n<td width=\"24.9800%\">MERCEDES-BENZ<\/td>\n<td width=\"25.0000%\">14295444<\/td>\n<\/tr>\n<tr>\n<td width=\"24.9800%\">DOLL<\/td>\n<td width=\"24.9800%\">7019169<\/td>\n<td width=\"24.9800%\">MERCEDES-BENZ<\/td>\n<td width=\"25.0000%\">14296044<\/td>\n<\/tr>\n<tr>\n<td width=\"24.9800%\">ERF<\/td>\n<td width=\"24.9800%\">4047273<\/td>\n<td width=\"24.9800%\">MERCEDES-BENZ<\/td>\n<td width=\"25.0000%\">14296844<\/td>\n<\/tr>\n<tr>\n<td width=\"24.9800%\">EVOBUS<\/td>\n<td width=\"24.9800%\">82855140000<\/td>\n<td width=\"24.9800%\">MERCEDES-BENZ<\/td>\n<td width=\"25.0000%\">14299144<\/td>\n<\/tr>\n<tr>\n<td width=\"24.9800%\">FAUN<\/td>\n<td width=\"24.9800%\">99707731617<\/td>\n<td width=\"24.9800%\">MERCEDES-BENZ<\/td>\n<td width=\"25.0000%\">24290744<\/td>\n<\/tr>\n<tr>\n<td width=\"24.9800%\">FAYMONVILLE<\/td>\n<td width=\"24.9800%\">319<\/td>\n<td width=\"24.9800%\">MERCEDES-BENZ<\/td>\n<td width=\"25.0000%\">24298444<\/td>\n<\/tr>\n<tr>\n<td width=\"24.9800%\">FELDBINDER<\/td>\n<td width=\"24.9800%\">1546<\/td>\n<td width=\"24.9800%\">MERCEDES-BENZ<\/td>\n<td width=\"25.0000%\">24299244<\/td>\n<\/tr>\n<tr>\n<td width=\"24.9800%\">FORD<\/td>\n<td width=\"24.9800%\">4C462K422AA<\/td>\n<td width=\"24.9800%\">MERCEDES-BENZ<\/td>\n<td width=\"25.0000%\">24299344<\/td>\n<\/tr>\n<tr>\n<td width=\"24.9800%\">FREIGHTLINER<\/td>\n<td width=\"24.9800%\">TDAS9730110000<\/td>\n<td width=\"24.9800%\">MERCEDES-BENZ<\/td>\n<td width=\"25.0000%\">24299444<\/td>\n<\/tr>\n<tr>\n<td width=\"24.9800%\">FRUEHAUF<\/td>\n<td width=\"24.9800%\">CF3520600<\/td>\n<td width=\"24.9800%\">MERCEDES-BENZ<\/td>\n<td width=\"25.0000%\">34291644<\/td>\n<\/tr>\n<tr>\n<td width=\"24.9800%\">FRUEHAUF<\/td>\n<td width=\"24.9800%\">A21316000003047B<\/td>\n<td width=\"24.9800%\">MERCEDES-BENZ<\/td>\n<td width=\"25.0000%\">34295244<\/td>\n<\/tr>\n<tr>\n<td width=\"24.9800%\">GOLDHOFER<\/td>\n<td width=\"24.9800%\">200275<\/td>\n<td width=\"24.9800%\">MERCEDES-BENZ<\/td>\n<td width=\"25.0000%\">34295344<\/td>\n<\/tr>\n<tr>\n<td width=\"24.9800%\">HENDRICKSON<\/td>\n<td width=\"24.9800%\">9730110000<\/td>\n<td width=\"24.9800%\">MERCEDES-BENZ<\/td>\n<td width=\"25.0000%\">34295944<\/td>\n<\/tr>\n<tr>\n<td width=\"24.9800%\">IKARBUS<\/td>\n<td width=\"24.9800%\">1614101<\/td>\n<td width=\"24.9800%\">MERCEDES-BENZ<\/td>\n<td width=\"25.0000%\">5.33532E+11<\/td>\n<\/tr>\n<tr>\n<td width=\"24.9800%\">IKARBUS<\/td>\n<td width=\"24.9800%\">1614106<\/td>\n<td width=\"24.9800%\">MERITOR<\/td>\n<td width=\"25.0000%\">S9730110000<\/td>\n<\/tr>\n<tr>\n<td width=\"24.9800%\">IRISBUS<\/td>\n<td width=\"24.9800%\">42125234<\/td>\n<td width=\"24.9800%\">NAVISTAR<\/td>\n<td width=\"25.0000%\">S9730110000<\/td>\n<\/tr>\n<tr>\n<td width=\"24.9800%\">IRISBUS<\/td>\n<td width=\"24.9800%\">5801101681<\/td>\n<td width=\"24.9800%\">NEOPLAN<\/td>\n<td width=\"25.0000%\">112231500<\/td>\n<\/tr>\n<tr>\n<td width=\"24.9800%\">IVECO<\/td>\n<td width=\"24.9800%\">42125234<\/td>\n<td width=\"24.9800%\">ORTHAUS<\/td>\n<td width=\"25.0000%\">49500721000<\/td>\n<\/tr>\n<tr>\n<td width=\"24.9800%\">IVECO<\/td>\n<td width=\"24.9800%\">5801101681<\/td>\n<td width=\"24.9800%\">PACCAR<\/td>\n<td width=\"25.0000%\">1444054<\/td>\n<\/tr>\n<tr>\n<td width=\"24.9800%\">IVECO<\/td>\n<td width=\"24.9800%\">3307710R91<\/td>\n<td width=\"24.9800%\">PETERBILT<\/td>\n<td width=\"25.0000%\">S973-011-000-0<\/td>\n<\/tr>\n<tr>\n<td width=\"24.9800%\">IVECO<\/td>\n<td width=\"24.9800%\">114519<\/td>\n<td width=\"24.9800%\">RENAULT<\/td>\n<td width=\"25.0000%\">24733005<\/td>\n<\/tr>\n<tr>\n<td width=\"24.9800%\">IVECO<\/td>\n<td width=\"24.9800%\">1082666<\/td>\n<td width=\"24.9800%\">RENAULT<\/td>\n<td width=\"25.0000%\">24733005<\/td>\n<\/tr>\n<tr>\n<td width=\"24.9800%\">IVECO<\/td>\n<td width=\"24.9800%\">3162118<\/td>\n<td width=\"24.9800%\">RENAULT<\/td>\n<td width=\"25.0000%\">5010045796<\/td>\n<\/tr>\n<tr>\n<td width=\"24.9800%\">IVECO<\/td>\n<td width=\"24.9800%\">317315<\/td>\n<td width=\"24.9800%\">SCANIA<\/td>\n<td width=\"25.0000%\">1322986<\/td>\n<\/tr>\n<tr>\n<td width=\"24.9800%\">IVECO<\/td>\n<td width=\"24.9800%\">MZK4110<\/td>\n<td width=\"24.9800%\">SCANIA<\/td>\n<td width=\"25.0000%\">2090235<\/td>\n<\/tr>\n<tr>\n<td width=\"24.9800%\">KALMAR IRION<\/td>\n<td width=\"24.9800%\">1716070091<\/td>\n<td width=\"24.9800%\">SCHMITZ CARGOBULL<\/td>\n<td width=\"25.0000%\">S050318<\/td>\n<\/tr>\n<tr>\n<td width=\"24.9800%\">KEMPF<\/td>\n<td width=\"24.9800%\">2103009<\/td>\n<td width=\"24.9800%\">SCHMITZ CARGOBULL<\/td>\n<td width=\"25.0000%\">50317<\/td>\n<\/tr>\n<tr>\n<td width=\"24.9800%\">KENWORTH<\/td>\n<td width=\"24.9800%\">S973-011-000-0<\/td>\n<td width=\"24.9800%\">SCHMITZ CARGOBULL<\/td>\n<td width=\"25.0000%\">50317<\/td>\n<\/tr>\n<tr>\n<td width=\"24.9800%\">KOMATSU<\/td>\n<td width=\"24.9800%\">55115540<\/td>\n<td width=\"24.9800%\">SCHWARZM\u00dcLLER<\/td>\n<td width=\"25.0000%\">22753<\/td>\n<\/tr>\n<tr>\n<td width=\"24.9800%\">KRONE<\/td>\n<td width=\"24.9800%\">505821202<\/td>\n<td width=\"24.9800%\">SHAANXI<\/td>\n<td width=\"25.0000%\">6112KG3527010<\/td>\n<\/tr>\n<tr>\n<td width=\"24.9800%\">KRONE<\/td>\n<td width=\"24.9800%\">500945165<\/td>\n<td width=\"24.9800%\">SHAANXI<\/td>\n<td width=\"25.0000%\">AZ9014369047<\/td>\n<\/tr>\n<tr>\n<td width=\"24.9800%\">KRONE<\/td>\n<td width=\"24.9800%\">945165<\/td>\n<td width=\"24.9800%\">SOLARIS<\/td>\n<td width=\"25.0000%\">1122315000<\/td>\n<\/tr>\n<tr>\n<td width=\"24.9800%\">K\u00c4SSBOHRER<\/td>\n<td width=\"24.9800%\">21151102179<\/td>\n<td width=\"24.9800%\">STEYR<\/td>\n<td width=\"25.0000%\">79000360311<\/td>\n<\/tr>\n<tr>\n<td width=\"24.9800%\">K\u00d6GEL<\/td>\n<td width=\"24.9800%\">175565<\/td>\n<td width=\"24.9800%\">STEYR<\/td>\n<td width=\"25.0000%\">79200360048<\/td>\n<\/tr>\n<tr>\n<td width=\"24.9800%\">LANGENDORF<\/td>\n<td width=\"24.9800%\">1133395<\/td>\n<td width=\"24.9800%\">STEYR<\/td>\n<td width=\"25.0000%\">89000360397<\/td>\n<\/tr>\n<tr>\n<td width=\"24.9800%\">LEYLAND DAF<\/td>\n<td width=\"24.9800%\">MZK4110<\/td>\n<td width=\"24.9800%\">STEYR<\/td>\n<td width=\"25.0000%\">99014360047<\/td>\n<\/tr>\n<tr>\n<td width=\"24.9800%\">LIEBHERR<\/td>\n<td width=\"24.9800%\">502657508<\/td>\n<td width=\"24.9800%\">STEYR<\/td>\n<td width=\"25.0000%\">99100360074<\/td>\n<\/tr>\n<tr>\n<td width=\"24.9800%\">LIEBHERR<\/td>\n<td width=\"24.9800%\">502957601<\/td>\n<td width=\"24.9800%\">STEYR<\/td>\n<td width=\"25.0000%\">5.33532E+11<\/td>\n<\/tr>\n<tr>\n<td width=\"24.9800%\">LIEBHERR<\/td>\n<td width=\"24.9800%\">5029846<\/td>\n<td width=\"24.9800%\">TEREX<\/td>\n<td width=\"25.0000%\">55115540<\/td>\n<\/tr>\n<tr>\n<td width=\"24.9800%\">LIEBHERR<\/td>\n<td width=\"24.9800%\">502984608<\/td>\n<td width=\"24.9800%\">TOHO CAR<\/td>\n<td width=\"25.0000%\">Z3-1600300<\/td>\n<\/tr>\n<tr>\n<td width=\"24.9800%\">MACK<\/td>\n<td width=\"24.9800%\">8235-S9730110000<\/td>\n<td width=\"24.9800%\">TOHO CAR<\/td>\n<td width=\"25.0000%\">D3276-5312-0<\/td>\n<\/tr>\n<tr>\n<td width=\"24.9800%\">MACK<\/td>\n<td width=\"24.9800%\">6300-9730110000<\/td>\n<td width=\"24.9800%\">Tirsan<\/td>\n<td width=\"25.0000%\">21151102179<\/td>\n<\/tr>\n<tr>\n<td width=\"24.9800%\">MAFI<\/td>\n<td width=\"24.9800%\">5662006<\/td>\n<td width=\"24.9800%\">VAN HOOL<\/td>\n<td width=\"25.0000%\">637206820<\/td>\n<\/tr>\n<tr>\n<td width=\"24.9800%\">MAN<\/td>\n<td width=\"24.9800%\">81251506011<\/td>\n<td width=\"24.9800%\">VDL<\/td>\n<td width=\"25.0000%\">28210200400<\/td>\n<\/tr>\n<tr>\n<td width=\"24.9800%\">MAN<\/td>\n<td width=\"24.9800%\">81436096005<\/td>\n<td width=\"24.9800%\">VDL<\/td>\n<td width=\"25.0000%\">20215552<\/td>\n<\/tr>\n<tr>\n<td width=\"24.9800%\">MAN<\/td>\n<td width=\"24.9800%\">81436096008<\/td>\n<td width=\"24.9800%\">VDL<\/td>\n<td width=\"25.0000%\">215552<\/td>\n<\/tr>\n<tr>\n<td width=\"24.9800%\">MAN<\/td>\n<td width=\"24.9800%\">81521166008<\/td>\n<td width=\"24.9800%\">VOLVO<\/td>\n<td width=\"25.0000%\">3173150<\/td>\n<\/tr>\n<tr>\n<td width=\"24.9800%\">MAN<\/td>\n<td width=\"24.9800%\">81521166010<\/td>\n<td width=\"24.9800%\">VOLVO<\/td>\n<td width=\"25.0000%\">348909<\/td>\n<\/tr>\n<tr>\n<td width=\"24.9800%\">MAN<\/td>\n<td width=\"24.9800%\">81521166013<\/td>\n<td width=\"24.9800%\">VOLVO<\/td>\n<td width=\"25.0000%\">6886834<\/td>\n<\/tr>\n<tr>\n<td width=\"24.9800%\">MAN<\/td>\n<td width=\"24.9800%\">81521166014<\/td>\n<td width=\"24.9800%\">VOLVO<\/td>\n<td width=\"25.0000%\">1606709<\/td>\n<\/tr>\n<tr>\n<td width=\"24.9800%\">MAN<\/td>\n<td width=\"24.9800%\">81521166016<\/td>\n<td width=\"24.9800%\">VOLVO<\/td>\n<td width=\"25.0000%\">1197892<\/td>\n<\/tr>\n<tr>\n<td width=\"24.9800%\">MAN<\/td>\n<td width=\"24.9800%\">81521166019<\/td>\n<td width=\"24.9800%\">VOLVO<\/td>\n<td width=\"25.0000%\">1082666<\/td>\n<\/tr>\n<tr>\n<td width=\"24.9800%\">MAN<\/td>\n<td width=\"24.9800%\">81521166020<\/td>\n<td width=\"24.9800%\">VOLVO<\/td>\n<td width=\"25.0000%\">8551104<\/td>\n<\/tr>\n<tr>\n<td width=\"24.9800%\">MAN<\/td>\n<td width=\"24.9800%\">81521166021<\/td>\n<td width=\"24.9800%\">VOLVO<\/td>\n<td width=\"25.0000%\">11117866<\/td>\n<\/tr>\n<tr>\n<td width=\"24.9800%\">VOLVO<\/td>\n<td width=\"24.9800%\">MZK4110<\/td>\n<td width=\"24.9800%\">VOLVO<\/td>\n<td width=\"25.0000%\">3162118<\/td>\n<\/tr>\n<tr>\n<td width=\"24.9800%\">VOLVO<\/td>\n<td width=\"24.9800%\">TDA S9730110000<\/td>\n<td width=\"24.9800%\">VOLVO<\/td>\n<td width=\"25.0000%\">317315<\/td>\n<\/tr>\n<tr>\n<td width=\"24.9800%\">VOLVO<\/td>\n<td width=\"24.9800%\">WAB9730110000<\/td>\n<td width=\"24.9800%\"><\/td>\n<td width=\"25.0000%\"><\/td>\n<\/tr>\n<\/tbody>\n<\/table>\n","protected":false},"excerpt":{"rendered":"<table>\n<tbody>\n<tr>\n<td width=\"213\">Tipo de pieza<\/td>\n<td width=\"213\">V\u00e1lvula rel\u00e9<\/td>\n<\/tr>\n<tr>\n<td width=\"213\">Montaje<\/td>\n<td width=\"213\">4 x M8<\/td>\n<\/tr>\n<tr>\n<td width=\"213\">Rosca del puerto 1<\/td>\n<td width=\"213\">M22 x 1.5<\/td>\n<\/tr>\n<tr>\n<td width=\"213\">Rosca del puerto 2<\/td>\n<td width=\"213\">2x M22 x 1.5<\/td>\n<\/tr>\n<\/tbody>\n<\/table>\n","protected":false},"featured_media":3569,"template":"","meta":{"site-sidebar-layout":"default","site-content-layout":"","ast-site-content-layout":"default","site-content-style":"default","site-sidebar-style":"default","ast-global-header-display":"","ast-banner-title-visibility":"","ast-main-header-display":"","ast-hfb-above-header-display":"","ast-hfb-below-header-display":"","ast-hfb-mobile-header-display":"","site-post-title":"","ast-breadcrumbs-content":"","ast-featured-img":"","footer-sml-layout":"","ast-disable-related-posts":"","theme-transparent-header-meta":"default","adv-header-id-meta":"","stick-header-meta":"default","header-above-stick-meta":"","header-main-stick-meta":"","header-below-stick-meta":"","astra-migrate-meta-layouts":"set","ast-page-background-enabled":"default","ast-page-background-meta":{"desktop":{"background-color":"var(--ast-global-color-4)","background-image":"","background-repeat":"repeat","background-position":"center center","background-size":"auto","background-attachment":"scroll","background-type":"","background-media":"","overlay-type":"","overlay-color":"","overlay-opacity":"","overlay-gradient":""},"tablet":{"background-color":"","background-image":"","background-repeat":"repeat","background-position":"center center","background-size":"auto","background-attachment":"scroll","background-type":"","background-media":"","overlay-type":"","overlay-color":"","overlay-opacity":"","overlay-gradient":""},"mobile":{"background-color":"","background-image":"","background-repeat":"repeat","background-position":"center center","background-size":"auto","background-attachment":"scroll","background-type":"","background-media":"","overlay-type":"","overlay-color":"","overlay-opacity":"","overlay-gradient":""}},"ast-content-background-meta":{"desktop":{"background-color":"var(--ast-global-color-5)","background-image":"","background-repeat":"repeat","background-position":"center center","background-size":"auto","background-attachment":"scroll","background-type":"","background-media":"","overlay-type":"","overlay-color":"","overlay-opacity":"","overlay-gradient":""},"tablet":{"background-color":"var(--ast-global-color-5)","background-image":"","background-repeat":"repeat","background-position":"center center","background-size":"auto","background-attachment":"scroll","background-type":"","background-media":"","overlay-type":"","overlay-color":"","overlay-opacity":"","overlay-gradient":""},"mobile":{"background-color":"var(--ast-global-color-5)","background-image":"","background-repeat":"repeat","background-position":"center center","background-size":"auto","background-attachment":"scroll","background-type":"","background-media":"","overlay-type":"","overlay-color":"","overlay-opacity":"","overlay-gradient":""}}},"product_brand":[],"product_cat":[173],"product_tag":[120,174],"class_list":{"0":"post-3568","1":"product","2":"type-product","3":"status-publish","4":"has-post-thumbnail","6":"product_cat-valve","7":"product_tag-scania","8":"product_tag-valvula","9":"desktop-align-center","10":"tablet-align-left","11":"mobile-align-left","12":"ast-product-gallery-layout-horizontal-slider","13":"ast-product-gallery-with-no-image","14":"ast-product-tabs-layout-horizontal","16":"first","17":"instock","18":"shipping-taxable","19":"product-type-simple"},"yoast_head":"<!-- This site is optimized with the Yoast SEO Premium plugin v26.7 (Yoast SEO v27.5) - https:\/\/yoast.com\/product\/yoast-seo-premium-wordpress\/ -->\n<title>9730110000 V\u00e1lvula rel\u00e9 - Aurora Truck Bus Parts<\/title>\n<meta name=\"description\" content=\"9730110000 V\u00e1lvula rel\u00e9, Montaje: 4 x M8, Rosca del puerto 1: M22 x 1.5, Rosca del puerto 2: 2x M22 x 1.5, VOLVO 42125234\" \/>\n<meta name=\"robots\" content=\"index, follow, max-snippet:-1, max-image-preview:large, max-video-preview:-1\" \/>\n<link rel=\"canonical\" href=\"https:\/\/www.auroraproparts.com\/es\/product\/9730110000-valvula-rele\/\" \/>\n<meta property=\"og:locale\" content=\"es_ES\" \/>\n<meta property=\"og:type\" content=\"article\" \/>\n<meta property=\"og:title\" content=\"9730110000 V\u00e1lvula rel\u00e9\" \/>\n<meta property=\"og:description\" content=\"9730110000 V\u00e1lvula rel\u00e9, Montaje: 4 x M8, Rosca del puerto 1: M22 x 1.5, Rosca del puerto 2: 2x M22 x 1.5, VOLVO 42125234\" \/>\n<meta property=\"og:url\" content=\"https:\/\/www.auroraproparts.com\/es\/product\/9730110000-valvula-rele\/\" \/>\n<meta property=\"og:site_name\" content=\"Aurora Truck Bus Parts\" \/>\n<meta property=\"article:modified_time\" content=\"2025-06-25T02:34:51+00:00\" \/>\n<meta property=\"og:image\" content=\"https:\/\/www.auroraproparts.com\/es\/wp-content\/uploads\/sites\/2\/2023\/08\/9730110000.webp\" \/>\n\t<meta property=\"og:image:width\" content=\"800\" \/>\n\t<meta property=\"og:image:height\" content=\"800\" \/>\n\t<meta property=\"og:image:type\" content=\"image\/webp\" \/>\n<meta name=\"twitter:card\" content=\"summary_large_image\" \/>\n<meta name=\"twitter:label1\" content=\"Tiempo de lectura\" \/>\n\t<meta name=\"twitter:data1\" content=\"2 minutos\" \/>\n<script type=\"application\/ld+json\" class=\"yoast-schema-graph\">{\"@context\":\"https:\\\/\\\/schema.org\",\"@graph\":[{\"@type\":\"WebPage\",\"@id\":\"https:\\\/\\\/www.auroraproparts.com\\\/es\\\/product\\\/9730110000-valvula-rele\\\/\",\"url\":\"https:\\\/\\\/www.auroraproparts.com\\\/es\\\/product\\\/9730110000-valvula-rele\\\/\",\"name\":\"9730110000 V\u00e1lvula rel\u00e9 - Aurora Truck Bus Parts\",\"isPartOf\":{\"@id\":\"https:\\\/\\\/www.auroraproparts.com\\\/es\\\/#website\"},\"primaryImageOfPage\":{\"@id\":\"https:\\\/\\\/www.auroraproparts.com\\\/es\\\/product\\\/9730110000-valvula-rele\\\/#primaryimage\"},\"image\":{\"@id\":\"https:\\\/\\\/www.auroraproparts.com\\\/es\\\/product\\\/9730110000-valvula-rele\\\/#primaryimage\"},\"thumbnailUrl\":\"https:\\\/\\\/www.auroraproparts.com\\\/es\\\/wp-content\\\/uploads\\\/sites\\\/2\\\/2023\\\/08\\\/9730110000.webp\",\"datePublished\":\"2023-08-28T13:55:16+00:00\",\"dateModified\":\"2025-06-25T02:34:51+00:00\",\"description\":\"9730110000 V\u00e1lvula rel\u00e9, Montaje: 4 x M8, Rosca del puerto 1: M22 x 1.5, Rosca del puerto 2: 2x M22 x 1.5, VOLVO 42125234\",\"breadcrumb\":{\"@id\":\"https:\\\/\\\/www.auroraproparts.com\\\/es\\\/product\\\/9730110000-valvula-rele\\\/#breadcrumb\"},\"inLanguage\":\"es\",\"potentialAction\":[{\"@type\":\"ReadAction\",\"target\":[\"https:\\\/\\\/www.auroraproparts.com\\\/es\\\/product\\\/9730110000-valvula-rele\\\/\"]}]},{\"@type\":\"ImageObject\",\"inLanguage\":\"es\",\"@id\":\"https:\\\/\\\/www.auroraproparts.com\\\/es\\\/product\\\/9730110000-valvula-rele\\\/#primaryimage\",\"url\":\"https:\\\/\\\/www.auroraproparts.com\\\/es\\\/wp-content\\\/uploads\\\/sites\\\/2\\\/2023\\\/08\\\/9730110000.webp\",\"contentUrl\":\"https:\\\/\\\/www.auroraproparts.com\\\/es\\\/wp-content\\\/uploads\\\/sites\\\/2\\\/2023\\\/08\\\/9730110000.webp\",\"width\":800,\"height\":800,\"caption\":\"9730110000 V\u00e1lvula rel\u00e9\"},{\"@type\":\"BreadcrumbList\",\"@id\":\"https:\\\/\\\/www.auroraproparts.com\\\/es\\\/product\\\/9730110000-valvula-rele\\\/#breadcrumb\",\"itemListElement\":[{\"@type\":\"ListItem\",\"position\":1,\"name\":\"\u9996\u9875\",\"item\":\"https:\\\/\\\/www.auroraproparts.com\\\/es\\\/\"},{\"@type\":\"ListItem\",\"position\":2,\"name\":\"Recambios Para Cami\u00f3n\",\"item\":\"https:\\\/\\\/www.auroraproparts.com\\\/es\\\/products\\\/\"},{\"@type\":\"ListItem\",\"position\":3,\"name\":\"9730110000 V\u00e1lvula rel\u00e9\"}]},{\"@type\":\"WebSite\",\"@id\":\"https:\\\/\\\/www.auroraproparts.com\\\/es\\\/#website\",\"url\":\"https:\\\/\\\/www.auroraproparts.com\\\/es\\\/\",\"name\":\"Aurora Truck Bus Parts\",\"description\":\"\",\"publisher\":{\"@id\":\"https:\\\/\\\/www.auroraproparts.com\\\/es\\\/#organization\"},\"potentialAction\":[{\"@type\":\"SearchAction\",\"target\":{\"@type\":\"EntryPoint\",\"urlTemplate\":\"https:\\\/\\\/www.auroraproparts.com\\\/es\\\/?s={search_term_string}\"},\"query-input\":{\"@type\":\"PropertyValueSpecification\",\"valueRequired\":true,\"valueName\":\"search_term_string\"}}],\"inLanguage\":\"es\"},{\"@type\":\"Organization\",\"@id\":\"https:\\\/\\\/www.auroraproparts.com\\\/es\\\/#organization\",\"name\":\"Aurora Truck Bus Parts\",\"url\":\"https:\\\/\\\/www.auroraproparts.com\\\/es\\\/\",\"logo\":{\"@type\":\"ImageObject\",\"inLanguage\":\"es\",\"@id\":\"https:\\\/\\\/www.auroraproparts.com\\\/es\\\/#\\\/schema\\\/logo\\\/image\\\/\",\"url\":\"https:\\\/\\\/www.auroraproparts.com\\\/es\\\/wp-content\\\/uploads\\\/sites\\\/2\\\/2023\\\/11\\\/logo.svg\",\"contentUrl\":\"https:\\\/\\\/www.auroraproparts.com\\\/es\\\/wp-content\\\/uploads\\\/sites\\\/2\\\/2023\\\/11\\\/logo.svg\",\"width\":313,\"height\":56,\"caption\":\"Aurora Truck Bus Parts\"},\"image\":{\"@id\":\"https:\\\/\\\/www.auroraproparts.com\\\/es\\\/#\\\/schema\\\/logo\\\/image\\\/\"}}]}<\/script>\n<!-- \/ Yoast SEO Premium plugin. -->","yoast_head_json":{"title":"9730110000 V\u00e1lvula rel\u00e9 - Aurora Truck Bus Parts","description":"9730110000 V\u00e1lvula rel\u00e9, Montaje: 4 x M8, Rosca del puerto 1: M22 x 1.5, Rosca del puerto 2: 2x M22 x 1.5, VOLVO 42125234","robots":{"index":"index","follow":"follow","max-snippet":"max-snippet:-1","max-image-preview":"max-image-preview:large","max-video-preview":"max-video-preview:-1"},"canonical":"https:\/\/www.auroraproparts.com\/es\/product\/9730110000-valvula-rele\/","og_locale":"es_ES","og_type":"article","og_title":"9730110000 V\u00e1lvula rel\u00e9","og_description":"9730110000 V\u00e1lvula rel\u00e9, Montaje: 4 x M8, Rosca del puerto 1: M22 x 1.5, Rosca del puerto 2: 2x M22 x 1.5, VOLVO 42125234","og_url":"https:\/\/www.auroraproparts.com\/es\/product\/9730110000-valvula-rele\/","og_site_name":"Aurora Truck Bus Parts","article_modified_time":"2025-06-25T02:34:51+00:00","og_image":[{"width":800,"height":800,"url":"https:\/\/www.auroraproparts.com\/es\/wp-content\/uploads\/sites\/2\/2023\/08\/9730110000.webp","type":"image\/webp"}],"twitter_card":"summary_large_image","twitter_misc":{"Tiempo de lectura":"2 minutos"},"schema":{"@context":"https:\/\/schema.org","@graph":[{"@type":"WebPage","@id":"https:\/\/www.auroraproparts.com\/es\/product\/9730110000-valvula-rele\/","url":"https:\/\/www.auroraproparts.com\/es\/product\/9730110000-valvula-rele\/","name":"9730110000 V\u00e1lvula rel\u00e9 - Aurora Truck Bus Parts","isPartOf":{"@id":"https:\/\/www.auroraproparts.com\/es\/#website"},"primaryImageOfPage":{"@id":"https:\/\/www.auroraproparts.com\/es\/product\/9730110000-valvula-rele\/#primaryimage"},"image":{"@id":"https:\/\/www.auroraproparts.com\/es\/product\/9730110000-valvula-rele\/#primaryimage"},"thumbnailUrl":"https:\/\/www.auroraproparts.com\/es\/wp-content\/uploads\/sites\/2\/2023\/08\/9730110000.webp","datePublished":"2023-08-28T13:55:16+00:00","dateModified":"2025-06-25T02:34:51+00:00","description":"9730110000 V\u00e1lvula rel\u00e9, Montaje: 4 x M8, Rosca del puerto 1: M22 x 1.5, Rosca del puerto 2: 2x M22 x 1.5, VOLVO 42125234","breadcrumb":{"@id":"https:\/\/www.auroraproparts.com\/es\/product\/9730110000-valvula-rele\/#breadcrumb"},"inLanguage":"es","potentialAction":[{"@type":"ReadAction","target":["https:\/\/www.auroraproparts.com\/es\/product\/9730110000-valvula-rele\/"]}]},{"@type":"ImageObject","inLanguage":"es","@id":"https:\/\/www.auroraproparts.com\/es\/product\/9730110000-valvula-rele\/#primaryimage","url":"https:\/\/www.auroraproparts.com\/es\/wp-content\/uploads\/sites\/2\/2023\/08\/9730110000.webp","contentUrl":"https:\/\/www.auroraproparts.com\/es\/wp-content\/uploads\/sites\/2\/2023\/08\/9730110000.webp","width":800,"height":800,"caption":"9730110000 V\u00e1lvula rel\u00e9"},{"@type":"BreadcrumbList","@id":"https:\/\/www.auroraproparts.com\/es\/product\/9730110000-valvula-rele\/#breadcrumb","itemListElement":[{"@type":"ListItem","position":1,"name":"\u9996\u9875","item":"https:\/\/www.auroraproparts.com\/es\/"},{"@type":"ListItem","position":2,"name":"Recambios Para Cami\u00f3n","item":"https:\/\/www.auroraproparts.com\/es\/products\/"},{"@type":"ListItem","position":3,"name":"9730110000 V\u00e1lvula rel\u00e9"}]},{"@type":"WebSite","@id":"https:\/\/www.auroraproparts.com\/es\/#website","url":"https:\/\/www.auroraproparts.com\/es\/","name":"Aurora Truck Bus Parts","description":"","publisher":{"@id":"https:\/\/www.auroraproparts.com\/es\/#organization"},"potentialAction":[{"@type":"SearchAction","target":{"@type":"EntryPoint","urlTemplate":"https:\/\/www.auroraproparts.com\/es\/?s={search_term_string}"},"query-input":{"@type":"PropertyValueSpecification","valueRequired":true,"valueName":"search_term_string"}}],"inLanguage":"es"},{"@type":"Organization","@id":"https:\/\/www.auroraproparts.com\/es\/#organization","name":"Aurora Truck Bus Parts","url":"https:\/\/www.auroraproparts.com\/es\/","logo":{"@type":"ImageObject","inLanguage":"es","@id":"https:\/\/www.auroraproparts.com\/es\/#\/schema\/logo\/image\/","url":"https:\/\/www.auroraproparts.com\/es\/wp-content\/uploads\/sites\/2\/2023\/11\/logo.svg","contentUrl":"https:\/\/www.auroraproparts.com\/es\/wp-content\/uploads\/sites\/2\/2023\/11\/logo.svg","width":313,"height":56,"caption":"Aurora Truck Bus Parts"},"image":{"@id":"https:\/\/www.auroraproparts.com\/es\/#\/schema\/logo\/image\/"}}]}},"_links":{"self":[{"href":"https:\/\/www.auroraproparts.com\/es\/wp-json\/wp\/v2\/product\/3568","targetHints":{"allow":["GET"]}}],"collection":[{"href":"https:\/\/www.auroraproparts.com\/es\/wp-json\/wp\/v2\/product"}],"about":[{"href":"https:\/\/www.auroraproparts.com\/es\/wp-json\/wp\/v2\/types\/product"}],"wp:featuredmedia":[{"embeddable":true,"href":"https:\/\/www.auroraproparts.com\/es\/wp-json\/wp\/v2\/media\/3569"}],"wp:attachment":[{"href":"https:\/\/www.auroraproparts.com\/es\/wp-json\/wp\/v2\/media?parent=3568"}],"wp:term":[{"taxonomy":"product_brand","embeddable":true,"href":"https:\/\/www.auroraproparts.com\/es\/wp-json\/wp\/v2\/product_brand?post=3568"},{"taxonomy":"product_cat","embeddable":true,"href":"https:\/\/www.auroraproparts.com\/es\/wp-json\/wp\/v2\/product_cat?post=3568"},{"taxonomy":"product_tag","embeddable":true,"href":"https:\/\/www.auroraproparts.com\/es\/wp-json\/wp\/v2\/product_tag?post=3568"}],"curies":[{"name":"wp","href":"https:\/\/api.w.org\/{rel}","templated":true}]}}