{"id":3573,"date":"2023-08-28T22:48:31","date_gmt":"2023-08-28T14:48:31","guid":{"rendered":"https:\/\/www.auroraproparts.com\/es\/?post_type=product&#038;p=3573"},"modified":"2023-08-28T22:57:20","modified_gmt":"2023-08-28T14:57:20","slug":"9347140100-valvula-cuadruple-proteccion-circuito","status":"publish","type":"product","link":"https:\/\/www.auroraproparts.com\/es\/product\/9347140100-valvula-cuadruple-proteccion-circuito\/","title":{"rendered":"9347140100 V\u00e1lvula cu\u00e1druple protecci\u00f3n circuito"},"content":{"rendered":"<p>9347140100 V\u00e1lvula cu\u00e1druple protecci\u00f3n circuito<\/p>\n<p>&nbsp;<\/p>\n<table>\n<tbody>\n<tr>\n<td colspan=\"4\" width=\"100.0000%\">\n<h6>Reemplaza<\/h6>\n<\/td>\n<\/tr>\n<tr>\n<td width=\"24.9800%\">CAMC<\/td>\n<td width=\"24.9800%\">3515ADY-010<\/td>\n<td width=\"24.9800%\">KING LONG<\/td>\n<td width=\"25.0000%\">235500100<\/td>\n<\/tr>\n<tr>\n<td width=\"24.9800%\">CNHTC<\/td>\n<td width=\"24.9800%\">WG9000360366\/4<\/td>\n<td width=\"24.9800%\">KING LONG<\/td>\n<td width=\"25.0000%\">35G42-15010<\/td>\n<\/tr>\n<tr>\n<td width=\"24.9800%\">DAF<\/td>\n<td width=\"24.9800%\">1524857<\/td>\n<td width=\"24.9800%\">MAN<\/td>\n<td width=\"25.0000%\">81521516073<\/td>\n<\/tr>\n<tr>\n<td width=\"24.9800%\">FAW<\/td>\n<td width=\"24.9800%\">3515010-Q348C<\/td>\n<td width=\"24.9800%\">MAN<\/td>\n<td width=\"25.0000%\">81521516082<\/td>\n<\/tr>\n<tr>\n<td width=\"24.9800%\">FAW<\/td>\n<td width=\"24.9800%\">S3515015-45Z<\/td>\n<td width=\"24.9800%\">MAN<\/td>\n<td width=\"25.0000%\">81521516092<\/td>\n<\/tr>\n<tr>\n<td width=\"24.9800%\">FAW<\/td>\n<td width=\"24.9800%\">S3515015-Y68<\/td>\n<td width=\"24.9800%\">MAN<\/td>\n<td width=\"25.0000%\">81521519092<\/td>\n<\/tr>\n<tr>\n<td width=\"24.9800%\">FOTON<\/td>\n<td width=\"24.9800%\">141704000000000000<\/td>\n<td width=\"24.9800%\">MAN<\/td>\n<td width=\"25.0000%\">81521516013<\/td>\n<\/tr>\n<tr>\n<td width=\"24.9800%\">HYUNDAI<\/td>\n<td width=\"24.9800%\">AA61K 43570<\/td>\n<td width=\"24.9800%\">MAN<\/td>\n<td width=\"25.0000%\">81521516081<\/td>\n<\/tr>\n<tr>\n<td width=\"24.9800%\">IRISBUS<\/td>\n<td width=\"24.9800%\">5801102059<\/td>\n<td width=\"24.9800%\">NEOPLAN<\/td>\n<td width=\"25.0000%\">81521516092<\/td>\n<\/tr>\n<tr>\n<td width=\"24.9800%\">IVECO<\/td>\n<td width=\"24.9800%\">5801102059<\/td>\n<td width=\"24.9800%\">SHAANXI<\/td>\n<td width=\"25.0000%\">6180H-3515010<\/td>\n<\/tr>\n<tr>\n<td width=\"24.9800%\">JAC<\/td>\n<td width=\"24.9800%\">59510-Y30A0<\/td>\n<td width=\"24.9800%\">SINOTRUK (CNHTC)<\/td>\n<td width=\"25.0000%\">WG9000360366\/4<\/td>\n<\/tr>\n<tr>\n<td width=\"24.9800%\">JAC<\/td>\n<td width=\"24.9800%\">W20702.00100.01W<\/td>\n<td width=\"24.9800%\">SUNWIN<\/td>\n<td width=\"25.0000%\">SWB563050058<\/td>\n<\/tr>\n<tr>\n<td width=\"24.9800%\">KIA<\/td>\n<td width=\"24.9800%\">AA61K43570<\/td>\n<td width=\"24.9800%\">YUTONG<\/td>\n<td width=\"25.0000%\">3515-00009<\/td>\n<\/tr>\n<tr>\n<td width=\"24.9800%\">ZHONGTONG<\/td>\n<td width=\"24.9800%\">3553-10-0001<\/td>\n<td width=\"24.9800%\"><\/td>\n<td width=\"25.0000%\"><\/td>\n<\/tr>\n<\/tbody>\n<\/table>\n","protected":false},"excerpt":{"rendered":"<table>\n<tbody>\n<tr>\n<td width=\"213\">Tipo de pieza<\/td>\n<td width=\"213\">V\u00e1lvula cu\u00e1druple protecci\u00f3n circuito<\/td>\n<\/tr>\n<\/tbody>\n<\/table>\n","protected":false},"featured_media":3574,"template":"","meta":{"site-sidebar-layout":"default","site-content-layout":"","ast-site-content-layout":"default","site-content-style":"default","site-sidebar-style":"default","ast-global-header-display":"","ast-banner-title-visibility":"","ast-main-header-display":"","ast-hfb-above-header-display":"","ast-hfb-below-header-display":"","ast-hfb-mobile-header-display":"","site-post-title":"","ast-breadcrumbs-content":"","ast-featured-img":"","footer-sml-layout":"","ast-disable-related-posts":"","theme-transparent-header-meta":"default","adv-header-id-meta":"","stick-header-meta":"","header-above-stick-meta":"","header-main-stick-meta":"","header-below-stick-meta":"","astra-migrate-meta-layouts":"set","ast-page-background-enabled":"default","ast-page-background-meta":{"desktop":{"background-color":"var(--ast-global-color-4)","background-image":"","background-repeat":"repeat","background-position":"center center","background-size":"auto","background-attachment":"scroll","background-type":"","background-media":"","overlay-type":"","overlay-color":"","overlay-opacity":"","overlay-gradient":""},"tablet":{"background-color":"","background-image":"","background-repeat":"repeat","background-position":"center center","background-size":"auto","background-attachment":"scroll","background-type":"","background-media":"","overlay-type":"","overlay-color":"","overlay-opacity":"","overlay-gradient":""},"mobile":{"background-color":"","background-image":"","background-repeat":"repeat","background-position":"center center","background-size":"auto","background-attachment":"scroll","background-type":"","background-media":"","overlay-type":"","overlay-color":"","overlay-opacity":"","overlay-gradient":""}},"ast-content-background-meta":{"desktop":{"background-color":"var(--ast-global-color-5)","background-image":"","background-repeat":"repeat","background-position":"center center","background-size":"auto","background-attachment":"scroll","background-type":"","background-media":"","overlay-type":"","overlay-color":"","overlay-opacity":"","overlay-gradient":""},"tablet":{"background-color":"var(--ast-global-color-5)","background-image":"","background-repeat":"repeat","background-position":"center center","background-size":"auto","background-attachment":"scroll","background-type":"","background-media":"","overlay-type":"","overlay-color":"","overlay-opacity":"","overlay-gradient":""},"mobile":{"background-color":"var(--ast-global-color-5)","background-image":"","background-repeat":"repeat","background-position":"center center","background-size":"auto","background-attachment":"scroll","background-type":"","background-media":"","overlay-type":"","overlay-color":"","overlay-opacity":"","overlay-gradient":""}}},"product_brand":[],"product_cat":[173],"product_tag":[120,174],"class_list":{"0":"post-3573","1":"product","2":"type-product","3":"status-publish","4":"has-post-thumbnail","6":"product_cat-valve","7":"product_tag-scania","8":"product_tag-valvula","9":"desktop-align-center","10":"tablet-align-left","11":"mobile-align-left","12":"ast-product-gallery-layout-horizontal-slider","13":"ast-product-gallery-with-no-image","14":"ast-product-tabs-layout-horizontal","16":"first","17":"instock","18":"shipping-taxable","19":"product-type-simple"},"yoast_head":"<!-- This site is optimized with the Yoast SEO Premium plugin v26.7 (Yoast SEO v27.5) - https:\/\/yoast.com\/product\/yoast-seo-premium-wordpress\/ -->\n<title>9347140100 V\u00e1lvula cu\u00e1druple protecci\u00f3n circuito - Aurora Truck Bus Parts<\/title>\n<meta name=\"description\" content=\"9347140100 V\u00e1lvula cu\u00e1druple protecci\u00f3n circuito, ZHONGTONG 3553-10-0001, MAN 81521516081, KING LONG 235500100, IVECO 5801102059\" \/>\n<meta name=\"robots\" content=\"index, follow, max-snippet:-1, max-image-preview:large, max-video-preview:-1\" \/>\n<link rel=\"canonical\" href=\"https:\/\/www.auroraproparts.com\/es\/product\/9347140100-valvula-cuadruple-proteccion-circuito\/\" \/>\n<meta property=\"og:locale\" content=\"es_ES\" \/>\n<meta property=\"og:type\" content=\"article\" \/>\n<meta property=\"og:title\" content=\"9347140100 V\u00e1lvula cu\u00e1druple protecci\u00f3n circuito\" \/>\n<meta property=\"og:description\" content=\"9347140100 V\u00e1lvula cu\u00e1druple protecci\u00f3n circuito, ZHONGTONG 3553-10-0001, MAN 81521516081, KING LONG 235500100, IVECO 5801102059\" \/>\n<meta property=\"og:url\" content=\"https:\/\/www.auroraproparts.com\/es\/product\/9347140100-valvula-cuadruple-proteccion-circuito\/\" \/>\n<meta property=\"og:site_name\" content=\"Aurora Truck Bus Parts\" \/>\n<meta property=\"article:modified_time\" content=\"2023-08-28T14:57:20+00:00\" \/>\n<meta property=\"og:image\" content=\"https:\/\/www.auroraproparts.com\/es\/wp-content\/uploads\/sites\/2\/2023\/08\/9347140100.webp\" \/>\n\t<meta property=\"og:image:width\" content=\"800\" \/>\n\t<meta property=\"og:image:height\" content=\"800\" \/>\n\t<meta property=\"og:image:type\" content=\"image\/webp\" \/>\n<meta name=\"twitter:card\" content=\"summary_large_image\" \/>\n<meta name=\"twitter:label1\" content=\"Tiempo de lectura\" \/>\n\t<meta name=\"twitter:data1\" content=\"1 minuto\" \/>\n<script type=\"application\/ld+json\" class=\"yoast-schema-graph\">{\"@context\":\"https:\\\/\\\/schema.org\",\"@graph\":[{\"@type\":\"WebPage\",\"@id\":\"https:\\\/\\\/www.auroraproparts.com\\\/es\\\/product\\\/9347140100-valvula-cuadruple-proteccion-circuito\\\/\",\"url\":\"https:\\\/\\\/www.auroraproparts.com\\\/es\\\/product\\\/9347140100-valvula-cuadruple-proteccion-circuito\\\/\",\"name\":\"9347140100 V\u00e1lvula cu\u00e1druple protecci\u00f3n circuito - Aurora Truck Bus Parts\",\"isPartOf\":{\"@id\":\"https:\\\/\\\/www.auroraproparts.com\\\/es\\\/#website\"},\"primaryImageOfPage\":{\"@id\":\"https:\\\/\\\/www.auroraproparts.com\\\/es\\\/product\\\/9347140100-valvula-cuadruple-proteccion-circuito\\\/#primaryimage\"},\"image\":{\"@id\":\"https:\\\/\\\/www.auroraproparts.com\\\/es\\\/product\\\/9347140100-valvula-cuadruple-proteccion-circuito\\\/#primaryimage\"},\"thumbnailUrl\":\"https:\\\/\\\/www.auroraproparts.com\\\/es\\\/wp-content\\\/uploads\\\/sites\\\/2\\\/2023\\\/08\\\/9347140100.webp\",\"datePublished\":\"2023-08-28T14:48:31+00:00\",\"dateModified\":\"2023-08-28T14:57:20+00:00\",\"description\":\"9347140100 V\u00e1lvula cu\u00e1druple protecci\u00f3n circuito, ZHONGTONG 3553-10-0001, MAN 81521516081, KING LONG 235500100, IVECO 5801102059\",\"breadcrumb\":{\"@id\":\"https:\\\/\\\/www.auroraproparts.com\\\/es\\\/product\\\/9347140100-valvula-cuadruple-proteccion-circuito\\\/#breadcrumb\"},\"inLanguage\":\"es\",\"potentialAction\":[{\"@type\":\"ReadAction\",\"target\":[\"https:\\\/\\\/www.auroraproparts.com\\\/es\\\/product\\\/9347140100-valvula-cuadruple-proteccion-circuito\\\/\"]}]},{\"@type\":\"ImageObject\",\"inLanguage\":\"es\",\"@id\":\"https:\\\/\\\/www.auroraproparts.com\\\/es\\\/product\\\/9347140100-valvula-cuadruple-proteccion-circuito\\\/#primaryimage\",\"url\":\"https:\\\/\\\/www.auroraproparts.com\\\/es\\\/wp-content\\\/uploads\\\/sites\\\/2\\\/2023\\\/08\\\/9347140100.webp\",\"contentUrl\":\"https:\\\/\\\/www.auroraproparts.com\\\/es\\\/wp-content\\\/uploads\\\/sites\\\/2\\\/2023\\\/08\\\/9347140100.webp\",\"width\":800,\"height\":800,\"caption\":\"9347140100 V\u00e1lvula cu\u00e1druple protecci\u00f3n circuito\"},{\"@type\":\"BreadcrumbList\",\"@id\":\"https:\\\/\\\/www.auroraproparts.com\\\/es\\\/product\\\/9347140100-valvula-cuadruple-proteccion-circuito\\\/#breadcrumb\",\"itemListElement\":[{\"@type\":\"ListItem\",\"position\":1,\"name\":\"\u9996\u9875\",\"item\":\"https:\\\/\\\/www.auroraproparts.com\\\/es\\\/\"},{\"@type\":\"ListItem\",\"position\":2,\"name\":\"Recambios Para Cami\u00f3n\",\"item\":\"https:\\\/\\\/www.auroraproparts.com\\\/es\\\/products\\\/\"},{\"@type\":\"ListItem\",\"position\":3,\"name\":\"9347140100 V\u00e1lvula cu\u00e1druple protecci\u00f3n circuito\"}]},{\"@type\":\"WebSite\",\"@id\":\"https:\\\/\\\/www.auroraproparts.com\\\/es\\\/#website\",\"url\":\"https:\\\/\\\/www.auroraproparts.com\\\/es\\\/\",\"name\":\"Aurora Truck Bus Parts\",\"description\":\"\",\"publisher\":{\"@id\":\"https:\\\/\\\/www.auroraproparts.com\\\/es\\\/#organization\"},\"potentialAction\":[{\"@type\":\"SearchAction\",\"target\":{\"@type\":\"EntryPoint\",\"urlTemplate\":\"https:\\\/\\\/www.auroraproparts.com\\\/es\\\/?s={search_term_string}\"},\"query-input\":{\"@type\":\"PropertyValueSpecification\",\"valueRequired\":true,\"valueName\":\"search_term_string\"}}],\"inLanguage\":\"es\"},{\"@type\":\"Organization\",\"@id\":\"https:\\\/\\\/www.auroraproparts.com\\\/es\\\/#organization\",\"name\":\"Aurora Truck Bus Parts\",\"url\":\"https:\\\/\\\/www.auroraproparts.com\\\/es\\\/\",\"logo\":{\"@type\":\"ImageObject\",\"inLanguage\":\"es\",\"@id\":\"https:\\\/\\\/www.auroraproparts.com\\\/es\\\/#\\\/schema\\\/logo\\\/image\\\/\",\"url\":\"https:\\\/\\\/www.auroraproparts.com\\\/es\\\/wp-content\\\/uploads\\\/sites\\\/2\\\/2023\\\/11\\\/logo.svg\",\"contentUrl\":\"https:\\\/\\\/www.auroraproparts.com\\\/es\\\/wp-content\\\/uploads\\\/sites\\\/2\\\/2023\\\/11\\\/logo.svg\",\"width\":313,\"height\":56,\"caption\":\"Aurora Truck Bus Parts\"},\"image\":{\"@id\":\"https:\\\/\\\/www.auroraproparts.com\\\/es\\\/#\\\/schema\\\/logo\\\/image\\\/\"}}]}<\/script>\n<!-- \/ Yoast SEO Premium plugin. -->","yoast_head_json":{"title":"9347140100 V\u00e1lvula cu\u00e1druple protecci\u00f3n circuito - Aurora Truck Bus Parts","description":"9347140100 V\u00e1lvula cu\u00e1druple protecci\u00f3n circuito, ZHONGTONG 3553-10-0001, MAN 81521516081, KING LONG 235500100, IVECO 5801102059","robots":{"index":"index","follow":"follow","max-snippet":"max-snippet:-1","max-image-preview":"max-image-preview:large","max-video-preview":"max-video-preview:-1"},"canonical":"https:\/\/www.auroraproparts.com\/es\/product\/9347140100-valvula-cuadruple-proteccion-circuito\/","og_locale":"es_ES","og_type":"article","og_title":"9347140100 V\u00e1lvula cu\u00e1druple protecci\u00f3n circuito","og_description":"9347140100 V\u00e1lvula cu\u00e1druple protecci\u00f3n circuito, ZHONGTONG 3553-10-0001, MAN 81521516081, KING LONG 235500100, IVECO 5801102059","og_url":"https:\/\/www.auroraproparts.com\/es\/product\/9347140100-valvula-cuadruple-proteccion-circuito\/","og_site_name":"Aurora Truck Bus Parts","article_modified_time":"2023-08-28T14:57:20+00:00","og_image":[{"width":800,"height":800,"url":"https:\/\/www.auroraproparts.com\/es\/wp-content\/uploads\/sites\/2\/2023\/08\/9347140100.webp","type":"image\/webp"}],"twitter_card":"summary_large_image","twitter_misc":{"Tiempo de lectura":"1 minuto"},"schema":{"@context":"https:\/\/schema.org","@graph":[{"@type":"WebPage","@id":"https:\/\/www.auroraproparts.com\/es\/product\/9347140100-valvula-cuadruple-proteccion-circuito\/","url":"https:\/\/www.auroraproparts.com\/es\/product\/9347140100-valvula-cuadruple-proteccion-circuito\/","name":"9347140100 V\u00e1lvula cu\u00e1druple protecci\u00f3n circuito - Aurora Truck Bus Parts","isPartOf":{"@id":"https:\/\/www.auroraproparts.com\/es\/#website"},"primaryImageOfPage":{"@id":"https:\/\/www.auroraproparts.com\/es\/product\/9347140100-valvula-cuadruple-proteccion-circuito\/#primaryimage"},"image":{"@id":"https:\/\/www.auroraproparts.com\/es\/product\/9347140100-valvula-cuadruple-proteccion-circuito\/#primaryimage"},"thumbnailUrl":"https:\/\/www.auroraproparts.com\/es\/wp-content\/uploads\/sites\/2\/2023\/08\/9347140100.webp","datePublished":"2023-08-28T14:48:31+00:00","dateModified":"2023-08-28T14:57:20+00:00","description":"9347140100 V\u00e1lvula cu\u00e1druple protecci\u00f3n circuito, ZHONGTONG 3553-10-0001, MAN 81521516081, KING LONG 235500100, IVECO 5801102059","breadcrumb":{"@id":"https:\/\/www.auroraproparts.com\/es\/product\/9347140100-valvula-cuadruple-proteccion-circuito\/#breadcrumb"},"inLanguage":"es","potentialAction":[{"@type":"ReadAction","target":["https:\/\/www.auroraproparts.com\/es\/product\/9347140100-valvula-cuadruple-proteccion-circuito\/"]}]},{"@type":"ImageObject","inLanguage":"es","@id":"https:\/\/www.auroraproparts.com\/es\/product\/9347140100-valvula-cuadruple-proteccion-circuito\/#primaryimage","url":"https:\/\/www.auroraproparts.com\/es\/wp-content\/uploads\/sites\/2\/2023\/08\/9347140100.webp","contentUrl":"https:\/\/www.auroraproparts.com\/es\/wp-content\/uploads\/sites\/2\/2023\/08\/9347140100.webp","width":800,"height":800,"caption":"9347140100 V\u00e1lvula cu\u00e1druple protecci\u00f3n circuito"},{"@type":"BreadcrumbList","@id":"https:\/\/www.auroraproparts.com\/es\/product\/9347140100-valvula-cuadruple-proteccion-circuito\/#breadcrumb","itemListElement":[{"@type":"ListItem","position":1,"name":"\u9996\u9875","item":"https:\/\/www.auroraproparts.com\/es\/"},{"@type":"ListItem","position":2,"name":"Recambios Para Cami\u00f3n","item":"https:\/\/www.auroraproparts.com\/es\/products\/"},{"@type":"ListItem","position":3,"name":"9347140100 V\u00e1lvula cu\u00e1druple protecci\u00f3n circuito"}]},{"@type":"WebSite","@id":"https:\/\/www.auroraproparts.com\/es\/#website","url":"https:\/\/www.auroraproparts.com\/es\/","name":"Aurora Truck Bus Parts","description":"","publisher":{"@id":"https:\/\/www.auroraproparts.com\/es\/#organization"},"potentialAction":[{"@type":"SearchAction","target":{"@type":"EntryPoint","urlTemplate":"https:\/\/www.auroraproparts.com\/es\/?s={search_term_string}"},"query-input":{"@type":"PropertyValueSpecification","valueRequired":true,"valueName":"search_term_string"}}],"inLanguage":"es"},{"@type":"Organization","@id":"https:\/\/www.auroraproparts.com\/es\/#organization","name":"Aurora Truck Bus Parts","url":"https:\/\/www.auroraproparts.com\/es\/","logo":{"@type":"ImageObject","inLanguage":"es","@id":"https:\/\/www.auroraproparts.com\/es\/#\/schema\/logo\/image\/","url":"https:\/\/www.auroraproparts.com\/es\/wp-content\/uploads\/sites\/2\/2023\/11\/logo.svg","contentUrl":"https:\/\/www.auroraproparts.com\/es\/wp-content\/uploads\/sites\/2\/2023\/11\/logo.svg","width":313,"height":56,"caption":"Aurora Truck Bus Parts"},"image":{"@id":"https:\/\/www.auroraproparts.com\/es\/#\/schema\/logo\/image\/"}}]}},"_links":{"self":[{"href":"https:\/\/www.auroraproparts.com\/es\/wp-json\/wp\/v2\/product\/3573","targetHints":{"allow":["GET"]}}],"collection":[{"href":"https:\/\/www.auroraproparts.com\/es\/wp-json\/wp\/v2\/product"}],"about":[{"href":"https:\/\/www.auroraproparts.com\/es\/wp-json\/wp\/v2\/types\/product"}],"wp:featuredmedia":[{"embeddable":true,"href":"https:\/\/www.auroraproparts.com\/es\/wp-json\/wp\/v2\/media\/3574"}],"wp:attachment":[{"href":"https:\/\/www.auroraproparts.com\/es\/wp-json\/wp\/v2\/media?parent=3573"}],"wp:term":[{"taxonomy":"product_brand","embeddable":true,"href":"https:\/\/www.auroraproparts.com\/es\/wp-json\/wp\/v2\/product_brand?post=3573"},{"taxonomy":"product_cat","embeddable":true,"href":"https:\/\/www.auroraproparts.com\/es\/wp-json\/wp\/v2\/product_cat?post=3573"},{"taxonomy":"product_tag","embeddable":true,"href":"https:\/\/www.auroraproparts.com\/es\/wp-json\/wp\/v2\/product_tag?post=3573"}],"curies":[{"name":"wp","href":"https:\/\/api.w.org\/{rel}","templated":true}]}}