{"id":3583,"date":"2023-08-29T10:31:26","date_gmt":"2023-08-29T02:31:26","guid":{"rendered":"https:\/\/www.auroraproparts.com\/es\/?post_type=product&#038;p=3583"},"modified":"2025-05-19T09:28:21","modified_gmt":"2025-05-19T01:28:21","slug":"9347020400-valvula-cuadruple-proteccion-circuito","status":"publish","type":"product","link":"https:\/\/www.auroraproparts.com\/es\/product\/9347020400-valvula-cuadruple-proteccion-circuito\/","title":{"rendered":"9347020400 V\u00e1lvula cu\u00e1druple protecci\u00f3n circuito"},"content":{"rendered":"<h2>9347020400 V\u00e1lvula cu\u00e1druple protecci\u00f3n circuito<\/h2>\n<p>&nbsp;<\/p>\n<table>\n<tbody>\n<tr>\n<td colspan=\"4\" width=\"100.0000%\"><strong>Reemplaza<\/strong><\/td>\n<\/tr>\n<tr>\n<td width=\"24.9800%\">VOLVO<\/td>\n<td width=\"24.9800%\">203504870<\/td>\n<td width=\"24.9800%\">MERCEDES-BENZ<\/td>\n<td width=\"25.0000%\">14311306<\/td>\n<\/tr>\n<tr>\n<td width=\"24.9800%\">VOLVO<\/td>\n<td width=\"24.9800%\">1130617<\/td>\n<td width=\"24.9800%\">MERCEDES-BENZ<\/td>\n<td width=\"25.0000%\">14312006<\/td>\n<\/tr>\n<tr>\n<td width=\"24.9800%\">DAF<\/td>\n<td width=\"24.9800%\">112227<\/td>\n<td width=\"24.9800%\">MERCEDES-BENZ<\/td>\n<td width=\"25.0000%\">14315806<\/td>\n<\/tr>\n<tr>\n<td width=\"24.9800%\">EVOBUS<\/td>\n<td width=\"24.9800%\">A0014311306<\/td>\n<td width=\"24.9800%\">MERCEDES-BENZ<\/td>\n<td width=\"25.0000%\">14315906<\/td>\n<\/tr>\n<tr>\n<td width=\"24.9800%\">FAUN<\/td>\n<td width=\"24.9800%\">1614170<\/td>\n<td width=\"24.9800%\">MERCEDES-BENZ<\/td>\n<td width=\"25.0000%\">A0014311306<\/td>\n<\/tr>\n<tr>\n<td width=\"24.9800%\">FAUN<\/td>\n<td width=\"24.9800%\">1614268<\/td>\n<td width=\"24.9800%\">NEOPLAN<\/td>\n<td width=\"25.0000%\">110251100<\/td>\n<\/tr>\n<tr>\n<td width=\"24.9800%\">FAUN<\/td>\n<td width=\"24.9800%\">99708410128<\/td>\n<td width=\"24.9800%\">O&amp;K<\/td>\n<td width=\"25.0000%\">8410128<\/td>\n<\/tr>\n<tr>\n<td width=\"24.9800%\">FODEN TRUCKS<\/td>\n<td width=\"24.9800%\">11250507<\/td>\n<td width=\"24.9800%\">PACCAR<\/td>\n<td width=\"25.0000%\">1505396<\/td>\n<\/tr>\n<tr>\n<td width=\"24.9800%\">FUSO (MITSUBISHI)<\/td>\n<td width=\"24.9800%\">MC822399<\/td>\n<td width=\"24.9800%\">Ppt<\/td>\n<td width=\"25.0000%\">5241140010<\/td>\n<\/tr>\n<tr>\n<td width=\"24.9800%\">IKARBUS<\/td>\n<td width=\"24.9800%\">1614534<\/td>\n<td width=\"24.9800%\">RENAULT<\/td>\n<td width=\"25.0000%\">719762<\/td>\n<\/tr>\n<tr>\n<td width=\"24.9800%\">IVECO<\/td>\n<td width=\"24.9800%\">61577721<\/td>\n<td width=\"24.9800%\">RENAULT<\/td>\n<td width=\"25.0000%\">5000587468<\/td>\n<\/tr>\n<tr>\n<td width=\"24.9800%\">IVECO<\/td>\n<td width=\"24.9800%\">2516914<\/td>\n<td width=\"24.9800%\">RENAULT<\/td>\n<td width=\"25.0000%\">719762<\/td>\n<\/tr>\n<tr>\n<td width=\"24.9800%\">IVECO<\/td>\n<td width=\"24.9800%\">2516965<\/td>\n<td width=\"24.9800%\">SCANIA<\/td>\n<td width=\"25.0000%\">1935489<\/td>\n<\/tr>\n<tr>\n<td width=\"24.9800%\">IVECO<\/td>\n<td width=\"24.9800%\">2520184<\/td>\n<td width=\"24.9800%\">STEYR<\/td>\n<td width=\"25.0000%\">99014360335<\/td>\n<\/tr>\n<tr>\n<td width=\"24.9800%\">MAN<\/td>\n<td width=\"24.9800%\">81521516005<\/td>\n<td width=\"24.9800%\">STEYR<\/td>\n<td width=\"25.0000%\">79000360345<\/td>\n<\/tr>\n<tr>\n<td width=\"24.9800%\">MAN<\/td>\n<td width=\"24.9800%\">81521516009<\/td>\n<td width=\"24.9800%\">STEYR<\/td>\n<td width=\"25.0000%\">79100360011<\/td>\n<\/tr>\n<tr>\n<td width=\"24.9800%\">MAN<\/td>\n<td width=\"24.9800%\">81521516024<\/td>\n<td width=\"24.9800%\">STEYR<\/td>\n<td width=\"25.0000%\">89100360003<\/td>\n<\/tr>\n<tr>\n<td width=\"24.9800%\">MAN<\/td>\n<td width=\"24.9800%\">82521516000<\/td>\n<td width=\"24.9800%\">TEREX<\/td>\n<td width=\"25.0000%\">18026140<\/td>\n<\/tr>\n<tr>\n<td width=\"24.9800%\">MAN<\/td>\n<td width=\"24.9800%\">82252151600<\/td>\n<td width=\"24.9800%\">VOLVO<\/td>\n<td width=\"25.0000%\">4871098<\/td>\n<\/tr>\n<tr>\n<td width=\"24.9800%\">VOLVO<\/td>\n<td width=\"24.9800%\">SA203504870<\/td>\n<td width=\"24.9800%\">VOLVO<\/td>\n<td width=\"25.0000%\">1593150<\/td>\n<\/tr>\n<\/tbody>\n<\/table>\n","protected":false},"excerpt":{"rendered":"<table>\n<tbody>\n<tr>\n<td width=\"213\">Tipo<\/td>\n<td width=\"213\">V\u00e1lvula cu\u00e1druple protecci\u00f3n circuito<\/td>\n<\/tr>\n<tr>\n<td width=\"213\">Montaje<\/td>\n<td width=\"213\">2x \u00d8 9.5 mm<\/td>\n<\/tr>\n<tr>\n<td width=\"213\">Rosca del puerto 1<\/td>\n<td width=\"213\">M22 x 1.5<\/td>\n<\/tr>\n<tr>\n<td width=\"213\">Rosca del puerto 21<\/td>\n<td width=\"213\">M16 x 1.5<\/td>\n<\/tr>\n<tr>\n<td width=\"213\">Rosca del puerto 22<\/td>\n<td width=\"213\">M16 x 1.5<\/td>\n<\/tr>\n<tr>\n<td width=\"213\">Rosca del puerto 22<\/td>\n<td width=\"213\">M16 x 1.5<\/td>\n<\/tr>\n<tr>\n<td width=\"213\">Rosca del puerto 23<\/td>\n<td width=\"213\">M16 x 1.5<\/td>\n<\/tr>\n<tr>\n<td width=\"213\">Rosca del puerto 24<\/td>\n<td width=\"213\">M16 x 1.5<\/td>\n<\/tr>\n<\/tbody>\n<\/table>\n","protected":false},"featured_media":3584,"template":"","meta":{"site-sidebar-layout":"default","site-content-layout":"","ast-site-content-layout":"default","site-content-style":"default","site-sidebar-style":"default","ast-global-header-display":"","ast-banner-title-visibility":"","ast-main-header-display":"","ast-hfb-above-header-display":"","ast-hfb-below-header-display":"","ast-hfb-mobile-header-display":"","site-post-title":"","ast-breadcrumbs-content":"","ast-featured-img":"","footer-sml-layout":"","ast-disable-related-posts":"","theme-transparent-header-meta":"default","adv-header-id-meta":"","stick-header-meta":"default","header-above-stick-meta":"","header-main-stick-meta":"","header-below-stick-meta":"","astra-migrate-meta-layouts":"set","ast-page-background-enabled":"default","ast-page-background-meta":{"desktop":{"background-color":"var(--ast-global-color-4)","background-image":"","background-repeat":"repeat","background-position":"center center","background-size":"auto","background-attachment":"scroll","background-type":"","background-media":"","overlay-type":"","overlay-color":"","overlay-opacity":"","overlay-gradient":""},"tablet":{"background-color":"","background-image":"","background-repeat":"repeat","background-position":"center center","background-size":"auto","background-attachment":"scroll","background-type":"","background-media":"","overlay-type":"","overlay-color":"","overlay-opacity":"","overlay-gradient":""},"mobile":{"background-color":"","background-image":"","background-repeat":"repeat","background-position":"center center","background-size":"auto","background-attachment":"scroll","background-type":"","background-media":"","overlay-type":"","overlay-color":"","overlay-opacity":"","overlay-gradient":""}},"ast-content-background-meta":{"desktop":{"background-color":"var(--ast-global-color-5)","background-image":"","background-repeat":"repeat","background-position":"center center","background-size":"auto","background-attachment":"scroll","background-type":"","background-media":"","overlay-type":"","overlay-color":"","overlay-opacity":"","overlay-gradient":""},"tablet":{"background-color":"var(--ast-global-color-5)","background-image":"","background-repeat":"repeat","background-position":"center center","background-size":"auto","background-attachment":"scroll","background-type":"","background-media":"","overlay-type":"","overlay-color":"","overlay-opacity":"","overlay-gradient":""},"mobile":{"background-color":"var(--ast-global-color-5)","background-image":"","background-repeat":"repeat","background-position":"center center","background-size":"auto","background-attachment":"scroll","background-type":"","background-media":"","overlay-type":"","overlay-color":"","overlay-opacity":"","overlay-gradient":""}}},"product_brand":[],"product_cat":[173],"product_tag":[42,83,174],"class_list":{"0":"post-3583","1":"product","2":"type-product","3":"status-publish","4":"has-post-thumbnail","6":"product_cat-valve","7":"product_tag-daf","8":"product_tag-man","9":"product_tag-valvula","10":"desktop-align-center","11":"tablet-align-left","12":"mobile-align-left","13":"ast-product-gallery-layout-horizontal-slider","14":"ast-product-gallery-with-no-image","15":"ast-product-tabs-layout-horizontal","17":"first","18":"instock","19":"shipping-taxable","20":"product-type-simple"},"yoast_head":"<!-- This site is optimized with the Yoast SEO Premium plugin v26.7 (Yoast SEO v27.5) - https:\/\/yoast.com\/product\/yoast-seo-premium-wordpress\/ -->\n<title>9347020400 V\u00e1lvula cu\u00e1druple protecci\u00f3n circuito - Aurora Truck Bus Parts<\/title>\n<meta name=\"description\" content=\"9347020400 V\u00e1lvula cu\u00e1druple protecci\u00f3n circuito, VOLVO 203504870, MERCEDES-BENZ 14311306, DAF 112227, IVECO 61577721, MAN 81521516009\" \/>\n<meta name=\"robots\" content=\"index, follow, max-snippet:-1, max-image-preview:large, max-video-preview:-1\" \/>\n<link rel=\"canonical\" href=\"https:\/\/www.auroraproparts.com\/es\/product\/9347020400-valvula-cuadruple-proteccion-circuito\/\" \/>\n<meta property=\"og:locale\" content=\"es_ES\" \/>\n<meta property=\"og:type\" content=\"article\" \/>\n<meta property=\"og:title\" content=\"9347020400 V\u00e1lvula cu\u00e1druple protecci\u00f3n circuito\" \/>\n<meta property=\"og:description\" content=\"9347020400 V\u00e1lvula cu\u00e1druple protecci\u00f3n circuito, VOLVO 203504870, MERCEDES-BENZ 14311306, DAF 112227, IVECO 61577721, MAN 81521516009\" \/>\n<meta property=\"og:url\" content=\"https:\/\/www.auroraproparts.com\/es\/product\/9347020400-valvula-cuadruple-proteccion-circuito\/\" \/>\n<meta property=\"og:site_name\" content=\"Aurora Truck Bus Parts\" \/>\n<meta property=\"article:modified_time\" content=\"2025-05-19T01:28:21+00:00\" \/>\n<meta property=\"og:image\" content=\"https:\/\/www.auroraproparts.com\/es\/wp-content\/uploads\/sites\/2\/2023\/08\/9347020400.webp\" \/>\n\t<meta property=\"og:image:width\" content=\"800\" \/>\n\t<meta property=\"og:image:height\" content=\"800\" \/>\n\t<meta property=\"og:image:type\" content=\"image\/webp\" \/>\n<meta name=\"twitter:card\" content=\"summary_large_image\" \/>\n<meta name=\"twitter:label1\" content=\"Tiempo de lectura\" \/>\n\t<meta name=\"twitter:data1\" content=\"1 minuto\" \/>\n<script type=\"application\/ld+json\" class=\"yoast-schema-graph\">{\"@context\":\"https:\\\/\\\/schema.org\",\"@graph\":[{\"@type\":\"WebPage\",\"@id\":\"https:\\\/\\\/www.auroraproparts.com\\\/es\\\/product\\\/9347020400-valvula-cuadruple-proteccion-circuito\\\/\",\"url\":\"https:\\\/\\\/www.auroraproparts.com\\\/es\\\/product\\\/9347020400-valvula-cuadruple-proteccion-circuito\\\/\",\"name\":\"9347020400 V\u00e1lvula cu\u00e1druple protecci\u00f3n circuito - Aurora Truck Bus Parts\",\"isPartOf\":{\"@id\":\"https:\\\/\\\/www.auroraproparts.com\\\/es\\\/#website\"},\"primaryImageOfPage\":{\"@id\":\"https:\\\/\\\/www.auroraproparts.com\\\/es\\\/product\\\/9347020400-valvula-cuadruple-proteccion-circuito\\\/#primaryimage\"},\"image\":{\"@id\":\"https:\\\/\\\/www.auroraproparts.com\\\/es\\\/product\\\/9347020400-valvula-cuadruple-proteccion-circuito\\\/#primaryimage\"},\"thumbnailUrl\":\"https:\\\/\\\/www.auroraproparts.com\\\/es\\\/wp-content\\\/uploads\\\/sites\\\/2\\\/2023\\\/08\\\/9347020400.webp\",\"datePublished\":\"2023-08-29T02:31:26+00:00\",\"dateModified\":\"2025-05-19T01:28:21+00:00\",\"description\":\"9347020400 V\u00e1lvula cu\u00e1druple protecci\u00f3n circuito, VOLVO 203504870, MERCEDES-BENZ 14311306, DAF 112227, IVECO 61577721, MAN 81521516009\",\"breadcrumb\":{\"@id\":\"https:\\\/\\\/www.auroraproparts.com\\\/es\\\/product\\\/9347020400-valvula-cuadruple-proteccion-circuito\\\/#breadcrumb\"},\"inLanguage\":\"es\",\"potentialAction\":[{\"@type\":\"ReadAction\",\"target\":[\"https:\\\/\\\/www.auroraproparts.com\\\/es\\\/product\\\/9347020400-valvula-cuadruple-proteccion-circuito\\\/\"]}]},{\"@type\":\"ImageObject\",\"inLanguage\":\"es\",\"@id\":\"https:\\\/\\\/www.auroraproparts.com\\\/es\\\/product\\\/9347020400-valvula-cuadruple-proteccion-circuito\\\/#primaryimage\",\"url\":\"https:\\\/\\\/www.auroraproparts.com\\\/es\\\/wp-content\\\/uploads\\\/sites\\\/2\\\/2023\\\/08\\\/9347020400.webp\",\"contentUrl\":\"https:\\\/\\\/www.auroraproparts.com\\\/es\\\/wp-content\\\/uploads\\\/sites\\\/2\\\/2023\\\/08\\\/9347020400.webp\",\"width\":800,\"height\":800,\"caption\":\"9347020400 V\u00e1lvula cu\u00e1druple protecci\u00f3n circuito\"},{\"@type\":\"BreadcrumbList\",\"@id\":\"https:\\\/\\\/www.auroraproparts.com\\\/es\\\/product\\\/9347020400-valvula-cuadruple-proteccion-circuito\\\/#breadcrumb\",\"itemListElement\":[{\"@type\":\"ListItem\",\"position\":1,\"name\":\"\u9996\u9875\",\"item\":\"https:\\\/\\\/www.auroraproparts.com\\\/es\\\/\"},{\"@type\":\"ListItem\",\"position\":2,\"name\":\"Recambios Para Cami\u00f3n\",\"item\":\"https:\\\/\\\/www.auroraproparts.com\\\/es\\\/products\\\/\"},{\"@type\":\"ListItem\",\"position\":3,\"name\":\"9347020400 V\u00e1lvula cu\u00e1druple protecci\u00f3n circuito\"}]},{\"@type\":\"WebSite\",\"@id\":\"https:\\\/\\\/www.auroraproparts.com\\\/es\\\/#website\",\"url\":\"https:\\\/\\\/www.auroraproparts.com\\\/es\\\/\",\"name\":\"Aurora Truck Bus Parts\",\"description\":\"\",\"publisher\":{\"@id\":\"https:\\\/\\\/www.auroraproparts.com\\\/es\\\/#organization\"},\"potentialAction\":[{\"@type\":\"SearchAction\",\"target\":{\"@type\":\"EntryPoint\",\"urlTemplate\":\"https:\\\/\\\/www.auroraproparts.com\\\/es\\\/?s={search_term_string}\"},\"query-input\":{\"@type\":\"PropertyValueSpecification\",\"valueRequired\":true,\"valueName\":\"search_term_string\"}}],\"inLanguage\":\"es\"},{\"@type\":\"Organization\",\"@id\":\"https:\\\/\\\/www.auroraproparts.com\\\/es\\\/#organization\",\"name\":\"Aurora Truck Bus Parts\",\"url\":\"https:\\\/\\\/www.auroraproparts.com\\\/es\\\/\",\"logo\":{\"@type\":\"ImageObject\",\"inLanguage\":\"es\",\"@id\":\"https:\\\/\\\/www.auroraproparts.com\\\/es\\\/#\\\/schema\\\/logo\\\/image\\\/\",\"url\":\"https:\\\/\\\/www.auroraproparts.com\\\/es\\\/wp-content\\\/uploads\\\/sites\\\/2\\\/2023\\\/11\\\/logo.svg\",\"contentUrl\":\"https:\\\/\\\/www.auroraproparts.com\\\/es\\\/wp-content\\\/uploads\\\/sites\\\/2\\\/2023\\\/11\\\/logo.svg\",\"width\":313,\"height\":56,\"caption\":\"Aurora Truck Bus Parts\"},\"image\":{\"@id\":\"https:\\\/\\\/www.auroraproparts.com\\\/es\\\/#\\\/schema\\\/logo\\\/image\\\/\"}}]}<\/script>\n<!-- \/ Yoast SEO Premium plugin. -->","yoast_head_json":{"title":"9347020400 V\u00e1lvula cu\u00e1druple protecci\u00f3n circuito - Aurora Truck Bus Parts","description":"9347020400 V\u00e1lvula cu\u00e1druple protecci\u00f3n circuito, VOLVO 203504870, MERCEDES-BENZ 14311306, DAF 112227, IVECO 61577721, MAN 81521516009","robots":{"index":"index","follow":"follow","max-snippet":"max-snippet:-1","max-image-preview":"max-image-preview:large","max-video-preview":"max-video-preview:-1"},"canonical":"https:\/\/www.auroraproparts.com\/es\/product\/9347020400-valvula-cuadruple-proteccion-circuito\/","og_locale":"es_ES","og_type":"article","og_title":"9347020400 V\u00e1lvula cu\u00e1druple protecci\u00f3n circuito","og_description":"9347020400 V\u00e1lvula cu\u00e1druple protecci\u00f3n circuito, VOLVO 203504870, MERCEDES-BENZ 14311306, DAF 112227, IVECO 61577721, MAN 81521516009","og_url":"https:\/\/www.auroraproparts.com\/es\/product\/9347020400-valvula-cuadruple-proteccion-circuito\/","og_site_name":"Aurora Truck Bus Parts","article_modified_time":"2025-05-19T01:28:21+00:00","og_image":[{"width":800,"height":800,"url":"https:\/\/www.auroraproparts.com\/es\/wp-content\/uploads\/sites\/2\/2023\/08\/9347020400.webp","type":"image\/webp"}],"twitter_card":"summary_large_image","twitter_misc":{"Tiempo de lectura":"1 minuto"},"schema":{"@context":"https:\/\/schema.org","@graph":[{"@type":"WebPage","@id":"https:\/\/www.auroraproparts.com\/es\/product\/9347020400-valvula-cuadruple-proteccion-circuito\/","url":"https:\/\/www.auroraproparts.com\/es\/product\/9347020400-valvula-cuadruple-proteccion-circuito\/","name":"9347020400 V\u00e1lvula cu\u00e1druple protecci\u00f3n circuito - Aurora Truck Bus Parts","isPartOf":{"@id":"https:\/\/www.auroraproparts.com\/es\/#website"},"primaryImageOfPage":{"@id":"https:\/\/www.auroraproparts.com\/es\/product\/9347020400-valvula-cuadruple-proteccion-circuito\/#primaryimage"},"image":{"@id":"https:\/\/www.auroraproparts.com\/es\/product\/9347020400-valvula-cuadruple-proteccion-circuito\/#primaryimage"},"thumbnailUrl":"https:\/\/www.auroraproparts.com\/es\/wp-content\/uploads\/sites\/2\/2023\/08\/9347020400.webp","datePublished":"2023-08-29T02:31:26+00:00","dateModified":"2025-05-19T01:28:21+00:00","description":"9347020400 V\u00e1lvula cu\u00e1druple protecci\u00f3n circuito, VOLVO 203504870, MERCEDES-BENZ 14311306, DAF 112227, IVECO 61577721, MAN 81521516009","breadcrumb":{"@id":"https:\/\/www.auroraproparts.com\/es\/product\/9347020400-valvula-cuadruple-proteccion-circuito\/#breadcrumb"},"inLanguage":"es","potentialAction":[{"@type":"ReadAction","target":["https:\/\/www.auroraproparts.com\/es\/product\/9347020400-valvula-cuadruple-proteccion-circuito\/"]}]},{"@type":"ImageObject","inLanguage":"es","@id":"https:\/\/www.auroraproparts.com\/es\/product\/9347020400-valvula-cuadruple-proteccion-circuito\/#primaryimage","url":"https:\/\/www.auroraproparts.com\/es\/wp-content\/uploads\/sites\/2\/2023\/08\/9347020400.webp","contentUrl":"https:\/\/www.auroraproparts.com\/es\/wp-content\/uploads\/sites\/2\/2023\/08\/9347020400.webp","width":800,"height":800,"caption":"9347020400 V\u00e1lvula cu\u00e1druple protecci\u00f3n circuito"},{"@type":"BreadcrumbList","@id":"https:\/\/www.auroraproparts.com\/es\/product\/9347020400-valvula-cuadruple-proteccion-circuito\/#breadcrumb","itemListElement":[{"@type":"ListItem","position":1,"name":"\u9996\u9875","item":"https:\/\/www.auroraproparts.com\/es\/"},{"@type":"ListItem","position":2,"name":"Recambios Para Cami\u00f3n","item":"https:\/\/www.auroraproparts.com\/es\/products\/"},{"@type":"ListItem","position":3,"name":"9347020400 V\u00e1lvula cu\u00e1druple protecci\u00f3n circuito"}]},{"@type":"WebSite","@id":"https:\/\/www.auroraproparts.com\/es\/#website","url":"https:\/\/www.auroraproparts.com\/es\/","name":"Aurora Truck Bus Parts","description":"","publisher":{"@id":"https:\/\/www.auroraproparts.com\/es\/#organization"},"potentialAction":[{"@type":"SearchAction","target":{"@type":"EntryPoint","urlTemplate":"https:\/\/www.auroraproparts.com\/es\/?s={search_term_string}"},"query-input":{"@type":"PropertyValueSpecification","valueRequired":true,"valueName":"search_term_string"}}],"inLanguage":"es"},{"@type":"Organization","@id":"https:\/\/www.auroraproparts.com\/es\/#organization","name":"Aurora Truck Bus Parts","url":"https:\/\/www.auroraproparts.com\/es\/","logo":{"@type":"ImageObject","inLanguage":"es","@id":"https:\/\/www.auroraproparts.com\/es\/#\/schema\/logo\/image\/","url":"https:\/\/www.auroraproparts.com\/es\/wp-content\/uploads\/sites\/2\/2023\/11\/logo.svg","contentUrl":"https:\/\/www.auroraproparts.com\/es\/wp-content\/uploads\/sites\/2\/2023\/11\/logo.svg","width":313,"height":56,"caption":"Aurora Truck Bus Parts"},"image":{"@id":"https:\/\/www.auroraproparts.com\/es\/#\/schema\/logo\/image\/"}}]}},"_links":{"self":[{"href":"https:\/\/www.auroraproparts.com\/es\/wp-json\/wp\/v2\/product\/3583","targetHints":{"allow":["GET"]}}],"collection":[{"href":"https:\/\/www.auroraproparts.com\/es\/wp-json\/wp\/v2\/product"}],"about":[{"href":"https:\/\/www.auroraproparts.com\/es\/wp-json\/wp\/v2\/types\/product"}],"wp:featuredmedia":[{"embeddable":true,"href":"https:\/\/www.auroraproparts.com\/es\/wp-json\/wp\/v2\/media\/3584"}],"wp:attachment":[{"href":"https:\/\/www.auroraproparts.com\/es\/wp-json\/wp\/v2\/media?parent=3583"}],"wp:term":[{"taxonomy":"product_brand","embeddable":true,"href":"https:\/\/www.auroraproparts.com\/es\/wp-json\/wp\/v2\/product_brand?post=3583"},{"taxonomy":"product_cat","embeddable":true,"href":"https:\/\/www.auroraproparts.com\/es\/wp-json\/wp\/v2\/product_cat?post=3583"},{"taxonomy":"product_tag","embeddable":true,"href":"https:\/\/www.auroraproparts.com\/es\/wp-json\/wp\/v2\/product_tag?post=3583"}],"curies":[{"name":"wp","href":"https:\/\/api.w.org\/{rel}","templated":true}]}}