{"id":3796,"date":"2023-11-16T10:48:43","date_gmt":"2023-11-16T02:48:43","guid":{"rendered":"https:\/\/www.auroraproparts.com\/es\/?post_type=product&#038;p=3796"},"modified":"2023-11-16T10:54:39","modified_gmt":"2023-11-16T02:54:39","slug":"sinotruk-lista-de-piezas-de-camion","status":"publish","type":"product","link":"https:\/\/www.auroraproparts.com\/es\/product\/sinotruk-lista-de-piezas-de-camion\/","title":{"rendered":"SINOTRUK Lista de piezas de cami\u00f3n"},"content":{"rendered":"<p>SINOTRUK Lista de piezas de cami\u00f3n<\/p>\n<p>&nbsp;<\/p>\n<table>\n<tbody>\n<tr>\n<td width=\"48\">HOWO<\/td>\n<td width=\"61\">WG9725535141<\/td>\n<td width=\"48\">Radiador izquierdo de soporte de soporte<\/td>\n<\/tr>\n<tr>\n<td>HOWO<\/td>\n<td>WG9725535142<\/td>\n<td>Barra de soporte de radiador derecho<\/td>\n<\/tr>\n<tr>\n<td>C7H<\/td>\n<td>AZ9557310716<\/td>\n<td>Eje de transmisi\u00f3n<\/td>\n<\/tr>\n<tr>\n<td>HW19710<\/td>\n<td>HW19710090402<\/td>\n<td>CONJUNTO DE CAJA<\/td>\n<\/tr>\n<tr>\n<td>MC07<\/td>\n<td>080V10300-6151<\/td>\n<td>Conjunto de tubo de inyecci\u00f3n, tuber\u00eda de aceite de alta presi\u00f3n<\/td>\n<\/tr>\n<tr>\n<td>HOWO<\/td>\n<td>AZ9231340310<\/td>\n<td>Conjunto de cubo de la rueda trasera<\/td>\n<\/tr>\n<tr>\n<td>AC16<\/td>\n<td>WG9981340309<\/td>\n<td>Cubo de la rueda trasera<\/td>\n<\/tr>\n<tr>\n<td>HOWO<\/td>\n<td>WG9000360515<\/td>\n<td>V\u00e1lvula solenoide de ABS<\/td>\n<\/tr>\n<tr>\n<td>Sinotruk<\/td>\n<td>WG9925160623<\/td>\n<td>Liberaci\u00f3n<\/td>\n<\/tr>\n<tr>\n<td>Sinotruk<\/td>\n<td>WG9925160618<\/td>\n<td>Disco impulsado por cluth, placa conducida por cluth<\/td>\n<\/tr>\n<tr>\n<td>Sinotruk<\/td>\n<td>WG9925160611<\/td>\n<td>Conjunto de placa de presi\u00f3n sobre cluth<\/td>\n<\/tr>\n<tr>\n<td>HOWO<\/td>\n<td>WG1500139008<\/td>\n<td>Ensamblaje del compresor<\/td>\n<\/tr>\n<tr>\n<td>D12<\/td>\n<td>VG1246060130<\/td>\n<td>Soporte de ventilador<\/td>\n<\/tr>\n<tr>\n<td>HOWO<\/td>\n<td>VG1500070048<\/td>\n<td>Bomba de aceite<\/td>\n<\/tr>\n<tr>\n<td>HOWO<\/td>\n<td>AZ9900240100<\/td>\n<td>Assy de manipulador de cambio, manipulador de palanca de cambio, ensamblaje del operador<\/td>\n<\/tr>\n<tr>\n<td>T7<\/td>\n<td>WG9918581129<\/td>\n<td>Instrumento de combinaci\u00f3n de combustible, tablero<\/td>\n<\/tr>\n<tr>\n<td>HOWO<\/td>\n<td>LG9710520185<\/td>\n<td>Perno en U<\/td>\n<\/tr>\n<tr>\n<td>HOWO<\/td>\n<td>LG9704810001<\/td>\n<td>L\u00e1mpara trasera compuesta a la izquierda<\/td>\n<\/tr>\n<tr>\n<td>HOWO<\/td>\n<td>WG9412551201<\/td>\n<td>FILTRO DE ACEITE<\/td>\n<\/tr>\n<tr>\n<td>HOWO<\/td>\n<td>WG2203260350<\/td>\n<td>Conjunto de rodamiento de liberaci\u00f3n<\/td>\n<\/tr>\n<tr>\n<td>HOWO<\/td>\n<td>WG4005362001<\/td>\n<td>C\u00e1mara de freno<\/td>\n<\/tr>\n<tr>\n<td>HOWO<\/td>\n<td>LG1611330013<\/td>\n<td>Levantador de vidrio manual, montaje de levantador<\/td>\n<\/tr>\n<tr>\n<td>HOWO<\/td>\n<td>WG9100410104<\/td>\n<td>Perno<\/td>\n<\/tr>\n<tr>\n<td>C7H<\/td>\n<td>WG9925528108<\/td>\n<td>Amortiguador<\/td>\n<\/tr>\n<tr>\n<td>HOVA<\/td>\n<td>TZ56075200011<\/td>\n<td>Bloque de primavera<\/td>\n<\/tr>\n<tr>\n<td>T7H<\/td>\n<td>WG9725191700<\/td>\n<td>Filtro de aire<\/td>\n<\/tr>\n<tr>\n<td>T5G<\/td>\n<td>811W25509-0153<\/td>\n<td>Interruptor de combinaci\u00f3n correcto<\/td>\n<\/tr>\n<tr>\n<td>T5G<\/td>\n<td>811W25509-0145<\/td>\n<td>Interruptor de combinaci\u00f3n izquierda<\/td>\n<\/tr>\n<tr>\n<td>T7H<\/td>\n<td>WG9925191121<\/td>\n<td>Entrada de aire<\/td>\n<\/tr>\n<tr>\n<td>C7H<\/td>\n<td>810W61140-0016<\/td>\n<td>Perno de soporte de resorte de aire<\/td>\n<\/tr>\n<tr>\n<td>T5G<\/td>\n<td>810W97006-0003<\/td>\n<td>Perno de soporte de resorte de aire<\/td>\n<\/tr>\n<tr>\n<td>HOWO<\/td>\n<td>WG1642110024<\/td>\n<td>Perno de soporte de resorte de aire<\/td>\n<\/tr>\n<tr>\n<td>N7G<\/td>\n<td>YZ952581500001<\/td>\n<td>L\u00e1mpara trasera compuesta a la izquierda<\/td>\n<\/tr>\n<tr>\n<td>N7G<\/td>\n<td>WG1671770070<\/td>\n<td>Montor de espejo de abajo<\/td>\n<\/tr>\n<tr>\n<td>N7G<\/td>\n<td>WG1671770070<\/td>\n<td>Espejo<\/td>\n<\/tr>\n<tr>\n<td>T7H<\/td>\n<td>WG9925530301<\/td>\n<td>Conjunto del soporte izquierdo<\/td>\n<\/tr>\n<tr>\n<td>HOWO<\/td>\n<td>AZ9725478050<\/td>\n<td>Conjunto de tubos de direcci\u00f3n<\/td>\n<\/tr>\n<tr>\n<td>HW13710<\/td>\n<td>WG2203250015<\/td>\n<td>V\u00e1lvula de doble H<\/td>\n<\/tr>\n<tr>\n<td>T5G<\/td>\n<td>WG9925470433<\/td>\n<td>Gire el tanque de aceite<\/td>\n<\/tr>\n<tr>\n<td>HOWO<\/td>\n<td>WG9725520194<\/td>\n<td>Soporte trasero izquierdo<\/td>\n<\/tr>\n<tr>\n<td>HOWO<\/td>\n<td>WG9725520195<\/td>\n<td>Soporte derecho trasero<\/td>\n<\/tr>\n<tr>\n<td>HOWO<\/td>\n<td>WG9925520366<\/td>\n<td>Bloque de primavera<\/td>\n<\/tr>\n<tr>\n<td>N7G<\/td>\n<td>WG1671740083<\/td>\n<td>Escobilla de limpiaparabrisas<\/td>\n<\/tr>\n<tr>\n<td>Sinotruk<\/td>\n<td>199000930113-30-50<\/td>\n<td>Gancho de remolque<\/td>\n<\/tr>\n<tr>\n<td>Sinotruk<\/td>\n<td>199000930113-100<\/td>\n<td>Gancho de remolque<\/td>\n<\/tr>\n<tr>\n<td>Sinotruk<\/td>\n<td>199000930113-50<\/td>\n<td>Gancho de remolque<\/td>\n<\/tr>\n<tr>\n<td>Sinotruk<\/td>\n<td>199000930113-30<\/td>\n<td>Gancho de remolque<\/td>\n<\/tr>\n<tr>\n<td>MC11<\/td>\n<td>201-02301-6103<\/td>\n<td>Volante<\/td>\n<\/tr>\n<tr>\n<td>C7H<\/td>\n<td>710W41650-0017<\/td>\n<td>Soporte izquierdo<\/td>\n<\/tr>\n<tr>\n<td>C7H<\/td>\n<td>710W41650-0018<\/td>\n<td>Corchete<\/td>\n<\/tr>\n<tr>\n<td>T7H<\/td>\n<td>WG1664242028<\/td>\n<td>Placa de conexi\u00f3n derecha<\/td>\n<\/tr>\n<tr>\n<td>T7H<\/td>\n<td>WG1664242027<\/td>\n<td>Placa de conexi\u00f3n izquierda<\/td>\n<\/tr>\n<tr>\n<td>CH430-21<\/td>\n<td>AZ9921160200<\/td>\n<td>Conjunto de placa de presi\u00f3n sobre cluth<\/td>\n<\/tr>\n<tr>\n<td>T7H<\/td>\n<td>AZ1664840060<\/td>\n<td>V\u00e1lvula de agua<\/td>\n<\/tr>\n<tr>\n<td>A7<\/td>\n<td>WG1664110025<\/td>\n<td>Perno de soporte de resorte de aire<\/td>\n<\/tr>\n<tr>\n<td>C7H<\/td>\n<td>810W62910-5259<\/td>\n<td>Conjunto del soporte izquierdo<\/td>\n<\/tr>\n<tr>\n<td>C7H<\/td>\n<td>810W62910-5258<\/td>\n<td>Conjunto de soporte derecho<\/td>\n<\/tr>\n<tr>\n<td>C7H<\/td>\n<td>810W62910-5298<\/td>\n<td>Conjunto de soporte derecho<\/td>\n<\/tr>\n<tr>\n<td>T7H<\/td>\n<td>WG9925930901<\/td>\n<td>Soporte de combinaci\u00f3n izquierda<\/td>\n<\/tr>\n<tr>\n<td>T7H<\/td>\n<td>WG9925930466<\/td>\n<td>Conjunto del soporte de parachoques<\/td>\n<\/tr>\n<tr>\n<td>T7H<\/td>\n<td>WG9925523108<\/td>\n<td>Conjunto del soporte del resorte delantero<\/td>\n<\/tr>\n<tr>\n<td>T5G<\/td>\n<td>WG9925472015<\/td>\n<td>Soporte<\/td>\n<\/tr>\n<tr>\n<td>HOWO<\/td>\n<td>WG9000360524<\/td>\n<td>V\u00e1lvula de rel\u00e9<\/td>\n<\/tr>\n<tr>\n<td>HOWO<\/td>\n<td>WG9000360600<\/td>\n<td>C\u00e1mara de freno<\/td>\n<\/tr>\n<tr>\n<td>C7H<\/td>\n<td>AZ9925520074<\/td>\n<td>Perno en U<\/td>\n<\/tr>\n<tr>\n<td>C7H<\/td>\n<td>YZ9925520072<\/td>\n<td>Perno en U<\/td>\n<\/tr>\n<tr>\n<td>C7H<\/td>\n<td>AZ9925520071<\/td>\n<td>Perno en U<\/td>\n<\/tr>\n<tr>\n<td>T7H<\/td>\n<td>WG9925190018<\/td>\n<td>Conjunto del soporte de entrada de aire<\/td>\n<\/tr>\n<tr>\n<td>HOWO<\/td>\n<td>712-25457-6217<\/td>\n<td>Arn\u00e9s de cableado del chasis<\/td>\n<\/tr>\n<tr>\n<td>MCY13<\/td>\n<td>812-35700-6130<\/td>\n<td>Conjunto de cubo de la rueda trasera<\/td>\n<\/tr>\n<tr>\n<td>C7H<\/td>\n<td>812W61540-5022<\/td>\n<td>Ensamblaje<\/td>\n<\/tr>\n<tr>\n<td>HOWO<\/td>\n<td>WG7121362403<\/td>\n<td>C\u00e1mara de freno<\/td>\n<\/tr>\n<tr>\n<td>C7H<\/td>\n<td>810W62550-0012<\/td>\n<td>Gafas de ventana<\/td>\n<\/tr>\n<tr>\n<td>HOWO<\/td>\n<td>WG9000360101<\/td>\n<td>C\u00e1mara de freno a la derecha<\/td>\n<\/tr>\n<tr>\n<td>HOWO<\/td>\n<td>WG9000360100<\/td>\n<td>C\u00e1mara de freno a la izquierda<\/td>\n<\/tr>\n<tr>\n<td>MCY13<\/td>\n<td>WG711733917<\/td>\n<td>Conjunto de cubo de la rueda trasera<\/td>\n<\/tr>\n<tr>\n<td>HC16<\/td>\n<td>WG9231340309<\/td>\n<td>Cubo de la rueda trasera<\/td>\n<\/tr>\n<tr>\n<td>HOWO<\/td>\n<td>810W26400-6153<\/td>\n<td>Motor del limpiaparabrisas<\/td>\n<\/tr>\n<tr>\n<td>TH7<\/td>\n<td>811W25115-5008<\/td>\n<td>Instalaci\u00f3n Struch<\/td>\n<\/tr>\n<tr>\n<td>HOWO<\/td>\n<td>LG9700360011<\/td>\n<td>V\u00e1lvula de protecci\u00f3n de cuatro circuitos, v\u00e1lvula de protecci\u00f3n cu\u00e1druple<\/td>\n<\/tr>\n<tr>\n<td>HOWO<\/td>\n<td>LG9700360004<\/td>\n<td>V\u00e1lvula de rel\u00e9<\/td>\n<\/tr>\n<tr>\n<td>HOWO<\/td>\n<td>LG9700360005<\/td>\n<td>V\u00e1lvula de liberaci\u00f3n r\u00e1pida<\/td>\n<\/tr>\n<tr>\n<td>HOWO<\/td>\n<td>LG9700360003<\/td>\n<td>V\u00e1lvula de freno controlada manual<\/td>\n<\/tr>\n<tr>\n<td>T7H<\/td>\n<td>WG1664440086<\/td>\n<td>Corchete<\/td>\n<\/tr>\n<tr>\n<td>T7H<\/td>\n<td>WG9925931701<\/td>\n<td>Soporte de combinaci\u00f3n delantero izquierdo<\/td>\n<\/tr>\n<tr>\n<td>HOWO<\/td>\n<td>WG9431540010<\/td>\n<td>V\u00e1lvula de mariposa de freno<\/td>\n<\/tr>\n<tr>\n<td>N7G<\/td>\n<td>WG1771740006<\/td>\n<td>Asamblea del brazo del limpiaparabrisas<\/td>\n<\/tr>\n<tr>\n<td>N7G<\/td>\n<td>WG1771740005<\/td>\n<td>Ensamblaje de enlace del limpiaparabrisas<\/td>\n<\/tr>\n<tr>\n<td>HOWO<\/td>\n<td>WG9718710003<\/td>\n<td>V\u00e1lvula de solenoide<\/td>\n<\/tr>\n<tr>\n<td>HOWO<\/td>\n<td>LG9716520565<\/td>\n<td>Perno U<\/td>\n<\/tr>\n<tr>\n<td>HOWO<\/td>\n<td>WG9925550844<\/td>\n<td>Soporte del tanque de aceite<\/td>\n<\/tr>\n<tr>\n<td>HOWO<\/td>\n<td>LG9704540894<\/td>\n<td>V\u00e1lvula de mariposa de freno<\/td>\n<\/tr>\n<tr>\n<td>HOWO<\/td>\n<td>LG9704530011<\/td>\n<td>Assy de radiador, ensamblaje del radiador<\/td>\n<\/tr>\n<tr>\n<td>HOWO<\/td>\n<td>LG1616740010<\/td>\n<td>Asamblea de limpiaparabrisas<\/td>\n<\/tr>\n<tr>\n<td>HOWO<\/td>\n<td>LG9704580109<\/td>\n<td>Interruptor de combinaci\u00f3n correcto<\/td>\n<\/tr>\n<tr>\n<td>FY457<\/td>\n<td>31L03-04015-A<\/td>\n<td>Cubo de la rueda trasera<\/td>\n<\/tr>\n<tr>\n<td>EQ153<\/td>\n<td>31N41-04080<\/td>\n<td>Sello de aceite de cubo de la rueda trasera<\/td>\n<\/tr>\n<tr>\n<td>HOWO<\/td>\n<td>LG9716520565<\/td>\n<td>Perno U<\/td>\n<\/tr>\n<tr>\n<td>Sinotruk<\/td>\n<td>83151 000 295<\/td>\n<td>Liberaci\u00f3n<\/td>\n<\/tr>\n<tr>\n<td>HOWO<\/td>\n<td>AZ9725160390<\/td>\n<td>Disco impulsado por cluth, placa conducida por cluth<\/td>\n<\/tr>\n<tr>\n<td>HOWO<\/td>\n<td>WG9730583117<\/td>\n<td>Interruptor de combinaci\u00f3n izquierda<\/td>\n<\/tr>\n<tr>\n<td>HOWO<\/td>\n<td>WG9725160510<\/td>\n<td>Liberaci\u00f3n<\/td>\n<\/tr>\n<tr>\n<td>HOWO<\/td>\n<td>WG9719710004<\/td>\n<td>V\u00e1lvula de solenoide<\/td>\n<\/tr>\n<tr>\n<td>HOWO<\/td>\n<td>WG9719230023<\/td>\n<td>Cilindro maestro de embrague, cilindro principal del embrague<\/td>\n<\/tr>\n<tr>\n<td>AOVA<\/td>\n<td>BZ53714400201<\/td>\n<td>Conjunto de soporte absorbente<\/td>\n<\/tr>\n<tr>\n<td>Sinotruk<\/td>\n<td>WG9925471033<\/td>\n<td>Gire el tanque de aceite<\/td>\n<\/tr>\n<tr>\n<td>HOVA<\/td>\n<td>ZZ5371TQM01BL<\/td>\n<td>Gafas de ventana de cabina<\/td>\n<\/tr>\n<tr>\n<td>T7H<\/td>\n<td>WG9925930202<\/td>\n<td>Soporte de conexi\u00f3n<\/td>\n<\/tr>\n<tr>\n<td>T7H<\/td>\n<td>WG9925530043<\/td>\n<td>Barra de soporte de radiador derecho<\/td>\n<\/tr>\n<tr>\n<td>T7H<\/td>\n<td>WG9925530040<\/td>\n<td>Radiador izquierdo de soporte de soporte<\/td>\n<\/tr>\n<tr>\n<td>C7H<\/td>\n<td>712W30000-6001<\/td>\n<td>Conjunto de placa de presi\u00f3n sobre cluth<\/td>\n<\/tr>\n<tr>\n<td>HOWO<\/td>\n<td>WG1642440051<\/td>\n<td>V\u00e1lvula de nivelaci\u00f3n, v\u00e1lvula de control de altura<\/td>\n<\/tr>\n<tr>\n<td>HOWO<\/td>\n<td>WG9731680031<\/td>\n<td>Amortiguador<\/td>\n<\/tr>\n<tr>\n<td>WD615<\/td>\n<td>AZ1500020220A<\/td>\n<td>Volante (16 hoyos)<\/td>\n<\/tr>\n<tr>\n<td>WD615<\/td>\n<td>161500020071<\/td>\n<td>Conjunto del cig\u00fce\u00f1al<\/td>\n<\/tr>\n<tr>\n<td>WD615<\/td>\n<td>161560020029<\/td>\n<td>Conjunto del cig\u00fce\u00f1al<\/td>\n<\/tr>\n<tr>\n<td>MC11<\/td>\n<td>200V06404-0083<\/td>\n<td>Cuerpo de alojamiento de termostato<\/td>\n<\/tr>\n<tr>\n<td>Sinotruk<\/td>\n<td>DZ9114230070<\/td>\n<td>Cilindro maestro de embrague, cilindro principal del embrague<\/td>\n<\/tr>\n<tr>\n<td>HF12<\/td>\n<td>AZ9970410001<\/td>\n<td>Conjunto de la viga delantera<\/td>\n<\/tr>\n<tr>\n<td>AC26<\/td>\n<td>WG9970340081<\/td>\n<td>Tambor de freno trasero<\/td>\n<\/tr>\n<tr>\n<td>AC26<\/td>\n<td>WG9970340309<\/td>\n<td>Cubo de la rueda trasera<\/td>\n<\/tr>\n<tr>\n<td>HF12<\/td>\n<td>AZ9970410046<\/td>\n<td>Cubo de la rueda delantera<\/td>\n<\/tr>\n<tr>\n<td>AC26<\/td>\n<td>AZ9970320011<\/td>\n<td>Tapa del reductor principal<\/td>\n<\/tr>\n<\/tbody>\n<\/table>\n","protected":false},"excerpt":{"rendered":"<p>Piezas SINOTRUK, Piezas SITRAK, Piezas HOWO, Piezas SITRAK C7H, Piezas HOWO7, Piezas HOWO T7, Piezas HOWO NX, Piezas HOWO TX, Piezas ZHONGQI<\/p>\n","protected":false},"featured_media":3797,"template":"","meta":{"site-sidebar-layout":"default","site-content-layout":"","ast-site-content-layout":"default","site-content-style":"default","site-sidebar-style":"default","ast-global-header-display":"","ast-banner-title-visibility":"","ast-main-header-display":"","ast-hfb-above-header-display":"","ast-hfb-below-header-display":"","ast-hfb-mobile-header-display":"","site-post-title":"","ast-breadcrumbs-content":"","ast-featured-img":"","footer-sml-layout":"","ast-disable-related-posts":"","theme-transparent-header-meta":"default","adv-header-id-meta":"","stick-header-meta":"","header-above-stick-meta":"","header-main-stick-meta":"","header-below-stick-meta":"","astra-migrate-meta-layouts":"set","ast-page-background-enabled":"default","ast-page-background-meta":{"desktop":{"background-color":"var(--ast-global-color-4)","background-image":"","background-repeat":"repeat","background-position":"center center","background-size":"auto","background-attachment":"scroll","background-type":"","background-media":"","overlay-type":"","overlay-color":"","overlay-opacity":"","overlay-gradient":""},"tablet":{"background-color":"","background-image":"","background-repeat":"repeat","background-position":"center center","background-size":"auto","background-attachment":"scroll","background-type":"","background-media":"","overlay-type":"","overlay-color":"","overlay-opacity":"","overlay-gradient":""},"mobile":{"background-color":"","background-image":"","background-repeat":"repeat","background-position":"center center","background-size":"auto","background-attachment":"scroll","background-type":"","background-media":"","overlay-type":"","overlay-color":"","overlay-opacity":"","overlay-gradient":""}},"ast-content-background-meta":{"desktop":{"background-color":"var(--ast-global-color-5)","background-image":"","background-repeat":"repeat","background-position":"center center","background-size":"auto","background-attachment":"scroll","background-type":"","background-media":"","overlay-type":"","overlay-color":"","overlay-opacity":"","overlay-gradient":""},"tablet":{"background-color":"var(--ast-global-color-5)","background-image":"","background-repeat":"repeat","background-position":"center center","background-size":"auto","background-attachment":"scroll","background-type":"","background-media":"","overlay-type":"","overlay-color":"","overlay-opacity":"","overlay-gradient":""},"mobile":{"background-color":"var(--ast-global-color-5)","background-image":"","background-repeat":"repeat","background-position":"center center","background-size":"auto","background-attachment":"scroll","background-type":"","background-media":"","overlay-type":"","overlay-color":"","overlay-opacity":"","overlay-gradient":""}}},"product_brand":[],"product_cat":[101],"product_tag":[339],"class_list":{"0":"post-3796","1":"product","2":"type-product","3":"status-publish","4":"has-post-thumbnail","6":"product_cat-others","7":"product_tag-sinotruk","8":"desktop-align-center","9":"tablet-align-left","10":"mobile-align-left","11":"ast-product-gallery-layout-horizontal-slider","12":"ast-product-gallery-with-no-image","13":"ast-product-tabs-layout-horizontal","15":"first","16":"instock","17":"shipping-taxable","18":"product-type-simple"},"yoast_head":"<!-- This site is optimized with the Yoast SEO Premium plugin v26.7 (Yoast SEO v27.5) - https:\/\/yoast.com\/product\/yoast-seo-premium-wordpress\/ -->\n<title>SINOTRUK Lista de piezas de cami\u00f3n - Aurora Truck Bus Parts<\/title>\n<meta name=\"description\" content=\"Piezas SINOTRUK, Piezas SITRAK, Piezas HOWO, Piezas SITRAK C7H, Piezas HOWO7, Piezas HOWO T7, Piezas HOWO NX, Piezas HOWO TX, Piezas ZHONGQI\" \/>\n<meta name=\"robots\" content=\"index, follow, max-snippet:-1, max-image-preview:large, max-video-preview:-1\" \/>\n<link rel=\"canonical\" href=\"https:\/\/www.auroraproparts.com\/es\/product\/sinotruk-lista-de-piezas-de-camion\/\" \/>\n<meta property=\"og:locale\" content=\"es_ES\" \/>\n<meta property=\"og:type\" content=\"article\" \/>\n<meta property=\"og:title\" content=\"SINOTRUK Lista de piezas de cami\u00f3n\" \/>\n<meta property=\"og:description\" content=\"Piezas SINOTRUK, Piezas SITRAK, Piezas HOWO, Piezas SITRAK C7H, Piezas HOWO7, Piezas HOWO T7, Piezas HOWO NX, Piezas HOWO TX, Piezas ZHONGQI\" \/>\n<meta property=\"og:url\" content=\"https:\/\/www.auroraproparts.com\/es\/product\/sinotruk-lista-de-piezas-de-camion\/\" \/>\n<meta property=\"og:site_name\" content=\"Aurora Truck Bus Parts\" \/>\n<meta property=\"article:modified_time\" content=\"2023-11-16T02:54:39+00:00\" \/>\n<meta property=\"og:image\" content=\"https:\/\/www.auroraproparts.com\/es\/wp-content\/uploads\/sites\/2\/2023\/11\/SINOTRUK-Lista-de-piezas-de-camion.webp\" \/>\n\t<meta property=\"og:image:width\" content=\"800\" \/>\n\t<meta property=\"og:image:height\" content=\"800\" \/>\n\t<meta property=\"og:image:type\" content=\"image\/webp\" \/>\n<meta name=\"twitter:card\" content=\"summary_large_image\" \/>\n<meta name=\"twitter:label1\" content=\"Tiempo de lectura\" \/>\n\t<meta name=\"twitter:data1\" content=\"4 minutos\" \/>\n<script type=\"application\/ld+json\" class=\"yoast-schema-graph\">{\"@context\":\"https:\\\/\\\/schema.org\",\"@graph\":[{\"@type\":\"WebPage\",\"@id\":\"https:\\\/\\\/www.auroraproparts.com\\\/es\\\/product\\\/sinotruk-lista-de-piezas-de-camion\\\/\",\"url\":\"https:\\\/\\\/www.auroraproparts.com\\\/es\\\/product\\\/sinotruk-lista-de-piezas-de-camion\\\/\",\"name\":\"SINOTRUK Lista de piezas de cami\u00f3n - Aurora Truck Bus Parts\",\"isPartOf\":{\"@id\":\"https:\\\/\\\/www.auroraproparts.com\\\/es\\\/#website\"},\"primaryImageOfPage\":{\"@id\":\"https:\\\/\\\/www.auroraproparts.com\\\/es\\\/product\\\/sinotruk-lista-de-piezas-de-camion\\\/#primaryimage\"},\"image\":{\"@id\":\"https:\\\/\\\/www.auroraproparts.com\\\/es\\\/product\\\/sinotruk-lista-de-piezas-de-camion\\\/#primaryimage\"},\"thumbnailUrl\":\"https:\\\/\\\/www.auroraproparts.com\\\/es\\\/wp-content\\\/uploads\\\/sites\\\/2\\\/2023\\\/11\\\/SINOTRUK-Lista-de-piezas-de-camion.webp\",\"datePublished\":\"2023-11-16T02:48:43+00:00\",\"dateModified\":\"2023-11-16T02:54:39+00:00\",\"description\":\"Piezas SINOTRUK, Piezas SITRAK, Piezas HOWO, Piezas SITRAK C7H, Piezas HOWO7, Piezas HOWO T7, Piezas HOWO NX, Piezas HOWO TX, Piezas ZHONGQI\",\"breadcrumb\":{\"@id\":\"https:\\\/\\\/www.auroraproparts.com\\\/es\\\/product\\\/sinotruk-lista-de-piezas-de-camion\\\/#breadcrumb\"},\"inLanguage\":\"es\",\"potentialAction\":[{\"@type\":\"ReadAction\",\"target\":[\"https:\\\/\\\/www.auroraproparts.com\\\/es\\\/product\\\/sinotruk-lista-de-piezas-de-camion\\\/\"]}]},{\"@type\":\"ImageObject\",\"inLanguage\":\"es\",\"@id\":\"https:\\\/\\\/www.auroraproparts.com\\\/es\\\/product\\\/sinotruk-lista-de-piezas-de-camion\\\/#primaryimage\",\"url\":\"https:\\\/\\\/www.auroraproparts.com\\\/es\\\/wp-content\\\/uploads\\\/sites\\\/2\\\/2023\\\/11\\\/SINOTRUK-Lista-de-piezas-de-camion.webp\",\"contentUrl\":\"https:\\\/\\\/www.auroraproparts.com\\\/es\\\/wp-content\\\/uploads\\\/sites\\\/2\\\/2023\\\/11\\\/SINOTRUK-Lista-de-piezas-de-camion.webp\",\"width\":800,\"height\":800,\"caption\":\"SINOTRUK Lista de piezas de cami\u00f3n\"},{\"@type\":\"BreadcrumbList\",\"@id\":\"https:\\\/\\\/www.auroraproparts.com\\\/es\\\/product\\\/sinotruk-lista-de-piezas-de-camion\\\/#breadcrumb\",\"itemListElement\":[{\"@type\":\"ListItem\",\"position\":1,\"name\":\"\u9996\u9875\",\"item\":\"https:\\\/\\\/www.auroraproparts.com\\\/es\\\/\"},{\"@type\":\"ListItem\",\"position\":2,\"name\":\"Recambios Para Cami\u00f3n\",\"item\":\"https:\\\/\\\/www.auroraproparts.com\\\/es\\\/products\\\/\"},{\"@type\":\"ListItem\",\"position\":3,\"name\":\"SINOTRUK Lista de piezas de cami\u00f3n\"}]},{\"@type\":\"WebSite\",\"@id\":\"https:\\\/\\\/www.auroraproparts.com\\\/es\\\/#website\",\"url\":\"https:\\\/\\\/www.auroraproparts.com\\\/es\\\/\",\"name\":\"Aurora Truck Bus Parts\",\"description\":\"\",\"publisher\":{\"@id\":\"https:\\\/\\\/www.auroraproparts.com\\\/es\\\/#organization\"},\"potentialAction\":[{\"@type\":\"SearchAction\",\"target\":{\"@type\":\"EntryPoint\",\"urlTemplate\":\"https:\\\/\\\/www.auroraproparts.com\\\/es\\\/?s={search_term_string}\"},\"query-input\":{\"@type\":\"PropertyValueSpecification\",\"valueRequired\":true,\"valueName\":\"search_term_string\"}}],\"inLanguage\":\"es\"},{\"@type\":\"Organization\",\"@id\":\"https:\\\/\\\/www.auroraproparts.com\\\/es\\\/#organization\",\"name\":\"Aurora Truck Bus Parts\",\"url\":\"https:\\\/\\\/www.auroraproparts.com\\\/es\\\/\",\"logo\":{\"@type\":\"ImageObject\",\"inLanguage\":\"es\",\"@id\":\"https:\\\/\\\/www.auroraproparts.com\\\/es\\\/#\\\/schema\\\/logo\\\/image\\\/\",\"url\":\"https:\\\/\\\/www.auroraproparts.com\\\/es\\\/wp-content\\\/uploads\\\/sites\\\/2\\\/2023\\\/11\\\/logo.svg\",\"contentUrl\":\"https:\\\/\\\/www.auroraproparts.com\\\/es\\\/wp-content\\\/uploads\\\/sites\\\/2\\\/2023\\\/11\\\/logo.svg\",\"width\":313,\"height\":56,\"caption\":\"Aurora Truck Bus Parts\"},\"image\":{\"@id\":\"https:\\\/\\\/www.auroraproparts.com\\\/es\\\/#\\\/schema\\\/logo\\\/image\\\/\"}}]}<\/script>\n<!-- \/ Yoast SEO Premium plugin. -->","yoast_head_json":{"title":"SINOTRUK Lista de piezas de cami\u00f3n - Aurora Truck Bus Parts","description":"Piezas SINOTRUK, Piezas SITRAK, Piezas HOWO, Piezas SITRAK C7H, Piezas HOWO7, Piezas HOWO T7, Piezas HOWO NX, Piezas HOWO TX, Piezas ZHONGQI","robots":{"index":"index","follow":"follow","max-snippet":"max-snippet:-1","max-image-preview":"max-image-preview:large","max-video-preview":"max-video-preview:-1"},"canonical":"https:\/\/www.auroraproparts.com\/es\/product\/sinotruk-lista-de-piezas-de-camion\/","og_locale":"es_ES","og_type":"article","og_title":"SINOTRUK Lista de piezas de cami\u00f3n","og_description":"Piezas SINOTRUK, Piezas SITRAK, Piezas HOWO, Piezas SITRAK C7H, Piezas HOWO7, Piezas HOWO T7, Piezas HOWO NX, Piezas HOWO TX, Piezas ZHONGQI","og_url":"https:\/\/www.auroraproparts.com\/es\/product\/sinotruk-lista-de-piezas-de-camion\/","og_site_name":"Aurora Truck Bus Parts","article_modified_time":"2023-11-16T02:54:39+00:00","og_image":[{"width":800,"height":800,"url":"https:\/\/www.auroraproparts.com\/es\/wp-content\/uploads\/sites\/2\/2023\/11\/SINOTRUK-Lista-de-piezas-de-camion.webp","type":"image\/webp"}],"twitter_card":"summary_large_image","twitter_misc":{"Tiempo de lectura":"4 minutos"},"schema":{"@context":"https:\/\/schema.org","@graph":[{"@type":"WebPage","@id":"https:\/\/www.auroraproparts.com\/es\/product\/sinotruk-lista-de-piezas-de-camion\/","url":"https:\/\/www.auroraproparts.com\/es\/product\/sinotruk-lista-de-piezas-de-camion\/","name":"SINOTRUK Lista de piezas de cami\u00f3n - Aurora Truck Bus Parts","isPartOf":{"@id":"https:\/\/www.auroraproparts.com\/es\/#website"},"primaryImageOfPage":{"@id":"https:\/\/www.auroraproparts.com\/es\/product\/sinotruk-lista-de-piezas-de-camion\/#primaryimage"},"image":{"@id":"https:\/\/www.auroraproparts.com\/es\/product\/sinotruk-lista-de-piezas-de-camion\/#primaryimage"},"thumbnailUrl":"https:\/\/www.auroraproparts.com\/es\/wp-content\/uploads\/sites\/2\/2023\/11\/SINOTRUK-Lista-de-piezas-de-camion.webp","datePublished":"2023-11-16T02:48:43+00:00","dateModified":"2023-11-16T02:54:39+00:00","description":"Piezas SINOTRUK, Piezas SITRAK, Piezas HOWO, Piezas SITRAK C7H, Piezas HOWO7, Piezas HOWO T7, Piezas HOWO NX, Piezas HOWO TX, Piezas ZHONGQI","breadcrumb":{"@id":"https:\/\/www.auroraproparts.com\/es\/product\/sinotruk-lista-de-piezas-de-camion\/#breadcrumb"},"inLanguage":"es","potentialAction":[{"@type":"ReadAction","target":["https:\/\/www.auroraproparts.com\/es\/product\/sinotruk-lista-de-piezas-de-camion\/"]}]},{"@type":"ImageObject","inLanguage":"es","@id":"https:\/\/www.auroraproparts.com\/es\/product\/sinotruk-lista-de-piezas-de-camion\/#primaryimage","url":"https:\/\/www.auroraproparts.com\/es\/wp-content\/uploads\/sites\/2\/2023\/11\/SINOTRUK-Lista-de-piezas-de-camion.webp","contentUrl":"https:\/\/www.auroraproparts.com\/es\/wp-content\/uploads\/sites\/2\/2023\/11\/SINOTRUK-Lista-de-piezas-de-camion.webp","width":800,"height":800,"caption":"SINOTRUK Lista de piezas de cami\u00f3n"},{"@type":"BreadcrumbList","@id":"https:\/\/www.auroraproparts.com\/es\/product\/sinotruk-lista-de-piezas-de-camion\/#breadcrumb","itemListElement":[{"@type":"ListItem","position":1,"name":"\u9996\u9875","item":"https:\/\/www.auroraproparts.com\/es\/"},{"@type":"ListItem","position":2,"name":"Recambios Para Cami\u00f3n","item":"https:\/\/www.auroraproparts.com\/es\/products\/"},{"@type":"ListItem","position":3,"name":"SINOTRUK Lista de piezas de cami\u00f3n"}]},{"@type":"WebSite","@id":"https:\/\/www.auroraproparts.com\/es\/#website","url":"https:\/\/www.auroraproparts.com\/es\/","name":"Aurora Truck Bus Parts","description":"","publisher":{"@id":"https:\/\/www.auroraproparts.com\/es\/#organization"},"potentialAction":[{"@type":"SearchAction","target":{"@type":"EntryPoint","urlTemplate":"https:\/\/www.auroraproparts.com\/es\/?s={search_term_string}"},"query-input":{"@type":"PropertyValueSpecification","valueRequired":true,"valueName":"search_term_string"}}],"inLanguage":"es"},{"@type":"Organization","@id":"https:\/\/www.auroraproparts.com\/es\/#organization","name":"Aurora Truck Bus Parts","url":"https:\/\/www.auroraproparts.com\/es\/","logo":{"@type":"ImageObject","inLanguage":"es","@id":"https:\/\/www.auroraproparts.com\/es\/#\/schema\/logo\/image\/","url":"https:\/\/www.auroraproparts.com\/es\/wp-content\/uploads\/sites\/2\/2023\/11\/logo.svg","contentUrl":"https:\/\/www.auroraproparts.com\/es\/wp-content\/uploads\/sites\/2\/2023\/11\/logo.svg","width":313,"height":56,"caption":"Aurora Truck Bus Parts"},"image":{"@id":"https:\/\/www.auroraproparts.com\/es\/#\/schema\/logo\/image\/"}}]}},"_links":{"self":[{"href":"https:\/\/www.auroraproparts.com\/es\/wp-json\/wp\/v2\/product\/3796","targetHints":{"allow":["GET"]}}],"collection":[{"href":"https:\/\/www.auroraproparts.com\/es\/wp-json\/wp\/v2\/product"}],"about":[{"href":"https:\/\/www.auroraproparts.com\/es\/wp-json\/wp\/v2\/types\/product"}],"wp:featuredmedia":[{"embeddable":true,"href":"https:\/\/www.auroraproparts.com\/es\/wp-json\/wp\/v2\/media\/3797"}],"wp:attachment":[{"href":"https:\/\/www.auroraproparts.com\/es\/wp-json\/wp\/v2\/media?parent=3796"}],"wp:term":[{"taxonomy":"product_brand","embeddable":true,"href":"https:\/\/www.auroraproparts.com\/es\/wp-json\/wp\/v2\/product_brand?post=3796"},{"taxonomy":"product_cat","embeddable":true,"href":"https:\/\/www.auroraproparts.com\/es\/wp-json\/wp\/v2\/product_cat?post=3796"},{"taxonomy":"product_tag","embeddable":true,"href":"https:\/\/www.auroraproparts.com\/es\/wp-json\/wp\/v2\/product_tag?post=3796"}],"curies":[{"name":"wp","href":"https:\/\/api.w.org\/{rel}","templated":true}]}}