{"id":3811,"date":"2023-11-21T10:56:34","date_gmt":"2023-11-21T02:56:34","guid":{"rendered":"https:\/\/www.auroraproparts.com\/es\/?post_type=product&#038;p=3811"},"modified":"2023-11-21T10:56:55","modified_gmt":"2023-11-21T02:56:55","slug":"piezas-del-motor-cummins","status":"publish","type":"product","link":"https:\/\/www.auroraproparts.com\/es\/product\/piezas-del-motor-cummins\/","title":{"rendered":"Piezas del motor Cummins"},"content":{"rendered":"<p>Cummins Engine Parts<\/p>\n<p>&nbsp;<\/p>\n<table>\n<tbody>\n<tr>\n<td width=\"33.3200%\">Type<\/td>\n<td width=\"33.3200%\">Part Number<\/td>\n<td width=\"33.3400%\">Model<\/td>\n<\/tr>\n<tr>\n<td width=\"33.3200%\">Engine Parts<\/td>\n<td width=\"33.3200%\">JISF2.8-ZTMPDPA7654<\/td>\n<td width=\"33.3400%\">Cummins ISF2.8<\/td>\n<\/tr>\n<tr>\n<td width=\"33.3200%\">Engine Parts<\/td>\n<td width=\"33.3200%\">JISF3.8-ZTMPDPA7654<\/td>\n<td width=\"33.3400%\">Cummins ISF3.8<\/td>\n<\/tr>\n<tr>\n<td width=\"33.3200%\">Engine Parts<\/td>\n<td width=\"33.3200%\">JISF2.8-ZTMPGPA7654<\/td>\n<td width=\"33.3400%\">Cummins ISF2.8<\/td>\n<\/tr>\n<tr>\n<td width=\"33.3200%\">Engine Parts<\/td>\n<td width=\"33.3200%\">JISF3.8-ZTMPGPA7654<\/td>\n<td width=\"33.3400%\">Cummins ISF3.8<\/td>\n<\/tr>\n<tr>\n<td width=\"33.3200%\">Engine Parts<\/td>\n<td width=\"33.3200%\">JISF2.8W0417<\/td>\n<td width=\"33.3400%\">ISF2.8<\/td>\n<\/tr>\n<tr>\n<td width=\"33.3200%\">Engine Parts<\/td>\n<td width=\"33.3200%\">JISF3.8W0417<\/td>\n<td width=\"33.3400%\">ISF3.8<\/td>\n<\/tr>\n<tr>\n<td width=\"33.3200%\">Repair Kit<\/td>\n<td width=\"33.3200%\">JISF2.8-DXBE9715<\/td>\n<td width=\"33.3400%\">Cummins 2.8<\/td>\n<\/tr>\n<tr>\n<td width=\"33.3200%\">Repair Kit<\/td>\n<td width=\"33.3200%\">JISF3.8-DXBE9715<\/td>\n<td width=\"33.3400%\">Cummins 3.8<\/td>\n<\/tr>\n<tr>\n<td width=\"33.3200%\">Repair Kit<\/td>\n<td width=\"33.3200%\">JISF4.5-DXBE9715<\/td>\n<td width=\"33.3400%\">Cummins 4.5<\/td>\n<\/tr>\n<tr>\n<td width=\"33.3200%\">Repair Kit<\/td>\n<td width=\"33.3200%\">JISF2.8GVI-DXBE9715<\/td>\n<td width=\"33.3400%\">Cummins 2.8<\/td>\n<\/tr>\n<tr>\n<td width=\"33.3200%\">Repair Kit<\/td>\n<td width=\"33.3200%\">JHFC4DE1-2D-DXBE9715<\/td>\n<td width=\"33.3400%\">Cummins 2.7<\/td>\n<\/tr>\n<tr>\n<td width=\"33.3200%\">Starter<\/td>\n<td width=\"33.3200%\">JQDJ2728KW0330<\/td>\n<td width=\"33.3400%\">Cummins ISDe \/ ISF3.8<\/td>\n<\/tr>\n<tr>\n<td width=\"33.3200%\">Starter<\/td>\n<td width=\"33.3200%\">J5363153E6331<\/td>\n<td width=\"33.3400%\">ISF2.8<\/td>\n<\/tr>\n<tr>\n<td width=\"33.3200%\">Starter<\/td>\n<td width=\"33.3200%\">J5319202E6331<\/td>\n<td width=\"33.3400%\">ISF3.8<\/td>\n<\/tr>\n<tr>\n<td width=\"33.3200%\">Starter<\/td>\n<td width=\"33.3200%\">JQDJ1336KW0330<\/td>\n<td width=\"33.3400%\">ISF2.8<\/td>\n<\/tr>\n<tr>\n<td width=\"33.3200%\">Starter<\/td>\n<td width=\"33.3200%\">J5311304W0330<\/td>\n<td width=\"33.3400%\">ISF2.8<\/td>\n<\/tr>\n<tr>\n<td width=\"33.3200%\">Starter<\/td>\n<td width=\"33.3200%\">J5311304E6331<\/td>\n<td width=\"33.3400%\">ISF2.8<\/td>\n<\/tr>\n<tr>\n<td width=\"33.3200%\">Starter<\/td>\n<td width=\"33.3200%\">JQDJ2608KW0330<\/td>\n<td width=\"33.3400%\">Cummins 4BT<\/td>\n<\/tr>\n<tr>\n<td width=\"33.3200%\">Starter<\/td>\n<td width=\"33.3200%\">JQDJ2528KW0330<\/td>\n<td width=\"33.3400%\">ISF3.8<\/td>\n<\/tr>\n<tr>\n<td width=\"33.3200%\">Starter<\/td>\n<td width=\"33.3200%\">JQDJ2908KW0330<\/td>\n<td width=\"33.3400%\">Cummins 6CT<\/td>\n<\/tr>\n<tr>\n<td width=\"33.3200%\">Starter<\/td>\n<td width=\"33.3200%\">JQDJ2908K1W0330<\/td>\n<td width=\"33.3400%\">Cummins NH\u3001K6(NT855)<\/td>\n<\/tr>\n<tr>\n<td width=\"33.3200%\">Starter<\/td>\n<td width=\"33.3200%\">J5268413W0330<\/td>\n<td width=\"33.3400%\">CumminsISF3.8<\/td>\n<\/tr>\n<tr>\n<td width=\"33.3200%\">Starter<\/td>\n<td width=\"33.3200%\">J5268413E6331<\/td>\n<td width=\"33.3400%\">CumminsISF3.8<\/td>\n<\/tr>\n<tr>\n<td width=\"33.3200%\">Starter<\/td>\n<td width=\"33.3200%\">J2660IE6331<\/td>\n<td width=\"33.3400%\">Cummins3.8<\/td>\n<\/tr>\n<tr>\n<td width=\"33.3200%\">Starter<\/td>\n<td width=\"33.3200%\">J5295576E6331<\/td>\n<td width=\"33.3400%\">Cummins2.8<\/td>\n<\/tr>\n<tr>\n<td width=\"33.3200%\">Starter<\/td>\n<td width=\"33.3200%\">JM105RGTLE6331<\/td>\n<td width=\"33.3400%\">Cummins \/ Auman GTL<\/td>\n<\/tr>\n<tr>\n<td width=\"33.3200%\">Starter<\/td>\n<td width=\"33.3200%\">JM93R3001SEE6331<\/td>\n<td width=\"33.3400%\">Cummins 6BT\uff0812 Teeth\uff09<\/td>\n<\/tr>\n<tr>\n<td width=\"33.3200%\">Starter<\/td>\n<td width=\"33.3200%\">JM93R3010SEE6331<\/td>\n<td width=\"33.3400%\">Cummins 6BT<\/td>\n<\/tr>\n<tr>\n<td width=\"33.3200%\">Starter<\/td>\n<td width=\"33.3200%\">JM93R3013SEE6331<\/td>\n<td width=\"33.3400%\">Cummins6BT<\/td>\n<\/tr>\n<tr>\n<td width=\"33.3200%\">Starter<\/td>\n<td width=\"33.3200%\">JM93R3026SEE6331<\/td>\n<td width=\"33.3400%\">CumminsISDE<\/td>\n<\/tr>\n<tr>\n<td width=\"33.3200%\">Starter<\/td>\n<td width=\"33.3200%\">J277E6331<\/td>\n<td width=\"33.3400%\">Cummins 6BT\/10 Teeth<\/td>\n<\/tr>\n<tr>\n<td width=\"33.3200%\">Starter<\/td>\n<td width=\"33.3200%\">J2701E6331<\/td>\n<td width=\"33.3400%\">Cummins 10 Teeth<\/td>\n<\/tr>\n<tr>\n<td width=\"33.3200%\">Starter<\/td>\n<td width=\"33.3200%\">JM96RKAE6331<\/td>\n<td width=\"33.3400%\">Cummins 6CT<\/td>\n<\/tr>\n<tr>\n<td width=\"33.3200%\">Starter<\/td>\n<td width=\"33.3200%\">JM105RKAE6331<\/td>\n<td width=\"33.3400%\">Cummins 6CT<\/td>\n<\/tr>\n<tr>\n<td width=\"33.3200%\">Starter<\/td>\n<td width=\"33.3200%\">JM105RKSE6331<\/td>\n<td width=\"33.3400%\">Cummins ISM34530, NT855<\/td>\n<\/tr>\n<tr>\n<td width=\"33.3200%\">Starter<\/td>\n<td width=\"33.3200%\">JM105RKNE6331<\/td>\n<td width=\"33.3400%\">Cummins<\/td>\n<\/tr>\n<tr>\n<td width=\"33.3200%\">Starter<\/td>\n<td width=\"33.3200%\">JM105RKXE6331<\/td>\n<td width=\"33.3400%\">Cummins<\/td>\n<\/tr>\n<tr>\n<td width=\"33.3200%\">Starter<\/td>\n<td width=\"33.3200%\">J1316E6331<\/td>\n<td width=\"33.3400%\">Cummins 4BT3.3<\/td>\n<\/tr>\n<tr>\n<td width=\"33.3200%\">Starter<\/td>\n<td width=\"33.3200%\">J2650BE6331<\/td>\n<td width=\"33.3400%\">Cummins 4.5L<\/td>\n<\/tr>\n<tr>\n<td width=\"33.3200%\">Starter<\/td>\n<td width=\"33.3200%\">J1320E6331<\/td>\n<td width=\"33.3400%\">Cummins 4BT3.3<\/td>\n<\/tr>\n<tr>\n<td width=\"33.3200%\">Starter<\/td>\n<td width=\"33.3200%\">J1320BE6331<\/td>\n<td width=\"33.3400%\">Cummins<\/td>\n<\/tr>\n<tr>\n<td width=\"33.3200%\">Starter<\/td>\n<td width=\"33.3200%\">J2620BE6331<\/td>\n<td width=\"33.3400%\">Cummins QSD6.7<\/td>\n<\/tr>\n<tr>\n<td width=\"33.3200%\">Starter<\/td>\n<td width=\"33.3200%\">J1361AE6331<\/td>\n<td width=\"33.3400%\">Cummins 2.8<\/td>\n<\/tr>\n<tr>\n<td width=\"33.3200%\">Starter<\/td>\n<td width=\"33.3200%\">J2620LE6331<\/td>\n<td width=\"33.3400%\">Cummins<\/td>\n<\/tr>\n<\/tbody>\n<\/table>\n","protected":false},"excerpt":{"rendered":"<table>\n<tbody>\n<tr>\n<td width=\"213\">Type<\/td>\n<td width=\"213\">Cummins Engine Parts<\/td>\n<\/tr>\n<tr>\n<td width=\"213\">Fit For<\/td>\n<td width=\"213\">Cummins Engine<\/td>\n<\/tr>\n<\/tbody>\n<\/table>\n","protected":false},"featured_media":3833,"template":"","meta":{"site-sidebar-layout":"default","site-content-layout":"","ast-site-content-layout":"default","site-content-style":"default","site-sidebar-style":"default","ast-global-header-display":"","ast-banner-title-visibility":"","ast-main-header-display":"","ast-hfb-above-header-display":"","ast-hfb-below-header-display":"","ast-hfb-mobile-header-display":"","site-post-title":"","ast-breadcrumbs-content":"","ast-featured-img":"","footer-sml-layout":"","ast-disable-related-posts":"","theme-transparent-header-meta":"default","adv-header-id-meta":"","stick-header-meta":"","header-above-stick-meta":"","header-main-stick-meta":"","header-below-stick-meta":"","astra-migrate-meta-layouts":"default","ast-page-background-enabled":"default","ast-page-background-meta":{"desktop":{"background-color":"var(--ast-global-color-4)","background-image":"","background-repeat":"repeat","background-position":"center center","background-size":"auto","background-attachment":"scroll","background-type":"","background-media":"","overlay-type":"","overlay-color":"","overlay-opacity":"","overlay-gradient":""},"tablet":{"background-color":"","background-image":"","background-repeat":"repeat","background-position":"center center","background-size":"auto","background-attachment":"scroll","background-type":"","background-media":"","overlay-type":"","overlay-color":"","overlay-opacity":"","overlay-gradient":""},"mobile":{"background-color":"","background-image":"","background-repeat":"repeat","background-position":"center center","background-size":"auto","background-attachment":"scroll","background-type":"","background-media":"","overlay-type":"","overlay-color":"","overlay-opacity":"","overlay-gradient":""}},"ast-content-background-meta":{"desktop":{"background-color":"var(--ast-global-color-5)","background-image":"","background-repeat":"repeat","background-position":"center center","background-size":"auto","background-attachment":"scroll","background-type":"","background-media":"","overlay-type":"","overlay-color":"","overlay-opacity":"","overlay-gradient":""},"tablet":{"background-color":"var(--ast-global-color-5)","background-image":"","background-repeat":"repeat","background-position":"center center","background-size":"auto","background-attachment":"scroll","background-type":"","background-media":"","overlay-type":"","overlay-color":"","overlay-opacity":"","overlay-gradient":""},"mobile":{"background-color":"var(--ast-global-color-5)","background-image":"","background-repeat":"repeat","background-position":"center center","background-size":"auto","background-attachment":"scroll","background-type":"","background-media":"","overlay-type":"","overlay-color":"","overlay-opacity":"","overlay-gradient":""}}},"product_brand":[],"product_cat":[101],"product_tag":[343,345],"class_list":{"0":"post-3811","1":"product","2":"type-product","3":"status-publish","4":"has-post-thumbnail","6":"product_cat-others","7":"product_tag-chinatrucksparepart","8":"product_tag-cummins","9":"desktop-align-center","10":"tablet-align-left","11":"mobile-align-left","12":"ast-product-gallery-layout-horizontal-slider","13":"ast-product-gallery-with-no-image","14":"ast-product-tabs-layout-horizontal","16":"first","17":"instock","18":"shipping-taxable","19":"product-type-simple"},"yoast_head":"<!-- This site is optimized with the Yoast SEO Premium plugin v26.7 (Yoast SEO v27.5) - https:\/\/yoast.com\/product\/yoast-seo-premium-wordpress\/ -->\n<title>Piezas del motor Cummins - Aurora Truck Bus Parts<\/title>\n<meta name=\"description\" content=\"Piezas del motor de Cummins, piezas de revestimiento de cilindros, piezas de pist\u00f3n, piezas de anillo de pist\u00f3n, piezas de pasadores de pist\u00f3n, kit de reparaci\u00f3n, bomba de direcci\u00f3n, alternador, arranque\" \/>\n<meta name=\"robots\" content=\"index, follow, max-snippet:-1, max-image-preview:large, max-video-preview:-1\" \/>\n<link rel=\"canonical\" href=\"https:\/\/www.auroraproparts.com\/es\/product\/piezas-del-motor-cummins\/\" \/>\n<meta property=\"og:locale\" content=\"es_ES\" \/>\n<meta property=\"og:type\" content=\"article\" \/>\n<meta property=\"og:title\" content=\"Piezas del motor Cummins\" \/>\n<meta property=\"og:description\" content=\"Piezas del motor de Cummins, piezas de revestimiento de cilindros, piezas de pist\u00f3n, piezas de anillo de pist\u00f3n, piezas de pasadores de pist\u00f3n, kit de reparaci\u00f3n, bomba de direcci\u00f3n, alternador, arranque\" \/>\n<meta property=\"og:url\" content=\"https:\/\/www.auroraproparts.com\/es\/product\/piezas-del-motor-cummins\/\" \/>\n<meta property=\"og:site_name\" content=\"Aurora Truck Bus Parts\" \/>\n<meta property=\"article:modified_time\" content=\"2023-11-21T02:56:55+00:00\" \/>\n<meta name=\"twitter:card\" content=\"summary_large_image\" \/>\n<meta name=\"twitter:label1\" content=\"Tiempo de lectura\" \/>\n\t<meta name=\"twitter:data1\" content=\"1 minuto\" \/>\n<script type=\"application\/ld+json\" class=\"yoast-schema-graph\">{\"@context\":\"https:\\\/\\\/schema.org\",\"@graph\":[{\"@type\":\"WebPage\",\"@id\":\"https:\\\/\\\/www.auroraproparts.com\\\/es\\\/product\\\/piezas-del-motor-cummins\\\/\",\"url\":\"https:\\\/\\\/www.auroraproparts.com\\\/es\\\/product\\\/piezas-del-motor-cummins\\\/\",\"name\":\"Piezas del motor Cummins - Aurora Truck Bus Parts\",\"isPartOf\":{\"@id\":\"https:\\\/\\\/www.auroraproparts.com\\\/es\\\/#website\"},\"primaryImageOfPage\":{\"@id\":\"https:\\\/\\\/www.auroraproparts.com\\\/es\\\/product\\\/piezas-del-motor-cummins\\\/#primaryimage\"},\"image\":{\"@id\":\"https:\\\/\\\/www.auroraproparts.com\\\/es\\\/product\\\/piezas-del-motor-cummins\\\/#primaryimage\"},\"thumbnailUrl\":\"https:\\\/\\\/www.auroraproparts.com\\\/es\\\/wp-content\\\/uploads\\\/sites\\\/2\\\/2023\\\/11\\\/cummins-parts.webp\",\"datePublished\":\"2023-11-21T02:56:34+00:00\",\"dateModified\":\"2023-11-21T02:56:55+00:00\",\"description\":\"Piezas del motor de Cummins, piezas de revestimiento de cilindros, piezas de pist\u00f3n, piezas de anillo de pist\u00f3n, piezas de pasadores de pist\u00f3n, kit de reparaci\u00f3n, bomba de direcci\u00f3n, alternador, arranque\",\"breadcrumb\":{\"@id\":\"https:\\\/\\\/www.auroraproparts.com\\\/es\\\/product\\\/piezas-del-motor-cummins\\\/#breadcrumb\"},\"inLanguage\":\"es\",\"potentialAction\":[{\"@type\":\"ReadAction\",\"target\":[\"https:\\\/\\\/www.auroraproparts.com\\\/es\\\/product\\\/piezas-del-motor-cummins\\\/\"]}]},{\"@type\":\"ImageObject\",\"inLanguage\":\"es\",\"@id\":\"https:\\\/\\\/www.auroraproparts.com\\\/es\\\/product\\\/piezas-del-motor-cummins\\\/#primaryimage\",\"url\":\"https:\\\/\\\/www.auroraproparts.com\\\/es\\\/wp-content\\\/uploads\\\/sites\\\/2\\\/2023\\\/11\\\/cummins-parts.webp\",\"contentUrl\":\"https:\\\/\\\/www.auroraproparts.com\\\/es\\\/wp-content\\\/uploads\\\/sites\\\/2\\\/2023\\\/11\\\/cummins-parts.webp\",\"width\":900,\"height\":900},{\"@type\":\"BreadcrumbList\",\"@id\":\"https:\\\/\\\/www.auroraproparts.com\\\/es\\\/product\\\/piezas-del-motor-cummins\\\/#breadcrumb\",\"itemListElement\":[{\"@type\":\"ListItem\",\"position\":1,\"name\":\"\u9996\u9875\",\"item\":\"https:\\\/\\\/www.auroraproparts.com\\\/es\\\/\"},{\"@type\":\"ListItem\",\"position\":2,\"name\":\"Recambios Para Cami\u00f3n\",\"item\":\"https:\\\/\\\/www.auroraproparts.com\\\/es\\\/products\\\/\"},{\"@type\":\"ListItem\",\"position\":3,\"name\":\"Piezas del motor Cummins\"}]},{\"@type\":\"WebSite\",\"@id\":\"https:\\\/\\\/www.auroraproparts.com\\\/es\\\/#website\",\"url\":\"https:\\\/\\\/www.auroraproparts.com\\\/es\\\/\",\"name\":\"Aurora Truck Bus Parts\",\"description\":\"\",\"publisher\":{\"@id\":\"https:\\\/\\\/www.auroraproparts.com\\\/es\\\/#organization\"},\"potentialAction\":[{\"@type\":\"SearchAction\",\"target\":{\"@type\":\"EntryPoint\",\"urlTemplate\":\"https:\\\/\\\/www.auroraproparts.com\\\/es\\\/?s={search_term_string}\"},\"query-input\":{\"@type\":\"PropertyValueSpecification\",\"valueRequired\":true,\"valueName\":\"search_term_string\"}}],\"inLanguage\":\"es\"},{\"@type\":\"Organization\",\"@id\":\"https:\\\/\\\/www.auroraproparts.com\\\/es\\\/#organization\",\"name\":\"Aurora Truck Bus Parts\",\"url\":\"https:\\\/\\\/www.auroraproparts.com\\\/es\\\/\",\"logo\":{\"@type\":\"ImageObject\",\"inLanguage\":\"es\",\"@id\":\"https:\\\/\\\/www.auroraproparts.com\\\/es\\\/#\\\/schema\\\/logo\\\/image\\\/\",\"url\":\"https:\\\/\\\/www.auroraproparts.com\\\/es\\\/wp-content\\\/uploads\\\/sites\\\/2\\\/2023\\\/11\\\/logo.svg\",\"contentUrl\":\"https:\\\/\\\/www.auroraproparts.com\\\/es\\\/wp-content\\\/uploads\\\/sites\\\/2\\\/2023\\\/11\\\/logo.svg\",\"width\":313,\"height\":56,\"caption\":\"Aurora Truck Bus Parts\"},\"image\":{\"@id\":\"https:\\\/\\\/www.auroraproparts.com\\\/es\\\/#\\\/schema\\\/logo\\\/image\\\/\"}}]}<\/script>\n<!-- \/ Yoast SEO Premium plugin. -->","yoast_head_json":{"title":"Piezas del motor Cummins - Aurora Truck Bus Parts","description":"Piezas del motor de Cummins, piezas de revestimiento de cilindros, piezas de pist\u00f3n, piezas de anillo de pist\u00f3n, piezas de pasadores de pist\u00f3n, kit de reparaci\u00f3n, bomba de direcci\u00f3n, alternador, arranque","robots":{"index":"index","follow":"follow","max-snippet":"max-snippet:-1","max-image-preview":"max-image-preview:large","max-video-preview":"max-video-preview:-1"},"canonical":"https:\/\/www.auroraproparts.com\/es\/product\/piezas-del-motor-cummins\/","og_locale":"es_ES","og_type":"article","og_title":"Piezas del motor Cummins","og_description":"Piezas del motor de Cummins, piezas de revestimiento de cilindros, piezas de pist\u00f3n, piezas de anillo de pist\u00f3n, piezas de pasadores de pist\u00f3n, kit de reparaci\u00f3n, bomba de direcci\u00f3n, alternador, arranque","og_url":"https:\/\/www.auroraproparts.com\/es\/product\/piezas-del-motor-cummins\/","og_site_name":"Aurora Truck Bus Parts","article_modified_time":"2023-11-21T02:56:55+00:00","twitter_card":"summary_large_image","twitter_misc":{"Tiempo de lectura":"1 minuto"},"schema":{"@context":"https:\/\/schema.org","@graph":[{"@type":"WebPage","@id":"https:\/\/www.auroraproparts.com\/es\/product\/piezas-del-motor-cummins\/","url":"https:\/\/www.auroraproparts.com\/es\/product\/piezas-del-motor-cummins\/","name":"Piezas del motor Cummins - Aurora Truck Bus Parts","isPartOf":{"@id":"https:\/\/www.auroraproparts.com\/es\/#website"},"primaryImageOfPage":{"@id":"https:\/\/www.auroraproparts.com\/es\/product\/piezas-del-motor-cummins\/#primaryimage"},"image":{"@id":"https:\/\/www.auroraproparts.com\/es\/product\/piezas-del-motor-cummins\/#primaryimage"},"thumbnailUrl":"https:\/\/www.auroraproparts.com\/es\/wp-content\/uploads\/sites\/2\/2023\/11\/cummins-parts.webp","datePublished":"2023-11-21T02:56:34+00:00","dateModified":"2023-11-21T02:56:55+00:00","description":"Piezas del motor de Cummins, piezas de revestimiento de cilindros, piezas de pist\u00f3n, piezas de anillo de pist\u00f3n, piezas de pasadores de pist\u00f3n, kit de reparaci\u00f3n, bomba de direcci\u00f3n, alternador, arranque","breadcrumb":{"@id":"https:\/\/www.auroraproparts.com\/es\/product\/piezas-del-motor-cummins\/#breadcrumb"},"inLanguage":"es","potentialAction":[{"@type":"ReadAction","target":["https:\/\/www.auroraproparts.com\/es\/product\/piezas-del-motor-cummins\/"]}]},{"@type":"ImageObject","inLanguage":"es","@id":"https:\/\/www.auroraproparts.com\/es\/product\/piezas-del-motor-cummins\/#primaryimage","url":"https:\/\/www.auroraproparts.com\/es\/wp-content\/uploads\/sites\/2\/2023\/11\/cummins-parts.webp","contentUrl":"https:\/\/www.auroraproparts.com\/es\/wp-content\/uploads\/sites\/2\/2023\/11\/cummins-parts.webp","width":900,"height":900},{"@type":"BreadcrumbList","@id":"https:\/\/www.auroraproparts.com\/es\/product\/piezas-del-motor-cummins\/#breadcrumb","itemListElement":[{"@type":"ListItem","position":1,"name":"\u9996\u9875","item":"https:\/\/www.auroraproparts.com\/es\/"},{"@type":"ListItem","position":2,"name":"Recambios Para Cami\u00f3n","item":"https:\/\/www.auroraproparts.com\/es\/products\/"},{"@type":"ListItem","position":3,"name":"Piezas del motor Cummins"}]},{"@type":"WebSite","@id":"https:\/\/www.auroraproparts.com\/es\/#website","url":"https:\/\/www.auroraproparts.com\/es\/","name":"Aurora Truck Bus Parts","description":"","publisher":{"@id":"https:\/\/www.auroraproparts.com\/es\/#organization"},"potentialAction":[{"@type":"SearchAction","target":{"@type":"EntryPoint","urlTemplate":"https:\/\/www.auroraproparts.com\/es\/?s={search_term_string}"},"query-input":{"@type":"PropertyValueSpecification","valueRequired":true,"valueName":"search_term_string"}}],"inLanguage":"es"},{"@type":"Organization","@id":"https:\/\/www.auroraproparts.com\/es\/#organization","name":"Aurora Truck Bus Parts","url":"https:\/\/www.auroraproparts.com\/es\/","logo":{"@type":"ImageObject","inLanguage":"es","@id":"https:\/\/www.auroraproparts.com\/es\/#\/schema\/logo\/image\/","url":"https:\/\/www.auroraproparts.com\/es\/wp-content\/uploads\/sites\/2\/2023\/11\/logo.svg","contentUrl":"https:\/\/www.auroraproparts.com\/es\/wp-content\/uploads\/sites\/2\/2023\/11\/logo.svg","width":313,"height":56,"caption":"Aurora Truck Bus Parts"},"image":{"@id":"https:\/\/www.auroraproparts.com\/es\/#\/schema\/logo\/image\/"}}]}},"_links":{"self":[{"href":"https:\/\/www.auroraproparts.com\/es\/wp-json\/wp\/v2\/product\/3811","targetHints":{"allow":["GET"]}}],"collection":[{"href":"https:\/\/www.auroraproparts.com\/es\/wp-json\/wp\/v2\/product"}],"about":[{"href":"https:\/\/www.auroraproparts.com\/es\/wp-json\/wp\/v2\/types\/product"}],"wp:featuredmedia":[{"embeddable":true,"href":"https:\/\/www.auroraproparts.com\/es\/wp-json\/wp\/v2\/media\/3833"}],"wp:attachment":[{"href":"https:\/\/www.auroraproparts.com\/es\/wp-json\/wp\/v2\/media?parent=3811"}],"wp:term":[{"taxonomy":"product_brand","embeddable":true,"href":"https:\/\/www.auroraproparts.com\/es\/wp-json\/wp\/v2\/product_brand?post=3811"},{"taxonomy":"product_cat","embeddable":true,"href":"https:\/\/www.auroraproparts.com\/es\/wp-json\/wp\/v2\/product_cat?post=3811"},{"taxonomy":"product_tag","embeddable":true,"href":"https:\/\/www.auroraproparts.com\/es\/wp-json\/wp\/v2\/product_tag?post=3811"}],"curies":[{"name":"wp","href":"https:\/\/api.w.org\/{rel}","templated":true}]}}