{"id":387,"date":"2023-04-16T17:35:47","date_gmt":"2023-04-16T09:35:47","guid":{"rendered":"https:\/\/www.auroraproparts.com\/es\/product\/freightliner-truck-air-spring-w01-358-9781-firestone-1r12-603-goodyear\/"},"modified":"2024-07-07T09:50:23","modified_gmt":"2024-07-07T01:50:23","slug":"freightliner-truck-air-spring-w01-358-9781-firestone-1r12-603-goodyear","status":"publish","type":"product","link":"https:\/\/www.auroraproparts.com\/es\/product\/freightliner-truck-air-spring-w01-358-9781-firestone-1r12-603-goodyear\/","title":{"rendered":"Freightliner Fuelles Neum\u00e1ticos W01-358-9781 Firestone 1R12-603 Goodyear"},"content":{"rendered":"<h2><strong>Freightliner Fuelles Neum\u00e1ticos W01-358-9781 Firestone 1R12-603 Goodyear<\/strong><\/h2>\n<p>&nbsp;<\/p>\n<p>Without Bracket <a href=\"https:\/\/www.auroraproparts.com\/es\/products\/air-spring\/freightliner-truck-air-spring-w01-358-9780-firestone-1r12-303-goodyear-without-bracket\/\">Freightliner Truck Air Spring W01-358-9780 Firestone 1R12-303 Goodyear Without Bracket<\/a><\/p>\n<p>&nbsp;<\/p>\n<p>Top Plate Width: \u00a09.00 \u00bb<br \/>\nPiston Width: \u00a010.62 \u00bb<br \/>\nWeight: \u00a015.00 lbs<\/p>\n<p>&nbsp;<\/p>\n<table>\n<tbody>\n<tr>\n<td colspan=\"4\" width=\"498\">Cross reference<\/td>\n<\/tr>\n<tr>\n<td width=\"124\">ContiTech<\/td>\n<td width=\"124\">9 10S-16 A 382<\/td>\n<td width=\"124\">Firestone<\/td>\n<td width=\"124\">W01-358-9781<\/td>\n<\/tr>\n<tr>\n<td width=\"124\">Goodyear<\/td>\n<td width=\"124\">1R12-603<\/td>\n<td width=\"124\">TRP<\/td>\n<td width=\"124\">AS9780A<\/td>\n<\/tr>\n<tr>\n<td width=\"124\">Automann<\/td>\n<td width=\"124\">1DF23-9781<\/td>\n<td width=\"124\">FleetPride<\/td>\n<td width=\"124\">AS9781<\/td>\n<\/tr>\n<tr>\n<td width=\"124\">Primeride<\/td>\n<td width=\"124\">ASPR9MR169781<\/td>\n<td width=\"124\">Triangle<\/td>\n<td width=\"124\">AS-8382<\/td>\n<\/tr>\n<\/tbody>\n<\/table>\n<p>&nbsp;<\/p>\n<table>\n<tbody>\n<tr>\n<td colspan=\"4\" width=\"498\">OE Manufacturer<\/td>\n<\/tr>\n<tr>\n<td width=\"124\">Freightliner<\/td>\n<td width=\"124\">16-15595-000<\/td>\n<td width=\"124\">Freightliner<\/td>\n<td width=\"124\">16-14004-000<\/td>\n<\/tr>\n<tr>\n<td width=\"124\">Freightliner<\/td>\n<td width=\"124\">16-13840-000<\/td>\n<td width=\"124\">Freightliner<\/td>\n<td width=\"124\">16-16773-000<\/td>\n<\/tr>\n<tr>\n<td width=\"124\">Freightliner<\/td>\n<td width=\"124\">681-320-0017<\/td>\n<td width=\"124\">Freightliner<\/td>\n<td width=\"124\">16-13810-000<\/td>\n<\/tr>\n<tr>\n<td width=\"124\">Freightliner<\/td>\n<td width=\"124\">16-19465-000<\/td>\n<td width=\"124\">Freightliner<\/td>\n<td width=\"124\">16-19466-000<\/td>\n<\/tr>\n<\/tbody>\n<\/table>\n<p>&nbsp;<\/p>\n<h6><strong>Other Cross reference<\/strong><\/h6>\n<p>Alliance: ABP N32 019781, ABPN32019781<\/p>\n<p>Automann: 1DF23-9781, 566.ER9781, AB1DF23-9781, 566.CT64266, 566.ER9780, AB1DF23-9780, 566.CT67473<\/p>\n<p>Contitech: 161007, 64266, 9 10S-16 A 382, 910S-16A382, 67473, 910S16P382<\/p>\n<p>Dayton: 452-9781<\/p>\n<p>Euclid: FS9780, FS9781<\/p>\n<p>Firestone: 9781, W013589781, W01-358-9781, W013778527, W01-377-8527, W013778529, W01-377-8529, W013778536, W01-377-8536, W013779781, W01-377-9781, W013779783, W01-377-9783, 8536, 8537, 5779, 9784, 9786, 9780, 9782, W01-358-9782, W01-377-8537, W013779784, W013779785, W013779786, W013779787<\/p>\n<p>Fleetpride: AS9781<\/p>\n<p>Fleetrite: 1R12-1064, 1R12-1054<\/p>\n<p>Freightliner: 1613840000, 16-13840-000, 1614004000, 16-14004-000, 1617575000, 1619466000, 16-19466-000, 6813200017, 681-3200-017, 681-320-0017, A1614004000, A16-14004-000, A1614004001, A16-14004-001, A1615443000, A16-17574-001, A16-17574-002, 16-16773-000<\/p>\n<p>Globetech: GTK-358-9781, GTK-358-9780, GTK3589781, GTK3589780<\/p>\n<p>Goodyear: 1R121082, 1R12-1082, 1R12603, 1R12-603, 1R12-303, 1R12-268, 1R12-186<\/p>\n<p>Hendrickson: 8536<\/p>\n<p>Loadguard: SC2750<\/p>\n<p>Meritor: MAF9781, FS9781, MAF9780, FS9780<\/p>\n<p>SAF Holland: G2299781400<\/p>\n<p>Traction: FIRW01-358-9782, FIRW01-358-9781<\/p>\n<p>Triangle: 8382<\/p>\n<p>TRP: AS9780A, AS9780P<\/p>\n<p>Volvo: 85101151<\/p>\n","protected":false},"excerpt":{"rendered":"<table>\n<tbody>\n<tr>\n<td width=\"213\">Type<\/td>\n<td width=\"213\">Tractocami\u00f3n Fuelles Neum\u00e1ticos<\/td>\n<\/tr>\n<tr>\n<td width=\"213\">Material<\/td>\n<td width=\"213\">Rubber Bellows ,Steel Piston<\/td>\n<\/tr>\n<tr>\n<td width=\"213\">Fit\u00a0For<\/td>\n<td width=\"213\">Freightliner<\/td>\n<\/tr>\n<tr>\n<td width=\"213\">OE NO.<\/td>\n<td width=\"213\">16-15595-000<\/td>\n<\/tr>\n<tr>\n<td width=\"213\">Firestone<\/td>\n<td width=\"213\">W01-358-9781<\/td>\n<\/tr>\n<tr>\n<td width=\"213\">Goodyear<\/td>\n<td width=\"213\">1R12-603<\/td>\n<\/tr>\n<tr>\n<td width=\"213\">Contitech<\/td>\n<td width=\"213\">910S-16A382<\/td>\n<\/tr>\n<tr>\n<td width=\"213\">Primeride<\/td>\n<td width=\"213\">AS PR9MR16 9781<\/td>\n<\/tr>\n<\/tbody>\n<\/table>\n","protected":false},"featured_media":239,"template":"","meta":{"site-sidebar-layout":"default","site-content-layout":"default","ast-site-content-layout":"default","site-content-style":"default","site-sidebar-style":"default","ast-global-header-display":"","ast-banner-title-visibility":"","ast-main-header-display":"","ast-hfb-above-header-display":"","ast-hfb-below-header-display":"","ast-hfb-mobile-header-display":"","site-post-title":"","ast-breadcrumbs-content":"","ast-featured-img":"","footer-sml-layout":"","ast-disable-related-posts":"","theme-transparent-header-meta":"default","adv-header-id-meta":"","stick-header-meta":"default","header-above-stick-meta":"","header-main-stick-meta":"","header-below-stick-meta":"","astra-migrate-meta-layouts":"set","ast-page-background-enabled":"default","ast-page-background-meta":{"desktop":{"background-color":"var(--ast-global-color-4)","background-image":"","background-repeat":"repeat","background-position":"center center","background-size":"auto","background-attachment":"scroll","background-type":"","background-media":"","overlay-type":"","overlay-color":"","overlay-opacity":"","overlay-gradient":""},"tablet":{"background-color":"","background-image":"","background-repeat":"repeat","background-position":"center center","background-size":"auto","background-attachment":"scroll","background-type":"","background-media":"","overlay-type":"","overlay-color":"","overlay-opacity":"","overlay-gradient":""},"mobile":{"background-color":"","background-image":"","background-repeat":"repeat","background-position":"center center","background-size":"auto","background-attachment":"scroll","background-type":"","background-media":"","overlay-type":"","overlay-color":"","overlay-opacity":"","overlay-gradient":""}},"ast-content-background-meta":{"desktop":{"background-color":"var(--ast-global-color-5)","background-image":"","background-repeat":"repeat","background-position":"center center","background-size":"auto","background-attachment":"scroll","background-type":"","background-media":"","overlay-type":"","overlay-color":"","overlay-opacity":"","overlay-gradient":""},"tablet":{"background-color":"var(--ast-global-color-5)","background-image":"","background-repeat":"repeat","background-position":"center center","background-size":"auto","background-attachment":"scroll","background-type":"","background-media":"","overlay-type":"","overlay-color":"","overlay-opacity":"","overlay-gradient":""},"mobile":{"background-color":"var(--ast-global-color-5)","background-image":"","background-repeat":"repeat","background-position":"center center","background-size":"auto","background-attachment":"scroll","background-type":"","background-media":"","overlay-type":"","overlay-color":"","overlay-opacity":"","overlay-gradient":""}}},"product_brand":[],"product_cat":[20],"product_tag":[56,21,137],"class_list":{"0":"post-387","1":"product","2":"type-product","3":"status-publish","4":"has-post-thumbnail","6":"product_cat-air-spring","7":"product_tag-freightliner-truck-air-spring","8":"product_tag-air-spring","9":"product_tag-truck-air-spring","10":"desktop-align-center","11":"tablet-align-left","12":"mobile-align-left","13":"ast-product-gallery-layout-horizontal-slider","14":"ast-product-gallery-with-no-image","15":"ast-product-tabs-layout-horizontal","17":"first","18":"instock","19":"shipping-taxable","20":"product-type-simple"},"yoast_head":"<!-- This site is optimized with the Yoast SEO Premium plugin v26.7 (Yoast SEO v27.5) - https:\/\/yoast.com\/product\/yoast-seo-premium-wordpress\/ -->\n<title>Freightliner Fuelles Neum\u00e1ticos W01-358-9781 Firestone 1R12-603 Goodyear - Aurora Truck Bus Parts<\/title>\n<meta name=\"description\" content=\"Tractocami\u00f3n Fuelles Neum\u00e1ticos, W01-358-9781, Freightliner 16-15595-000, 16-14004-000, 16-13840-000, 16-16773-000, 681-320-0017, 16-13810-000, 16-19465-000\" \/>\n<meta name=\"robots\" content=\"index, follow, max-snippet:-1, max-image-preview:large, max-video-preview:-1\" \/>\n<link rel=\"canonical\" href=\"https:\/\/www.auroraproparts.com\/es\/product\/freightliner-truck-air-spring-w01-358-9781-firestone-1r12-603-goodyear\/\" \/>\n<meta property=\"og:locale\" content=\"es_ES\" \/>\n<meta property=\"og:type\" content=\"article\" \/>\n<meta property=\"og:title\" content=\"Freightliner Fuelles Neum\u00e1ticos W01-358-9781 Firestone 1R12-603 Goodyear\" \/>\n<meta property=\"og:description\" content=\"Tractocami\u00f3n Fuelles Neum\u00e1ticos, W01-358-9781, Freightliner 16-15595-000, 16-14004-000, 16-13840-000, 16-16773-000, 681-320-0017, 16-13810-000, 16-19465-000\" \/>\n<meta property=\"og:url\" content=\"https:\/\/www.auroraproparts.com\/es\/product\/freightliner-truck-air-spring-w01-358-9781-firestone-1r12-603-goodyear\/\" \/>\n<meta property=\"og:site_name\" content=\"Aurora Truck Bus Parts\" \/>\n<meta property=\"article:modified_time\" content=\"2024-07-07T01:50:23+00:00\" \/>\n<meta property=\"og:image\" content=\"https:\/\/www.auroraproparts.com\/es\/wp-content\/uploads\/sites\/2\/2023\/04\/3-jpg.webp\" \/>\n\t<meta property=\"og:image:width\" content=\"800\" \/>\n\t<meta property=\"og:image:height\" content=\"800\" \/>\n\t<meta property=\"og:image:type\" content=\"image\/jpeg\" \/>\n<meta name=\"twitter:card\" content=\"summary_large_image\" \/>\n<meta name=\"twitter:label1\" content=\"Tiempo de lectura\" \/>\n\t<meta name=\"twitter:data1\" content=\"2 minutos\" \/>\n<script type=\"application\/ld+json\" class=\"yoast-schema-graph\">{\"@context\":\"https:\\\/\\\/schema.org\",\"@graph\":[{\"@type\":\"WebPage\",\"@id\":\"https:\\\/\\\/www.auroraproparts.com\\\/es\\\/product\\\/freightliner-truck-air-spring-w01-358-9781-firestone-1r12-603-goodyear\\\/\",\"url\":\"https:\\\/\\\/www.auroraproparts.com\\\/es\\\/product\\\/freightliner-truck-air-spring-w01-358-9781-firestone-1r12-603-goodyear\\\/\",\"name\":\"Freightliner Fuelles Neum\u00e1ticos W01-358-9781 Firestone 1R12-603 Goodyear - Aurora Truck Bus Parts\",\"isPartOf\":{\"@id\":\"https:\\\/\\\/www.auroraproparts.com\\\/es\\\/#website\"},\"primaryImageOfPage\":{\"@id\":\"https:\\\/\\\/www.auroraproparts.com\\\/es\\\/product\\\/freightliner-truck-air-spring-w01-358-9781-firestone-1r12-603-goodyear\\\/#primaryimage\"},\"image\":{\"@id\":\"https:\\\/\\\/www.auroraproparts.com\\\/es\\\/product\\\/freightliner-truck-air-spring-w01-358-9781-firestone-1r12-603-goodyear\\\/#primaryimage\"},\"thumbnailUrl\":\"https:\\\/\\\/www.auroraproparts.com\\\/es\\\/wp-content\\\/uploads\\\/sites\\\/2\\\/2023\\\/04\\\/3-jpg.webp\",\"datePublished\":\"2023-04-16T09:35:47+00:00\",\"dateModified\":\"2024-07-07T01:50:23+00:00\",\"description\":\"Tractocami\u00f3n Fuelles Neum\u00e1ticos, W01-358-9781, Freightliner 16-15595-000, 16-14004-000, 16-13840-000, 16-16773-000, 681-320-0017, 16-13810-000, 16-19465-000\",\"breadcrumb\":{\"@id\":\"https:\\\/\\\/www.auroraproparts.com\\\/es\\\/product\\\/freightliner-truck-air-spring-w01-358-9781-firestone-1r12-603-goodyear\\\/#breadcrumb\"},\"inLanguage\":\"es\",\"potentialAction\":[{\"@type\":\"ReadAction\",\"target\":[\"https:\\\/\\\/www.auroraproparts.com\\\/es\\\/product\\\/freightliner-truck-air-spring-w01-358-9781-firestone-1r12-603-goodyear\\\/\"]}]},{\"@type\":\"ImageObject\",\"inLanguage\":\"es\",\"@id\":\"https:\\\/\\\/www.auroraproparts.com\\\/es\\\/product\\\/freightliner-truck-air-spring-w01-358-9781-firestone-1r12-603-goodyear\\\/#primaryimage\",\"url\":\"https:\\\/\\\/www.auroraproparts.com\\\/es\\\/wp-content\\\/uploads\\\/sites\\\/2\\\/2023\\\/04\\\/3-jpg.webp\",\"contentUrl\":\"https:\\\/\\\/www.auroraproparts.com\\\/es\\\/wp-content\\\/uploads\\\/sites\\\/2\\\/2023\\\/04\\\/3-jpg.webp\",\"width\":800,\"height\":800,\"caption\":\"air spring 9781\"},{\"@type\":\"BreadcrumbList\",\"@id\":\"https:\\\/\\\/www.auroraproparts.com\\\/es\\\/product\\\/freightliner-truck-air-spring-w01-358-9781-firestone-1r12-603-goodyear\\\/#breadcrumb\",\"itemListElement\":[{\"@type\":\"ListItem\",\"position\":1,\"name\":\"\u9996\u9875\",\"item\":\"https:\\\/\\\/www.auroraproparts.com\\\/es\\\/\"},{\"@type\":\"ListItem\",\"position\":2,\"name\":\"Recambios Para Cami\u00f3n\",\"item\":\"https:\\\/\\\/www.auroraproparts.com\\\/es\\\/products\\\/\"},{\"@type\":\"ListItem\",\"position\":3,\"name\":\"Freightliner Fuelles Neum\u00e1ticos W01-358-9781 Firestone 1R12-603 Goodyear\"}]},{\"@type\":\"WebSite\",\"@id\":\"https:\\\/\\\/www.auroraproparts.com\\\/es\\\/#website\",\"url\":\"https:\\\/\\\/www.auroraproparts.com\\\/es\\\/\",\"name\":\"Aurora Truck Bus Parts\",\"description\":\"\",\"publisher\":{\"@id\":\"https:\\\/\\\/www.auroraproparts.com\\\/es\\\/#organization\"},\"potentialAction\":[{\"@type\":\"SearchAction\",\"target\":{\"@type\":\"EntryPoint\",\"urlTemplate\":\"https:\\\/\\\/www.auroraproparts.com\\\/es\\\/?s={search_term_string}\"},\"query-input\":{\"@type\":\"PropertyValueSpecification\",\"valueRequired\":true,\"valueName\":\"search_term_string\"}}],\"inLanguage\":\"es\"},{\"@type\":\"Organization\",\"@id\":\"https:\\\/\\\/www.auroraproparts.com\\\/es\\\/#organization\",\"name\":\"Aurora Truck Bus Parts\",\"url\":\"https:\\\/\\\/www.auroraproparts.com\\\/es\\\/\",\"logo\":{\"@type\":\"ImageObject\",\"inLanguage\":\"es\",\"@id\":\"https:\\\/\\\/www.auroraproparts.com\\\/es\\\/#\\\/schema\\\/logo\\\/image\\\/\",\"url\":\"https:\\\/\\\/www.auroraproparts.com\\\/es\\\/wp-content\\\/uploads\\\/sites\\\/2\\\/2023\\\/11\\\/logo.svg\",\"contentUrl\":\"https:\\\/\\\/www.auroraproparts.com\\\/es\\\/wp-content\\\/uploads\\\/sites\\\/2\\\/2023\\\/11\\\/logo.svg\",\"width\":313,\"height\":56,\"caption\":\"Aurora Truck Bus Parts\"},\"image\":{\"@id\":\"https:\\\/\\\/www.auroraproparts.com\\\/es\\\/#\\\/schema\\\/logo\\\/image\\\/\"}}]}<\/script>\n<!-- \/ Yoast SEO Premium plugin. -->","yoast_head_json":{"title":"Freightliner Fuelles Neum\u00e1ticos W01-358-9781 Firestone 1R12-603 Goodyear - Aurora Truck Bus Parts","description":"Tractocami\u00f3n Fuelles Neum\u00e1ticos, W01-358-9781, Freightliner 16-15595-000, 16-14004-000, 16-13840-000, 16-16773-000, 681-320-0017, 16-13810-000, 16-19465-000","robots":{"index":"index","follow":"follow","max-snippet":"max-snippet:-1","max-image-preview":"max-image-preview:large","max-video-preview":"max-video-preview:-1"},"canonical":"https:\/\/www.auroraproparts.com\/es\/product\/freightliner-truck-air-spring-w01-358-9781-firestone-1r12-603-goodyear\/","og_locale":"es_ES","og_type":"article","og_title":"Freightliner Fuelles Neum\u00e1ticos W01-358-9781 Firestone 1R12-603 Goodyear","og_description":"Tractocami\u00f3n Fuelles Neum\u00e1ticos, W01-358-9781, Freightliner 16-15595-000, 16-14004-000, 16-13840-000, 16-16773-000, 681-320-0017, 16-13810-000, 16-19465-000","og_url":"https:\/\/www.auroraproparts.com\/es\/product\/freightliner-truck-air-spring-w01-358-9781-firestone-1r12-603-goodyear\/","og_site_name":"Aurora Truck Bus Parts","article_modified_time":"2024-07-07T01:50:23+00:00","og_image":[{"width":800,"height":800,"url":"https:\/\/www.auroraproparts.com\/es\/wp-content\/uploads\/sites\/2\/2023\/04\/3-jpg.webp","type":"image\/jpeg"}],"twitter_card":"summary_large_image","twitter_misc":{"Tiempo de lectura":"2 minutos"},"schema":{"@context":"https:\/\/schema.org","@graph":[{"@type":"WebPage","@id":"https:\/\/www.auroraproparts.com\/es\/product\/freightliner-truck-air-spring-w01-358-9781-firestone-1r12-603-goodyear\/","url":"https:\/\/www.auroraproparts.com\/es\/product\/freightliner-truck-air-spring-w01-358-9781-firestone-1r12-603-goodyear\/","name":"Freightliner Fuelles Neum\u00e1ticos W01-358-9781 Firestone 1R12-603 Goodyear - Aurora Truck Bus Parts","isPartOf":{"@id":"https:\/\/www.auroraproparts.com\/es\/#website"},"primaryImageOfPage":{"@id":"https:\/\/www.auroraproparts.com\/es\/product\/freightliner-truck-air-spring-w01-358-9781-firestone-1r12-603-goodyear\/#primaryimage"},"image":{"@id":"https:\/\/www.auroraproparts.com\/es\/product\/freightliner-truck-air-spring-w01-358-9781-firestone-1r12-603-goodyear\/#primaryimage"},"thumbnailUrl":"https:\/\/www.auroraproparts.com\/es\/wp-content\/uploads\/sites\/2\/2023\/04\/3-jpg.webp","datePublished":"2023-04-16T09:35:47+00:00","dateModified":"2024-07-07T01:50:23+00:00","description":"Tractocami\u00f3n Fuelles Neum\u00e1ticos, W01-358-9781, Freightliner 16-15595-000, 16-14004-000, 16-13840-000, 16-16773-000, 681-320-0017, 16-13810-000, 16-19465-000","breadcrumb":{"@id":"https:\/\/www.auroraproparts.com\/es\/product\/freightliner-truck-air-spring-w01-358-9781-firestone-1r12-603-goodyear\/#breadcrumb"},"inLanguage":"es","potentialAction":[{"@type":"ReadAction","target":["https:\/\/www.auroraproparts.com\/es\/product\/freightliner-truck-air-spring-w01-358-9781-firestone-1r12-603-goodyear\/"]}]},{"@type":"ImageObject","inLanguage":"es","@id":"https:\/\/www.auroraproparts.com\/es\/product\/freightliner-truck-air-spring-w01-358-9781-firestone-1r12-603-goodyear\/#primaryimage","url":"https:\/\/www.auroraproparts.com\/es\/wp-content\/uploads\/sites\/2\/2023\/04\/3-jpg.webp","contentUrl":"https:\/\/www.auroraproparts.com\/es\/wp-content\/uploads\/sites\/2\/2023\/04\/3-jpg.webp","width":800,"height":800,"caption":"air spring 9781"},{"@type":"BreadcrumbList","@id":"https:\/\/www.auroraproparts.com\/es\/product\/freightliner-truck-air-spring-w01-358-9781-firestone-1r12-603-goodyear\/#breadcrumb","itemListElement":[{"@type":"ListItem","position":1,"name":"\u9996\u9875","item":"https:\/\/www.auroraproparts.com\/es\/"},{"@type":"ListItem","position":2,"name":"Recambios Para Cami\u00f3n","item":"https:\/\/www.auroraproparts.com\/es\/products\/"},{"@type":"ListItem","position":3,"name":"Freightliner Fuelles Neum\u00e1ticos W01-358-9781 Firestone 1R12-603 Goodyear"}]},{"@type":"WebSite","@id":"https:\/\/www.auroraproparts.com\/es\/#website","url":"https:\/\/www.auroraproparts.com\/es\/","name":"Aurora Truck Bus Parts","description":"","publisher":{"@id":"https:\/\/www.auroraproparts.com\/es\/#organization"},"potentialAction":[{"@type":"SearchAction","target":{"@type":"EntryPoint","urlTemplate":"https:\/\/www.auroraproparts.com\/es\/?s={search_term_string}"},"query-input":{"@type":"PropertyValueSpecification","valueRequired":true,"valueName":"search_term_string"}}],"inLanguage":"es"},{"@type":"Organization","@id":"https:\/\/www.auroraproparts.com\/es\/#organization","name":"Aurora Truck Bus Parts","url":"https:\/\/www.auroraproparts.com\/es\/","logo":{"@type":"ImageObject","inLanguage":"es","@id":"https:\/\/www.auroraproparts.com\/es\/#\/schema\/logo\/image\/","url":"https:\/\/www.auroraproparts.com\/es\/wp-content\/uploads\/sites\/2\/2023\/11\/logo.svg","contentUrl":"https:\/\/www.auroraproparts.com\/es\/wp-content\/uploads\/sites\/2\/2023\/11\/logo.svg","width":313,"height":56,"caption":"Aurora Truck Bus Parts"},"image":{"@id":"https:\/\/www.auroraproparts.com\/es\/#\/schema\/logo\/image\/"}}]}},"_links":{"self":[{"href":"https:\/\/www.auroraproparts.com\/es\/wp-json\/wp\/v2\/product\/387","targetHints":{"allow":["GET"]}}],"collection":[{"href":"https:\/\/www.auroraproparts.com\/es\/wp-json\/wp\/v2\/product"}],"about":[{"href":"https:\/\/www.auroraproparts.com\/es\/wp-json\/wp\/v2\/types\/product"}],"wp:featuredmedia":[{"embeddable":true,"href":"https:\/\/www.auroraproparts.com\/es\/wp-json\/wp\/v2\/media\/239"}],"wp:attachment":[{"href":"https:\/\/www.auroraproparts.com\/es\/wp-json\/wp\/v2\/media?parent=387"}],"wp:term":[{"taxonomy":"product_brand","embeddable":true,"href":"https:\/\/www.auroraproparts.com\/es\/wp-json\/wp\/v2\/product_brand?post=387"},{"taxonomy":"product_cat","embeddable":true,"href":"https:\/\/www.auroraproparts.com\/es\/wp-json\/wp\/v2\/product_cat?post=387"},{"taxonomy":"product_tag","embeddable":true,"href":"https:\/\/www.auroraproparts.com\/es\/wp-json\/wp\/v2\/product_tag?post=387"}],"curies":[{"name":"wp","href":"https:\/\/api.w.org\/{rel}","templated":true}]}}