{"id":4063,"date":"2024-03-18T10:23:09","date_gmt":"2024-03-18T02:23:09","guid":{"rendered":"https:\/\/www.auroraproparts.com\/es\/?post_type=product&#038;p=4063"},"modified":"2024-03-18T16:13:44","modified_gmt":"2024-03-18T08:13:44","slug":"valvula-de-rele-9730110010","status":"publish","type":"product","link":"https:\/\/www.auroraproparts.com\/es\/product\/valvula-de-rele-9730110010\/","title":{"rendered":"V\u00e1lvula de rel\u00e9 9730110010"},"content":{"rendered":"<p>V\u00e1lvula de rel\u00e9 9730110010<\/p>\n<p>&nbsp;<\/p>\n<table>\n<tbody>\n<tr>\n<td colspan=\"4\" width=\"100.0000%\">\n<h6>Cross References<\/h6>\n<\/td>\n<\/tr>\n<tr>\n<td width=\"24.9800%\">DAF<\/td>\n<td width=\"24.9800%\">1259856<\/td>\n<td width=\"24.9800%\">DAF<\/td>\n<td width=\"25.0000%\">1504965<\/td>\n<\/tr>\n<tr>\n<td width=\"24.9800%\">MAN<\/td>\n<td width=\"24.9800%\">81.52116.6071<\/td>\n<td width=\"24.9800%\">MAN<\/td>\n<td width=\"25.0000%\">81.52116.9071<\/td>\n<\/tr>\n<tr>\n<td width=\"24.9800%\">Mercedes-Benz<\/td>\n<td width=\"24.9800%\">0044297644<\/td>\n<td width=\"24.9800%\">Mercedes-Benz<\/td>\n<td width=\"25.0000%\">A0044297644<\/td>\n<\/tr>\n<tr>\n<td width=\"24.9800%\">Renault<\/td>\n<td width=\"24.9800%\">5010206016<\/td>\n<td width=\"24.9800%\">Scania<\/td>\n<td width=\"25.0000%\">1935665<\/td>\n<\/tr>\n<\/tbody>\n<\/table>\n<p>&nbsp;<\/p>\n<figure id=\"attachment_3986\" aria-describedby=\"caption-attachment-3986\" style=\"width: 300px\" class=\"wp-caption alignnone\"><img fetchpriority=\"high\" decoding=\"async\" class=\"size-medium wp-image-3986\" src=\"https:\/\/www.auroraproparts.com\/wp-content\/uploads\/2024\/03\/9730110010-2-300x300.jpg\" alt=\"V\u00e1lvula de rel\u00e9 9730110010\" width=\"300\" height=\"300\" \/><figcaption id=\"caption-attachment-3986\" class=\"wp-caption-text\">V\u00e1lvula de rel\u00e9 9730110010<\/figcaption><\/figure>\n","protected":false},"excerpt":{"rendered":"<table>\n<tbody>\n<tr>\n<td width=\"213\">Type<\/td>\n<td width=\"213\">V\u00e1lvula de rel\u00e9<\/td>\n<\/tr>\n<tr>\n<td width=\"213\">Fit For<\/td>\n<td width=\"213\">DAF, MAN, Mercedes-Benz, Renault, Scania<\/td>\n<\/tr>\n<\/tbody>\n<\/table>\n","protected":false},"featured_media":4113,"template":"","meta":{"site-sidebar-layout":"default","site-content-layout":"","ast-site-content-layout":"default","site-content-style":"default","site-sidebar-style":"default","ast-global-header-display":"","ast-banner-title-visibility":"","ast-main-header-display":"","ast-hfb-above-header-display":"","ast-hfb-below-header-display":"","ast-hfb-mobile-header-display":"","site-post-title":"","ast-breadcrumbs-content":"","ast-featured-img":"","footer-sml-layout":"","ast-disable-related-posts":"","theme-transparent-header-meta":"default","adv-header-id-meta":"","stick-header-meta":"","header-above-stick-meta":"","header-main-stick-meta":"","header-below-stick-meta":"","astra-migrate-meta-layouts":"set","ast-page-background-enabled":"default","ast-page-background-meta":{"desktop":{"background-color":"var(--ast-global-color-4)","background-image":"","background-repeat":"repeat","background-position":"center center","background-size":"auto","background-attachment":"scroll","background-type":"","background-media":"","overlay-type":"","overlay-color":"","overlay-opacity":"","overlay-gradient":""},"tablet":{"background-color":"","background-image":"","background-repeat":"repeat","background-position":"center center","background-size":"auto","background-attachment":"scroll","background-type":"","background-media":"","overlay-type":"","overlay-color":"","overlay-opacity":"","overlay-gradient":""},"mobile":{"background-color":"","background-image":"","background-repeat":"repeat","background-position":"center center","background-size":"auto","background-attachment":"scroll","background-type":"","background-media":"","overlay-type":"","overlay-color":"","overlay-opacity":"","overlay-gradient":""}},"ast-content-background-meta":{"desktop":{"background-color":"var(--ast-global-color-5)","background-image":"","background-repeat":"repeat","background-position":"center center","background-size":"auto","background-attachment":"scroll","background-type":"","background-media":"","overlay-type":"","overlay-color":"","overlay-opacity":"","overlay-gradient":""},"tablet":{"background-color":"var(--ast-global-color-5)","background-image":"","background-repeat":"repeat","background-position":"center center","background-size":"auto","background-attachment":"scroll","background-type":"","background-media":"","overlay-type":"","overlay-color":"","overlay-opacity":"","overlay-gradient":""},"mobile":{"background-color":"var(--ast-global-color-5)","background-image":"","background-repeat":"repeat","background-position":"center center","background-size":"auto","background-attachment":"scroll","background-type":"","background-media":"","overlay-type":"","overlay-color":"","overlay-opacity":"","overlay-gradient":""}}},"product_brand":[],"product_cat":[173],"product_tag":[42,83,89,109,120,174],"class_list":{"0":"post-4063","1":"product","2":"type-product","3":"status-publish","4":"has-post-thumbnail","6":"product_cat-valve","7":"product_tag-daf","8":"product_tag-man","9":"product_tag-mercedes-benz","10":"product_tag-renault","11":"product_tag-scania","12":"product_tag-valvula","13":"desktop-align-center","14":"tablet-align-left","15":"mobile-align-left","16":"ast-product-gallery-layout-horizontal-slider","17":"ast-product-gallery-with-no-image","18":"ast-product-tabs-layout-horizontal","20":"first","21":"instock","22":"shipping-taxable","23":"product-type-simple"},"yoast_head":"<!-- This site is optimized with the Yoast SEO Premium plugin v26.7 (Yoast SEO v27.5) - https:\/\/yoast.com\/product\/yoast-seo-premium-wordpress\/ -->\n<title>V\u00e1lvula de rel\u00e9 9730110010 - Aurora Truck Bus Parts<\/title>\n<meta name=\"description\" content=\"V\u00e1lvula de rel\u00e9 9730110010, DAF: 1504965, MAN: 81.52116.6071, Mercedes-Benz: A0044297644, Renault: 5010206016, Scania: 1935665\" \/>\n<meta name=\"robots\" content=\"index, follow, max-snippet:-1, max-image-preview:large, max-video-preview:-1\" \/>\n<link rel=\"canonical\" href=\"https:\/\/www.auroraproparts.com\/es\/product\/valvula-de-rele-9730110010\/\" \/>\n<meta property=\"og:locale\" content=\"es_ES\" \/>\n<meta property=\"og:type\" content=\"article\" \/>\n<meta property=\"og:title\" content=\"V\u00e1lvula de rel\u00e9 9730110010\" \/>\n<meta property=\"og:description\" content=\"V\u00e1lvula de rel\u00e9 9730110010, DAF: 1504965, MAN: 81.52116.6071, Mercedes-Benz: A0044297644, Renault: 5010206016, Scania: 1935665\" \/>\n<meta property=\"og:url\" content=\"https:\/\/www.auroraproparts.com\/es\/product\/valvula-de-rele-9730110010\/\" \/>\n<meta property=\"og:site_name\" content=\"Aurora Truck Bus Parts\" \/>\n<meta property=\"article:modified_time\" content=\"2024-03-18T08:13:44+00:00\" \/>\n<meta property=\"og:image\" content=\"https:\/\/www.auroraproparts.com\/es\/wp-content\/uploads\/sites\/2\/2024\/03\/9730110010-jpg.webp\" \/>\n\t<meta property=\"og:image:width\" content=\"800\" \/>\n\t<meta property=\"og:image:height\" content=\"800\" \/>\n\t<meta property=\"og:image:type\" content=\"image\/jpeg\" \/>\n<meta name=\"twitter:card\" content=\"summary_large_image\" \/>\n<meta name=\"twitter:label1\" content=\"Tiempo de lectura\" \/>\n\t<meta name=\"twitter:data1\" content=\"1 minuto\" \/>\n<script type=\"application\/ld+json\" class=\"yoast-schema-graph\">{\"@context\":\"https:\\\/\\\/schema.org\",\"@graph\":[{\"@type\":\"WebPage\",\"@id\":\"https:\\\/\\\/www.auroraproparts.com\\\/es\\\/product\\\/valvula-de-rele-9730110010\\\/\",\"url\":\"https:\\\/\\\/www.auroraproparts.com\\\/es\\\/product\\\/valvula-de-rele-9730110010\\\/\",\"name\":\"V\u00e1lvula de rel\u00e9 9730110010 - Aurora Truck Bus Parts\",\"isPartOf\":{\"@id\":\"https:\\\/\\\/www.auroraproparts.com\\\/es\\\/#website\"},\"primaryImageOfPage\":{\"@id\":\"https:\\\/\\\/www.auroraproparts.com\\\/es\\\/product\\\/valvula-de-rele-9730110010\\\/#primaryimage\"},\"image\":{\"@id\":\"https:\\\/\\\/www.auroraproparts.com\\\/es\\\/product\\\/valvula-de-rele-9730110010\\\/#primaryimage\"},\"thumbnailUrl\":\"https:\\\/\\\/www.auroraproparts.com\\\/es\\\/wp-content\\\/uploads\\\/sites\\\/2\\\/2024\\\/03\\\/9730110010-jpg.webp\",\"datePublished\":\"2024-03-18T02:23:09+00:00\",\"dateModified\":\"2024-03-18T08:13:44+00:00\",\"description\":\"V\u00e1lvula de rel\u00e9 9730110010, DAF: 1504965, MAN: 81.52116.6071, Mercedes-Benz: A0044297644, Renault: 5010206016, Scania: 1935665\",\"breadcrumb\":{\"@id\":\"https:\\\/\\\/www.auroraproparts.com\\\/es\\\/product\\\/valvula-de-rele-9730110010\\\/#breadcrumb\"},\"inLanguage\":\"es\",\"potentialAction\":[{\"@type\":\"ReadAction\",\"target\":[\"https:\\\/\\\/www.auroraproparts.com\\\/es\\\/product\\\/valvula-de-rele-9730110010\\\/\"]}]},{\"@type\":\"ImageObject\",\"inLanguage\":\"es\",\"@id\":\"https:\\\/\\\/www.auroraproparts.com\\\/es\\\/product\\\/valvula-de-rele-9730110010\\\/#primaryimage\",\"url\":\"https:\\\/\\\/www.auroraproparts.com\\\/es\\\/wp-content\\\/uploads\\\/sites\\\/2\\\/2024\\\/03\\\/9730110010-jpg.webp\",\"contentUrl\":\"https:\\\/\\\/www.auroraproparts.com\\\/es\\\/wp-content\\\/uploads\\\/sites\\\/2\\\/2024\\\/03\\\/9730110010-jpg.webp\",\"width\":800,\"height\":800},{\"@type\":\"BreadcrumbList\",\"@id\":\"https:\\\/\\\/www.auroraproparts.com\\\/es\\\/product\\\/valvula-de-rele-9730110010\\\/#breadcrumb\",\"itemListElement\":[{\"@type\":\"ListItem\",\"position\":1,\"name\":\"\u9996\u9875\",\"item\":\"https:\\\/\\\/www.auroraproparts.com\\\/es\\\/\"},{\"@type\":\"ListItem\",\"position\":2,\"name\":\"Recambios Para Cami\u00f3n\",\"item\":\"https:\\\/\\\/www.auroraproparts.com\\\/es\\\/products\\\/\"},{\"@type\":\"ListItem\",\"position\":3,\"name\":\"V\u00e1lvula de rel\u00e9 9730110010\"}]},{\"@type\":\"WebSite\",\"@id\":\"https:\\\/\\\/www.auroraproparts.com\\\/es\\\/#website\",\"url\":\"https:\\\/\\\/www.auroraproparts.com\\\/es\\\/\",\"name\":\"Aurora Truck Bus Parts\",\"description\":\"\",\"publisher\":{\"@id\":\"https:\\\/\\\/www.auroraproparts.com\\\/es\\\/#organization\"},\"potentialAction\":[{\"@type\":\"SearchAction\",\"target\":{\"@type\":\"EntryPoint\",\"urlTemplate\":\"https:\\\/\\\/www.auroraproparts.com\\\/es\\\/?s={search_term_string}\"},\"query-input\":{\"@type\":\"PropertyValueSpecification\",\"valueRequired\":true,\"valueName\":\"search_term_string\"}}],\"inLanguage\":\"es\"},{\"@type\":\"Organization\",\"@id\":\"https:\\\/\\\/www.auroraproparts.com\\\/es\\\/#organization\",\"name\":\"Aurora Truck Bus Parts\",\"url\":\"https:\\\/\\\/www.auroraproparts.com\\\/es\\\/\",\"logo\":{\"@type\":\"ImageObject\",\"inLanguage\":\"es\",\"@id\":\"https:\\\/\\\/www.auroraproparts.com\\\/es\\\/#\\\/schema\\\/logo\\\/image\\\/\",\"url\":\"https:\\\/\\\/www.auroraproparts.com\\\/es\\\/wp-content\\\/uploads\\\/sites\\\/2\\\/2023\\\/11\\\/logo.svg\",\"contentUrl\":\"https:\\\/\\\/www.auroraproparts.com\\\/es\\\/wp-content\\\/uploads\\\/sites\\\/2\\\/2023\\\/11\\\/logo.svg\",\"width\":313,\"height\":56,\"caption\":\"Aurora Truck Bus Parts\"},\"image\":{\"@id\":\"https:\\\/\\\/www.auroraproparts.com\\\/es\\\/#\\\/schema\\\/logo\\\/image\\\/\"}}]}<\/script>\n<!-- \/ Yoast SEO Premium plugin. -->","yoast_head_json":{"title":"V\u00e1lvula de rel\u00e9 9730110010 - Aurora Truck Bus Parts","description":"V\u00e1lvula de rel\u00e9 9730110010, DAF: 1504965, MAN: 81.52116.6071, Mercedes-Benz: A0044297644, Renault: 5010206016, Scania: 1935665","robots":{"index":"index","follow":"follow","max-snippet":"max-snippet:-1","max-image-preview":"max-image-preview:large","max-video-preview":"max-video-preview:-1"},"canonical":"https:\/\/www.auroraproparts.com\/es\/product\/valvula-de-rele-9730110010\/","og_locale":"es_ES","og_type":"article","og_title":"V\u00e1lvula de rel\u00e9 9730110010","og_description":"V\u00e1lvula de rel\u00e9 9730110010, DAF: 1504965, MAN: 81.52116.6071, Mercedes-Benz: A0044297644, Renault: 5010206016, Scania: 1935665","og_url":"https:\/\/www.auroraproparts.com\/es\/product\/valvula-de-rele-9730110010\/","og_site_name":"Aurora Truck Bus Parts","article_modified_time":"2024-03-18T08:13:44+00:00","og_image":[{"width":800,"height":800,"url":"https:\/\/www.auroraproparts.com\/es\/wp-content\/uploads\/sites\/2\/2024\/03\/9730110010-jpg.webp","type":"image\/jpeg"}],"twitter_card":"summary_large_image","twitter_misc":{"Tiempo de lectura":"1 minuto"},"schema":{"@context":"https:\/\/schema.org","@graph":[{"@type":"WebPage","@id":"https:\/\/www.auroraproparts.com\/es\/product\/valvula-de-rele-9730110010\/","url":"https:\/\/www.auroraproparts.com\/es\/product\/valvula-de-rele-9730110010\/","name":"V\u00e1lvula de rel\u00e9 9730110010 - Aurora Truck Bus Parts","isPartOf":{"@id":"https:\/\/www.auroraproparts.com\/es\/#website"},"primaryImageOfPage":{"@id":"https:\/\/www.auroraproparts.com\/es\/product\/valvula-de-rele-9730110010\/#primaryimage"},"image":{"@id":"https:\/\/www.auroraproparts.com\/es\/product\/valvula-de-rele-9730110010\/#primaryimage"},"thumbnailUrl":"https:\/\/www.auroraproparts.com\/es\/wp-content\/uploads\/sites\/2\/2024\/03\/9730110010-jpg.webp","datePublished":"2024-03-18T02:23:09+00:00","dateModified":"2024-03-18T08:13:44+00:00","description":"V\u00e1lvula de rel\u00e9 9730110010, DAF: 1504965, MAN: 81.52116.6071, Mercedes-Benz: A0044297644, Renault: 5010206016, Scania: 1935665","breadcrumb":{"@id":"https:\/\/www.auroraproparts.com\/es\/product\/valvula-de-rele-9730110010\/#breadcrumb"},"inLanguage":"es","potentialAction":[{"@type":"ReadAction","target":["https:\/\/www.auroraproparts.com\/es\/product\/valvula-de-rele-9730110010\/"]}]},{"@type":"ImageObject","inLanguage":"es","@id":"https:\/\/www.auroraproparts.com\/es\/product\/valvula-de-rele-9730110010\/#primaryimage","url":"https:\/\/www.auroraproparts.com\/es\/wp-content\/uploads\/sites\/2\/2024\/03\/9730110010-jpg.webp","contentUrl":"https:\/\/www.auroraproparts.com\/es\/wp-content\/uploads\/sites\/2\/2024\/03\/9730110010-jpg.webp","width":800,"height":800},{"@type":"BreadcrumbList","@id":"https:\/\/www.auroraproparts.com\/es\/product\/valvula-de-rele-9730110010\/#breadcrumb","itemListElement":[{"@type":"ListItem","position":1,"name":"\u9996\u9875","item":"https:\/\/www.auroraproparts.com\/es\/"},{"@type":"ListItem","position":2,"name":"Recambios Para Cami\u00f3n","item":"https:\/\/www.auroraproparts.com\/es\/products\/"},{"@type":"ListItem","position":3,"name":"V\u00e1lvula de rel\u00e9 9730110010"}]},{"@type":"WebSite","@id":"https:\/\/www.auroraproparts.com\/es\/#website","url":"https:\/\/www.auroraproparts.com\/es\/","name":"Aurora Truck Bus Parts","description":"","publisher":{"@id":"https:\/\/www.auroraproparts.com\/es\/#organization"},"potentialAction":[{"@type":"SearchAction","target":{"@type":"EntryPoint","urlTemplate":"https:\/\/www.auroraproparts.com\/es\/?s={search_term_string}"},"query-input":{"@type":"PropertyValueSpecification","valueRequired":true,"valueName":"search_term_string"}}],"inLanguage":"es"},{"@type":"Organization","@id":"https:\/\/www.auroraproparts.com\/es\/#organization","name":"Aurora Truck Bus Parts","url":"https:\/\/www.auroraproparts.com\/es\/","logo":{"@type":"ImageObject","inLanguage":"es","@id":"https:\/\/www.auroraproparts.com\/es\/#\/schema\/logo\/image\/","url":"https:\/\/www.auroraproparts.com\/es\/wp-content\/uploads\/sites\/2\/2023\/11\/logo.svg","contentUrl":"https:\/\/www.auroraproparts.com\/es\/wp-content\/uploads\/sites\/2\/2023\/11\/logo.svg","width":313,"height":56,"caption":"Aurora Truck Bus Parts"},"image":{"@id":"https:\/\/www.auroraproparts.com\/es\/#\/schema\/logo\/image\/"}}]}},"_links":{"self":[{"href":"https:\/\/www.auroraproparts.com\/es\/wp-json\/wp\/v2\/product\/4063","targetHints":{"allow":["GET"]}}],"collection":[{"href":"https:\/\/www.auroraproparts.com\/es\/wp-json\/wp\/v2\/product"}],"about":[{"href":"https:\/\/www.auroraproparts.com\/es\/wp-json\/wp\/v2\/types\/product"}],"wp:featuredmedia":[{"embeddable":true,"href":"https:\/\/www.auroraproparts.com\/es\/wp-json\/wp\/v2\/media\/4113"}],"wp:attachment":[{"href":"https:\/\/www.auroraproparts.com\/es\/wp-json\/wp\/v2\/media?parent=4063"}],"wp:term":[{"taxonomy":"product_brand","embeddable":true,"href":"https:\/\/www.auroraproparts.com\/es\/wp-json\/wp\/v2\/product_brand?post=4063"},{"taxonomy":"product_cat","embeddable":true,"href":"https:\/\/www.auroraproparts.com\/es\/wp-json\/wp\/v2\/product_cat?post=4063"},{"taxonomy":"product_tag","embeddable":true,"href":"https:\/\/www.auroraproparts.com\/es\/wp-json\/wp\/v2\/product_tag?post=4063"}],"curies":[{"name":"wp","href":"https:\/\/api.w.org\/{rel}","templated":true}]}}