{"id":807,"date":"2023-04-27T09:59:57","date_gmt":"2023-04-27T01:59:57","guid":{"rendered":"https:\/\/www.auroraproparts.com\/es\/product\/truck-air-spring-w01-358-9069-firestone-03-01649-peterbilt-3130497-volvo\/"},"modified":"2024-09-26T11:32:25","modified_gmt":"2024-09-26T03:32:25","slug":"truck-air-spring-w01-358-9069-firestone-03-01649-peterbilt-3130497-volvo","status":"publish","type":"product","link":"https:\/\/www.auroraproparts.com\/es\/product\/truck-air-spring-w01-358-9069-firestone-03-01649-peterbilt-3130497-volvo\/","title":{"rendered":"Fuelles Neum\u00e1ticos 03-01649 Peterbilt 3130497 Volvo"},"content":{"rendered":"<h2>Fuelles Neum\u00e1ticos W01-358-9069 Firestone 03-01649 Peterbilt 3130497 Volvo<\/h2>\n<p>&nbsp;<\/p>\n<p>Top Plate Width: 9.00 \u00bb<\/p>\n<p>Piston Width: 9.50 \u00bb<\/p>\n<p>Weight: 13.4 lbs<\/p>\n<p>&nbsp;<\/p>\n<table>\n<tbody>\n<tr>\n<td colspan=\"4\" width=\"498\">Cross reference<\/td>\n<\/tr>\n<tr>\n<td width=\"124\">ContiTech<\/td>\n<td width=\"124\">910-14P312<\/td>\n<td width=\"124\">Firestone<\/td>\n<td width=\"124\">W01-358-9069<\/td>\n<\/tr>\n<tr>\n<td width=\"124\">Goodyear<\/td>\n<td width=\"124\">1R12-069, 1R12-676<\/td>\n<td width=\"124\">TRP<\/td>\n<td width=\"124\">AS90690<\/td>\n<\/tr>\n<tr>\n<td width=\"124\">Automann<\/td>\n<td width=\"124\">1DK23I-9069<\/td>\n<td width=\"124\">FleetPride<\/td>\n<td width=\"124\">AS9069<\/td>\n<\/tr>\n<tr>\n<td width=\"124\">Primeride<\/td>\n<td width=\"124\">ASPR9M149069<\/td>\n<td width=\"124\">Triangle<\/td>\n<td width=\"124\">AS-8312<\/td>\n<\/tr>\n<\/tbody>\n<\/table>\n<p>&nbsp;<\/p>\n<table>\n<tbody>\n<tr>\n<td colspan=\"4\" width=\"534\">OE Manufacturer<\/td>\n<\/tr>\n<tr>\n<td width=\"133\">Hendrickson<\/td>\n<td width=\"133\">S-13031<\/td>\n<td width=\"133\">Peterbilt<\/td>\n<td width=\"133\">03-01649<\/td>\n<\/tr>\n<tr>\n<td width=\"133\">Volvo<\/td>\n<td width=\"133\">85101145<\/td>\n<td width=\"133\">Watson &amp; Chalin<\/td>\n<td width=\"133\">AS-0077<\/td>\n<\/tr>\n<tr>\n<td width=\"133\">SAF Holland<\/td>\n<td width=\"133\">57009069<\/td>\n<td width=\"133\">Navistar\/Fleetrite<\/td>\n<td width=\"133\">554764C1<\/td>\n<\/tr>\n<tr>\n<td width=\"133\">Kenworth<\/td>\n<td width=\"133\">C81-6022<\/td>\n<td width=\"133\">Loadguard<\/td>\n<td width=\"133\">SC2034<\/td>\n<\/tr>\n<\/tbody>\n<\/table>\n<p>&nbsp;<\/p>\n<p><strong><b>Other Cross reference<\/b><\/strong><\/p>\n<p>Alliance: ABPN32019069<\/p>\n<p>Contitech: 161020, 64274, 9 10-14 P 312, 91014P312, 910-14P312, 910-14 P 312<\/p>\n<p>Dayton: 352-9069, 3529069<\/p>\n<p>Firestone: 9069, W013589069, W01-358-9069, W017038808, W01-703-8808, W017038923, W01-703-8923, W01-358-8813<\/p>\n<p>Foden: 1300248000<\/p>\n<p>Goodyear: 1R12069, 1R12-069, 1R121069, 1R12-1069, 1R12-676<\/p>\n<p>Hendrickson: S13031, S-13031, 513031<\/p>\n<p>IHC: 554764C1<\/p>\n<p>Load Guard: 5C2034<\/p>\n<p>Loadguard: SC2034<\/p>\n<p>Navistar: 554764Cl<\/p>\n<p>Neway: G2299069200, 57009069<\/p>\n<p>Peterbilt: 0301649, 03-01649, 0302038, 03-02038, 0302456, 03-02456, 0304759, 03-04759, 0306746, 03-06746, 0307112, 03-07112, 0310042, 03-10042, 2310042, 23-10042,\u00a02456, 4759, 6746<\/p>\n<p>Triangle: 8312<\/p>\n<p>Volvo: 85101145, 3130497<\/p>\n<p>Watson &amp; Chalin: AS-0077,AS0077<\/p>\n<p>Kenworth: C81-6022, C816022<\/p>\n<p>Taurus: AS506-9069, AS5069069<\/p>\n","protected":false},"excerpt":{"rendered":"<table>\n<tbody>\n<tr>\n<td width=\"213\">Type<\/td>\n<td width=\"213\">Tractocami\u00f3n Fuelles Neum\u00e1ticos<\/td>\n<\/tr>\n<tr>\n<td width=\"213\">Material<\/td>\n<td width=\"213\">Rubber Bellows ,Plastic Piston<\/td>\n<\/tr>\n<tr>\n<td width=\"213\">Fit\u00a0For<\/td>\n<td width=\"213\">Peterbilt, Volvo, Kenworth<\/td>\n<\/tr>\n<tr>\n<td width=\"213\">OE NO.<\/td>\n<td width=\"213\">03-01649, 3130497<\/td>\n<\/tr>\n<tr>\n<td width=\"213\">Firestone<\/td>\n<td width=\"213\">W01-358-9069<\/td>\n<\/tr>\n<tr>\n<td width=\"213\">Goodyear<\/td>\n<td width=\"213\">1R12-069, 1R12-676<\/td>\n<\/tr>\n<tr>\n<td width=\"213\">Contitech<\/td>\n<td width=\"213\">910-14P312<\/td>\n<\/tr>\n<tr>\n<td width=\"213\">Primeride<\/td>\n<td width=\"213\">ASPR9M149069<\/td>\n<\/tr>\n<\/tbody>\n<\/table>\n","protected":false},"featured_media":822,"template":"","meta":{"site-sidebar-layout":"default","site-content-layout":"default","ast-site-content-layout":"default","site-content-style":"default","site-sidebar-style":"default","ast-global-header-display":"","ast-banner-title-visibility":"","ast-main-header-display":"","ast-hfb-above-header-display":"","ast-hfb-below-header-display":"","ast-hfb-mobile-header-display":"","site-post-title":"","ast-breadcrumbs-content":"","ast-featured-img":"","footer-sml-layout":"","ast-disable-related-posts":"","theme-transparent-header-meta":"default","adv-header-id-meta":"","stick-header-meta":"default","header-above-stick-meta":"","header-main-stick-meta":"","header-below-stick-meta":"","astra-migrate-meta-layouts":"set","ast-page-background-enabled":"default","ast-page-background-meta":{"desktop":{"background-color":"var(--ast-global-color-4)","background-image":"","background-repeat":"repeat","background-position":"center center","background-size":"auto","background-attachment":"scroll","background-type":"","background-media":"","overlay-type":"","overlay-color":"","overlay-opacity":"","overlay-gradient":""},"tablet":{"background-color":"","background-image":"","background-repeat":"repeat","background-position":"center center","background-size":"auto","background-attachment":"scroll","background-type":"","background-media":"","overlay-type":"","overlay-color":"","overlay-opacity":"","overlay-gradient":""},"mobile":{"background-color":"","background-image":"","background-repeat":"repeat","background-position":"center center","background-size":"auto","background-attachment":"scroll","background-type":"","background-media":"","overlay-type":"","overlay-color":"","overlay-opacity":"","overlay-gradient":""}},"ast-content-background-meta":{"desktop":{"background-color":"var(--ast-global-color-5)","background-image":"","background-repeat":"repeat","background-position":"center center","background-size":"auto","background-attachment":"scroll","background-type":"","background-media":"","overlay-type":"","overlay-color":"","overlay-opacity":"","overlay-gradient":""},"tablet":{"background-color":"var(--ast-global-color-5)","background-image":"","background-repeat":"repeat","background-position":"center center","background-size":"auto","background-attachment":"scroll","background-type":"","background-media":"","overlay-type":"","overlay-color":"","overlay-opacity":"","overlay-gradient":""},"mobile":{"background-color":"var(--ast-global-color-5)","background-image":"","background-repeat":"repeat","background-position":"center center","background-size":"auto","background-attachment":"scroll","background-type":"","background-media":"","overlay-type":"","overlay-color":"","overlay-opacity":"","overlay-gradient":""}}},"product_brand":[],"product_cat":[20],"product_tag":[21,58,77,105,137,140],"class_list":{"0":"post-807","1":"product","2":"type-product","3":"status-publish","4":"has-post-thumbnail","6":"product_cat-air-spring","7":"product_tag-air-spring","8":"product_tag-hendrickson-air-spring","9":"product_tag-kenworth-air-spring","10":"product_tag-peterbilt-air-spring","11":"product_tag-truck-air-spring","12":"product_tag-volvo-air-spring","13":"desktop-align-center","14":"tablet-align-left","15":"mobile-align-left","16":"ast-product-gallery-layout-horizontal-slider","17":"ast-product-tabs-layout-horizontal","19":"first","20":"instock","21":"shipping-taxable","22":"product-type-simple"},"yoast_head":"<!-- This site is optimized with the Yoast SEO Premium plugin v26.7 (Yoast SEO v27.5) - https:\/\/yoast.com\/product\/yoast-seo-premium-wordpress\/ -->\n<title>Fuelles Neum\u00e1ticos 03-01649 Peterbilt 3130497 Volvo - Aurora Truck Bus Parts<\/title>\n<meta name=\"description\" content=\"Tractocami\u00f3n Fuelles Neum\u00e1ticos, W01-358-9069 Firestone, 03-01649 Peterbilt, 3130497 Volvo, Goodyear 1R12-069, 1R12-676, ContiTech 910-14P312\" \/>\n<meta name=\"robots\" content=\"index, follow, max-snippet:-1, max-image-preview:large, max-video-preview:-1\" \/>\n<link rel=\"canonical\" href=\"https:\/\/www.auroraproparts.com\/es\/product\/truck-air-spring-w01-358-9069-firestone-03-01649-peterbilt-3130497-volvo\/\" \/>\n<meta property=\"og:locale\" content=\"es_ES\" \/>\n<meta property=\"og:type\" content=\"article\" \/>\n<meta property=\"og:title\" content=\"Fuelles Neum\u00e1ticos 03-01649 Peterbilt 3130497 Volvo\" \/>\n<meta property=\"og:description\" content=\"Tractocami\u00f3n Fuelles Neum\u00e1ticos, W01-358-9069 Firestone, 03-01649 Peterbilt, 3130497 Volvo, Goodyear 1R12-069, 1R12-676, ContiTech 910-14P312\" \/>\n<meta property=\"og:url\" content=\"https:\/\/www.auroraproparts.com\/es\/product\/truck-air-spring-w01-358-9069-firestone-03-01649-peterbilt-3130497-volvo\/\" \/>\n<meta property=\"og:site_name\" content=\"Aurora Truck Bus Parts\" \/>\n<meta property=\"article:modified_time\" content=\"2024-09-26T03:32:25+00:00\" \/>\n<meta property=\"og:image\" content=\"https:\/\/www.auroraproparts.com\/es\/wp-content\/uploads\/sites\/2\/2023\/04\/9069-3.webp\" \/>\n\t<meta property=\"og:image:width\" content=\"800\" \/>\n\t<meta property=\"og:image:height\" content=\"800\" \/>\n\t<meta property=\"og:image:type\" content=\"image\/webp\" \/>\n<meta name=\"twitter:card\" content=\"summary_large_image\" \/>\n<meta name=\"twitter:label1\" content=\"Tiempo de lectura\" \/>\n\t<meta name=\"twitter:data1\" content=\"1 minuto\" \/>\n<script type=\"application\/ld+json\" class=\"yoast-schema-graph\">{\"@context\":\"https:\\\/\\\/schema.org\",\"@graph\":[{\"@type\":\"WebPage\",\"@id\":\"https:\\\/\\\/www.auroraproparts.com\\\/es\\\/product\\\/truck-air-spring-w01-358-9069-firestone-03-01649-peterbilt-3130497-volvo\\\/\",\"url\":\"https:\\\/\\\/www.auroraproparts.com\\\/es\\\/product\\\/truck-air-spring-w01-358-9069-firestone-03-01649-peterbilt-3130497-volvo\\\/\",\"name\":\"Fuelles Neum\u00e1ticos 03-01649 Peterbilt 3130497 Volvo - Aurora Truck Bus Parts\",\"isPartOf\":{\"@id\":\"https:\\\/\\\/www.auroraproparts.com\\\/es\\\/#website\"},\"primaryImageOfPage\":{\"@id\":\"https:\\\/\\\/www.auroraproparts.com\\\/es\\\/product\\\/truck-air-spring-w01-358-9069-firestone-03-01649-peterbilt-3130497-volvo\\\/#primaryimage\"},\"image\":{\"@id\":\"https:\\\/\\\/www.auroraproparts.com\\\/es\\\/product\\\/truck-air-spring-w01-358-9069-firestone-03-01649-peterbilt-3130497-volvo\\\/#primaryimage\"},\"thumbnailUrl\":\"https:\\\/\\\/www.auroraproparts.com\\\/es\\\/wp-content\\\/uploads\\\/sites\\\/2\\\/2023\\\/04\\\/9069-3.webp\",\"datePublished\":\"2023-04-27T01:59:57+00:00\",\"dateModified\":\"2024-09-26T03:32:25+00:00\",\"description\":\"Tractocami\u00f3n Fuelles Neum\u00e1ticos, W01-358-9069 Firestone, 03-01649 Peterbilt, 3130497 Volvo, Goodyear 1R12-069, 1R12-676, ContiTech 910-14P312\",\"breadcrumb\":{\"@id\":\"https:\\\/\\\/www.auroraproparts.com\\\/es\\\/product\\\/truck-air-spring-w01-358-9069-firestone-03-01649-peterbilt-3130497-volvo\\\/#breadcrumb\"},\"inLanguage\":\"es\",\"potentialAction\":[{\"@type\":\"ReadAction\",\"target\":[\"https:\\\/\\\/www.auroraproparts.com\\\/es\\\/product\\\/truck-air-spring-w01-358-9069-firestone-03-01649-peterbilt-3130497-volvo\\\/\"]}]},{\"@type\":\"ImageObject\",\"inLanguage\":\"es\",\"@id\":\"https:\\\/\\\/www.auroraproparts.com\\\/es\\\/product\\\/truck-air-spring-w01-358-9069-firestone-03-01649-peterbilt-3130497-volvo\\\/#primaryimage\",\"url\":\"https:\\\/\\\/www.auroraproparts.com\\\/es\\\/wp-content\\\/uploads\\\/sites\\\/2\\\/2023\\\/04\\\/9069-3.webp\",\"contentUrl\":\"https:\\\/\\\/www.auroraproparts.com\\\/es\\\/wp-content\\\/uploads\\\/sites\\\/2\\\/2023\\\/04\\\/9069-3.webp\",\"width\":800,\"height\":800,\"caption\":\"air spring 9069\"},{\"@type\":\"BreadcrumbList\",\"@id\":\"https:\\\/\\\/www.auroraproparts.com\\\/es\\\/product\\\/truck-air-spring-w01-358-9069-firestone-03-01649-peterbilt-3130497-volvo\\\/#breadcrumb\",\"itemListElement\":[{\"@type\":\"ListItem\",\"position\":1,\"name\":\"\u9996\u9875\",\"item\":\"https:\\\/\\\/www.auroraproparts.com\\\/es\\\/\"},{\"@type\":\"ListItem\",\"position\":2,\"name\":\"Recambios Para Cami\u00f3n\",\"item\":\"https:\\\/\\\/www.auroraproparts.com\\\/es\\\/products\\\/\"},{\"@type\":\"ListItem\",\"position\":3,\"name\":\"Fuelles Neum\u00e1ticos 03-01649 Peterbilt 3130497 Volvo\"}]},{\"@type\":\"WebSite\",\"@id\":\"https:\\\/\\\/www.auroraproparts.com\\\/es\\\/#website\",\"url\":\"https:\\\/\\\/www.auroraproparts.com\\\/es\\\/\",\"name\":\"Aurora Truck Bus Parts\",\"description\":\"\",\"publisher\":{\"@id\":\"https:\\\/\\\/www.auroraproparts.com\\\/es\\\/#organization\"},\"potentialAction\":[{\"@type\":\"SearchAction\",\"target\":{\"@type\":\"EntryPoint\",\"urlTemplate\":\"https:\\\/\\\/www.auroraproparts.com\\\/es\\\/?s={search_term_string}\"},\"query-input\":{\"@type\":\"PropertyValueSpecification\",\"valueRequired\":true,\"valueName\":\"search_term_string\"}}],\"inLanguage\":\"es\"},{\"@type\":\"Organization\",\"@id\":\"https:\\\/\\\/www.auroraproparts.com\\\/es\\\/#organization\",\"name\":\"Aurora Truck Bus Parts\",\"url\":\"https:\\\/\\\/www.auroraproparts.com\\\/es\\\/\",\"logo\":{\"@type\":\"ImageObject\",\"inLanguage\":\"es\",\"@id\":\"https:\\\/\\\/www.auroraproparts.com\\\/es\\\/#\\\/schema\\\/logo\\\/image\\\/\",\"url\":\"https:\\\/\\\/www.auroraproparts.com\\\/es\\\/wp-content\\\/uploads\\\/sites\\\/2\\\/2023\\\/11\\\/logo.svg\",\"contentUrl\":\"https:\\\/\\\/www.auroraproparts.com\\\/es\\\/wp-content\\\/uploads\\\/sites\\\/2\\\/2023\\\/11\\\/logo.svg\",\"width\":313,\"height\":56,\"caption\":\"Aurora Truck Bus Parts\"},\"image\":{\"@id\":\"https:\\\/\\\/www.auroraproparts.com\\\/es\\\/#\\\/schema\\\/logo\\\/image\\\/\"}}]}<\/script>\n<!-- \/ Yoast SEO Premium plugin. -->","yoast_head_json":{"title":"Fuelles Neum\u00e1ticos 03-01649 Peterbilt 3130497 Volvo - Aurora Truck Bus Parts","description":"Tractocami\u00f3n Fuelles Neum\u00e1ticos, W01-358-9069 Firestone, 03-01649 Peterbilt, 3130497 Volvo, Goodyear 1R12-069, 1R12-676, ContiTech 910-14P312","robots":{"index":"index","follow":"follow","max-snippet":"max-snippet:-1","max-image-preview":"max-image-preview:large","max-video-preview":"max-video-preview:-1"},"canonical":"https:\/\/www.auroraproparts.com\/es\/product\/truck-air-spring-w01-358-9069-firestone-03-01649-peterbilt-3130497-volvo\/","og_locale":"es_ES","og_type":"article","og_title":"Fuelles Neum\u00e1ticos 03-01649 Peterbilt 3130497 Volvo","og_description":"Tractocami\u00f3n Fuelles Neum\u00e1ticos, W01-358-9069 Firestone, 03-01649 Peterbilt, 3130497 Volvo, Goodyear 1R12-069, 1R12-676, ContiTech 910-14P312","og_url":"https:\/\/www.auroraproparts.com\/es\/product\/truck-air-spring-w01-358-9069-firestone-03-01649-peterbilt-3130497-volvo\/","og_site_name":"Aurora Truck Bus Parts","article_modified_time":"2024-09-26T03:32:25+00:00","og_image":[{"width":800,"height":800,"url":"https:\/\/www.auroraproparts.com\/es\/wp-content\/uploads\/sites\/2\/2023\/04\/9069-3.webp","type":"image\/webp"}],"twitter_card":"summary_large_image","twitter_misc":{"Tiempo de lectura":"1 minuto"},"schema":{"@context":"https:\/\/schema.org","@graph":[{"@type":"WebPage","@id":"https:\/\/www.auroraproparts.com\/es\/product\/truck-air-spring-w01-358-9069-firestone-03-01649-peterbilt-3130497-volvo\/","url":"https:\/\/www.auroraproparts.com\/es\/product\/truck-air-spring-w01-358-9069-firestone-03-01649-peterbilt-3130497-volvo\/","name":"Fuelles Neum\u00e1ticos 03-01649 Peterbilt 3130497 Volvo - Aurora Truck Bus Parts","isPartOf":{"@id":"https:\/\/www.auroraproparts.com\/es\/#website"},"primaryImageOfPage":{"@id":"https:\/\/www.auroraproparts.com\/es\/product\/truck-air-spring-w01-358-9069-firestone-03-01649-peterbilt-3130497-volvo\/#primaryimage"},"image":{"@id":"https:\/\/www.auroraproparts.com\/es\/product\/truck-air-spring-w01-358-9069-firestone-03-01649-peterbilt-3130497-volvo\/#primaryimage"},"thumbnailUrl":"https:\/\/www.auroraproparts.com\/es\/wp-content\/uploads\/sites\/2\/2023\/04\/9069-3.webp","datePublished":"2023-04-27T01:59:57+00:00","dateModified":"2024-09-26T03:32:25+00:00","description":"Tractocami\u00f3n Fuelles Neum\u00e1ticos, W01-358-9069 Firestone, 03-01649 Peterbilt, 3130497 Volvo, Goodyear 1R12-069, 1R12-676, ContiTech 910-14P312","breadcrumb":{"@id":"https:\/\/www.auroraproparts.com\/es\/product\/truck-air-spring-w01-358-9069-firestone-03-01649-peterbilt-3130497-volvo\/#breadcrumb"},"inLanguage":"es","potentialAction":[{"@type":"ReadAction","target":["https:\/\/www.auroraproparts.com\/es\/product\/truck-air-spring-w01-358-9069-firestone-03-01649-peterbilt-3130497-volvo\/"]}]},{"@type":"ImageObject","inLanguage":"es","@id":"https:\/\/www.auroraproparts.com\/es\/product\/truck-air-spring-w01-358-9069-firestone-03-01649-peterbilt-3130497-volvo\/#primaryimage","url":"https:\/\/www.auroraproparts.com\/es\/wp-content\/uploads\/sites\/2\/2023\/04\/9069-3.webp","contentUrl":"https:\/\/www.auroraproparts.com\/es\/wp-content\/uploads\/sites\/2\/2023\/04\/9069-3.webp","width":800,"height":800,"caption":"air spring 9069"},{"@type":"BreadcrumbList","@id":"https:\/\/www.auroraproparts.com\/es\/product\/truck-air-spring-w01-358-9069-firestone-03-01649-peterbilt-3130497-volvo\/#breadcrumb","itemListElement":[{"@type":"ListItem","position":1,"name":"\u9996\u9875","item":"https:\/\/www.auroraproparts.com\/es\/"},{"@type":"ListItem","position":2,"name":"Recambios Para Cami\u00f3n","item":"https:\/\/www.auroraproparts.com\/es\/products\/"},{"@type":"ListItem","position":3,"name":"Fuelles Neum\u00e1ticos 03-01649 Peterbilt 3130497 Volvo"}]},{"@type":"WebSite","@id":"https:\/\/www.auroraproparts.com\/es\/#website","url":"https:\/\/www.auroraproparts.com\/es\/","name":"Aurora Truck Bus Parts","description":"","publisher":{"@id":"https:\/\/www.auroraproparts.com\/es\/#organization"},"potentialAction":[{"@type":"SearchAction","target":{"@type":"EntryPoint","urlTemplate":"https:\/\/www.auroraproparts.com\/es\/?s={search_term_string}"},"query-input":{"@type":"PropertyValueSpecification","valueRequired":true,"valueName":"search_term_string"}}],"inLanguage":"es"},{"@type":"Organization","@id":"https:\/\/www.auroraproparts.com\/es\/#organization","name":"Aurora Truck Bus Parts","url":"https:\/\/www.auroraproparts.com\/es\/","logo":{"@type":"ImageObject","inLanguage":"es","@id":"https:\/\/www.auroraproparts.com\/es\/#\/schema\/logo\/image\/","url":"https:\/\/www.auroraproparts.com\/es\/wp-content\/uploads\/sites\/2\/2023\/11\/logo.svg","contentUrl":"https:\/\/www.auroraproparts.com\/es\/wp-content\/uploads\/sites\/2\/2023\/11\/logo.svg","width":313,"height":56,"caption":"Aurora Truck Bus Parts"},"image":{"@id":"https:\/\/www.auroraproparts.com\/es\/#\/schema\/logo\/image\/"}}]}},"_links":{"self":[{"href":"https:\/\/www.auroraproparts.com\/es\/wp-json\/wp\/v2\/product\/807","targetHints":{"allow":["GET"]}}],"collection":[{"href":"https:\/\/www.auroraproparts.com\/es\/wp-json\/wp\/v2\/product"}],"about":[{"href":"https:\/\/www.auroraproparts.com\/es\/wp-json\/wp\/v2\/types\/product"}],"wp:featuredmedia":[{"embeddable":true,"href":"https:\/\/www.auroraproparts.com\/es\/wp-json\/wp\/v2\/media\/822"}],"wp:attachment":[{"href":"https:\/\/www.auroraproparts.com\/es\/wp-json\/wp\/v2\/media?parent=807"}],"wp:term":[{"taxonomy":"product_brand","embeddable":true,"href":"https:\/\/www.auroraproparts.com\/es\/wp-json\/wp\/v2\/product_brand?post=807"},{"taxonomy":"product_cat","embeddable":true,"href":"https:\/\/www.auroraproparts.com\/es\/wp-json\/wp\/v2\/product_cat?post=807"},{"taxonomy":"product_tag","embeddable":true,"href":"https:\/\/www.auroraproparts.com\/es\/wp-json\/wp\/v2\/product_tag?post=807"}],"curies":[{"name":"wp","href":"https:\/\/api.w.org\/{rel}","templated":true}]}}