{"id":853,"date":"2023-04-29T09:30:04","date_gmt":"2023-04-29T01:30:04","guid":{"rendered":"https:\/\/www.auroraproparts.com\/es\/product\/kenworth-truck-air-spring-w01-358-8864-firestone-03-08716-c81-1011-peterbilt\/"},"modified":"2024-09-19T17:15:50","modified_gmt":"2024-09-19T09:15:50","slug":"kenworth-truck-air-spring-w01-358-8864-firestone-03-08716-c81-1011-peterbilt","status":"publish","type":"product","link":"https:\/\/www.auroraproparts.com\/es\/product\/kenworth-truck-air-spring-w01-358-8864-firestone-03-08716-c81-1011-peterbilt\/","title":{"rendered":"Kenworth\u00a0Fuelles Neum\u00e1ticos W01-358-8864 Firestone\u00a003-08716"},"content":{"rendered":"<h2>Kenworth Fuelles Neum\u00e1ticos W01-358-8864 Firestone 03-08716 C81-1011 Peterbilt<\/h2>\n<p>&nbsp;<\/p>\n<p>Top Plate Width: \u00a09.00 \u00bb<\/p>\n<p>Piston Width: \u00a08.05 \u00bb<\/p>\n<p>Weight: \u00a014.00 lb<\/p>\n<p>&nbsp;<\/p>\n<table>\n<tbody>\n<tr>\n<td colspan=\"4\" width=\"498\"><strong>Cross reference<\/strong><\/td>\n<\/tr>\n<tr>\n<td width=\"124\">ContiTech<\/td>\n<td width=\"124\">9 10-19 P 898<\/td>\n<td width=\"124\">Firestone<\/td>\n<td width=\"124\">W01-358-8864<\/td>\n<\/tr>\n<tr>\n<td width=\"124\">GY Springride<\/td>\n<td width=\"124\">1R12-1097<\/td>\n<td width=\"124\">TRP<\/td>\n<td width=\"124\">AS88640<\/td>\n<\/tr>\n<tr>\n<td width=\"124\">Automann<\/td>\n<td width=\"124\">1DK28A-8050<\/td>\n<td width=\"124\">FleetPride<\/td>\n<td width=\"124\">AS8050<\/td>\n<\/tr>\n<tr>\n<td width=\"124\">Primeride<\/td>\n<td width=\"124\">1DK23L-8864<\/td>\n<td width=\"124\">Triangle<\/td>\n<td width=\"124\">AS-8898<\/td>\n<\/tr>\n<\/tbody>\n<\/table>\n<p>&nbsp;<\/p>\n<table>\n<tbody>\n<tr>\n<td colspan=\"4\" width=\"534\">OE Manufacturer<\/td>\n<\/tr>\n<tr>\n<td width=\"133\">Kenworth<\/td>\n<td width=\"133\">C81-1011<\/td>\n<td width=\"133\">Peterbilt<\/td>\n<td width=\"133\">03-08716<\/td>\n<\/tr>\n<\/tbody>\n<\/table>\n<p>&nbsp;<\/p>\n<p><strong>Other Cross Reference<\/strong><\/p>\n<p>Alliance: ABPN32018864<\/p>\n<p>Contitech: 66666, 9 10-19 P 898, 91019P898,910-19P898<\/p>\n<p>Dayton: 352-8864, 3528864<\/p>\n<p>Firestone: 8864, 8865, W013588864, W01-358-8864, W016875470, W01-687-5470, W017038863, W01-703-8863, W017038864, W01-703-8864, W017038865, W01-703-8865<\/p>\n<p>Goodyear: 1R121097, 1R12-1097<\/p>\n<p>Kenworth: C811011, C81-1011, C811013, C81-1013<\/p>\n<p>Peterbilt: 0308716, 03-08716, 308716, 03-08716 (New Low Leaf Supersedes 03-07887 effective 04\/04) C811011 Paccar Part<\/p>\n<p>Triangle: 8898<\/p>\n","protected":false},"excerpt":{"rendered":"<table>\n<tbody>\n<tr>\n<td width=\"213\">Type<\/td>\n<td width=\"213\">Fuelles Neum\u00e1ticos<\/td>\n<\/tr>\n<tr>\n<td width=\"213\">Material<\/td>\n<td width=\"213\">Rubber Bellows ,Steel Piston<\/td>\n<\/tr>\n<tr>\n<td width=\"213\">Fit\u00a0For<\/td>\n<td width=\"213\">Hendrickson, Volvo<\/td>\n<\/tr>\n<tr>\n<td width=\"213\">OE NO.<\/td>\n<td width=\"213\">03-08716,\u00a0C81-1011<\/td>\n<\/tr>\n<tr>\n<td width=\"213\">Firestone<\/td>\n<td width=\"213\">W01-358-8864<\/td>\n<\/tr>\n<tr>\n<td width=\"213\">Firestone Style<\/td>\n<td width=\"213\">1T15M-9<\/td>\n<\/tr>\n<tr>\n<td width=\"213\">Contitech<\/td>\n<td width=\"213\">9 10-19 P 898<\/td>\n<\/tr>\n<tr>\n<td width=\"213\">Primeride<\/td>\n<td width=\"213\">AS PR9M19 8864<\/td>\n<\/tr>\n<\/tbody>\n<\/table>\n","protected":false},"featured_media":845,"template":"","meta":{"site-sidebar-layout":"default","site-content-layout":"default","ast-site-content-layout":"default","site-content-style":"default","site-sidebar-style":"default","ast-global-header-display":"","ast-banner-title-visibility":"","ast-main-header-display":"","ast-hfb-above-header-display":"","ast-hfb-below-header-display":"","ast-hfb-mobile-header-display":"","site-post-title":"","ast-breadcrumbs-content":"","ast-featured-img":"","footer-sml-layout":"","ast-disable-related-posts":"","theme-transparent-header-meta":"default","adv-header-id-meta":"","stick-header-meta":"default","header-above-stick-meta":"","header-main-stick-meta":"","header-below-stick-meta":"","astra-migrate-meta-layouts":"set","ast-page-background-enabled":"default","ast-page-background-meta":{"desktop":{"background-color":"var(--ast-global-color-4)","background-image":"","background-repeat":"repeat","background-position":"center center","background-size":"auto","background-attachment":"scroll","background-type":"","background-media":"","overlay-type":"","overlay-color":"","overlay-opacity":"","overlay-gradient":""},"tablet":{"background-color":"","background-image":"","background-repeat":"repeat","background-position":"center center","background-size":"auto","background-attachment":"scroll","background-type":"","background-media":"","overlay-type":"","overlay-color":"","overlay-opacity":"","overlay-gradient":""},"mobile":{"background-color":"","background-image":"","background-repeat":"repeat","background-position":"center center","background-size":"auto","background-attachment":"scroll","background-type":"","background-media":"","overlay-type":"","overlay-color":"","overlay-opacity":"","overlay-gradient":""}},"ast-content-background-meta":{"desktop":{"background-color":"var(--ast-global-color-5)","background-image":"","background-repeat":"repeat","background-position":"center center","background-size":"auto","background-attachment":"scroll","background-type":"","background-media":"","overlay-type":"","overlay-color":"","overlay-opacity":"","overlay-gradient":""},"tablet":{"background-color":"var(--ast-global-color-5)","background-image":"","background-repeat":"repeat","background-position":"center center","background-size":"auto","background-attachment":"scroll","background-type":"","background-media":"","overlay-type":"","overlay-color":"","overlay-opacity":"","overlay-gradient":""},"mobile":{"background-color":"var(--ast-global-color-5)","background-image":"","background-repeat":"repeat","background-position":"center center","background-size":"auto","background-attachment":"scroll","background-type":"","background-media":"","overlay-type":"","overlay-color":"","overlay-opacity":"","overlay-gradient":""}}},"product_brand":[],"product_cat":[20],"product_tag":[21,77,105,137],"class_list":{"0":"post-853","1":"product","2":"type-product","3":"status-publish","4":"has-post-thumbnail","6":"product_cat-air-spring","7":"product_tag-air-spring","8":"product_tag-kenworth-air-spring","9":"product_tag-peterbilt-air-spring","10":"product_tag-truck-air-spring","11":"desktop-align-center","12":"tablet-align-left","13":"mobile-align-left","14":"ast-product-gallery-layout-horizontal-slider","15":"ast-product-tabs-layout-horizontal","17":"first","18":"instock","19":"shipping-taxable","20":"product-type-simple"},"yoast_head":"<!-- This site is optimized with the Yoast SEO Premium plugin v26.7 (Yoast SEO v27.5) - https:\/\/yoast.com\/product\/yoast-seo-premium-wordpress\/ -->\n<title>Kenworth\u00a0Fuelles Neum\u00e1ticos W01-358-8864 Firestone\u00a003-08716 - Aurora Truck Bus Parts<\/title>\n<meta name=\"description\" content=\"truck fuelles neum\u00e1ticos, kenworth fuelles neum\u00e1ticos, Peterbilt fuelles neum\u00e1ticos, w013588864, Firestone 03-08716, C81-1011, W01-358-8864\" \/>\n<meta name=\"robots\" content=\"index, follow, max-snippet:-1, max-image-preview:large, max-video-preview:-1\" \/>\n<link rel=\"canonical\" href=\"https:\/\/www.auroraproparts.com\/es\/product\/kenworth-truck-air-spring-w01-358-8864-firestone-03-08716-c81-1011-peterbilt\/\" \/>\n<meta property=\"og:locale\" content=\"es_ES\" \/>\n<meta property=\"og:type\" content=\"article\" \/>\n<meta property=\"og:title\" content=\"Kenworth\u00a0Fuelles Neum\u00e1ticos W01-358-8864 Firestone\u00a003-08716\" \/>\n<meta property=\"og:description\" content=\"truck fuelles neum\u00e1ticos, kenworth fuelles neum\u00e1ticos, Peterbilt fuelles neum\u00e1ticos, w013588864, Firestone 03-08716, C81-1011, W01-358-8864\" \/>\n<meta property=\"og:url\" content=\"https:\/\/www.auroraproparts.com\/es\/product\/kenworth-truck-air-spring-w01-358-8864-firestone-03-08716-c81-1011-peterbilt\/\" \/>\n<meta property=\"og:site_name\" content=\"Aurora Truck Bus Parts\" \/>\n<meta property=\"article:modified_time\" content=\"2024-09-19T09:15:50+00:00\" \/>\n<meta property=\"og:image\" content=\"https:\/\/www.auroraproparts.com\/es\/wp-content\/uploads\/sites\/2\/2023\/04\/8864-1.webp\" \/>\n\t<meta property=\"og:image:width\" content=\"800\" \/>\n\t<meta property=\"og:image:height\" content=\"800\" \/>\n\t<meta property=\"og:image:type\" content=\"image\/webp\" \/>\n<meta name=\"twitter:card\" content=\"summary_large_image\" \/>\n<meta name=\"twitter:label1\" content=\"Tiempo de lectura\" \/>\n\t<meta name=\"twitter:data1\" content=\"1 minuto\" \/>\n<script type=\"application\/ld+json\" class=\"yoast-schema-graph\">{\"@context\":\"https:\\\/\\\/schema.org\",\"@graph\":[{\"@type\":\"WebPage\",\"@id\":\"https:\\\/\\\/www.auroraproparts.com\\\/es\\\/product\\\/kenworth-truck-air-spring-w01-358-8864-firestone-03-08716-c81-1011-peterbilt\\\/\",\"url\":\"https:\\\/\\\/www.auroraproparts.com\\\/es\\\/product\\\/kenworth-truck-air-spring-w01-358-8864-firestone-03-08716-c81-1011-peterbilt\\\/\",\"name\":\"Kenworth\u00a0Fuelles Neum\u00e1ticos W01-358-8864 Firestone\u00a003-08716 - Aurora Truck Bus Parts\",\"isPartOf\":{\"@id\":\"https:\\\/\\\/www.auroraproparts.com\\\/es\\\/#website\"},\"primaryImageOfPage\":{\"@id\":\"https:\\\/\\\/www.auroraproparts.com\\\/es\\\/product\\\/kenworth-truck-air-spring-w01-358-8864-firestone-03-08716-c81-1011-peterbilt\\\/#primaryimage\"},\"image\":{\"@id\":\"https:\\\/\\\/www.auroraproparts.com\\\/es\\\/product\\\/kenworth-truck-air-spring-w01-358-8864-firestone-03-08716-c81-1011-peterbilt\\\/#primaryimage\"},\"thumbnailUrl\":\"https:\\\/\\\/www.auroraproparts.com\\\/es\\\/wp-content\\\/uploads\\\/sites\\\/2\\\/2023\\\/04\\\/8864-1.webp\",\"datePublished\":\"2023-04-29T01:30:04+00:00\",\"dateModified\":\"2024-09-19T09:15:50+00:00\",\"description\":\"truck fuelles neum\u00e1ticos, kenworth fuelles neum\u00e1ticos, Peterbilt fuelles neum\u00e1ticos, w013588864, Firestone 03-08716, C81-1011, W01-358-8864\",\"breadcrumb\":{\"@id\":\"https:\\\/\\\/www.auroraproparts.com\\\/es\\\/product\\\/kenworth-truck-air-spring-w01-358-8864-firestone-03-08716-c81-1011-peterbilt\\\/#breadcrumb\"},\"inLanguage\":\"es\",\"potentialAction\":[{\"@type\":\"ReadAction\",\"target\":[\"https:\\\/\\\/www.auroraproparts.com\\\/es\\\/product\\\/kenworth-truck-air-spring-w01-358-8864-firestone-03-08716-c81-1011-peterbilt\\\/\"]}]},{\"@type\":\"ImageObject\",\"inLanguage\":\"es\",\"@id\":\"https:\\\/\\\/www.auroraproparts.com\\\/es\\\/product\\\/kenworth-truck-air-spring-w01-358-8864-firestone-03-08716-c81-1011-peterbilt\\\/#primaryimage\",\"url\":\"https:\\\/\\\/www.auroraproparts.com\\\/es\\\/wp-content\\\/uploads\\\/sites\\\/2\\\/2023\\\/04\\\/8864-1.webp\",\"contentUrl\":\"https:\\\/\\\/www.auroraproparts.com\\\/es\\\/wp-content\\\/uploads\\\/sites\\\/2\\\/2023\\\/04\\\/8864-1.webp\",\"width\":800,\"height\":800,\"caption\":\"air spring 8864\"},{\"@type\":\"BreadcrumbList\",\"@id\":\"https:\\\/\\\/www.auroraproparts.com\\\/es\\\/product\\\/kenworth-truck-air-spring-w01-358-8864-firestone-03-08716-c81-1011-peterbilt\\\/#breadcrumb\",\"itemListElement\":[{\"@type\":\"ListItem\",\"position\":1,\"name\":\"\u9996\u9875\",\"item\":\"https:\\\/\\\/www.auroraproparts.com\\\/es\\\/\"},{\"@type\":\"ListItem\",\"position\":2,\"name\":\"Recambios Para Cami\u00f3n\",\"item\":\"https:\\\/\\\/www.auroraproparts.com\\\/es\\\/products\\\/\"},{\"@type\":\"ListItem\",\"position\":3,\"name\":\"Kenworth\u00a0Fuelles Neum\u00e1ticos W01-358-8864 Firestone\u00a003-08716\"}]},{\"@type\":\"WebSite\",\"@id\":\"https:\\\/\\\/www.auroraproparts.com\\\/es\\\/#website\",\"url\":\"https:\\\/\\\/www.auroraproparts.com\\\/es\\\/\",\"name\":\"Aurora Truck Bus Parts\",\"description\":\"\",\"publisher\":{\"@id\":\"https:\\\/\\\/www.auroraproparts.com\\\/es\\\/#organization\"},\"potentialAction\":[{\"@type\":\"SearchAction\",\"target\":{\"@type\":\"EntryPoint\",\"urlTemplate\":\"https:\\\/\\\/www.auroraproparts.com\\\/es\\\/?s={search_term_string}\"},\"query-input\":{\"@type\":\"PropertyValueSpecification\",\"valueRequired\":true,\"valueName\":\"search_term_string\"}}],\"inLanguage\":\"es\"},{\"@type\":\"Organization\",\"@id\":\"https:\\\/\\\/www.auroraproparts.com\\\/es\\\/#organization\",\"name\":\"Aurora Truck Bus Parts\",\"url\":\"https:\\\/\\\/www.auroraproparts.com\\\/es\\\/\",\"logo\":{\"@type\":\"ImageObject\",\"inLanguage\":\"es\",\"@id\":\"https:\\\/\\\/www.auroraproparts.com\\\/es\\\/#\\\/schema\\\/logo\\\/image\\\/\",\"url\":\"https:\\\/\\\/www.auroraproparts.com\\\/es\\\/wp-content\\\/uploads\\\/sites\\\/2\\\/2023\\\/11\\\/logo.svg\",\"contentUrl\":\"https:\\\/\\\/www.auroraproparts.com\\\/es\\\/wp-content\\\/uploads\\\/sites\\\/2\\\/2023\\\/11\\\/logo.svg\",\"width\":313,\"height\":56,\"caption\":\"Aurora Truck Bus Parts\"},\"image\":{\"@id\":\"https:\\\/\\\/www.auroraproparts.com\\\/es\\\/#\\\/schema\\\/logo\\\/image\\\/\"}}]}<\/script>\n<!-- \/ Yoast SEO Premium plugin. -->","yoast_head_json":{"title":"Kenworth\u00a0Fuelles Neum\u00e1ticos W01-358-8864 Firestone\u00a003-08716 - Aurora Truck Bus Parts","description":"truck fuelles neum\u00e1ticos, kenworth fuelles neum\u00e1ticos, Peterbilt fuelles neum\u00e1ticos, w013588864, Firestone 03-08716, C81-1011, W01-358-8864","robots":{"index":"index","follow":"follow","max-snippet":"max-snippet:-1","max-image-preview":"max-image-preview:large","max-video-preview":"max-video-preview:-1"},"canonical":"https:\/\/www.auroraproparts.com\/es\/product\/kenworth-truck-air-spring-w01-358-8864-firestone-03-08716-c81-1011-peterbilt\/","og_locale":"es_ES","og_type":"article","og_title":"Kenworth\u00a0Fuelles Neum\u00e1ticos W01-358-8864 Firestone\u00a003-08716","og_description":"truck fuelles neum\u00e1ticos, kenworth fuelles neum\u00e1ticos, Peterbilt fuelles neum\u00e1ticos, w013588864, Firestone 03-08716, C81-1011, W01-358-8864","og_url":"https:\/\/www.auroraproparts.com\/es\/product\/kenworth-truck-air-spring-w01-358-8864-firestone-03-08716-c81-1011-peterbilt\/","og_site_name":"Aurora Truck Bus Parts","article_modified_time":"2024-09-19T09:15:50+00:00","og_image":[{"width":800,"height":800,"url":"https:\/\/www.auroraproparts.com\/es\/wp-content\/uploads\/sites\/2\/2023\/04\/8864-1.webp","type":"image\/webp"}],"twitter_card":"summary_large_image","twitter_misc":{"Tiempo de lectura":"1 minuto"},"schema":{"@context":"https:\/\/schema.org","@graph":[{"@type":"WebPage","@id":"https:\/\/www.auroraproparts.com\/es\/product\/kenworth-truck-air-spring-w01-358-8864-firestone-03-08716-c81-1011-peterbilt\/","url":"https:\/\/www.auroraproparts.com\/es\/product\/kenworth-truck-air-spring-w01-358-8864-firestone-03-08716-c81-1011-peterbilt\/","name":"Kenworth\u00a0Fuelles Neum\u00e1ticos W01-358-8864 Firestone\u00a003-08716 - Aurora Truck Bus Parts","isPartOf":{"@id":"https:\/\/www.auroraproparts.com\/es\/#website"},"primaryImageOfPage":{"@id":"https:\/\/www.auroraproparts.com\/es\/product\/kenworth-truck-air-spring-w01-358-8864-firestone-03-08716-c81-1011-peterbilt\/#primaryimage"},"image":{"@id":"https:\/\/www.auroraproparts.com\/es\/product\/kenworth-truck-air-spring-w01-358-8864-firestone-03-08716-c81-1011-peterbilt\/#primaryimage"},"thumbnailUrl":"https:\/\/www.auroraproparts.com\/es\/wp-content\/uploads\/sites\/2\/2023\/04\/8864-1.webp","datePublished":"2023-04-29T01:30:04+00:00","dateModified":"2024-09-19T09:15:50+00:00","description":"truck fuelles neum\u00e1ticos, kenworth fuelles neum\u00e1ticos, Peterbilt fuelles neum\u00e1ticos, w013588864, Firestone 03-08716, C81-1011, W01-358-8864","breadcrumb":{"@id":"https:\/\/www.auroraproparts.com\/es\/product\/kenworth-truck-air-spring-w01-358-8864-firestone-03-08716-c81-1011-peterbilt\/#breadcrumb"},"inLanguage":"es","potentialAction":[{"@type":"ReadAction","target":["https:\/\/www.auroraproparts.com\/es\/product\/kenworth-truck-air-spring-w01-358-8864-firestone-03-08716-c81-1011-peterbilt\/"]}]},{"@type":"ImageObject","inLanguage":"es","@id":"https:\/\/www.auroraproparts.com\/es\/product\/kenworth-truck-air-spring-w01-358-8864-firestone-03-08716-c81-1011-peterbilt\/#primaryimage","url":"https:\/\/www.auroraproparts.com\/es\/wp-content\/uploads\/sites\/2\/2023\/04\/8864-1.webp","contentUrl":"https:\/\/www.auroraproparts.com\/es\/wp-content\/uploads\/sites\/2\/2023\/04\/8864-1.webp","width":800,"height":800,"caption":"air spring 8864"},{"@type":"BreadcrumbList","@id":"https:\/\/www.auroraproparts.com\/es\/product\/kenworth-truck-air-spring-w01-358-8864-firestone-03-08716-c81-1011-peterbilt\/#breadcrumb","itemListElement":[{"@type":"ListItem","position":1,"name":"\u9996\u9875","item":"https:\/\/www.auroraproparts.com\/es\/"},{"@type":"ListItem","position":2,"name":"Recambios Para Cami\u00f3n","item":"https:\/\/www.auroraproparts.com\/es\/products\/"},{"@type":"ListItem","position":3,"name":"Kenworth\u00a0Fuelles Neum\u00e1ticos W01-358-8864 Firestone\u00a003-08716"}]},{"@type":"WebSite","@id":"https:\/\/www.auroraproparts.com\/es\/#website","url":"https:\/\/www.auroraproparts.com\/es\/","name":"Aurora Truck Bus Parts","description":"","publisher":{"@id":"https:\/\/www.auroraproparts.com\/es\/#organization"},"potentialAction":[{"@type":"SearchAction","target":{"@type":"EntryPoint","urlTemplate":"https:\/\/www.auroraproparts.com\/es\/?s={search_term_string}"},"query-input":{"@type":"PropertyValueSpecification","valueRequired":true,"valueName":"search_term_string"}}],"inLanguage":"es"},{"@type":"Organization","@id":"https:\/\/www.auroraproparts.com\/es\/#organization","name":"Aurora Truck Bus Parts","url":"https:\/\/www.auroraproparts.com\/es\/","logo":{"@type":"ImageObject","inLanguage":"es","@id":"https:\/\/www.auroraproparts.com\/es\/#\/schema\/logo\/image\/","url":"https:\/\/www.auroraproparts.com\/es\/wp-content\/uploads\/sites\/2\/2023\/11\/logo.svg","contentUrl":"https:\/\/www.auroraproparts.com\/es\/wp-content\/uploads\/sites\/2\/2023\/11\/logo.svg","width":313,"height":56,"caption":"Aurora Truck Bus Parts"},"image":{"@id":"https:\/\/www.auroraproparts.com\/es\/#\/schema\/logo\/image\/"}}]}},"_links":{"self":[{"href":"https:\/\/www.auroraproparts.com\/es\/wp-json\/wp\/v2\/product\/853","targetHints":{"allow":["GET"]}}],"collection":[{"href":"https:\/\/www.auroraproparts.com\/es\/wp-json\/wp\/v2\/product"}],"about":[{"href":"https:\/\/www.auroraproparts.com\/es\/wp-json\/wp\/v2\/types\/product"}],"wp:featuredmedia":[{"embeddable":true,"href":"https:\/\/www.auroraproparts.com\/es\/wp-json\/wp\/v2\/media\/845"}],"wp:attachment":[{"href":"https:\/\/www.auroraproparts.com\/es\/wp-json\/wp\/v2\/media?parent=853"}],"wp:term":[{"taxonomy":"product_brand","embeddable":true,"href":"https:\/\/www.auroraproparts.com\/es\/wp-json\/wp\/v2\/product_brand?post=853"},{"taxonomy":"product_cat","embeddable":true,"href":"https:\/\/www.auroraproparts.com\/es\/wp-json\/wp\/v2\/product_cat?post=853"},{"taxonomy":"product_tag","embeddable":true,"href":"https:\/\/www.auroraproparts.com\/es\/wp-json\/wp\/v2\/product_tag?post=853"}],"curies":[{"name":"wp","href":"https:\/\/api.w.org\/{rel}","templated":true}]}}