{"id":861,"date":"2023-04-29T16:20:22","date_gmt":"2023-04-29T08:20:22","guid":{"rendered":"https:\/\/www.auroraproparts.com\/es\/product\/bpw36-truck-air-spring-05-429-41-36-1-w01-m58-8966-w01-m58-6013-firestone\/"},"modified":"2024-09-26T11:36:01","modified_gmt":"2024-09-26T03:36:01","slug":"bpw36-truck-air-spring-05-429-41-36-1-w01-m58-8966-w01-m58-6013-firestone","status":"publish","type":"product","link":"https:\/\/www.auroraproparts.com\/es\/product\/bpw36-truck-air-spring-05-429-41-36-1-w01-m58-8966-w01-m58-6013-firestone\/","title":{"rendered":"BPW36\u00a0Fuelles Neum\u00e1ticos 05.429.41.36.1 W01-M58-8966"},"content":{"rendered":"<h2>BPW36 Fuelles Neum\u00e1ticos 05.429.41.36.1 W01-M58-8966 W01-M58-6013 Firestone<\/h2>\n<p>&nbsp;<\/p>\n<p>BPW 36: 05.429.41.36.1<\/p>\n<p>BPW 36K: 05.429.43.41.0<\/p>\n<p>BPW 30: 05.429.43.20.0\u00a0 <a href=\"https:\/\/www.auroraproparts.com\/es\/products\/air-spring\/bpw30-truck-air-spring-05-429-43-20-0-w01-m58-8618-firestone-941mbp02-contitech\/\">BPW30\u00a0Truck Air Spring 05.429.43.20.0 W01-M58-8618 Firestone 941MBP02 Contitech<\/a><\/p>\n<p>BPW 30K: 05.429.43.21.0\u00a0 \u00a0<a href=\"https:\/\/www.auroraproparts.com\/es\/products\/air-spring\/bpw30k-truck-air-spring-05-429-43-21-0-w01-m58-8585-firestone-940mbp02-contitech\/\">BPW30K\u00a0Truck Air Spring 05.429.43.21.0 W01-M58-8585 Firestone 940MBP02 Contitech<\/a><\/p>\n<p>&nbsp;<\/p>\n<table>\n<tbody>\n<tr>\n<td colspan=\"4\" width=\"498\">Cross reference<\/td>\n<\/tr>\n<tr>\n<td width=\"124\">Phoenix<\/td>\n<td width=\"124\">1 DK 32-1<\/td>\n<td width=\"124\">Firestone<\/td>\n<td width=\"124\">W01-358-8966<\/td>\n<\/tr>\n<tr>\n<td width=\"124\">Goodyear<\/td>\n<td width=\"124\">1R14-712<\/td>\n<td width=\"124\">Airtech<\/td>\n<td width=\"124\">130522<\/td>\n<\/tr>\n<tr>\n<td width=\"124\">Blacktech<\/td>\n<td width=\"124\">RML7992C<\/td>\n<td width=\"124\">Dunlop F<\/td>\n<td width=\"124\">D14B36<\/td>\n<\/tr>\n<tr>\n<td width=\"124\">Primeride<\/td>\n<td width=\"124\">5881 A P03<\/td>\n<td width=\"124\">Vibracoustic<\/td>\n<td width=\"124\">V 1 DK 32 X 9<\/td>\n<\/tr>\n<\/tbody>\n<\/table>\n<p>&nbsp;<\/p>\n<table>\n<tbody>\n<tr>\n<td colspan=\"2\" width=\"534\">OE Manufacturer<\/td>\n<\/tr>\n<tr>\n<td width=\"133\">BPW<\/td>\n<td width=\"400\">05.429.41.36.1<\/td>\n<\/tr>\n<\/tbody>\n<\/table>\n<p>&nbsp;<\/p>\n<h6><strong><b>Other Cross <\/b><\/strong><strong><b>R<\/b><\/strong><strong><b>eference<\/b><\/strong><\/h6>\n<p>BPW: 05.429.41.36.1, 0542941361<\/p>\n<p>Prime-Ride: 1R14-712, 1R14712<\/p>\n<p>Prime-Ride Flex No.: 566-28-3-501, 566283501<\/p>\n<p>Airtech: 130522, 3881-01 C, 388101C<\/p>\n<p>Blacktech: RML7992C<\/p>\n<p>CF Gomma: 205800, 1TC360-45, 1TC36045<\/p>\n<p>Dunlop F: D14B36<\/p>\n<p>Firestone: W01-M58-8966, 1T66F-10.8, W01M588966, 1T66F108, W01-M58-6013, W01M586013<\/p>\n<p>Gart: 292.2.530, C292<\/p>\n<p>Goodyear : 1R14-712, 566-28-3-501, 1R14712, 566283501<\/p>\n<p>Primeride: 5881 A P03, 5881AP03<\/p>\n<p>Vibracoustic: V 1 DK 32 X 9, V1DK32X9<\/p>\n","protected":false},"excerpt":{"rendered":"<table>\n<tbody>\n<tr>\n<td width=\"213\">Type<\/td>\n<td width=\"213\">BPW Fuelles Neum\u00e1ticos<\/td>\n<\/tr>\n<tr>\n<td width=\"213\">Material<\/td>\n<td width=\"213\">Rubber Bellows<\/td>\n<\/tr>\n<tr>\n<td width=\"213\">Fit\u00a0For<\/td>\n<td width=\"213\">BPW\u00a036<\/td>\n<\/tr>\n<tr>\n<td width=\"213\">OE NO.<\/td>\n<td width=\"213\">05.429.41.36.1<\/td>\n<\/tr>\n<tr>\n<td width=\"213\">Firestone<\/td>\n<td width=\"213\">W01-M58-8966,\u00a0W01-M58-6013<\/td>\n<\/tr>\n<tr>\n<td width=\"213\">Goodyear<\/td>\n<td width=\"213\">1R14-712<\/td>\n<\/tr>\n<tr>\n<td width=\"213\">Phoenix<\/td>\n<td width=\"213\">1 DK 32-1<\/td>\n<\/tr>\n<tr>\n<td width=\"213\">Vibracoustic<\/td>\n<td width=\"213\">V1DK32X9<\/td>\n<\/tr>\n<\/tbody>\n<\/table>\n","protected":false},"featured_media":865,"template":"","meta":{"site-sidebar-layout":"default","site-content-layout":"default","ast-site-content-layout":"default","site-content-style":"default","site-sidebar-style":"default","ast-global-header-display":"","ast-banner-title-visibility":"","ast-main-header-display":"","ast-hfb-above-header-display":"","ast-hfb-below-header-display":"","ast-hfb-mobile-header-display":"","site-post-title":"","ast-breadcrumbs-content":"","ast-featured-img":"","footer-sml-layout":"","ast-disable-related-posts":"","theme-transparent-header-meta":"default","adv-header-id-meta":"","stick-header-meta":"default","header-above-stick-meta":"","header-main-stick-meta":"","header-below-stick-meta":"","astra-migrate-meta-layouts":"set","ast-page-background-enabled":"default","ast-page-background-meta":{"desktop":{"background-color":"var(--ast-global-color-4)","background-image":"","background-repeat":"repeat","background-position":"center center","background-size":"auto","background-attachment":"scroll","background-type":"","background-media":"","overlay-type":"","overlay-color":"","overlay-opacity":"","overlay-gradient":""},"tablet":{"background-color":"","background-image":"","background-repeat":"repeat","background-position":"center center","background-size":"auto","background-attachment":"scroll","background-type":"","background-media":"","overlay-type":"","overlay-color":"","overlay-opacity":"","overlay-gradient":""},"mobile":{"background-color":"","background-image":"","background-repeat":"repeat","background-position":"center center","background-size":"auto","background-attachment":"scroll","background-type":"","background-media":"","overlay-type":"","overlay-color":"","overlay-opacity":"","overlay-gradient":""}},"ast-content-background-meta":{"desktop":{"background-color":"var(--ast-global-color-5)","background-image":"","background-repeat":"repeat","background-position":"center center","background-size":"auto","background-attachment":"scroll","background-type":"","background-media":"","overlay-type":"","overlay-color":"","overlay-opacity":"","overlay-gradient":""},"tablet":{"background-color":"var(--ast-global-color-5)","background-image":"","background-repeat":"repeat","background-position":"center center","background-size":"auto","background-attachment":"scroll","background-type":"","background-media":"","overlay-type":"","overlay-color":"","overlay-opacity":"","overlay-gradient":""},"mobile":{"background-color":"var(--ast-global-color-5)","background-image":"","background-repeat":"repeat","background-position":"center center","background-size":"auto","background-attachment":"scroll","background-type":"","background-media":"","overlay-type":"","overlay-color":"","overlay-opacity":"","overlay-gradient":""}}},"product_brand":[],"product_cat":[20],"product_tag":[24,21,137],"class_list":{"0":"post-861","1":"product","2":"type-product","3":"status-publish","4":"has-post-thumbnail","6":"product_cat-air-spring","7":"product_tag-bpw-air-spring","8":"product_tag-air-spring","9":"product_tag-truck-air-spring","10":"desktop-align-center","11":"tablet-align-left","12":"mobile-align-left","13":"ast-product-gallery-layout-horizontal-slider","14":"ast-product-tabs-layout-horizontal","16":"first","17":"instock","18":"shipping-taxable","19":"product-type-simple"},"yoast_head":"<!-- This site is optimized with the Yoast SEO Premium plugin v26.7 (Yoast SEO v27.5) - https:\/\/yoast.com\/product\/yoast-seo-premium-wordpress\/ -->\n<title>BPW36\u00a0Fuelles Neum\u00e1ticos 05.429.41.36.1 W01-M58-8966 - Aurora Truck Bus Parts<\/title>\n<meta name=\"description\" content=\"bpw fuelles neum\u00e1ticos, bpw36 fuelles neum\u00e1ticos, fuelles neum\u00e1ticos, bpw 05.429.41.36.1, firestone w013588966, firestone w01358601\" \/>\n<meta name=\"robots\" content=\"index, follow, max-snippet:-1, max-image-preview:large, max-video-preview:-1\" \/>\n<link rel=\"canonical\" href=\"https:\/\/www.auroraproparts.com\/es\/product\/bpw36-truck-air-spring-05-429-41-36-1-w01-m58-8966-w01-m58-6013-firestone\/\" \/>\n<meta property=\"og:locale\" content=\"es_ES\" \/>\n<meta property=\"og:type\" content=\"article\" \/>\n<meta property=\"og:title\" content=\"BPW36\u00a0Fuelles Neum\u00e1ticos 05.429.41.36.1 W01-M58-8966\" \/>\n<meta property=\"og:description\" content=\"bpw fuelles neum\u00e1ticos, bpw36 fuelles neum\u00e1ticos, fuelles neum\u00e1ticos, bpw 05.429.41.36.1, firestone w013588966, firestone w01358601\" \/>\n<meta property=\"og:url\" content=\"https:\/\/www.auroraproparts.com\/es\/product\/bpw36-truck-air-spring-05-429-41-36-1-w01-m58-8966-w01-m58-6013-firestone\/\" \/>\n<meta property=\"og:site_name\" content=\"Aurora Truck Bus Parts\" \/>\n<meta property=\"article:modified_time\" content=\"2024-09-26T03:36:01+00:00\" \/>\n<meta property=\"og:image\" content=\"https:\/\/www.auroraproparts.com\/es\/wp-content\/uploads\/sites\/2\/2023\/04\/3-8966.webp\" \/>\n\t<meta property=\"og:image:width\" content=\"800\" \/>\n\t<meta property=\"og:image:height\" content=\"800\" \/>\n\t<meta property=\"og:image:type\" content=\"image\/webp\" \/>\n<meta name=\"twitter:card\" content=\"summary_large_image\" \/>\n<meta name=\"twitter:label1\" content=\"Tiempo de lectura\" \/>\n\t<meta name=\"twitter:data1\" content=\"1 minuto\" \/>\n<script type=\"application\/ld+json\" class=\"yoast-schema-graph\">{\"@context\":\"https:\\\/\\\/schema.org\",\"@graph\":[{\"@type\":\"WebPage\",\"@id\":\"https:\\\/\\\/www.auroraproparts.com\\\/es\\\/product\\\/bpw36-truck-air-spring-05-429-41-36-1-w01-m58-8966-w01-m58-6013-firestone\\\/\",\"url\":\"https:\\\/\\\/www.auroraproparts.com\\\/es\\\/product\\\/bpw36-truck-air-spring-05-429-41-36-1-w01-m58-8966-w01-m58-6013-firestone\\\/\",\"name\":\"BPW36\u00a0Fuelles Neum\u00e1ticos 05.429.41.36.1 W01-M58-8966 - Aurora Truck Bus Parts\",\"isPartOf\":{\"@id\":\"https:\\\/\\\/www.auroraproparts.com\\\/es\\\/#website\"},\"primaryImageOfPage\":{\"@id\":\"https:\\\/\\\/www.auroraproparts.com\\\/es\\\/product\\\/bpw36-truck-air-spring-05-429-41-36-1-w01-m58-8966-w01-m58-6013-firestone\\\/#primaryimage\"},\"image\":{\"@id\":\"https:\\\/\\\/www.auroraproparts.com\\\/es\\\/product\\\/bpw36-truck-air-spring-05-429-41-36-1-w01-m58-8966-w01-m58-6013-firestone\\\/#primaryimage\"},\"thumbnailUrl\":\"https:\\\/\\\/www.auroraproparts.com\\\/es\\\/wp-content\\\/uploads\\\/sites\\\/2\\\/2023\\\/04\\\/3-8966.webp\",\"datePublished\":\"2023-04-29T08:20:22+00:00\",\"dateModified\":\"2024-09-26T03:36:01+00:00\",\"description\":\"bpw fuelles neum\u00e1ticos, bpw36 fuelles neum\u00e1ticos, fuelles neum\u00e1ticos, bpw 05.429.41.36.1, firestone w013588966, firestone w01358601\",\"breadcrumb\":{\"@id\":\"https:\\\/\\\/www.auroraproparts.com\\\/es\\\/product\\\/bpw36-truck-air-spring-05-429-41-36-1-w01-m58-8966-w01-m58-6013-firestone\\\/#breadcrumb\"},\"inLanguage\":\"es\",\"potentialAction\":[{\"@type\":\"ReadAction\",\"target\":[\"https:\\\/\\\/www.auroraproparts.com\\\/es\\\/product\\\/bpw36-truck-air-spring-05-429-41-36-1-w01-m58-8966-w01-m58-6013-firestone\\\/\"]}]},{\"@type\":\"ImageObject\",\"inLanguage\":\"es\",\"@id\":\"https:\\\/\\\/www.auroraproparts.com\\\/es\\\/product\\\/bpw36-truck-air-spring-05-429-41-36-1-w01-m58-8966-w01-m58-6013-firestone\\\/#primaryimage\",\"url\":\"https:\\\/\\\/www.auroraproparts.com\\\/es\\\/wp-content\\\/uploads\\\/sites\\\/2\\\/2023\\\/04\\\/3-8966.webp\",\"contentUrl\":\"https:\\\/\\\/www.auroraproparts.com\\\/es\\\/wp-content\\\/uploads\\\/sites\\\/2\\\/2023\\\/04\\\/3-8966.webp\",\"width\":800,\"height\":800,\"caption\":\"bpw air sping\"},{\"@type\":\"BreadcrumbList\",\"@id\":\"https:\\\/\\\/www.auroraproparts.com\\\/es\\\/product\\\/bpw36-truck-air-spring-05-429-41-36-1-w01-m58-8966-w01-m58-6013-firestone\\\/#breadcrumb\",\"itemListElement\":[{\"@type\":\"ListItem\",\"position\":1,\"name\":\"\u9996\u9875\",\"item\":\"https:\\\/\\\/www.auroraproparts.com\\\/es\\\/\"},{\"@type\":\"ListItem\",\"position\":2,\"name\":\"Recambios Para Cami\u00f3n\",\"item\":\"https:\\\/\\\/www.auroraproparts.com\\\/es\\\/products\\\/\"},{\"@type\":\"ListItem\",\"position\":3,\"name\":\"BPW36\u00a0Fuelles Neum\u00e1ticos 05.429.41.36.1 W01-M58-8966\"}]},{\"@type\":\"WebSite\",\"@id\":\"https:\\\/\\\/www.auroraproparts.com\\\/es\\\/#website\",\"url\":\"https:\\\/\\\/www.auroraproparts.com\\\/es\\\/\",\"name\":\"Aurora Truck Bus Parts\",\"description\":\"\",\"publisher\":{\"@id\":\"https:\\\/\\\/www.auroraproparts.com\\\/es\\\/#organization\"},\"potentialAction\":[{\"@type\":\"SearchAction\",\"target\":{\"@type\":\"EntryPoint\",\"urlTemplate\":\"https:\\\/\\\/www.auroraproparts.com\\\/es\\\/?s={search_term_string}\"},\"query-input\":{\"@type\":\"PropertyValueSpecification\",\"valueRequired\":true,\"valueName\":\"search_term_string\"}}],\"inLanguage\":\"es\"},{\"@type\":\"Organization\",\"@id\":\"https:\\\/\\\/www.auroraproparts.com\\\/es\\\/#organization\",\"name\":\"Aurora Truck Bus Parts\",\"url\":\"https:\\\/\\\/www.auroraproparts.com\\\/es\\\/\",\"logo\":{\"@type\":\"ImageObject\",\"inLanguage\":\"es\",\"@id\":\"https:\\\/\\\/www.auroraproparts.com\\\/es\\\/#\\\/schema\\\/logo\\\/image\\\/\",\"url\":\"https:\\\/\\\/www.auroraproparts.com\\\/es\\\/wp-content\\\/uploads\\\/sites\\\/2\\\/2023\\\/11\\\/logo.svg\",\"contentUrl\":\"https:\\\/\\\/www.auroraproparts.com\\\/es\\\/wp-content\\\/uploads\\\/sites\\\/2\\\/2023\\\/11\\\/logo.svg\",\"width\":313,\"height\":56,\"caption\":\"Aurora Truck Bus Parts\"},\"image\":{\"@id\":\"https:\\\/\\\/www.auroraproparts.com\\\/es\\\/#\\\/schema\\\/logo\\\/image\\\/\"}}]}<\/script>\n<!-- \/ Yoast SEO Premium plugin. -->","yoast_head_json":{"title":"BPW36\u00a0Fuelles Neum\u00e1ticos 05.429.41.36.1 W01-M58-8966 - Aurora Truck Bus Parts","description":"bpw fuelles neum\u00e1ticos, bpw36 fuelles neum\u00e1ticos, fuelles neum\u00e1ticos, bpw 05.429.41.36.1, firestone w013588966, firestone w01358601","robots":{"index":"index","follow":"follow","max-snippet":"max-snippet:-1","max-image-preview":"max-image-preview:large","max-video-preview":"max-video-preview:-1"},"canonical":"https:\/\/www.auroraproparts.com\/es\/product\/bpw36-truck-air-spring-05-429-41-36-1-w01-m58-8966-w01-m58-6013-firestone\/","og_locale":"es_ES","og_type":"article","og_title":"BPW36\u00a0Fuelles Neum\u00e1ticos 05.429.41.36.1 W01-M58-8966","og_description":"bpw fuelles neum\u00e1ticos, bpw36 fuelles neum\u00e1ticos, fuelles neum\u00e1ticos, bpw 05.429.41.36.1, firestone w013588966, firestone w01358601","og_url":"https:\/\/www.auroraproparts.com\/es\/product\/bpw36-truck-air-spring-05-429-41-36-1-w01-m58-8966-w01-m58-6013-firestone\/","og_site_name":"Aurora Truck Bus Parts","article_modified_time":"2024-09-26T03:36:01+00:00","og_image":[{"width":800,"height":800,"url":"https:\/\/www.auroraproparts.com\/es\/wp-content\/uploads\/sites\/2\/2023\/04\/3-8966.webp","type":"image\/webp"}],"twitter_card":"summary_large_image","twitter_misc":{"Tiempo de lectura":"1 minuto"},"schema":{"@context":"https:\/\/schema.org","@graph":[{"@type":"WebPage","@id":"https:\/\/www.auroraproparts.com\/es\/product\/bpw36-truck-air-spring-05-429-41-36-1-w01-m58-8966-w01-m58-6013-firestone\/","url":"https:\/\/www.auroraproparts.com\/es\/product\/bpw36-truck-air-spring-05-429-41-36-1-w01-m58-8966-w01-m58-6013-firestone\/","name":"BPW36\u00a0Fuelles Neum\u00e1ticos 05.429.41.36.1 W01-M58-8966 - Aurora Truck Bus Parts","isPartOf":{"@id":"https:\/\/www.auroraproparts.com\/es\/#website"},"primaryImageOfPage":{"@id":"https:\/\/www.auroraproparts.com\/es\/product\/bpw36-truck-air-spring-05-429-41-36-1-w01-m58-8966-w01-m58-6013-firestone\/#primaryimage"},"image":{"@id":"https:\/\/www.auroraproparts.com\/es\/product\/bpw36-truck-air-spring-05-429-41-36-1-w01-m58-8966-w01-m58-6013-firestone\/#primaryimage"},"thumbnailUrl":"https:\/\/www.auroraproparts.com\/es\/wp-content\/uploads\/sites\/2\/2023\/04\/3-8966.webp","datePublished":"2023-04-29T08:20:22+00:00","dateModified":"2024-09-26T03:36:01+00:00","description":"bpw fuelles neum\u00e1ticos, bpw36 fuelles neum\u00e1ticos, fuelles neum\u00e1ticos, bpw 05.429.41.36.1, firestone w013588966, firestone w01358601","breadcrumb":{"@id":"https:\/\/www.auroraproparts.com\/es\/product\/bpw36-truck-air-spring-05-429-41-36-1-w01-m58-8966-w01-m58-6013-firestone\/#breadcrumb"},"inLanguage":"es","potentialAction":[{"@type":"ReadAction","target":["https:\/\/www.auroraproparts.com\/es\/product\/bpw36-truck-air-spring-05-429-41-36-1-w01-m58-8966-w01-m58-6013-firestone\/"]}]},{"@type":"ImageObject","inLanguage":"es","@id":"https:\/\/www.auroraproparts.com\/es\/product\/bpw36-truck-air-spring-05-429-41-36-1-w01-m58-8966-w01-m58-6013-firestone\/#primaryimage","url":"https:\/\/www.auroraproparts.com\/es\/wp-content\/uploads\/sites\/2\/2023\/04\/3-8966.webp","contentUrl":"https:\/\/www.auroraproparts.com\/es\/wp-content\/uploads\/sites\/2\/2023\/04\/3-8966.webp","width":800,"height":800,"caption":"bpw air sping"},{"@type":"BreadcrumbList","@id":"https:\/\/www.auroraproparts.com\/es\/product\/bpw36-truck-air-spring-05-429-41-36-1-w01-m58-8966-w01-m58-6013-firestone\/#breadcrumb","itemListElement":[{"@type":"ListItem","position":1,"name":"\u9996\u9875","item":"https:\/\/www.auroraproparts.com\/es\/"},{"@type":"ListItem","position":2,"name":"Recambios Para Cami\u00f3n","item":"https:\/\/www.auroraproparts.com\/es\/products\/"},{"@type":"ListItem","position":3,"name":"BPW36\u00a0Fuelles Neum\u00e1ticos 05.429.41.36.1 W01-M58-8966"}]},{"@type":"WebSite","@id":"https:\/\/www.auroraproparts.com\/es\/#website","url":"https:\/\/www.auroraproparts.com\/es\/","name":"Aurora Truck Bus Parts","description":"","publisher":{"@id":"https:\/\/www.auroraproparts.com\/es\/#organization"},"potentialAction":[{"@type":"SearchAction","target":{"@type":"EntryPoint","urlTemplate":"https:\/\/www.auroraproparts.com\/es\/?s={search_term_string}"},"query-input":{"@type":"PropertyValueSpecification","valueRequired":true,"valueName":"search_term_string"}}],"inLanguage":"es"},{"@type":"Organization","@id":"https:\/\/www.auroraproparts.com\/es\/#organization","name":"Aurora Truck Bus Parts","url":"https:\/\/www.auroraproparts.com\/es\/","logo":{"@type":"ImageObject","inLanguage":"es","@id":"https:\/\/www.auroraproparts.com\/es\/#\/schema\/logo\/image\/","url":"https:\/\/www.auroraproparts.com\/es\/wp-content\/uploads\/sites\/2\/2023\/11\/logo.svg","contentUrl":"https:\/\/www.auroraproparts.com\/es\/wp-content\/uploads\/sites\/2\/2023\/11\/logo.svg","width":313,"height":56,"caption":"Aurora Truck Bus Parts"},"image":{"@id":"https:\/\/www.auroraproparts.com\/es\/#\/schema\/logo\/image\/"}}]}},"_links":{"self":[{"href":"https:\/\/www.auroraproparts.com\/es\/wp-json\/wp\/v2\/product\/861","targetHints":{"allow":["GET"]}}],"collection":[{"href":"https:\/\/www.auroraproparts.com\/es\/wp-json\/wp\/v2\/product"}],"about":[{"href":"https:\/\/www.auroraproparts.com\/es\/wp-json\/wp\/v2\/types\/product"}],"wp:featuredmedia":[{"embeddable":true,"href":"https:\/\/www.auroraproparts.com\/es\/wp-json\/wp\/v2\/media\/865"}],"wp:attachment":[{"href":"https:\/\/www.auroraproparts.com\/es\/wp-json\/wp\/v2\/media?parent=861"}],"wp:term":[{"taxonomy":"product_brand","embeddable":true,"href":"https:\/\/www.auroraproparts.com\/es\/wp-json\/wp\/v2\/product_brand?post=861"},{"taxonomy":"product_cat","embeddable":true,"href":"https:\/\/www.auroraproparts.com\/es\/wp-json\/wp\/v2\/product_cat?post=861"},{"taxonomy":"product_tag","embeddable":true,"href":"https:\/\/www.auroraproparts.com\/es\/wp-json\/wp\/v2\/product_tag?post=861"}],"curies":[{"name":"wp","href":"https:\/\/api.w.org\/{rel}","templated":true}]}}