{"id":887,"date":"2023-04-30T16:48:06","date_gmt":"2023-04-30T08:48:06","guid":{"rendered":"https:\/\/www.auroraproparts.com\/es\/product\/scania-truck-air-spring-1774804-1903608-w01-m58-8535-firestone-6700np02-contitech\/"},"modified":"2023-08-09T15:48:23","modified_gmt":"2023-08-09T07:48:23","slug":"scania-truck-air-spring-1774804-1903608-w01-m58-8535-firestone-6700np02-contitech","status":"publish","type":"product","link":"https:\/\/www.auroraproparts.com\/es\/product\/scania-truck-air-spring-1774804-1903608-w01-m58-8535-firestone-6700np02-contitech\/","title":{"rendered":"Scania\u00a0Fuelles Neum\u00e1ticos 1774804 1903608 W01-M58-8535"},"content":{"rendered":"<p>Scania Fuelles Neum\u00e1ticos 1774804 1903608 W01-M58-8535 Firestone 6700NP02 Contitech<\/p>\n<p>&nbsp;<\/p>\n<p>Top Plate Width: 286 mm<\/p>\n<p>Piston Width: 228 mm<\/p>\n<p>Weight: 12.40 kg<\/p>\n<p>&nbsp;<\/p>\n<table>\n<tbody>\n<tr>\n<td colspan=\"4\" width=\"498\">Cross Reference<\/td>\n<\/tr>\n<tr>\n<td width=\"124\">Phoenix<\/td>\n<td width=\"124\">1 D 28 H-17<\/td>\n<td width=\"124\">Firestone<\/td>\n<td width=\"124\">W01-M58-8535<\/td>\n<\/tr>\n<tr>\n<td width=\"124\">Goodyear<\/td>\n<td width=\"124\">1R14-869<\/td>\n<td width=\"124\">Airtech<\/td>\n<td width=\"124\">132732<\/td>\n<\/tr>\n<tr>\n<td width=\"124\">ContiTech<\/td>\n<td width=\"124\">3608 M<\/td>\n<td width=\"124\">Neotec<\/td>\n<td width=\"124\">ABM 771 33 N 55<\/td>\n<\/tr>\n<tr>\n<td width=\"124\">ContiTech<\/td>\n<td width=\"124\">6700 N P02<\/td>\n<td width=\"124\">Gart<\/td>\n<td width=\"124\">287.1.607<\/td>\n<\/tr>\n<\/tbody>\n<\/table>\n<p>&nbsp;<\/p>\n<table>\n<tbody>\n<tr>\n<td colspan=\"4\" width=\"100.0000%\">OE Manufacturer<\/td>\n<\/tr>\n<tr>\n<td width=\"24.9800%\">Scania<\/td>\n<td width=\"24.9800%\">1774804<\/td>\n<td width=\"24.9800%\">Scania<\/td>\n<td width=\"25.0000%\">1903608<\/td>\n<\/tr>\n<tr>\n<td width=\"24.9800%\">Scania<\/td>\n<td width=\"24.9800%\">1944314<\/td>\n<td width=\"24.9800%\">Scania<\/td>\n<td width=\"25.0000%\">2198915<\/td>\n<\/tr>\n<tr>\n<td width=\"24.9800%\">Scania<\/td>\n<td width=\"24.9800%\">2357460<\/td>\n<td width=\"24.9800%\">Scania<\/td>\n<td width=\"25.0000%\">2357532<\/td>\n<\/tr>\n<tr>\n<td width=\"24.9800%\">Scania<\/td>\n<td width=\"24.9800%\">2808412<\/td>\n<td width=\"24.9800%\"><\/td>\n<td width=\"25.0000%\"><\/td>\n<\/tr>\n<\/tbody>\n<\/table>\n<p>&nbsp;<\/p>\n<h6><strong><b>Other Cross <\/b><\/strong><strong><b>R<\/b><\/strong><strong><b>eference<\/b><\/strong><\/h6>\n<p>Scania: 1774804, 1903608, 1944314, 2198915, 2357460, 2357532, 2808412<\/p>\n<p>Airtech: 132732, 34608C<\/p>\n<p>ContiTech: 3608M, 6700NP02<\/p>\n<p>Firestone No. W01-M58-8535, W01-S05-9881, W01-M58-1254, W01-S05-8535, 1T19LLJ-14, W01M588535, W01S059881, W01M581254, W01S058535, 1T19LLJ14<\/p>\n<p>Gart:\u00a0287.1.607, D287H<\/p>\n<p>Goodyear : 1R14-869, 566-28-3-522, 1R14869, 566283522<\/p>\n<p>Neotec: ABM77133N55<\/p>\n<p>Phoenix: 1D28H-17, 1D28H17<\/p>\n","protected":false},"excerpt":{"rendered":"<table>\n<tbody>\n<tr>\n<td width=\"213\">Type<\/td>\n<td width=\"213\">Scania Fuelles Neum\u00e1ticos<\/td>\n<\/tr>\n<tr>\n<td width=\"213\">Material<\/td>\n<td width=\"213\">Rubber Bellows, Steel Piston<\/td>\n<\/tr>\n<tr>\n<td width=\"213\">Fit\u00a0For<\/td>\n<td width=\"213\">Scania\u00a0P,R,T<\/td>\n<\/tr>\n<tr>\n<td width=\"213\">OE NO.<\/td>\n<td width=\"213\">1774804, 1903608, 1944314<\/td>\n<\/tr>\n<tr>\n<td width=\"213\">Firestone<\/td>\n<td width=\"213\">W01-M58-8535<\/td>\n<\/tr>\n<tr>\n<td width=\"213\">Goodyear<\/td>\n<td width=\"213\">1R14-869<\/td>\n<\/tr>\n<tr>\n<td width=\"213\">Contitech<\/td>\n<td width=\"213\">6700NP02<\/td>\n<\/tr>\n<tr>\n<td width=\"213\">Phoenix<\/td>\n<td width=\"213\">1 D 28 H-17<\/td>\n<\/tr>\n<\/tbody>\n<\/table>\n","protected":false},"featured_media":900,"template":"","meta":{"site-sidebar-layout":"default","site-content-layout":"default","ast-site-content-layout":"default","site-content-style":"default","site-sidebar-style":"default","ast-global-header-display":"","ast-banner-title-visibility":"","ast-main-header-display":"","ast-hfb-above-header-display":"","ast-hfb-below-header-display":"","ast-hfb-mobile-header-display":"","site-post-title":"","ast-breadcrumbs-content":"","ast-featured-img":"","footer-sml-layout":"","ast-disable-related-posts":"","theme-transparent-header-meta":"default","adv-header-id-meta":"","stick-header-meta":"","header-above-stick-meta":"","header-main-stick-meta":"","header-below-stick-meta":"","astra-migrate-meta-layouts":"default","ast-page-background-enabled":"default","ast-page-background-meta":{"desktop":{"background-color":"var(--ast-global-color-4)","background-image":"","background-repeat":"repeat","background-position":"center center","background-size":"auto","background-attachment":"scroll","background-type":"","background-media":"","overlay-type":"","overlay-color":"","overlay-opacity":"","overlay-gradient":""},"tablet":{"background-color":"","background-image":"","background-repeat":"repeat","background-position":"center center","background-size":"auto","background-attachment":"scroll","background-type":"","background-media":"","overlay-type":"","overlay-color":"","overlay-opacity":"","overlay-gradient":""},"mobile":{"background-color":"","background-image":"","background-repeat":"repeat","background-position":"center center","background-size":"auto","background-attachment":"scroll","background-type":"","background-media":"","overlay-type":"","overlay-color":"","overlay-opacity":"","overlay-gradient":""}},"ast-content-background-meta":{"desktop":{"background-color":"var(--ast-global-color-5)","background-image":"","background-repeat":"repeat","background-position":"center center","background-size":"auto","background-attachment":"scroll","background-type":"","background-media":"","overlay-type":"","overlay-color":"","overlay-opacity":"","overlay-gradient":""},"tablet":{"background-color":"var(--ast-global-color-5)","background-image":"","background-repeat":"repeat","background-position":"center center","background-size":"auto","background-attachment":"scroll","background-type":"","background-media":"","overlay-type":"","overlay-color":"","overlay-opacity":"","overlay-gradient":""},"mobile":{"background-color":"var(--ast-global-color-5)","background-image":"","background-repeat":"repeat","background-position":"center center","background-size":"auto","background-attachment":"scroll","background-type":"","background-media":"","overlay-type":"","overlay-color":"","overlay-opacity":"","overlay-gradient":""}}},"product_brand":[],"product_cat":[20],"product_tag":[21,122,137],"class_list":{"0":"post-887","1":"product","2":"type-product","3":"status-publish","4":"has-post-thumbnail","6":"product_cat-air-spring","7":"product_tag-air-spring","8":"product_tag-scania-air-spring","9":"product_tag-truck-air-spring","10":"desktop-align-center","11":"tablet-align-left","12":"mobile-align-left","13":"ast-product-gallery-layout-horizontal-slider","14":"ast-product-tabs-layout-horizontal","16":"first","17":"instock","18":"shipping-taxable","19":"product-type-simple"},"yoast_head":"<!-- This site is optimized with the Yoast SEO Premium plugin v26.7 (Yoast SEO v27.5) - https:\/\/yoast.com\/product\/yoast-seo-premium-wordpress\/ -->\n<title>Scania\u00a0Fuelles Neum\u00e1ticos 1774804 1903608 W01-M58-8535 - Aurora Truck Bus Parts<\/title>\n<meta name=\"description\" content=\"fuelles neum\u00e1ticos, scania fuelles neum\u00e1ticos, contitech 6700NP02, firestone W01M588535, contitech 3608M, Goodyear 1R14-869, Scania\u00a0P,R,T\" \/>\n<meta name=\"robots\" content=\"index, follow, max-snippet:-1, max-image-preview:large, max-video-preview:-1\" \/>\n<link rel=\"canonical\" href=\"https:\/\/www.auroraproparts.com\/es\/product\/scania-truck-air-spring-1774804-1903608-w01-m58-8535-firestone-6700np02-contitech\/\" \/>\n<meta property=\"og:locale\" content=\"es_ES\" \/>\n<meta property=\"og:type\" content=\"article\" \/>\n<meta property=\"og:title\" content=\"Scania\u00a0Fuelles Neum\u00e1ticos 1774804 1903608 W01-M58-8535\" \/>\n<meta property=\"og:description\" content=\"fuelles neum\u00e1ticos, scania fuelles neum\u00e1ticos, contitech 6700NP02, firestone W01M588535, contitech 3608M, Goodyear 1R14-869, Scania\u00a0P,R,T\" \/>\n<meta property=\"og:url\" content=\"https:\/\/www.auroraproparts.com\/es\/product\/scania-truck-air-spring-1774804-1903608-w01-m58-8535-firestone-6700np02-contitech\/\" \/>\n<meta property=\"og:site_name\" content=\"Aurora Truck Bus Parts\" \/>\n<meta property=\"article:modified_time\" content=\"2023-08-09T07:48:23+00:00\" \/>\n<meta property=\"og:image\" content=\"https:\/\/www.auroraproparts.com\/es\/wp-content\/uploads\/sites\/2\/2023\/04\/4-0501.webp\" \/>\n\t<meta property=\"og:image:width\" content=\"800\" \/>\n\t<meta property=\"og:image:height\" content=\"800\" \/>\n\t<meta property=\"og:image:type\" content=\"image\/webp\" \/>\n<meta name=\"twitter:card\" content=\"summary_large_image\" \/>\n<meta name=\"twitter:label1\" content=\"Tiempo de lectura\" \/>\n\t<meta name=\"twitter:data1\" content=\"1 minuto\" \/>\n<script type=\"application\/ld+json\" class=\"yoast-schema-graph\">{\"@context\":\"https:\\\/\\\/schema.org\",\"@graph\":[{\"@type\":\"WebPage\",\"@id\":\"https:\\\/\\\/www.auroraproparts.com\\\/es\\\/product\\\/scania-truck-air-spring-1774804-1903608-w01-m58-8535-firestone-6700np02-contitech\\\/\",\"url\":\"https:\\\/\\\/www.auroraproparts.com\\\/es\\\/product\\\/scania-truck-air-spring-1774804-1903608-w01-m58-8535-firestone-6700np02-contitech\\\/\",\"name\":\"Scania\u00a0Fuelles Neum\u00e1ticos 1774804 1903608 W01-M58-8535 - Aurora Truck Bus Parts\",\"isPartOf\":{\"@id\":\"https:\\\/\\\/www.auroraproparts.com\\\/es\\\/#website\"},\"primaryImageOfPage\":{\"@id\":\"https:\\\/\\\/www.auroraproparts.com\\\/es\\\/product\\\/scania-truck-air-spring-1774804-1903608-w01-m58-8535-firestone-6700np02-contitech\\\/#primaryimage\"},\"image\":{\"@id\":\"https:\\\/\\\/www.auroraproparts.com\\\/es\\\/product\\\/scania-truck-air-spring-1774804-1903608-w01-m58-8535-firestone-6700np02-contitech\\\/#primaryimage\"},\"thumbnailUrl\":\"https:\\\/\\\/www.auroraproparts.com\\\/es\\\/wp-content\\\/uploads\\\/sites\\\/2\\\/2023\\\/04\\\/4-0501.webp\",\"datePublished\":\"2023-04-30T08:48:06+00:00\",\"dateModified\":\"2023-08-09T07:48:23+00:00\",\"description\":\"fuelles neum\u00e1ticos, scania fuelles neum\u00e1ticos, contitech 6700NP02, firestone W01M588535, contitech 3608M, Goodyear 1R14-869, Scania\u00a0P,R,T\",\"breadcrumb\":{\"@id\":\"https:\\\/\\\/www.auroraproparts.com\\\/es\\\/product\\\/scania-truck-air-spring-1774804-1903608-w01-m58-8535-firestone-6700np02-contitech\\\/#breadcrumb\"},\"inLanguage\":\"es\",\"potentialAction\":[{\"@type\":\"ReadAction\",\"target\":[\"https:\\\/\\\/www.auroraproparts.com\\\/es\\\/product\\\/scania-truck-air-spring-1774804-1903608-w01-m58-8535-firestone-6700np02-contitech\\\/\"]}]},{\"@type\":\"ImageObject\",\"inLanguage\":\"es\",\"@id\":\"https:\\\/\\\/www.auroraproparts.com\\\/es\\\/product\\\/scania-truck-air-spring-1774804-1903608-w01-m58-8535-firestone-6700np02-contitech\\\/#primaryimage\",\"url\":\"https:\\\/\\\/www.auroraproparts.com\\\/es\\\/wp-content\\\/uploads\\\/sites\\\/2\\\/2023\\\/04\\\/4-0501.webp\",\"contentUrl\":\"https:\\\/\\\/www.auroraproparts.com\\\/es\\\/wp-content\\\/uploads\\\/sites\\\/2\\\/2023\\\/04\\\/4-0501.webp\",\"width\":800,\"height\":800,\"caption\":\"scania air spring\"},{\"@type\":\"BreadcrumbList\",\"@id\":\"https:\\\/\\\/www.auroraproparts.com\\\/es\\\/product\\\/scania-truck-air-spring-1774804-1903608-w01-m58-8535-firestone-6700np02-contitech\\\/#breadcrumb\",\"itemListElement\":[{\"@type\":\"ListItem\",\"position\":1,\"name\":\"\u9996\u9875\",\"item\":\"https:\\\/\\\/www.auroraproparts.com\\\/es\\\/\"},{\"@type\":\"ListItem\",\"position\":2,\"name\":\"Recambios Para Cami\u00f3n\",\"item\":\"https:\\\/\\\/www.auroraproparts.com\\\/es\\\/products\\\/\"},{\"@type\":\"ListItem\",\"position\":3,\"name\":\"Scania\u00a0Fuelles Neum\u00e1ticos 1774804 1903608 W01-M58-8535\"}]},{\"@type\":\"WebSite\",\"@id\":\"https:\\\/\\\/www.auroraproparts.com\\\/es\\\/#website\",\"url\":\"https:\\\/\\\/www.auroraproparts.com\\\/es\\\/\",\"name\":\"Aurora Truck Bus Parts\",\"description\":\"\",\"publisher\":{\"@id\":\"https:\\\/\\\/www.auroraproparts.com\\\/es\\\/#organization\"},\"potentialAction\":[{\"@type\":\"SearchAction\",\"target\":{\"@type\":\"EntryPoint\",\"urlTemplate\":\"https:\\\/\\\/www.auroraproparts.com\\\/es\\\/?s={search_term_string}\"},\"query-input\":{\"@type\":\"PropertyValueSpecification\",\"valueRequired\":true,\"valueName\":\"search_term_string\"}}],\"inLanguage\":\"es\"},{\"@type\":\"Organization\",\"@id\":\"https:\\\/\\\/www.auroraproparts.com\\\/es\\\/#organization\",\"name\":\"Aurora Truck Bus Parts\",\"url\":\"https:\\\/\\\/www.auroraproparts.com\\\/es\\\/\",\"logo\":{\"@type\":\"ImageObject\",\"inLanguage\":\"es\",\"@id\":\"https:\\\/\\\/www.auroraproparts.com\\\/es\\\/#\\\/schema\\\/logo\\\/image\\\/\",\"url\":\"https:\\\/\\\/www.auroraproparts.com\\\/es\\\/wp-content\\\/uploads\\\/sites\\\/2\\\/2023\\\/11\\\/logo.svg\",\"contentUrl\":\"https:\\\/\\\/www.auroraproparts.com\\\/es\\\/wp-content\\\/uploads\\\/sites\\\/2\\\/2023\\\/11\\\/logo.svg\",\"width\":313,\"height\":56,\"caption\":\"Aurora Truck Bus Parts\"},\"image\":{\"@id\":\"https:\\\/\\\/www.auroraproparts.com\\\/es\\\/#\\\/schema\\\/logo\\\/image\\\/\"}}]}<\/script>\n<!-- \/ Yoast SEO Premium plugin. -->","yoast_head_json":{"title":"Scania\u00a0Fuelles Neum\u00e1ticos 1774804 1903608 W01-M58-8535 - Aurora Truck Bus Parts","description":"fuelles neum\u00e1ticos, scania fuelles neum\u00e1ticos, contitech 6700NP02, firestone W01M588535, contitech 3608M, Goodyear 1R14-869, Scania\u00a0P,R,T","robots":{"index":"index","follow":"follow","max-snippet":"max-snippet:-1","max-image-preview":"max-image-preview:large","max-video-preview":"max-video-preview:-1"},"canonical":"https:\/\/www.auroraproparts.com\/es\/product\/scania-truck-air-spring-1774804-1903608-w01-m58-8535-firestone-6700np02-contitech\/","og_locale":"es_ES","og_type":"article","og_title":"Scania\u00a0Fuelles Neum\u00e1ticos 1774804 1903608 W01-M58-8535","og_description":"fuelles neum\u00e1ticos, scania fuelles neum\u00e1ticos, contitech 6700NP02, firestone W01M588535, contitech 3608M, Goodyear 1R14-869, Scania\u00a0P,R,T","og_url":"https:\/\/www.auroraproparts.com\/es\/product\/scania-truck-air-spring-1774804-1903608-w01-m58-8535-firestone-6700np02-contitech\/","og_site_name":"Aurora Truck Bus Parts","article_modified_time":"2023-08-09T07:48:23+00:00","og_image":[{"width":800,"height":800,"url":"https:\/\/www.auroraproparts.com\/es\/wp-content\/uploads\/sites\/2\/2023\/04\/4-0501.webp","type":"image\/webp"}],"twitter_card":"summary_large_image","twitter_misc":{"Tiempo de lectura":"1 minuto"},"schema":{"@context":"https:\/\/schema.org","@graph":[{"@type":"WebPage","@id":"https:\/\/www.auroraproparts.com\/es\/product\/scania-truck-air-spring-1774804-1903608-w01-m58-8535-firestone-6700np02-contitech\/","url":"https:\/\/www.auroraproparts.com\/es\/product\/scania-truck-air-spring-1774804-1903608-w01-m58-8535-firestone-6700np02-contitech\/","name":"Scania\u00a0Fuelles Neum\u00e1ticos 1774804 1903608 W01-M58-8535 - Aurora Truck Bus Parts","isPartOf":{"@id":"https:\/\/www.auroraproparts.com\/es\/#website"},"primaryImageOfPage":{"@id":"https:\/\/www.auroraproparts.com\/es\/product\/scania-truck-air-spring-1774804-1903608-w01-m58-8535-firestone-6700np02-contitech\/#primaryimage"},"image":{"@id":"https:\/\/www.auroraproparts.com\/es\/product\/scania-truck-air-spring-1774804-1903608-w01-m58-8535-firestone-6700np02-contitech\/#primaryimage"},"thumbnailUrl":"https:\/\/www.auroraproparts.com\/es\/wp-content\/uploads\/sites\/2\/2023\/04\/4-0501.webp","datePublished":"2023-04-30T08:48:06+00:00","dateModified":"2023-08-09T07:48:23+00:00","description":"fuelles neum\u00e1ticos, scania fuelles neum\u00e1ticos, contitech 6700NP02, firestone W01M588535, contitech 3608M, Goodyear 1R14-869, Scania\u00a0P,R,T","breadcrumb":{"@id":"https:\/\/www.auroraproparts.com\/es\/product\/scania-truck-air-spring-1774804-1903608-w01-m58-8535-firestone-6700np02-contitech\/#breadcrumb"},"inLanguage":"es","potentialAction":[{"@type":"ReadAction","target":["https:\/\/www.auroraproparts.com\/es\/product\/scania-truck-air-spring-1774804-1903608-w01-m58-8535-firestone-6700np02-contitech\/"]}]},{"@type":"ImageObject","inLanguage":"es","@id":"https:\/\/www.auroraproparts.com\/es\/product\/scania-truck-air-spring-1774804-1903608-w01-m58-8535-firestone-6700np02-contitech\/#primaryimage","url":"https:\/\/www.auroraproparts.com\/es\/wp-content\/uploads\/sites\/2\/2023\/04\/4-0501.webp","contentUrl":"https:\/\/www.auroraproparts.com\/es\/wp-content\/uploads\/sites\/2\/2023\/04\/4-0501.webp","width":800,"height":800,"caption":"scania air spring"},{"@type":"BreadcrumbList","@id":"https:\/\/www.auroraproparts.com\/es\/product\/scania-truck-air-spring-1774804-1903608-w01-m58-8535-firestone-6700np02-contitech\/#breadcrumb","itemListElement":[{"@type":"ListItem","position":1,"name":"\u9996\u9875","item":"https:\/\/www.auroraproparts.com\/es\/"},{"@type":"ListItem","position":2,"name":"Recambios Para Cami\u00f3n","item":"https:\/\/www.auroraproparts.com\/es\/products\/"},{"@type":"ListItem","position":3,"name":"Scania\u00a0Fuelles Neum\u00e1ticos 1774804 1903608 W01-M58-8535"}]},{"@type":"WebSite","@id":"https:\/\/www.auroraproparts.com\/es\/#website","url":"https:\/\/www.auroraproparts.com\/es\/","name":"Aurora Truck Bus Parts","description":"","publisher":{"@id":"https:\/\/www.auroraproparts.com\/es\/#organization"},"potentialAction":[{"@type":"SearchAction","target":{"@type":"EntryPoint","urlTemplate":"https:\/\/www.auroraproparts.com\/es\/?s={search_term_string}"},"query-input":{"@type":"PropertyValueSpecification","valueRequired":true,"valueName":"search_term_string"}}],"inLanguage":"es"},{"@type":"Organization","@id":"https:\/\/www.auroraproparts.com\/es\/#organization","name":"Aurora Truck Bus Parts","url":"https:\/\/www.auroraproparts.com\/es\/","logo":{"@type":"ImageObject","inLanguage":"es","@id":"https:\/\/www.auroraproparts.com\/es\/#\/schema\/logo\/image\/","url":"https:\/\/www.auroraproparts.com\/es\/wp-content\/uploads\/sites\/2\/2023\/11\/logo.svg","contentUrl":"https:\/\/www.auroraproparts.com\/es\/wp-content\/uploads\/sites\/2\/2023\/11\/logo.svg","width":313,"height":56,"caption":"Aurora Truck Bus Parts"},"image":{"@id":"https:\/\/www.auroraproparts.com\/es\/#\/schema\/logo\/image\/"}}]}},"_links":{"self":[{"href":"https:\/\/www.auroraproparts.com\/es\/wp-json\/wp\/v2\/product\/887","targetHints":{"allow":["GET"]}}],"collection":[{"href":"https:\/\/www.auroraproparts.com\/es\/wp-json\/wp\/v2\/product"}],"about":[{"href":"https:\/\/www.auroraproparts.com\/es\/wp-json\/wp\/v2\/types\/product"}],"wp:featuredmedia":[{"embeddable":true,"href":"https:\/\/www.auroraproparts.com\/es\/wp-json\/wp\/v2\/media\/900"}],"wp:attachment":[{"href":"https:\/\/www.auroraproparts.com\/es\/wp-json\/wp\/v2\/media?parent=887"}],"wp:term":[{"taxonomy":"product_brand","embeddable":true,"href":"https:\/\/www.auroraproparts.com\/es\/wp-json\/wp\/v2\/product_brand?post=887"},{"taxonomy":"product_cat","embeddable":true,"href":"https:\/\/www.auroraproparts.com\/es\/wp-json\/wp\/v2\/product_cat?post=887"},{"taxonomy":"product_tag","embeddable":true,"href":"https:\/\/www.auroraproparts.com\/es\/wp-json\/wp\/v2\/product_tag?post=887"}],"curies":[{"name":"wp","href":"https:\/\/api.w.org\/{rel}","templated":true}]}}